{"id":1922,"date":"2021-04-13T10:57:52","date_gmt":"2021-04-13T08:57:52","guid":{"rendered":"https:\/\/auma-drives.com\/career\/"},"modified":"2025-07-24T11:19:46","modified_gmt":"2025-07-24T09:19:46","slug":"careers","status":"publish","type":"page","link":"https:\/\/auma-drives.com\/en\/company\/careers\/","title":{"rendered":"Careers"},"content":{"rendered":"<div class=\"wpb-content-wrapper\"><p>[vc_section el_class=&#8221;inhalt-up hg-grau-wrapper&#8221;][vc_row][vc_column][vc_single_image image=&#8221;1132&#8243; img_size=&#8221;full&#8221; alignment=&#8221;center&#8221; el_class=&#8221;auma-icons&#8221;][vc_column_text el_class=&#8221;auma-max-766px&#8221;]<\/p>\n<h1 style=\"text-align: center;\">Career at AUMA Drives:<br \/>\nDovetailing with the future.<\/h1>\n<p style=\"text-align: center;\">For decades, AUMA Drives has been developing and producing gear units and drive systems. The company relies on state-of-the-art technology, lean hierarchies and fast decision-making processes. This caters for efficient implementation of customer requests and a good working atmosphere.<\/p>\n<p style=\"text-align: center;\"><strong>Sounds like the next step in your career?<\/strong> Contact us! Arrange a personal meeting or send your application directly to: <a href=\"mailto:bewerbungen.drv@auma.com\">bewerbungen.drv@auma.com<\/a><\/p>\n<p>[\/vc_column_text][\/vc_column][\/vc_row][\/vc_section][vc_section el_class=&#8221;auma-full-width&#8221;][vc_row][vc_column width=&#8221;1\/2&#8243; el_id=&#8221;jobs&#8221;][vc_single_image image=&#8221;4246&#8243; img_size=&#8221;full&#8221; el_class=&#8221;reset&#8221;][vc_empty_space height=&#8221;20px&#8221;][vc_column_text css=&#8221;&#8221;]<\/p>\n<h2>Jobs at AUMA Drives<\/h2>\n<h3>Join our Team!<\/h3>\n<p>[\/vc_column_text][vc_empty_space][\/vc_column][vc_column width=&#8221;1\/2&#8243;][vc_single_image image=&#8221;4532&#8243; img_size=&#8221;full&#8221; el_class=&#8221;reset&#8221;][vc_empty_space height=&#8221;20px&#8221;][vc_column_text css=&#8221;&#8221;]<\/p>\n<h2>Vocational training at AUMA Drives<\/h2>\n<h3>Apprentices in 2025<\/h3>\n<p>The apprenticeships for 2025 has already been filled.<br \/>\n<!--ul><\/p>\n\n\n\n\n<li>Industrial mechanics m\/f\/d<\/li>\n\n\n\n\n<li>Machining mechanics m\/f\/d<\/li>\n\n\n\n\n<li>Dual study program in mechanical engineering m\/f\/d<\/li>\n\n\n\n\n<li>Warehouse logistics specialist m\/f\/d<\/li>\n\n\n\n\n<li>Mechatronics engineer m\/f\/d<\/li>\n\n\n\n\n<\/ul-->[\/vc_column_text][vc_empty_space][vc_btn title=&#8221;Learn more&#8221; css=&#8221;&#8221; link=&#8221;url:https%3A%2F%2Fauma-drives.com%2Fen%2Fcompany%2Fcareers%2Fapprentices%2F|title:Apprentices%20in%202021&#8243; el_class=&#8221;auma-btn-blau&#8221;][\/vc_column][\/vc_row][\/vc_section][vc_section el_class=&#8221;hg-grau&#8221;][vc_row el_class=&#8221;auma-flex&#8221;][vc_column width=&#8221;1\/2&#8243; el_class=&#8221;flex-center&#8221;][vc_column_text]<\/p>\n<h2>Opportunities for students<\/h2>\n<p>AUMA Drives offers many opportunities \u2013 from internships for students right through to tutoring diploma theses. Exciting practical experiences for temporary workers or working students \u2013 and maybe this could be a springboard for your professional career.<\/p>\n<p><strong>Does it sound good? <\/strong><\/p>\n<p>Send your application via e-mail to <a href=\"mailto:bewerbungen.drv@auma.com\">bewerbungen.drv@auma.com<\/a>[\/vc_column_text][\/vc_column][vc_column width=&#8221;1\/2&#8243;][vc_column_text]<\/p>\n<h2 style=\"text-align: left;\">Direct contact for persons with professional experience<\/h2>\n<p style=\"text-align: left;\">Phone: <a href=\"tel:+4935239460\">+49 3523 94 60<\/a><br \/>\nE-mail: <a href=\"mailto:bewerbungen.drv@auma.com\">bewerbungen.drv@auma.com<\/a>[\/vc_column_text][\/vc_column][\/vc_row][\/vc_section]<\/p>\n<\/div>","protected":false},"excerpt":{"rendered":"<p>[vc_section el_class=&#8221;inhalt-up hg-grau-wrapper&#8221;][vc_row][vc_column][vc_single_image image=&#8221;1132&#8243; img_size=&#8221;full&#8221; alignment=&#8221;center&#8221; el_class=&#8221;auma-icons&#8221;][vc_column_text el_class=&#8221;auma-max-766px&#8221;] Career at AUMA Drives: Dovetailing with the future. For decades, AUMA Drives has been developing and producing gear units and drive systems. The company relies on state-of-the-art technology, lean hierarchies and fast decision-making processes. This caters for efficient implementation of customer requests and a good working atmosphere. [&hellip;]<\/p>\n","protected":false},"author":1,"featured_media":2083,"parent":2105,"menu_order":0,"comment_status":"closed","ping_status":"closed","template":"","meta":{"inline_featured_image":false,"footnotes":""},"yoast_head":"<!-- This site is optimized with the Yoast SEO Premium plugin v24.5 (Yoast SEO v24.5) - https:\/\/yoast.com\/wordpress\/plugins\/seo\/ -->\n<title>Careers at AUMA Drives in Coswig near Dresden<\/title>\n<meta name=\"description\" content=\"Exciting job opportunities in Coswig near Dresden \u2713 Join AUMA Drives in gear technology \u2713 Diverse roles in development and production \u27a4 Apply today!\" \/>\n<meta name=\"robots\" content=\"index, follow, max-snippet:-1, max-image-preview:large, max-video-preview:-1\" \/>\n<link rel=\"canonical\" href=\"https:\/\/auma-drives.com\/en\/company\/careers\/\" \/>\n<meta property=\"og:locale\" content=\"en_US\" \/>\n<meta property=\"og:type\" content=\"article\" \/>\n<meta property=\"og:title\" content=\"Careers\" \/>\n<meta property=\"og:description\" content=\"Exciting job opportunities in Coswig near Dresden \u2713 Join AUMA Drives in gear technology \u2713 Diverse roles in development and production \u27a4 Apply today!\" \/>\n<meta property=\"og:url\" content=\"https:\/\/auma-drives.com\/en\/company\/careers\/\" \/>\n<meta property=\"og:site_name\" content=\"AUMA Drives\" \/>\n<meta property=\"article:publisher\" content=\"https:\/\/de-de.facebook.com\/AUMAGroup\/\" \/>\n<meta property=\"article:modified_time\" content=\"2025-07-24T09:19:46+00:00\" \/>\n<meta property=\"og:image\" content=\"https:\/\/auma-drives.com\/wp-content\/uploads\/IMG_0426_screen_1-107649-1.jpg\" \/>\n\t<meta property=\"og:image:width\" content=\"1200\" \/>\n\t<meta property=\"og:image:height\" content=\"693\" \/>\n\t<meta property=\"og:image:type\" content=\"image\/jpeg\" \/>\n<meta name=\"twitter:card\" content=\"summary_large_image\" \/>\n<meta name=\"twitter:label1\" content=\"Est. reading time\" \/>\n\t<meta name=\"twitter:data1\" content=\"2 minutes\" \/>\n<script type=\"application\/ld+json\" class=\"yoast-schema-graph\">{\"@context\":\"https:\/\/schema.org\",\"@graph\":[{\"@type\":\"WebPage\",\"@id\":\"https:\/\/auma-drives.com\/en\/company\/careers\/\",\"url\":\"https:\/\/auma-drives.com\/en\/company\/careers\/\",\"name\":\"Careers at AUMA Drives in Coswig near Dresden\",\"isPartOf\":{\"@id\":\"https:\/\/auma-drives.com\/en\/#website\"},\"primaryImageOfPage\":{\"@id\":\"https:\/\/auma-drives.com\/en\/company\/careers\/#primaryimage\"},\"image\":{\"@id\":\"https:\/\/auma-drives.com\/en\/company\/careers\/#primaryimage\"},\"thumbnailUrl\":\"https:\/\/auma-drives.com\/wp-content\/uploads\/IMG_0426_screen_1-107649-1.jpg\",\"datePublished\":\"2021-04-13T08:57:52+00:00\",\"dateModified\":\"2025-07-24T09:19:46+00:00\",\"description\":\"Exciting job opportunities in Coswig near Dresden \u2713 Join AUMA Drives in gear technology \u2713 Diverse roles in development and production \u27a4 Apply today!\",\"breadcrumb\":{\"@id\":\"https:\/\/auma-drives.com\/en\/company\/careers\/#breadcrumb\"},\"inLanguage\":\"en-US\",\"potentialAction\":[{\"@type\":\"ReadAction\",\"target\":[\"https:\/\/auma-drives.com\/en\/company\/careers\/\"]}]},{\"@type\":\"ImageObject\",\"inLanguage\":\"en-US\",\"@id\":\"https:\/\/auma-drives.com\/en\/company\/careers\/#primaryimage\",\"url\":\"https:\/\/auma-drives.com\/wp-content\/uploads\/IMG_0426_screen_1-107649-1.jpg\",\"contentUrl\":\"https:\/\/auma-drives.com\/wp-content\/uploads\/IMG_0426_screen_1-107649-1.jpg\",\"width\":1200,\"height\":693,\"caption\":\"Career at AUMA Drives\"},{\"@type\":\"BreadcrumbList\",\"@id\":\"https:\/\/auma-drives.com\/en\/company\/careers\/#breadcrumb\",\"itemListElement\":[{\"@type\":\"ListItem\",\"position\":1,\"name\":\"Startseite\",\"item\":\"https:\/\/auma-drives.com\/en\/\"},{\"@type\":\"ListItem\",\"position\":2,\"name\":\"Company\",\"item\":\"https:\/\/auma-drives.com\/en\/company\/\"},{\"@type\":\"ListItem\",\"position\":3,\"name\":\"Careers\"}]},{\"@type\":\"WebSite\",\"@id\":\"https:\/\/auma-drives.com\/en\/#website\",\"url\":\"https:\/\/auma-drives.com\/en\/\",\"name\":\"AUMA Drives\",\"description\":\"Antriebssysteme f\u00fcr h\u00f6chste Anspr\u00fcche.\",\"publisher\":{\"@id\":\"https:\/\/auma-drives.com\/en\/#organization\"},\"potentialAction\":[{\"@type\":\"SearchAction\",\"target\":{\"@type\":\"EntryPoint\",\"urlTemplate\":\"https:\/\/auma-drives.com\/en\/?s={search_term_string}\"},\"query-input\":{\"@type\":\"PropertyValueSpecification\",\"valueRequired\":true,\"valueName\":\"search_term_string\"}}],\"inLanguage\":\"en-US\"},{\"@type\":\"Organization\",\"@id\":\"https:\/\/auma-drives.com\/en\/#organization\",\"name\":\"AUMA Drives GmbH\",\"url\":\"https:\/\/auma-drives.com\/en\/\",\"logo\":{\"@type\":\"ImageObject\",\"inLanguage\":\"en-US\",\"@id\":\"https:\/\/auma-drives.com\/en\/#\/schema\/logo\/image\/\",\"url\":\"https:\/\/auma-drives.com\/wp-content\/uploads\/auma-drives-logo.png\",\"contentUrl\":\"https:\/\/auma-drives.com\/wp-content\/uploads\/auma-drives-logo.png\",\"width\":1000,\"height\":144,\"caption\":\"AUMA Drives GmbH\"},\"image\":{\"@id\":\"https:\/\/auma-drives.com\/en\/#\/schema\/logo\/image\/\"},\"sameAs\":[\"https:\/\/de-de.facebook.com\/AUMAGroup\/\"]}]}<\/script>\n<!-- \/ Yoast SEO Premium plugin. -->","yoast_head_json":{"title":"Careers at AUMA Drives in Coswig near Dresden","description":"Exciting job opportunities in Coswig near Dresden \u2713 Join AUMA Drives in gear technology \u2713 Diverse roles in development and production \u27a4 Apply today!","robots":{"index":"index","follow":"follow","max-snippet":"max-snippet:-1","max-image-preview":"max-image-preview:large","max-video-preview":"max-video-preview:-1"},"canonical":"https:\/\/auma-drives.com\/en\/company\/careers\/","og_locale":"en_US","og_type":"article","og_title":"Careers","og_description":"Exciting job opportunities in Coswig near Dresden \u2713 Join AUMA Drives in gear technology \u2713 Diverse roles in development and production \u27a4 Apply today!","og_url":"https:\/\/auma-drives.com\/en\/company\/careers\/","og_site_name":"AUMA Drives","article_publisher":"https:\/\/de-de.facebook.com\/AUMAGroup\/","article_modified_time":"2025-07-24T09:19:46+00:00","og_image":[{"width":1200,"height":693,"url":"https:\/\/auma-drives.com\/wp-content\/uploads\/IMG_0426_screen_1-107649-1.jpg","type":"image\/jpeg"}],"twitter_card":"summary_large_image","twitter_misc":{"Est. reading time":"2 minutes"},"schema":{"@context":"https:\/\/schema.org","@graph":[{"@type":"WebPage","@id":"https:\/\/auma-drives.com\/en\/company\/careers\/","url":"https:\/\/auma-drives.com\/en\/company\/careers\/","name":"Careers at AUMA Drives in Coswig near Dresden","isPartOf":{"@id":"https:\/\/auma-drives.com\/en\/#website"},"primaryImageOfPage":{"@id":"https:\/\/auma-drives.com\/en\/company\/careers\/#primaryimage"},"image":{"@id":"https:\/\/auma-drives.com\/en\/company\/careers\/#primaryimage"},"thumbnailUrl":"https:\/\/auma-drives.com\/wp-content\/uploads\/IMG_0426_screen_1-107649-1.jpg","datePublished":"2021-04-13T08:57:52+00:00","dateModified":"2025-07-24T09:19:46+00:00","description":"Exciting job opportunities in Coswig near Dresden \u2713 Join AUMA Drives in gear technology \u2713 Diverse roles in development and production \u27a4 Apply today!","breadcrumb":{"@id":"https:\/\/auma-drives.com\/en\/company\/careers\/#breadcrumb"},"inLanguage":"en-US","potentialAction":[{"@type":"ReadAction","target":["https:\/\/auma-drives.com\/en\/company\/careers\/"]}]},{"@type":"ImageObject","inLanguage":"en-US","@id":"https:\/\/auma-drives.com\/en\/company\/careers\/#primaryimage","url":"https:\/\/auma-drives.com\/wp-content\/uploads\/IMG_0426_screen_1-107649-1.jpg","contentUrl":"https:\/\/auma-drives.com\/wp-content\/uploads\/IMG_0426_screen_1-107649-1.jpg","width":1200,"height":693,"caption":"Career at AUMA Drives"},{"@type":"BreadcrumbList","@id":"https:\/\/auma-drives.com\/en\/company\/careers\/#breadcrumb","itemListElement":[{"@type":"ListItem","position":1,"name":"Startseite","item":"https:\/\/auma-drives.com\/en\/"},{"@type":"ListItem","position":2,"name":"Company","item":"https:\/\/auma-drives.com\/en\/company\/"},{"@type":"ListItem","position":3,"name":"Careers"}]},{"@type":"WebSite","@id":"https:\/\/auma-drives.com\/en\/#website","url":"https:\/\/auma-drives.com\/en\/","name":"AUMA Drives","description":"Antriebssysteme f\u00fcr h\u00f6chste Anspr\u00fcche.","publisher":{"@id":"https:\/\/auma-drives.com\/en\/#organization"},"potentialAction":[{"@type":"SearchAction","target":{"@type":"EntryPoint","urlTemplate":"https:\/\/auma-drives.com\/en\/?s={search_term_string}"},"query-input":{"@type":"PropertyValueSpecification","valueRequired":true,"valueName":"search_term_string"}}],"inLanguage":"en-US"},{"@type":"Organization","@id":"https:\/\/auma-drives.com\/en\/#organization","name":"AUMA Drives GmbH","url":"https:\/\/auma-drives.com\/en\/","logo":{"@type":"ImageObject","inLanguage":"en-US","@id":"https:\/\/auma-drives.com\/en\/#\/schema\/logo\/image\/","url":"https:\/\/auma-drives.com\/wp-content\/uploads\/auma-drives-logo.png","contentUrl":"https:\/\/auma-drives.com\/wp-content\/uploads\/auma-drives-logo.png","width":1000,"height":144,"caption":"AUMA Drives GmbH"},"image":{"@id":"https:\/\/auma-drives.com\/en\/#\/schema\/logo\/image\/"},"sameAs":["https:\/\/de-de.facebook.com\/AUMAGroup\/"]}]}},"_links":{"self":[{"href":"https:\/\/auma-drives.com\/en\/wp-json\/wp\/v2\/pages\/1922"}],"collection":[{"href":"https:\/\/auma-drives.com\/en\/wp-json\/wp\/v2\/pages"}],"about":[{"href":"https:\/\/auma-drives.com\/en\/wp-json\/wp\/v2\/types\/page"}],"author":[{"embeddable":true,"href":"https:\/\/auma-drives.com\/en\/wp-json\/wp\/v2\/users\/1"}],"replies":[{"embeddable":true,"href":"https:\/\/auma-drives.com\/en\/wp-json\/wp\/v2\/comments?post=1922"}],"version-history":[{"count":48,"href":"https:\/\/auma-drives.com\/en\/wp-json\/wp\/v2\/pages\/1922\/revisions"}],"predecessor-version":[{"id":5118,"href":"https:\/\/auma-drives.com\/en\/wp-json\/wp\/v2\/pages\/1922\/revisions\/5118"}],"up":[{"embeddable":true,"href":"https:\/\/auma-drives.com\/en\/wp-json\/wp\/v2\/pages\/2105"}],"wp:featuredmedia":[{"embeddable":true,"href":"https:\/\/auma-drives.com\/en\/wp-json\/wp\/v2\/media\/2083"}],"wp:attachment":[{"href":"https:\/\/auma-drives.com\/en\/wp-json\/wp\/v2\/media?parent=1922"}],"curies":[{"name":"wp","href":"https:\/\/api.w.org\/{rel}","templated":true}]}}