{"id":1925,"date":"2021-04-13T10:57:52","date_gmt":"2021-04-13T08:57:52","guid":{"rendered":"https:\/\/auma-drives.com\/contact\/"},"modified":"2024-07-29T12:27:41","modified_gmt":"2024-07-29T10:27:41","slug":"contact","status":"publish","type":"page","link":"https:\/\/auma-drives.com\/en\/company\/contact\/","title":{"rendered":"Contact"},"content":{"rendered":"<div class=\"wpb-content-wrapper\"><p>[vc_section el_class=&#8221;inhalt-up hg-grau-wrapper&#8221;][vc_row el_class=&#8221;max-600px&#8221;][vc_column][vc_single_image image=&#8221;4435&#8243; img_size=&#8221;full&#8221; alignment=&#8221;center&#8221; el_class=&#8221;auma-icons&#8221;][vc_column_text]<\/p>\n<h1 style=\"text-align: center;\">Contact<\/h1>\n<h3 style=\"text-align: center;\">Always close to the customers.<\/h3>\n<p style=\"text-align: center;\">Benefit from AUMA Drives&#8217; many years of experience in the development of gear solutions for numerous areas in mechanical engineering. Close customer contact and transparent communication are always in focus \u2013 for prime quality and customer satisfaction.<\/p>\n<p>[\/vc_column_text][vc_empty_space height=&#8221;30px&#8221;][vc_column_text css=&#8221;&#8221; el_class=&#8221;auma-mail auma-mail-startseite&#8221;]<a href=\"mailto:inquiries.drv@auma.com\">inquiries.drv@auma.com<\/a>[\/vc_column_text][\/vc_column][\/vc_row][\/vc_section][vc_section][vc_row][vc_column][vc_column_text]<\/p>\n<h4 style=\"text-align: center;\">AUMA Drives GmbH<\/h4>\n<p style=\"text-align: center;\">Grenzstr. 5<br \/>\n01640 Coswig near Dresden, Germany<\/p>\n<p style=\"text-align: center;\">Phone: <a href=\"tel:+4935239460\">+49 3523 94 60<\/a><\/p>\n<p>[\/vc_column_text][vc_empty_space height=&#8221;30px&#8221;][\/vc_column][\/vc_row][\/vc_section]<\/p>\n<\/div>","protected":false},"excerpt":{"rendered":"<p>[vc_section el_class=&#8221;inhalt-up hg-grau-wrapper&#8221;][vc_row el_class=&#8221;max-600px&#8221;][vc_column][vc_single_image image=&#8221;4435&#8243; img_size=&#8221;full&#8221; alignment=&#8221;center&#8221; el_class=&#8221;auma-icons&#8221;][vc_column_text] Contact Always close to the customers. Benefit from AUMA Drives&#8217; many years of experience in the development of gear solutions for numerous areas in mechanical engineering. Close customer contact and transparent communication are always in focus \u2013 for prime quality and customer satisfaction. [\/vc_column_text][vc_empty_space height=&#8221;30px&#8221;][vc_column_text css=&#8221;&#8221; el_class=&#8221;auma-mail [&hellip;]<\/p>\n","protected":false},"author":1,"featured_media":1821,"parent":2105,"menu_order":0,"comment_status":"closed","ping_status":"closed","template":"","meta":{"inline_featured_image":false,"footnotes":""},"yoast_head":"<!-- This site is optimized with the Yoast SEO Premium plugin v24.5 (Yoast SEO v24.5) - https:\/\/yoast.com\/wordpress\/plugins\/seo\/ -->\n<title>Contact &#8226; AUMA Drives<\/title>\n<meta name=\"robots\" content=\"index, follow, max-snippet:-1, max-image-preview:large, max-video-preview:-1\" \/>\n<link rel=\"canonical\" href=\"https:\/\/auma-drives.com\/en\/company\/contact\/\" \/>\n<meta property=\"og:locale\" content=\"en_US\" \/>\n<meta property=\"og:type\" content=\"article\" \/>\n<meta property=\"og:title\" content=\"Contact\" \/>\n<meta property=\"og:description\" content=\"[vc_section el_class=&#8221;inhalt-up hg-grau-wrapper&#8221;][vc_row el_class=&#8221;max-600px&#8221;][vc_column][vc_single_image image=&#8221;4435&#8243; img_size=&#8221;full&#8221; alignment=&#8221;center&#8221; el_class=&#8221;auma-icons&#8221;][vc_column_text] Contact Always close to the customers. Benefit from AUMA Drives&#8217; many years of experience in the development of gear solutions for numerous areas in mechanical engineering. Close customer contact and transparent communication are always in focus \u2013 for prime quality and customer satisfaction. [\/vc_column_text][vc_empty_space height=&#8221;30px&#8221;][vc_column_text css=&#8221;&#8221; el_class=&#8221;auma-mail [&hellip;]\" \/>\n<meta property=\"og:url\" content=\"https:\/\/auma-drives.com\/en\/company\/contact\/\" \/>\n<meta property=\"og:site_name\" content=\"AUMA Drives\" \/>\n<meta property=\"article:publisher\" content=\"https:\/\/de-de.facebook.com\/AUMAGroup\/\" \/>\n<meta property=\"article:modified_time\" content=\"2024-07-29T10:27:41+00:00\" \/>\n<meta property=\"og:image\" content=\"https:\/\/auma-drives.com\/wp-content\/uploads\/GFC_250912_648_angepasst.jpg\" \/>\n\t<meta property=\"og:image:width\" content=\"1920\" \/>\n\t<meta property=\"og:image:height\" content=\"1280\" \/>\n\t<meta property=\"og:image:type\" content=\"image\/jpeg\" \/>\n<meta name=\"twitter:card\" content=\"summary_large_image\" \/>\n<meta name=\"twitter:label1\" content=\"Est. reading time\" \/>\n\t<meta name=\"twitter:data1\" content=\"1 minute\" \/>\n<script type=\"application\/ld+json\" class=\"yoast-schema-graph\">{\"@context\":\"https:\/\/schema.org\",\"@graph\":[{\"@type\":\"WebPage\",\"@id\":\"https:\/\/auma-drives.com\/en\/company\/contact\/\",\"url\":\"https:\/\/auma-drives.com\/en\/company\/contact\/\",\"name\":\"Contact &#8226; AUMA Drives\",\"isPartOf\":{\"@id\":\"https:\/\/auma-drives.com\/en\/#website\"},\"primaryImageOfPage\":{\"@id\":\"https:\/\/auma-drives.com\/en\/company\/contact\/#primaryimage\"},\"image\":{\"@id\":\"https:\/\/auma-drives.com\/en\/company\/contact\/#primaryimage\"},\"thumbnailUrl\":\"https:\/\/auma-drives.com\/wp-content\/uploads\/GFC_250912_648_angepasst.jpg\",\"datePublished\":\"2021-04-13T08:57:52+00:00\",\"dateModified\":\"2024-07-29T10:27:41+00:00\",\"breadcrumb\":{\"@id\":\"https:\/\/auma-drives.com\/en\/company\/contact\/#breadcrumb\"},\"inLanguage\":\"en-US\",\"potentialAction\":[{\"@type\":\"ReadAction\",\"target\":[\"https:\/\/auma-drives.com\/en\/company\/contact\/\"]}]},{\"@type\":\"ImageObject\",\"inLanguage\":\"en-US\",\"@id\":\"https:\/\/auma-drives.com\/en\/company\/contact\/#primaryimage\",\"url\":\"https:\/\/auma-drives.com\/wp-content\/uploads\/GFC_250912_648_angepasst.jpg\",\"contentUrl\":\"https:\/\/auma-drives.com\/wp-content\/uploads\/GFC_250912_648_angepasst.jpg\",\"width\":1920,\"height\":1280,\"caption\":\"Experience\"},{\"@type\":\"BreadcrumbList\",\"@id\":\"https:\/\/auma-drives.com\/en\/company\/contact\/#breadcrumb\",\"itemListElement\":[{\"@type\":\"ListItem\",\"position\":1,\"name\":\"Startseite\",\"item\":\"https:\/\/auma-drives.com\/en\/\"},{\"@type\":\"ListItem\",\"position\":2,\"name\":\"Company\",\"item\":\"https:\/\/auma-drives.com\/en\/company\/\"},{\"@type\":\"ListItem\",\"position\":3,\"name\":\"Contact\"}]},{\"@type\":\"WebSite\",\"@id\":\"https:\/\/auma-drives.com\/en\/#website\",\"url\":\"https:\/\/auma-drives.com\/en\/\",\"name\":\"AUMA Drives\",\"description\":\"Antriebssysteme f\u00fcr h\u00f6chste Anspr\u00fcche.\",\"publisher\":{\"@id\":\"https:\/\/auma-drives.com\/en\/#organization\"},\"potentialAction\":[{\"@type\":\"SearchAction\",\"target\":{\"@type\":\"EntryPoint\",\"urlTemplate\":\"https:\/\/auma-drives.com\/en\/?s={search_term_string}\"},\"query-input\":{\"@type\":\"PropertyValueSpecification\",\"valueRequired\":true,\"valueName\":\"search_term_string\"}}],\"inLanguage\":\"en-US\"},{\"@type\":\"Organization\",\"@id\":\"https:\/\/auma-drives.com\/en\/#organization\",\"name\":\"AUMA Drives GmbH\",\"url\":\"https:\/\/auma-drives.com\/en\/\",\"logo\":{\"@type\":\"ImageObject\",\"inLanguage\":\"en-US\",\"@id\":\"https:\/\/auma-drives.com\/en\/#\/schema\/logo\/image\/\",\"url\":\"https:\/\/auma-drives.com\/wp-content\/uploads\/auma-drives-logo.png\",\"contentUrl\":\"https:\/\/auma-drives.com\/wp-content\/uploads\/auma-drives-logo.png\",\"width\":1000,\"height\":144,\"caption\":\"AUMA Drives GmbH\"},\"image\":{\"@id\":\"https:\/\/auma-drives.com\/en\/#\/schema\/logo\/image\/\"},\"sameAs\":[\"https:\/\/de-de.facebook.com\/AUMAGroup\/\"]}]}<\/script>\n<!-- \/ Yoast SEO Premium plugin. -->","yoast_head_json":{"title":"Contact &#8226; AUMA Drives","robots":{"index":"index","follow":"follow","max-snippet":"max-snippet:-1","max-image-preview":"max-image-preview:large","max-video-preview":"max-video-preview:-1"},"canonical":"https:\/\/auma-drives.com\/en\/company\/contact\/","og_locale":"en_US","og_type":"article","og_title":"Contact","og_description":"[vc_section el_class=&#8221;inhalt-up hg-grau-wrapper&#8221;][vc_row el_class=&#8221;max-600px&#8221;][vc_column][vc_single_image image=&#8221;4435&#8243; img_size=&#8221;full&#8221; alignment=&#8221;center&#8221; el_class=&#8221;auma-icons&#8221;][vc_column_text] Contact Always close to the customers. Benefit from AUMA Drives&#8217; many years of experience in the development of gear solutions for numerous areas in mechanical engineering. Close customer contact and transparent communication are always in focus \u2013 for prime quality and customer satisfaction. [\/vc_column_text][vc_empty_space height=&#8221;30px&#8221;][vc_column_text css=&#8221;&#8221; el_class=&#8221;auma-mail [&hellip;]","og_url":"https:\/\/auma-drives.com\/en\/company\/contact\/","og_site_name":"AUMA Drives","article_publisher":"https:\/\/de-de.facebook.com\/AUMAGroup\/","article_modified_time":"2024-07-29T10:27:41+00:00","og_image":[{"width":1920,"height":1280,"url":"https:\/\/auma-drives.com\/wp-content\/uploads\/GFC_250912_648_angepasst.jpg","type":"image\/jpeg"}],"twitter_card":"summary_large_image","twitter_misc":{"Est. reading time":"1 minute"},"schema":{"@context":"https:\/\/schema.org","@graph":[{"@type":"WebPage","@id":"https:\/\/auma-drives.com\/en\/company\/contact\/","url":"https:\/\/auma-drives.com\/en\/company\/contact\/","name":"Contact &#8226; AUMA Drives","isPartOf":{"@id":"https:\/\/auma-drives.com\/en\/#website"},"primaryImageOfPage":{"@id":"https:\/\/auma-drives.com\/en\/company\/contact\/#primaryimage"},"image":{"@id":"https:\/\/auma-drives.com\/en\/company\/contact\/#primaryimage"},"thumbnailUrl":"https:\/\/auma-drives.com\/wp-content\/uploads\/GFC_250912_648_angepasst.jpg","datePublished":"2021-04-13T08:57:52+00:00","dateModified":"2024-07-29T10:27:41+00:00","breadcrumb":{"@id":"https:\/\/auma-drives.com\/en\/company\/contact\/#breadcrumb"},"inLanguage":"en-US","potentialAction":[{"@type":"ReadAction","target":["https:\/\/auma-drives.com\/en\/company\/contact\/"]}]},{"@type":"ImageObject","inLanguage":"en-US","@id":"https:\/\/auma-drives.com\/en\/company\/contact\/#primaryimage","url":"https:\/\/auma-drives.com\/wp-content\/uploads\/GFC_250912_648_angepasst.jpg","contentUrl":"https:\/\/auma-drives.com\/wp-content\/uploads\/GFC_250912_648_angepasst.jpg","width":1920,"height":1280,"caption":"Experience"},{"@type":"BreadcrumbList","@id":"https:\/\/auma-drives.com\/en\/company\/contact\/#breadcrumb","itemListElement":[{"@type":"ListItem","position":1,"name":"Startseite","item":"https:\/\/auma-drives.com\/en\/"},{"@type":"ListItem","position":2,"name":"Company","item":"https:\/\/auma-drives.com\/en\/company\/"},{"@type":"ListItem","position":3,"name":"Contact"}]},{"@type":"WebSite","@id":"https:\/\/auma-drives.com\/en\/#website","url":"https:\/\/auma-drives.com\/en\/","name":"AUMA Drives","description":"Antriebssysteme f\u00fcr h\u00f6chste Anspr\u00fcche.","publisher":{"@id":"https:\/\/auma-drives.com\/en\/#organization"},"potentialAction":[{"@type":"SearchAction","target":{"@type":"EntryPoint","urlTemplate":"https:\/\/auma-drives.com\/en\/?s={search_term_string}"},"query-input":{"@type":"PropertyValueSpecification","valueRequired":true,"valueName":"search_term_string"}}],"inLanguage":"en-US"},{"@type":"Organization","@id":"https:\/\/auma-drives.com\/en\/#organization","name":"AUMA Drives GmbH","url":"https:\/\/auma-drives.com\/en\/","logo":{"@type":"ImageObject","inLanguage":"en-US","@id":"https:\/\/auma-drives.com\/en\/#\/schema\/logo\/image\/","url":"https:\/\/auma-drives.com\/wp-content\/uploads\/auma-drives-logo.png","contentUrl":"https:\/\/auma-drives.com\/wp-content\/uploads\/auma-drives-logo.png","width":1000,"height":144,"caption":"AUMA Drives GmbH"},"image":{"@id":"https:\/\/auma-drives.com\/en\/#\/schema\/logo\/image\/"},"sameAs":["https:\/\/de-de.facebook.com\/AUMAGroup\/"]}]}},"_links":{"self":[{"href":"https:\/\/auma-drives.com\/en\/wp-json\/wp\/v2\/pages\/1925"}],"collection":[{"href":"https:\/\/auma-drives.com\/en\/wp-json\/wp\/v2\/pages"}],"about":[{"href":"https:\/\/auma-drives.com\/en\/wp-json\/wp\/v2\/types\/page"}],"author":[{"embeddable":true,"href":"https:\/\/auma-drives.com\/en\/wp-json\/wp\/v2\/users\/1"}],"replies":[{"embeddable":true,"href":"https:\/\/auma-drives.com\/en\/wp-json\/wp\/v2\/comments?post=1925"}],"version-history":[{"count":7,"href":"https:\/\/auma-drives.com\/en\/wp-json\/wp\/v2\/pages\/1925\/revisions"}],"predecessor-version":[{"id":4637,"href":"https:\/\/auma-drives.com\/en\/wp-json\/wp\/v2\/pages\/1925\/revisions\/4637"}],"up":[{"embeddable":true,"href":"https:\/\/auma-drives.com\/en\/wp-json\/wp\/v2\/pages\/2105"}],"wp:featuredmedia":[{"embeddable":true,"href":"https:\/\/auma-drives.com\/en\/wp-json\/wp\/v2\/media\/1821"}],"wp:attachment":[{"href":"https:\/\/auma-drives.com\/en\/wp-json\/wp\/v2\/media?parent=1925"}],"curies":[{"name":"wp","href":"https:\/\/api.w.org\/{rel}","templated":true}]}}