{"id":1929,"date":"2021-04-13T10:57:53","date_gmt":"2021-04-13T08:57:53","guid":{"rendered":"https:\/\/auma-drives.com\/worm-wheel-sets\/"},"modified":"2024-09-27T09:44:59","modified_gmt":"2024-09-27T07:44:59","slug":"worm-gear-sets","status":"publish","type":"page","link":"https:\/\/auma-drives.com\/en\/industrial-gearboxes\/worm-gear-sets\/","title":{"rendered":"Worm Gear Sets"},"content":{"rendered":"<div class=\"wpb-content-wrapper\"><p>[vc_section el_class=&#8221;hg-grau&#8221;][vc_row][vc_column width=&#8221;2\/5&#8243;]<div class=\"bb-ultimate-carousel\"><div class='bb-ultimate-carousel-slider   ' data-settings={&quot;responsive&quot;:[]} ><div class='bb-ultimate-carousel-slide   '>[vc_single_image image=&#8221;1253&#8243; img_size=&#8221;full&#8221;]<\/div><div class='bb-ultimate-carousel-slide   '>[vc_single_image image=&#8221;1256&#8243; img_size=&#8221;full&#8221;]<\/div><\/div><\/div>[vc_column_text el_class=&#8221;bildtext&#8221;]Worm wheel sets[\/vc_column_text][\/vc_column][vc_column css_animation=&#8221;none&#8221; width=&#8221;3\/5&#8243;][vc_column_text css=&#8221;&#8221;]<\/p>\n<h1 style=\"text-align: left;\">High-Precision Worm Gear Sets for Reliable Performance<\/h1>\n<p style=\"text-align: left;\">Quality worm wheel sets by AUMA Drives are on duty all around the world. They are proven in heavy-duty industry and also in complex precision applications such as rotary tables or automatic positioning systems.<\/p>\n<p>AUMA Drives produces worm wheel sets according to customer drawings. For example, on request, wheel sets are also produced with reduced gear backlash or left-handed worm shaft. Also included in the portfolio: Duplex worm shafts allowing adjustable gear backlash. In production, AUMA Drives relies on modern machinery and highly specialised expert personnel. The requirements on material quality or positioning accuracy are continuously and thoroughly tested in the corporate <a href=\"https:\/\/auma-drives.com\/en\/expertise\/quality-management\/#testcenter\">test centre<\/a>.[\/vc_column_text][vc_column_text el_class=&#8221;fun-fact&#8221;]Production according to customer drawings[\/vc_column_text][vc_column_text el_class=&#8221;fun-fact&#8221;]Splines cut-plane (worm shaft) and milled (worm wheel)[\/vc_column_text][vc_column_text el_class=&#8221;fun-fact&#8221;]In-house production of splines up to centre distance 450 mm and module m=20[\/vc_column_text][vc_column_text el_class=&#8221;fun-fact&#8221;]Options for precision wheel sets:<\/p>\n<ul>\n<li>Reduced gear backlash<\/li>\n<li>Gear qualities to 4<\/li>\n<li>Duplex worm shafts for adjustable gear backlash within the housing<\/li>\n<\/ul>\n<p>[\/vc_column_text][\/vc_column][\/vc_row][\/vc_section][vc_section][vc_row][vc_column width=&#8221;1\/2&#8243;][vc_btn title=&#8221;Double worm gearboxes&#8221; align=&#8221;center&#8221; css=&#8221;&#8221; link=&#8221;url:https%3A%2F%2Fauma-drives.com%2Findustrial-gearboxes%2Fdouble-worm-gearboxes%2F%3Flang%3Den&#8221; el_class=&#8221;auma-btn-blau btn-nach-links btn-rot&#8221;][\/vc_column][vc_column width=&#8221;1\/2&#8243;][vc_btn title=&#8221;Elevator &amp; escalator gearboxes&#8221; align=&#8221;center&#8221; css=&#8221;&#8221; link=&#8221;url:https%3A%2F%2Fauma-drives.com%2Findustrial-gearboxes%2Felevator-and-escalator-gearboxes%2F%3Flang%3Den&#8221; el_class=&#8221;auma-btn-blau btn-rot&#8221;][\/vc_column][\/vc_row][\/vc_section]<\/p>\n<\/div>","protected":false},"excerpt":{"rendered":"<p>[vc_section el_class=&#8221;hg-grau&#8221;][vc_row][vc_column width=&#8221;2\/5&#8243;][vc_column_text el_class=&#8221;bildtext&#8221;]Worm wheel sets[\/vc_column_text][\/vc_column][vc_column css_animation=&#8221;none&#8221; width=&#8221;3\/5&#8243;][vc_column_text css=&#8221;&#8221;] High-Precision Worm Gear Sets for Reliable Performance Quality worm wheel sets by AUMA Drives are on duty all around the world. They are proven in heavy-duty industry and also in complex precision applications such as rotary tables or automatic positioning systems. AUMA Drives produces worm wheel [&hellip;]<\/p>\n","protected":false},"author":1,"featured_media":0,"parent":2102,"menu_order":0,"comment_status":"closed","ping_status":"closed","template":"","meta":{"inline_featured_image":false,"footnotes":""},"yoast_head":"<!-- This site is optimized with the Yoast SEO Premium plugin v24.5 (Yoast SEO v24.5) - https:\/\/yoast.com\/wordpress\/plugins\/seo\/ -->\n<title>Precision Worm Gear Sets \u2022 AUMA Drives<\/title>\n<meta name=\"description\" content=\"High-quality worm gear sets \u2713 Reliable worm drive solutions \u2713 Ideal for various applications \u27a4 Discover our precision worm and gear sets today!\" \/>\n<meta name=\"robots\" content=\"index, follow, max-snippet:-1, max-image-preview:large, max-video-preview:-1\" \/>\n<link rel=\"canonical\" href=\"https:\/\/auma-drives.com\/en\/industrial-gearboxes\/worm-gear-sets\/\" \/>\n<meta property=\"og:locale\" content=\"en_US\" \/>\n<meta property=\"og:type\" content=\"article\" \/>\n<meta property=\"og:title\" content=\"Worm Gear Sets\" \/>\n<meta property=\"og:description\" content=\"High-quality worm gear sets \u2713 Reliable worm drive solutions \u2713 Ideal for various applications \u27a4 Discover our precision worm and gear sets today!\" \/>\n<meta property=\"og:url\" content=\"https:\/\/auma-drives.com\/en\/industrial-gearboxes\/worm-gear-sets\/\" \/>\n<meta property=\"og:site_name\" content=\"AUMA Drives\" \/>\n<meta property=\"article:publisher\" content=\"https:\/\/de-de.facebook.com\/AUMAGroup\/\" \/>\n<meta property=\"article:modified_time\" content=\"2024-09-27T07:44:59+00:00\" \/>\n<meta name=\"twitter:card\" content=\"summary_large_image\" \/>\n<meta name=\"twitter:label1\" content=\"Est. reading time\" \/>\n\t<meta name=\"twitter:data1\" content=\"2 minutes\" \/>\n<script type=\"application\/ld+json\" class=\"yoast-schema-graph\">{\"@context\":\"https:\/\/schema.org\",\"@graph\":[{\"@type\":\"WebPage\",\"@id\":\"https:\/\/auma-drives.com\/en\/industrial-gearboxes\/worm-gear-sets\/\",\"url\":\"https:\/\/auma-drives.com\/en\/industrial-gearboxes\/worm-gear-sets\/\",\"name\":\"Precision Worm Gear Sets \u2022 AUMA Drives\",\"isPartOf\":{\"@id\":\"https:\/\/auma-drives.com\/en\/#website\"},\"datePublished\":\"2021-04-13T08:57:53+00:00\",\"dateModified\":\"2024-09-27T07:44:59+00:00\",\"description\":\"High-quality worm gear sets \u2713 Reliable worm drive solutions \u2713 Ideal for various applications \u27a4 Discover our precision worm and gear sets today!\",\"breadcrumb\":{\"@id\":\"https:\/\/auma-drives.com\/en\/industrial-gearboxes\/worm-gear-sets\/#breadcrumb\"},\"inLanguage\":\"en-US\",\"potentialAction\":[{\"@type\":\"ReadAction\",\"target\":[\"https:\/\/auma-drives.com\/en\/industrial-gearboxes\/worm-gear-sets\/\"]}]},{\"@type\":\"BreadcrumbList\",\"@id\":\"https:\/\/auma-drives.com\/en\/industrial-gearboxes\/worm-gear-sets\/#breadcrumb\",\"itemListElement\":[{\"@type\":\"ListItem\",\"position\":1,\"name\":\"Startseite\",\"item\":\"https:\/\/auma-drives.com\/en\/\"},{\"@type\":\"ListItem\",\"position\":2,\"name\":\"Basic Gear Units\",\"item\":\"https:\/\/auma-drives.com\/en\/industrial-gearboxes\/\"},{\"@type\":\"ListItem\",\"position\":3,\"name\":\"Worm Gear Sets\"}]},{\"@type\":\"WebSite\",\"@id\":\"https:\/\/auma-drives.com\/en\/#website\",\"url\":\"https:\/\/auma-drives.com\/en\/\",\"name\":\"AUMA Drives\",\"description\":\"Antriebssysteme f\u00fcr h\u00f6chste Anspr\u00fcche.\",\"publisher\":{\"@id\":\"https:\/\/auma-drives.com\/en\/#organization\"},\"potentialAction\":[{\"@type\":\"SearchAction\",\"target\":{\"@type\":\"EntryPoint\",\"urlTemplate\":\"https:\/\/auma-drives.com\/en\/?s={search_term_string}\"},\"query-input\":{\"@type\":\"PropertyValueSpecification\",\"valueRequired\":true,\"valueName\":\"search_term_string\"}}],\"inLanguage\":\"en-US\"},{\"@type\":\"Organization\",\"@id\":\"https:\/\/auma-drives.com\/en\/#organization\",\"name\":\"AUMA Drives GmbH\",\"url\":\"https:\/\/auma-drives.com\/en\/\",\"logo\":{\"@type\":\"ImageObject\",\"inLanguage\":\"en-US\",\"@id\":\"https:\/\/auma-drives.com\/en\/#\/schema\/logo\/image\/\",\"url\":\"https:\/\/auma-drives.com\/wp-content\/uploads\/auma-drives-logo.png\",\"contentUrl\":\"https:\/\/auma-drives.com\/wp-content\/uploads\/auma-drives-logo.png\",\"width\":1000,\"height\":144,\"caption\":\"AUMA Drives GmbH\"},\"image\":{\"@id\":\"https:\/\/auma-drives.com\/en\/#\/schema\/logo\/image\/\"},\"sameAs\":[\"https:\/\/de-de.facebook.com\/AUMAGroup\/\"]}]}<\/script>\n<!-- \/ Yoast SEO Premium plugin. -->","yoast_head_json":{"title":"Precision Worm Gear Sets \u2022 AUMA Drives","description":"High-quality worm gear sets \u2713 Reliable worm drive solutions \u2713 Ideal for various applications \u27a4 Discover our precision worm and gear sets today!","robots":{"index":"index","follow":"follow","max-snippet":"max-snippet:-1","max-image-preview":"max-image-preview:large","max-video-preview":"max-video-preview:-1"},"canonical":"https:\/\/auma-drives.com\/en\/industrial-gearboxes\/worm-gear-sets\/","og_locale":"en_US","og_type":"article","og_title":"Worm Gear Sets","og_description":"High-quality worm gear sets \u2713 Reliable worm drive solutions \u2713 Ideal for various applications \u27a4 Discover our precision worm and gear sets today!","og_url":"https:\/\/auma-drives.com\/en\/industrial-gearboxes\/worm-gear-sets\/","og_site_name":"AUMA Drives","article_publisher":"https:\/\/de-de.facebook.com\/AUMAGroup\/","article_modified_time":"2024-09-27T07:44:59+00:00","twitter_card":"summary_large_image","twitter_misc":{"Est. reading time":"2 minutes"},"schema":{"@context":"https:\/\/schema.org","@graph":[{"@type":"WebPage","@id":"https:\/\/auma-drives.com\/en\/industrial-gearboxes\/worm-gear-sets\/","url":"https:\/\/auma-drives.com\/en\/industrial-gearboxes\/worm-gear-sets\/","name":"Precision Worm Gear Sets \u2022 AUMA Drives","isPartOf":{"@id":"https:\/\/auma-drives.com\/en\/#website"},"datePublished":"2021-04-13T08:57:53+00:00","dateModified":"2024-09-27T07:44:59+00:00","description":"High-quality worm gear sets \u2713 Reliable worm drive solutions \u2713 Ideal for various applications \u27a4 Discover our precision worm and gear sets today!","breadcrumb":{"@id":"https:\/\/auma-drives.com\/en\/industrial-gearboxes\/worm-gear-sets\/#breadcrumb"},"inLanguage":"en-US","potentialAction":[{"@type":"ReadAction","target":["https:\/\/auma-drives.com\/en\/industrial-gearboxes\/worm-gear-sets\/"]}]},{"@type":"BreadcrumbList","@id":"https:\/\/auma-drives.com\/en\/industrial-gearboxes\/worm-gear-sets\/#breadcrumb","itemListElement":[{"@type":"ListItem","position":1,"name":"Startseite","item":"https:\/\/auma-drives.com\/en\/"},{"@type":"ListItem","position":2,"name":"Basic Gear Units","item":"https:\/\/auma-drives.com\/en\/industrial-gearboxes\/"},{"@type":"ListItem","position":3,"name":"Worm Gear Sets"}]},{"@type":"WebSite","@id":"https:\/\/auma-drives.com\/en\/#website","url":"https:\/\/auma-drives.com\/en\/","name":"AUMA Drives","description":"Antriebssysteme f\u00fcr h\u00f6chste Anspr\u00fcche.","publisher":{"@id":"https:\/\/auma-drives.com\/en\/#organization"},"potentialAction":[{"@type":"SearchAction","target":{"@type":"EntryPoint","urlTemplate":"https:\/\/auma-drives.com\/en\/?s={search_term_string}"},"query-input":{"@type":"PropertyValueSpecification","valueRequired":true,"valueName":"search_term_string"}}],"inLanguage":"en-US"},{"@type":"Organization","@id":"https:\/\/auma-drives.com\/en\/#organization","name":"AUMA Drives GmbH","url":"https:\/\/auma-drives.com\/en\/","logo":{"@type":"ImageObject","inLanguage":"en-US","@id":"https:\/\/auma-drives.com\/en\/#\/schema\/logo\/image\/","url":"https:\/\/auma-drives.com\/wp-content\/uploads\/auma-drives-logo.png","contentUrl":"https:\/\/auma-drives.com\/wp-content\/uploads\/auma-drives-logo.png","width":1000,"height":144,"caption":"AUMA Drives GmbH"},"image":{"@id":"https:\/\/auma-drives.com\/en\/#\/schema\/logo\/image\/"},"sameAs":["https:\/\/de-de.facebook.com\/AUMAGroup\/"]}]}},"_links":{"self":[{"href":"https:\/\/auma-drives.com\/en\/wp-json\/wp\/v2\/pages\/1929"}],"collection":[{"href":"https:\/\/auma-drives.com\/en\/wp-json\/wp\/v2\/pages"}],"about":[{"href":"https:\/\/auma-drives.com\/en\/wp-json\/wp\/v2\/types\/page"}],"author":[{"embeddable":true,"href":"https:\/\/auma-drives.com\/en\/wp-json\/wp\/v2\/users\/1"}],"replies":[{"embeddable":true,"href":"https:\/\/auma-drives.com\/en\/wp-json\/wp\/v2\/comments?post=1929"}],"version-history":[{"count":9,"href":"https:\/\/auma-drives.com\/en\/wp-json\/wp\/v2\/pages\/1929\/revisions"}],"predecessor-version":[{"id":4871,"href":"https:\/\/auma-drives.com\/en\/wp-json\/wp\/v2\/pages\/1929\/revisions\/4871"}],"up":[{"embeddable":true,"href":"https:\/\/auma-drives.com\/en\/wp-json\/wp\/v2\/pages\/2102"}],"wp:attachment":[{"href":"https:\/\/auma-drives.com\/en\/wp-json\/wp\/v2\/media?parent=1929"}],"curies":[{"name":"wp","href":"https:\/\/api.w.org\/{rel}","templated":true}]}}