{"id":1933,"date":"2021-04-13T10:57:53","date_gmt":"2021-04-13T08:57:53","guid":{"rendered":"https:\/\/auma-drives.com\/double-worm-gear-units\/"},"modified":"2024-09-26T16:56:01","modified_gmt":"2024-09-26T14:56:01","slug":"double-worm-gearboxes","status":"publish","type":"page","link":"https:\/\/auma-drives.com\/en\/industrial-gearboxes\/double-worm-gearboxes\/","title":{"rendered":"Double Worm Gearboxes"},"content":{"rendered":"<div class=\"wpb-content-wrapper\"><p>[vc_section el_class=&#8221;hg-grau&#8221;][vc_row][vc_column width=&#8221;2\/5&#8243;]<div class=\"bb-ultimate-carousel\"><div class='bb-ultimate-carousel-slider   ' data-settings={&quot;pauseOnFocus&quot;:false,&quot;pauseOnHover&quot;:false,&quot;responsive&quot;:[]} ><div class='bb-ultimate-carousel-slide   '>[vc_single_image image=&#8221;1139&#8243; img_size=&#8221;full&#8221;]<\/div><\/div><\/div>[vc_column_text el_class=&#8221;bildtext doppelschneckengetriebe&#8221;]Double worm gear units[\/vc_column_text][vc_empty_space][\/vc_column][vc_column css_animation=&#8221;none&#8221; width=&#8221;3\/5&#8243;][vc_column_text css=&#8221;&#8221; el_class=&#8221;auma-max-766px&#8221;]<\/p>\n<h1>High-Torque Double Worm Gearboxes for Maximum Performance<\/h1>\n<p>The combination of two single-stage worm gear units enables enormous speed reduction for confined spaces. Double worm gear units convert comparably low driving power into high torques. Therefore, they are ideal for powerful intermittent duty or actuation and positioning tasks. Equipped with a primary reduction gearing for helical worm gear units, they achieve reduction ratios up to i &gt; 10,000. Complete drive systems with mounted motor are also available.[\/vc_column_text][\/vc_column][\/vc_row][\/vc_section][vc_section][vc_row][vc_column width=&#8221;1\/2&#8243;][vc_btn title=&#8221;Worm gearboxes&#8221; align=&#8221;center&#8221; css=&#8221;&#8221; link=&#8221;url:https%3A%2F%2Fauma-drives.com%2Fen%2Findustrial-gearboxes%2Fworm-gearboxes%2F&#8221; el_class=&#8221;auma-btn-blau btn-nach-links btn-rot&#8221;][\/vc_column][vc_column width=&#8221;1\/2&#8243;][vc_btn title=&#8221;Worm Gear Sets&#8221; align=&#8221;center&#8221; css=&#8221;&#8221; link=&#8221;url:https%3A%2F%2Fauma-drives.com%2Fen%2Findustrial-gearboxes%2Fworm-gear-sets%2F|title:Worm%20helical%20gear%20units&#8221; el_class=&#8221;auma-btn-blau btn-rot&#8221;][\/vc_column][\/vc_row][\/vc_section]<\/p>\n<\/div>","protected":false},"excerpt":{"rendered":"<p>[vc_section el_class=&#8221;hg-grau&#8221;][vc_row][vc_column width=&#8221;2\/5&#8243;][vc_column_text el_class=&#8221;bildtext doppelschneckengetriebe&#8221;]Double worm gear units[\/vc_column_text][vc_empty_space][\/vc_column][vc_column css_animation=&#8221;none&#8221; width=&#8221;3\/5&#8243;][vc_column_text css=&#8221;&#8221; el_class=&#8221;auma-max-766px&#8221;] High-Torque Double Worm Gearboxes for Maximum Performance The combination of two single-stage worm gear units enables enormous speed reduction for confined spaces. Double worm gear units convert comparably low driving power into high torques. Therefore, they are ideal for powerful intermittent duty or [&hellip;]<\/p>\n","protected":false},"author":1,"featured_media":0,"parent":2102,"menu_order":0,"comment_status":"closed","ping_status":"closed","template":"","meta":{"inline_featured_image":false,"footnotes":""},"yoast_head":"<!-- This site is optimized with the Yoast SEO Premium plugin v24.5 (Yoast SEO v24.5) - https:\/\/yoast.com\/wordpress\/plugins\/seo\/ -->\n<title>High-Torque Double Worm Gearboxes \u2022 AUMA Drives<\/title>\n<meta name=\"description\" content=\"Powerful double reduction worm gearboxes \u2713 Enormous speed reduction \u2713 Ideal for confined spaces and high-torque tasks \u27a4 Find out more!\" \/>\n<meta name=\"robots\" content=\"index, follow, max-snippet:-1, max-image-preview:large, max-video-preview:-1\" \/>\n<link rel=\"canonical\" href=\"https:\/\/auma-drives.com\/en\/industrial-gearboxes\/double-worm-gearboxes\/\" \/>\n<meta property=\"og:locale\" content=\"en_US\" \/>\n<meta property=\"og:type\" content=\"article\" \/>\n<meta property=\"og:title\" content=\"Double Worm Gearboxes\" \/>\n<meta property=\"og:description\" content=\"Powerful double reduction worm gearboxes \u2713 Enormous speed reduction \u2713 Ideal for confined spaces and high-torque tasks \u27a4 Find out more!\" \/>\n<meta property=\"og:url\" content=\"https:\/\/auma-drives.com\/en\/industrial-gearboxes\/double-worm-gearboxes\/\" \/>\n<meta property=\"og:site_name\" content=\"AUMA Drives\" \/>\n<meta property=\"article:publisher\" content=\"https:\/\/de-de.facebook.com\/AUMAGroup\/\" \/>\n<meta property=\"article:modified_time\" content=\"2024-09-26T14:56:01+00:00\" \/>\n<meta name=\"twitter:card\" content=\"summary_large_image\" \/>\n<meta name=\"twitter:label1\" content=\"Est. reading time\" \/>\n\t<meta name=\"twitter:data1\" content=\"1 minute\" \/>\n<script type=\"application\/ld+json\" class=\"yoast-schema-graph\">{\"@context\":\"https:\/\/schema.org\",\"@graph\":[{\"@type\":\"WebPage\",\"@id\":\"https:\/\/auma-drives.com\/en\/industrial-gearboxes\/double-worm-gearboxes\/\",\"url\":\"https:\/\/auma-drives.com\/en\/industrial-gearboxes\/double-worm-gearboxes\/\",\"name\":\"High-Torque Double Worm Gearboxes \u2022 AUMA Drives\",\"isPartOf\":{\"@id\":\"https:\/\/auma-drives.com\/en\/#website\"},\"datePublished\":\"2021-04-13T08:57:53+00:00\",\"dateModified\":\"2024-09-26T14:56:01+00:00\",\"description\":\"Powerful double reduction worm gearboxes \u2713 Enormous speed reduction \u2713 Ideal for confined spaces and high-torque tasks \u27a4 Find out more!\",\"breadcrumb\":{\"@id\":\"https:\/\/auma-drives.com\/en\/industrial-gearboxes\/double-worm-gearboxes\/#breadcrumb\"},\"inLanguage\":\"en-US\",\"potentialAction\":[{\"@type\":\"ReadAction\",\"target\":[\"https:\/\/auma-drives.com\/en\/industrial-gearboxes\/double-worm-gearboxes\/\"]}]},{\"@type\":\"BreadcrumbList\",\"@id\":\"https:\/\/auma-drives.com\/en\/industrial-gearboxes\/double-worm-gearboxes\/#breadcrumb\",\"itemListElement\":[{\"@type\":\"ListItem\",\"position\":1,\"name\":\"Startseite\",\"item\":\"https:\/\/auma-drives.com\/en\/\"},{\"@type\":\"ListItem\",\"position\":2,\"name\":\"Basic Gear Units\",\"item\":\"https:\/\/auma-drives.com\/en\/industrial-gearboxes\/\"},{\"@type\":\"ListItem\",\"position\":3,\"name\":\"Double Worm Gearboxes\"}]},{\"@type\":\"WebSite\",\"@id\":\"https:\/\/auma-drives.com\/en\/#website\",\"url\":\"https:\/\/auma-drives.com\/en\/\",\"name\":\"AUMA Drives\",\"description\":\"Antriebssysteme f\u00fcr h\u00f6chste Anspr\u00fcche.\",\"publisher\":{\"@id\":\"https:\/\/auma-drives.com\/en\/#organization\"},\"potentialAction\":[{\"@type\":\"SearchAction\",\"target\":{\"@type\":\"EntryPoint\",\"urlTemplate\":\"https:\/\/auma-drives.com\/en\/?s={search_term_string}\"},\"query-input\":{\"@type\":\"PropertyValueSpecification\",\"valueRequired\":true,\"valueName\":\"search_term_string\"}}],\"inLanguage\":\"en-US\"},{\"@type\":\"Organization\",\"@id\":\"https:\/\/auma-drives.com\/en\/#organization\",\"name\":\"AUMA Drives GmbH\",\"url\":\"https:\/\/auma-drives.com\/en\/\",\"logo\":{\"@type\":\"ImageObject\",\"inLanguage\":\"en-US\",\"@id\":\"https:\/\/auma-drives.com\/en\/#\/schema\/logo\/image\/\",\"url\":\"https:\/\/auma-drives.com\/wp-content\/uploads\/auma-drives-logo.png\",\"contentUrl\":\"https:\/\/auma-drives.com\/wp-content\/uploads\/auma-drives-logo.png\",\"width\":1000,\"height\":144,\"caption\":\"AUMA Drives GmbH\"},\"image\":{\"@id\":\"https:\/\/auma-drives.com\/en\/#\/schema\/logo\/image\/\"},\"sameAs\":[\"https:\/\/de-de.facebook.com\/AUMAGroup\/\"]}]}<\/script>\n<!-- \/ Yoast SEO Premium plugin. -->","yoast_head_json":{"title":"High-Torque Double Worm Gearboxes \u2022 AUMA Drives","description":"Powerful double reduction worm gearboxes \u2713 Enormous speed reduction \u2713 Ideal for confined spaces and high-torque tasks \u27a4 Find out more!","robots":{"index":"index","follow":"follow","max-snippet":"max-snippet:-1","max-image-preview":"max-image-preview:large","max-video-preview":"max-video-preview:-1"},"canonical":"https:\/\/auma-drives.com\/en\/industrial-gearboxes\/double-worm-gearboxes\/","og_locale":"en_US","og_type":"article","og_title":"Double Worm Gearboxes","og_description":"Powerful double reduction worm gearboxes \u2713 Enormous speed reduction \u2713 Ideal for confined spaces and high-torque tasks \u27a4 Find out more!","og_url":"https:\/\/auma-drives.com\/en\/industrial-gearboxes\/double-worm-gearboxes\/","og_site_name":"AUMA Drives","article_publisher":"https:\/\/de-de.facebook.com\/AUMAGroup\/","article_modified_time":"2024-09-26T14:56:01+00:00","twitter_card":"summary_large_image","twitter_misc":{"Est. reading time":"1 minute"},"schema":{"@context":"https:\/\/schema.org","@graph":[{"@type":"WebPage","@id":"https:\/\/auma-drives.com\/en\/industrial-gearboxes\/double-worm-gearboxes\/","url":"https:\/\/auma-drives.com\/en\/industrial-gearboxes\/double-worm-gearboxes\/","name":"High-Torque Double Worm Gearboxes \u2022 AUMA Drives","isPartOf":{"@id":"https:\/\/auma-drives.com\/en\/#website"},"datePublished":"2021-04-13T08:57:53+00:00","dateModified":"2024-09-26T14:56:01+00:00","description":"Powerful double reduction worm gearboxes \u2713 Enormous speed reduction \u2713 Ideal for confined spaces and high-torque tasks \u27a4 Find out more!","breadcrumb":{"@id":"https:\/\/auma-drives.com\/en\/industrial-gearboxes\/double-worm-gearboxes\/#breadcrumb"},"inLanguage":"en-US","potentialAction":[{"@type":"ReadAction","target":["https:\/\/auma-drives.com\/en\/industrial-gearboxes\/double-worm-gearboxes\/"]}]},{"@type":"BreadcrumbList","@id":"https:\/\/auma-drives.com\/en\/industrial-gearboxes\/double-worm-gearboxes\/#breadcrumb","itemListElement":[{"@type":"ListItem","position":1,"name":"Startseite","item":"https:\/\/auma-drives.com\/en\/"},{"@type":"ListItem","position":2,"name":"Basic Gear Units","item":"https:\/\/auma-drives.com\/en\/industrial-gearboxes\/"},{"@type":"ListItem","position":3,"name":"Double Worm Gearboxes"}]},{"@type":"WebSite","@id":"https:\/\/auma-drives.com\/en\/#website","url":"https:\/\/auma-drives.com\/en\/","name":"AUMA Drives","description":"Antriebssysteme f\u00fcr h\u00f6chste Anspr\u00fcche.","publisher":{"@id":"https:\/\/auma-drives.com\/en\/#organization"},"potentialAction":[{"@type":"SearchAction","target":{"@type":"EntryPoint","urlTemplate":"https:\/\/auma-drives.com\/en\/?s={search_term_string}"},"query-input":{"@type":"PropertyValueSpecification","valueRequired":true,"valueName":"search_term_string"}}],"inLanguage":"en-US"},{"@type":"Organization","@id":"https:\/\/auma-drives.com\/en\/#organization","name":"AUMA Drives GmbH","url":"https:\/\/auma-drives.com\/en\/","logo":{"@type":"ImageObject","inLanguage":"en-US","@id":"https:\/\/auma-drives.com\/en\/#\/schema\/logo\/image\/","url":"https:\/\/auma-drives.com\/wp-content\/uploads\/auma-drives-logo.png","contentUrl":"https:\/\/auma-drives.com\/wp-content\/uploads\/auma-drives-logo.png","width":1000,"height":144,"caption":"AUMA Drives GmbH"},"image":{"@id":"https:\/\/auma-drives.com\/en\/#\/schema\/logo\/image\/"},"sameAs":["https:\/\/de-de.facebook.com\/AUMAGroup\/"]}]}},"_links":{"self":[{"href":"https:\/\/auma-drives.com\/en\/wp-json\/wp\/v2\/pages\/1933"}],"collection":[{"href":"https:\/\/auma-drives.com\/en\/wp-json\/wp\/v2\/pages"}],"about":[{"href":"https:\/\/auma-drives.com\/en\/wp-json\/wp\/v2\/types\/page"}],"author":[{"embeddable":true,"href":"https:\/\/auma-drives.com\/en\/wp-json\/wp\/v2\/users\/1"}],"replies":[{"embeddable":true,"href":"https:\/\/auma-drives.com\/en\/wp-json\/wp\/v2\/comments?post=1933"}],"version-history":[{"count":10,"href":"https:\/\/auma-drives.com\/en\/wp-json\/wp\/v2\/pages\/1933\/revisions"}],"predecessor-version":[{"id":4847,"href":"https:\/\/auma-drives.com\/en\/wp-json\/wp\/v2\/pages\/1933\/revisions\/4847"}],"up":[{"embeddable":true,"href":"https:\/\/auma-drives.com\/en\/wp-json\/wp\/v2\/pages\/2102"}],"wp:attachment":[{"href":"https:\/\/auma-drives.com\/en\/wp-json\/wp\/v2\/media?parent=1933"}],"curies":[{"name":"wp","href":"https:\/\/api.w.org\/{rel}","templated":true}]}}