{"id":1937,"date":"2021-04-13T10:57:54","date_gmt":"2021-04-13T08:57:54","guid":{"rendered":"https:\/\/auma-drives.com\/elevator-and-escalator-gear-units\/"},"modified":"2024-09-27T09:43:46","modified_gmt":"2024-09-27T07:43:46","slug":"elevator-and-escalator-gearboxes","status":"publish","type":"page","link":"https:\/\/auma-drives.com\/en\/industrial-gearboxes\/elevator-and-escalator-gearboxes\/","title":{"rendered":"Elevator &#038; Escalator Gearboxes"},"content":{"rendered":"<div class=\"wpb-content-wrapper\"><p>[vc_section el_class=&#8221;hg-grau&#8221;][vc_row][vc_column width=&#8221;2\/5&#8243;]<div class=\"bb-ultimate-carousel\"><div class='bb-ultimate-carousel-slider   ohne-padding' data-settings={&quot;responsive&quot;:[]} ><div class='bb-ultimate-carousel-slide   '>[vc_single_image image=&#8221;4504&#8243; img_size=&#8221;full&#8221;]<\/div><div class='bb-ultimate-carousel-slide   '>[vc_single_image image=&#8221;4503&#8243; img_size=&#8221;full&#8221;]<\/div><\/div><\/div>[vc_column_text el_class=&#8221;bildtext&#8221;]HYMAX Escalator gear unit FTHST.1[\/vc_column_text][\/vc_column][vc_column css_animation=&#8221;none&#8221; width=&#8221;3\/5&#8243;][vc_column_text css=&#8221;&#8221; el_class=&#8221;auma-max-766px&#8221;]<\/p>\n<h1 style=\"text-align: left;\">Advanced Gearbox Solutions for Elevators and Escalators<\/h1>\n<p style=\"text-align: left;\">The latest generation of AUMA Drives escalator gear units relies on extremely powerful hypoid splines, combined with a helical gear stage. This way, the HYMAX type range provides an even transmission behaviour at high efficiency and a low sound pressure level. All gear unit components are designed for a lifetime exceeding 146,000 hours of operation at the respective nominal power. These features make the HYMAX gear units a particularly attractive solution for demanding applications in public transportation. Here, gear units are often deployed round the clock whereby the high energy efficiency and the low maintenance requirements ensure low total cost of ownership for the operator.<\/p>\n<p>[\/vc_column_text][vc_column_text el_class=&#8221;auma-max-766px fun-fact&#8221;]<strong>HYMAX<\/strong> for peak loads, for example in underground stations or at airports[\/vc_column_text][vc_column_text el_class=&#8221;auma-max-766px fun-fact&#8221;]3 sizes (FTHST156.1\/168.1\/182.1) with respectively 2 transmission ratios (i=20.8 \/ i=25.9)[\/vc_column_text][vc_column_text el_class=&#8221;auma-max-766px fun-fact&#8221;]Efficiency \u2265 96 %[\/vc_column_text][vc_column_text el_class=&#8221;auma-max-766px fun-fact&#8221;]Nominal power up to 33 kW[\/vc_column_text][vc_column_text el_class=&#8221;auma-max-766px fun-fact&#8221;]Lubricant sensors as an option (temperature, filling level)[\/vc_column_text][\/vc_column][\/vc_row][vc_row][vc_column width=&#8221;2\/5&#8243;]<div class=\"bb-ultimate-carousel\"><div class='bb-ultimate-carousel-slider   ohne-padding' data-settings={&quot;responsive&quot;:[]} ><div class='bb-ultimate-carousel-slide   '>[vc_single_image image=&#8221;1231&#8243; img_size=&#8221;full&#8221;]<\/div><div class='bb-ultimate-carousel-slide   '>[vc_single_image image=&#8221;1171&#8243; img_size=&#8221;full&#8221;]<\/div><\/div><\/div>[vc_column_text el_class=&#8221;bildtext&#8221;]Escalator gear units FTSST.1 Worm helical gear units[\/vc_column_text][\/vc_column][vc_column css_animation=&#8221;none&#8221; width=&#8221;3\/5&#8243;][vc_column_text el_class=&#8221;auma-max-766px&#8221;]<\/p>\n<p style=\"text-align: left;\">On a global scale, more than 47,000 escalator gear units by AUMA Drives are deployed. Most of the escalator gear units and elevator gear units by AUMA Drives are based on worm gear units. Even in whisper gears acting as stage drives in theatres, the assets of the spline combinations will pay off. High-speed worm gear unit stages ensure even and low-noise torque transmission while providing optimum noise absorbing properties. The downstream helical gear pair caters for high efficiency and soft start behaviour within the gear unit. Finally, the downstream transmission elements act as additional protection against load peaks.<\/p>\n<p>[\/vc_column_text][vc_column_text el_class=&#8221;auma-max-766px fun-fact&#8221;]<strong>FTSST.1 <\/strong>for \u201cPublic Applications\u201c like underground stations or airports[\/vc_column_text][vc_column_text el_class=&#8221;auma-max-766px fun-fact&#8221;]3 sizes (158\/180\/212) with 3 reduction ratios each (i=20 through i=32)[\/vc_column_text][vc_column_text el_class=&#8221;auma-max-766px fun-fact&#8221;]High efficiency for nominal power up to 45 kW[\/vc_column_text][vc_column_text el_class=&#8221;auma-max-766px fun-fact&#8221;]Lubricant sensors as an option (temperature, filling level)[\/vc_column_text][\/vc_column][\/vc_row][vc_row][vc_column width=&#8221;2\/5&#8243;]<div class=\"bb-ultimate-carousel\"><div class='bb-ultimate-carousel-slider   ohne-padding' data-settings={&quot;responsive&quot;:[]} ><div class='bb-ultimate-carousel-slide   '>[vc_single_image image=&#8221;1229&#8243; img_size=&#8221;full&#8221;]<\/div><div class='bb-ultimate-carousel-slide   '>[vc_single_image image=&#8221;1172&#8243; img_size=&#8221;full&#8221;]<\/div><\/div><\/div>[vc_column_text el_class=&#8221;bildtext&#8221;]Escalator gear units FTS.1 Worm gear units[\/vc_column_text][\/vc_column][vc_column css_animation=&#8221;none&#8221; width=&#8221;3\/5&#8243;][vc_column_text el_class=&#8221;auma-max-766px&#8221;]The low noise level is perfectly suited for buildings and the premium transport experience is beneficial for passengers. Operators value the high efficiency, the resulting energy output \u2013 and the respect of all safety relevant standards like EN 115-1:2017 and APTA. On a global scale, more than 50,000 escalator gear units by AUMA Drives are deployed.[\/vc_column_text][vc_column_text el_class=&#8221;auma-max-766px fun-fact&#8221;]<strong>FTS.1<\/strong> for \u201cCommercial Applications\u201c like shopping malls[\/vc_column_text][vc_column_text el_class=&#8221;auma-max-766px fun-fact&#8221;]4 sizes (100\/125\/160\/180) with 2 transmission ratios each (i=20.5 \/ i=24.5)[\/vc_column_text][vc_column_text el_class=&#8221;auma-max-766px fun-fact&#8221;]Nominal power up to 25 kW at low investment expenditures[\/vc_column_text][vc_column_text el_class=&#8221;auma-max-766px fun-fact&#8221;]Lubricant sensors as an option (temperature, filling level)[\/vc_column_text][\/vc_column][\/vc_row][vc_row][vc_column width=&#8221;2\/5&#8243;][vc_single_image image=&#8221;1173&#8243; img_size=&#8221;full&#8221;][vc_column_text el_class=&#8221;bildtext&#8221;]Elevator gear units SST97-SST150 Worm helical gear units[\/vc_column_text][\/vc_column][vc_column css_animation=&#8221;none&#8221; width=&#8221;3\/5&#8243;][vc_column_text css=&#8221;&#8221; el_class=&#8221;auma-max-766px&#8221;]Heavy duty worm helical gear units are mainly used at public locations like airports and underground stations. In shopping malls with less demanding loads, the single-stage <a href=\"https:\/\/auma-drives.com\/en\/industrial-gearboxes\/double-worm-gearboxes\/\">worm gear units<\/a> are preferable. Also part of the product portfolio: Overall pre-configured drive systems with integral motor for escalators and elevators.[\/vc_column_text][vc_column_text el_class=&#8221;auma-max-766px fun-fact&#8221;]<strong>SST97-SST150<\/strong> for long-life elevator drive units[\/vc_column_text][vc_column_text el_class=&#8221;auma-max-766px fun-fact&#8221;]4 sizes (97\/118\/150) available in numerous transmission ratios between i=8 and i=150[\/vc_column_text][vc_column_text el_class=&#8221;auma-max-766px fun-fact&#8221;]Complete drive systems available (incl. gear unit, motor with low-noise double brake, torque reaction lever, shaft with pillow block bearings and traction sheave)[\/vc_column_text][\/vc_column][\/vc_row][\/vc_section][vc_section][vc_row][vc_column][vc_btn title=&#8221;Slewing gearboxes&#8221; align=&#8221;center&#8221; css=&#8221;&#8221; link=&#8221;url:https%3A%2F%2Fauma-drives.com%2Fen%2Findustrial-gearboxes%2Fslewing-gearboxes%2F|title:Worm%20gear%20units&#8221; el_class=&#8221;auma-btn-blau btn-rot&#8221;][\/vc_column][\/vc_row][\/vc_section]<\/p>\n<\/div>","protected":false},"excerpt":{"rendered":"<p>[vc_section el_class=&#8221;hg-grau&#8221;][vc_row][vc_column width=&#8221;2\/5&#8243;][vc_column_text el_class=&#8221;bildtext&#8221;]HYMAX Escalator gear unit FTHST.1[\/vc_column_text][\/vc_column][vc_column css_animation=&#8221;none&#8221; width=&#8221;3\/5&#8243;][vc_column_text css=&#8221;&#8221; el_class=&#8221;auma-max-766px&#8221;] Advanced Gearbox Solutions for Elevators and Escalators The latest generation of AUMA Drives escalator gear units relies on extremely powerful hypoid splines, combined with a helical gear stage. This way, the HYMAX type range provides an even transmission behaviour at high efficiency and [&hellip;]<\/p>\n","protected":false},"author":1,"featured_media":1171,"parent":2102,"menu_order":0,"comment_status":"closed","ping_status":"closed","template":"","meta":{"inline_featured_image":false,"footnotes":""},"yoast_head":"<!-- This site is optimized with the Yoast SEO Premium plugin v24.5 (Yoast SEO v24.5) - https:\/\/yoast.com\/wordpress\/plugins\/seo\/ -->\n<title>Elevator &amp; Escalator Gearbox Expertise &#8226; AUMA Drives<\/title>\n<meta name=\"description\" content=\"High-efficiency elevator gearboxes \u2713 Reliable worm gear systems \u2713 Low-noise, durable solutions \u27a4 Explore our elevator &amp; escalator gearbox options!\" \/>\n<meta name=\"robots\" content=\"index, follow, max-snippet:-1, max-image-preview:large, max-video-preview:-1\" \/>\n<link rel=\"canonical\" href=\"https:\/\/auma-drives.com\/en\/industrial-gearboxes\/elevator-and-escalator-gearboxes\/\" \/>\n<meta property=\"og:locale\" content=\"en_US\" \/>\n<meta property=\"og:type\" content=\"article\" \/>\n<meta property=\"og:title\" content=\"Elevator &amp; Escalator Gearboxes\" \/>\n<meta property=\"og:description\" content=\"High-efficiency elevator gearboxes \u2713 Reliable worm gear systems \u2713 Low-noise, durable solutions \u27a4 Explore our elevator &amp; escalator gearbox options!\" \/>\n<meta property=\"og:url\" content=\"https:\/\/auma-drives.com\/en\/industrial-gearboxes\/elevator-and-escalator-gearboxes\/\" \/>\n<meta property=\"og:site_name\" content=\"AUMA Drives\" \/>\n<meta property=\"article:publisher\" content=\"https:\/\/de-de.facebook.com\/AUMAGroup\/\" \/>\n<meta property=\"article:modified_time\" content=\"2024-09-27T07:43:46+00:00\" \/>\n<meta property=\"og:image\" content=\"https:\/\/auma-drives.com\/wp-content\/uploads\/FTSST-1_1000px.png\" \/>\n\t<meta property=\"og:image:width\" content=\"1000\" \/>\n\t<meta property=\"og:image:height\" content=\"1000\" \/>\n\t<meta property=\"og:image:type\" content=\"image\/png\" \/>\n<meta name=\"twitter:card\" content=\"summary_large_image\" \/>\n<meta name=\"twitter:label1\" content=\"Est. reading time\" \/>\n\t<meta name=\"twitter:data1\" content=\"5 minutes\" \/>\n<script type=\"application\/ld+json\" class=\"yoast-schema-graph\">{\"@context\":\"https:\/\/schema.org\",\"@graph\":[{\"@type\":\"WebPage\",\"@id\":\"https:\/\/auma-drives.com\/en\/industrial-gearboxes\/elevator-and-escalator-gearboxes\/\",\"url\":\"https:\/\/auma-drives.com\/en\/industrial-gearboxes\/elevator-and-escalator-gearboxes\/\",\"name\":\"Elevator & Escalator Gearbox Expertise &#8226; AUMA Drives\",\"isPartOf\":{\"@id\":\"https:\/\/auma-drives.com\/en\/#website\"},\"primaryImageOfPage\":{\"@id\":\"https:\/\/auma-drives.com\/en\/industrial-gearboxes\/elevator-and-escalator-gearboxes\/#primaryimage\"},\"image\":{\"@id\":\"https:\/\/auma-drives.com\/en\/industrial-gearboxes\/elevator-and-escalator-gearboxes\/#primaryimage\"},\"thumbnailUrl\":\"https:\/\/auma-drives.com\/wp-content\/uploads\/FTSST-1_1000px.png\",\"datePublished\":\"2021-04-13T08:57:54+00:00\",\"dateModified\":\"2024-09-27T07:43:46+00:00\",\"description\":\"High-efficiency elevator gearboxes \u2713 Reliable worm gear systems \u2713 Low-noise, durable solutions \u27a4 Explore our elevator & escalator gearbox options!\",\"breadcrumb\":{\"@id\":\"https:\/\/auma-drives.com\/en\/industrial-gearboxes\/elevator-and-escalator-gearboxes\/#breadcrumb\"},\"inLanguage\":\"en-US\",\"potentialAction\":[{\"@type\":\"ReadAction\",\"target\":[\"https:\/\/auma-drives.com\/en\/industrial-gearboxes\/elevator-and-escalator-gearboxes\/\"]}]},{\"@type\":\"ImageObject\",\"inLanguage\":\"en-US\",\"@id\":\"https:\/\/auma-drives.com\/en\/industrial-gearboxes\/elevator-and-escalator-gearboxes\/#primaryimage\",\"url\":\"https:\/\/auma-drives.com\/wp-content\/uploads\/FTSST-1_1000px.png\",\"contentUrl\":\"https:\/\/auma-drives.com\/wp-content\/uploads\/FTSST-1_1000px.png\",\"width\":1000,\"height\":1000,\"caption\":\"Fahrtreppengetriebe Schneckenstirnradgetriebe\"},{\"@type\":\"BreadcrumbList\",\"@id\":\"https:\/\/auma-drives.com\/en\/industrial-gearboxes\/elevator-and-escalator-gearboxes\/#breadcrumb\",\"itemListElement\":[{\"@type\":\"ListItem\",\"position\":1,\"name\":\"Startseite\",\"item\":\"https:\/\/auma-drives.com\/en\/\"},{\"@type\":\"ListItem\",\"position\":2,\"name\":\"Basic Gear Units\",\"item\":\"https:\/\/auma-drives.com\/en\/industrial-gearboxes\/\"},{\"@type\":\"ListItem\",\"position\":3,\"name\":\"Elevator &#038; Escalator Gearboxes\"}]},{\"@type\":\"WebSite\",\"@id\":\"https:\/\/auma-drives.com\/en\/#website\",\"url\":\"https:\/\/auma-drives.com\/en\/\",\"name\":\"AUMA Drives\",\"description\":\"Antriebssysteme f\u00fcr h\u00f6chste Anspr\u00fcche.\",\"publisher\":{\"@id\":\"https:\/\/auma-drives.com\/en\/#organization\"},\"potentialAction\":[{\"@type\":\"SearchAction\",\"target\":{\"@type\":\"EntryPoint\",\"urlTemplate\":\"https:\/\/auma-drives.com\/en\/?s={search_term_string}\"},\"query-input\":{\"@type\":\"PropertyValueSpecification\",\"valueRequired\":true,\"valueName\":\"search_term_string\"}}],\"inLanguage\":\"en-US\"},{\"@type\":\"Organization\",\"@id\":\"https:\/\/auma-drives.com\/en\/#organization\",\"name\":\"AUMA Drives GmbH\",\"url\":\"https:\/\/auma-drives.com\/en\/\",\"logo\":{\"@type\":\"ImageObject\",\"inLanguage\":\"en-US\",\"@id\":\"https:\/\/auma-drives.com\/en\/#\/schema\/logo\/image\/\",\"url\":\"https:\/\/auma-drives.com\/wp-content\/uploads\/auma-drives-logo.png\",\"contentUrl\":\"https:\/\/auma-drives.com\/wp-content\/uploads\/auma-drives-logo.png\",\"width\":1000,\"height\":144,\"caption\":\"AUMA Drives GmbH\"},\"image\":{\"@id\":\"https:\/\/auma-drives.com\/en\/#\/schema\/logo\/image\/\"},\"sameAs\":[\"https:\/\/de-de.facebook.com\/AUMAGroup\/\"]}]}<\/script>\n<!-- \/ Yoast SEO Premium plugin. -->","yoast_head_json":{"title":"Elevator & Escalator Gearbox Expertise &#8226; AUMA Drives","description":"High-efficiency elevator gearboxes \u2713 Reliable worm gear systems \u2713 Low-noise, durable solutions \u27a4 Explore our elevator & escalator gearbox options!","robots":{"index":"index","follow":"follow","max-snippet":"max-snippet:-1","max-image-preview":"max-image-preview:large","max-video-preview":"max-video-preview:-1"},"canonical":"https:\/\/auma-drives.com\/en\/industrial-gearboxes\/elevator-and-escalator-gearboxes\/","og_locale":"en_US","og_type":"article","og_title":"Elevator & Escalator Gearboxes","og_description":"High-efficiency elevator gearboxes \u2713 Reliable worm gear systems \u2713 Low-noise, durable solutions \u27a4 Explore our elevator & escalator gearbox options!","og_url":"https:\/\/auma-drives.com\/en\/industrial-gearboxes\/elevator-and-escalator-gearboxes\/","og_site_name":"AUMA Drives","article_publisher":"https:\/\/de-de.facebook.com\/AUMAGroup\/","article_modified_time":"2024-09-27T07:43:46+00:00","og_image":[{"width":1000,"height":1000,"url":"https:\/\/auma-drives.com\/wp-content\/uploads\/FTSST-1_1000px.png","type":"image\/png"}],"twitter_card":"summary_large_image","twitter_misc":{"Est. reading time":"5 minutes"},"schema":{"@context":"https:\/\/schema.org","@graph":[{"@type":"WebPage","@id":"https:\/\/auma-drives.com\/en\/industrial-gearboxes\/elevator-and-escalator-gearboxes\/","url":"https:\/\/auma-drives.com\/en\/industrial-gearboxes\/elevator-and-escalator-gearboxes\/","name":"Elevator & Escalator Gearbox Expertise &#8226; AUMA Drives","isPartOf":{"@id":"https:\/\/auma-drives.com\/en\/#website"},"primaryImageOfPage":{"@id":"https:\/\/auma-drives.com\/en\/industrial-gearboxes\/elevator-and-escalator-gearboxes\/#primaryimage"},"image":{"@id":"https:\/\/auma-drives.com\/en\/industrial-gearboxes\/elevator-and-escalator-gearboxes\/#primaryimage"},"thumbnailUrl":"https:\/\/auma-drives.com\/wp-content\/uploads\/FTSST-1_1000px.png","datePublished":"2021-04-13T08:57:54+00:00","dateModified":"2024-09-27T07:43:46+00:00","description":"High-efficiency elevator gearboxes \u2713 Reliable worm gear systems \u2713 Low-noise, durable solutions \u27a4 Explore our elevator & escalator gearbox options!","breadcrumb":{"@id":"https:\/\/auma-drives.com\/en\/industrial-gearboxes\/elevator-and-escalator-gearboxes\/#breadcrumb"},"inLanguage":"en-US","potentialAction":[{"@type":"ReadAction","target":["https:\/\/auma-drives.com\/en\/industrial-gearboxes\/elevator-and-escalator-gearboxes\/"]}]},{"@type":"ImageObject","inLanguage":"en-US","@id":"https:\/\/auma-drives.com\/en\/industrial-gearboxes\/elevator-and-escalator-gearboxes\/#primaryimage","url":"https:\/\/auma-drives.com\/wp-content\/uploads\/FTSST-1_1000px.png","contentUrl":"https:\/\/auma-drives.com\/wp-content\/uploads\/FTSST-1_1000px.png","width":1000,"height":1000,"caption":"Fahrtreppengetriebe Schneckenstirnradgetriebe"},{"@type":"BreadcrumbList","@id":"https:\/\/auma-drives.com\/en\/industrial-gearboxes\/elevator-and-escalator-gearboxes\/#breadcrumb","itemListElement":[{"@type":"ListItem","position":1,"name":"Startseite","item":"https:\/\/auma-drives.com\/en\/"},{"@type":"ListItem","position":2,"name":"Basic Gear Units","item":"https:\/\/auma-drives.com\/en\/industrial-gearboxes\/"},{"@type":"ListItem","position":3,"name":"Elevator &#038; Escalator Gearboxes"}]},{"@type":"WebSite","@id":"https:\/\/auma-drives.com\/en\/#website","url":"https:\/\/auma-drives.com\/en\/","name":"AUMA Drives","description":"Antriebssysteme f\u00fcr h\u00f6chste Anspr\u00fcche.","publisher":{"@id":"https:\/\/auma-drives.com\/en\/#organization"},"potentialAction":[{"@type":"SearchAction","target":{"@type":"EntryPoint","urlTemplate":"https:\/\/auma-drives.com\/en\/?s={search_term_string}"},"query-input":{"@type":"PropertyValueSpecification","valueRequired":true,"valueName":"search_term_string"}}],"inLanguage":"en-US"},{"@type":"Organization","@id":"https:\/\/auma-drives.com\/en\/#organization","name":"AUMA Drives GmbH","url":"https:\/\/auma-drives.com\/en\/","logo":{"@type":"ImageObject","inLanguage":"en-US","@id":"https:\/\/auma-drives.com\/en\/#\/schema\/logo\/image\/","url":"https:\/\/auma-drives.com\/wp-content\/uploads\/auma-drives-logo.png","contentUrl":"https:\/\/auma-drives.com\/wp-content\/uploads\/auma-drives-logo.png","width":1000,"height":144,"caption":"AUMA Drives GmbH"},"image":{"@id":"https:\/\/auma-drives.com\/en\/#\/schema\/logo\/image\/"},"sameAs":["https:\/\/de-de.facebook.com\/AUMAGroup\/"]}]}},"_links":{"self":[{"href":"https:\/\/auma-drives.com\/en\/wp-json\/wp\/v2\/pages\/1937"}],"collection":[{"href":"https:\/\/auma-drives.com\/en\/wp-json\/wp\/v2\/pages"}],"about":[{"href":"https:\/\/auma-drives.com\/en\/wp-json\/wp\/v2\/types\/page"}],"author":[{"embeddable":true,"href":"https:\/\/auma-drives.com\/en\/wp-json\/wp\/v2\/users\/1"}],"replies":[{"embeddable":true,"href":"https:\/\/auma-drives.com\/en\/wp-json\/wp\/v2\/comments?post=1937"}],"version-history":[{"count":22,"href":"https:\/\/auma-drives.com\/en\/wp-json\/wp\/v2\/pages\/1937\/revisions"}],"predecessor-version":[{"id":4869,"href":"https:\/\/auma-drives.com\/en\/wp-json\/wp\/v2\/pages\/1937\/revisions\/4869"}],"up":[{"embeddable":true,"href":"https:\/\/auma-drives.com\/en\/wp-json\/wp\/v2\/pages\/2102"}],"wp:featuredmedia":[{"embeddable":true,"href":"https:\/\/auma-drives.com\/en\/wp-json\/wp\/v2\/media\/1171"}],"wp:attachment":[{"href":"https:\/\/auma-drives.com\/en\/wp-json\/wp\/v2\/media?parent=1937"}],"curies":[{"name":"wp","href":"https:\/\/api.w.org\/{rel}","templated":true}]}}