{"id":1941,"date":"2021-04-13T10:57:55","date_gmt":"2021-04-13T08:57:55","guid":{"rendered":"https:\/\/auma-drives.com\/online-return-delivery-note\/"},"modified":"2024-08-08T11:22:05","modified_gmt":"2024-08-08T09:22:05","slug":"online-return-delivery-note","status":"publish","type":"page","link":"https:\/\/auma-drives.com\/en\/company\/online-return-delivery-note\/","title":{"rendered":"Online Return Delivery Note"},"content":{"rendered":"<div class=\"wpb-content-wrapper\"><p>[vc_section el_class=&#8221;hg-grau&#8221;][vc_row][vc_column][vc_single_image image=&#8221;4260&#8243; img_size=&#8221;full&#8221; alignment=&#8221;center&#8221; el_class=&#8221;auma-icons&#8221;][vc_column_text el_class=&#8221;auma-max-service&#8221;]<\/p>\n<h1 style=\"text-align: center;\">Return delivery note Gear unit\/motor<\/h1>\n<p>[\/vc_column_text][\/vc_column][\/vc_row][\/vc_section][vc_section][vc_row][vc_column][vc_column_text]<div class='fluentform ff-default fluentform_wrapper_3 ffs_default_wrap'><form data-form_id=\"3\" id=\"fluentform_3\" class=\"frm-fluent-form fluent_form_3 ff-el-form-top ff_form_instance_3_1 ff-form-loading ffs_default\" data-form_instance=\"ff_form_instance_3_1\" method=\"POST\" ><fieldset  style=\"border: none!important;margin: 0!important;padding: 0!important;background-color: transparent!important;box-shadow: none!important;outline: none!important; min-inline-size: 100%;\">\n                    <legend class=\"ff_screen_reader_title\" style=\"display: block; margin: 0!important;padding: 0!important;height: 0!important;text-indent: -999999px;width: 0!important;overflow:hidden;\">R\u00fccklieferschein (#3)<\/legend>        <div\n                style=\"display: none!important; position: absolute!important; transform: translateX(1000%)!important;\"\n                class=\"ff-el-group ff-hpsf-container\"\n        >\n            <div class=\"ff-el-input--label asterisk-right\">\n                <label for=\"ff_3_item_sf\" aria-label=\"Contact\">\n                    Contact                <\/label>\n            <\/div>\n            <div class=\"ff-el-input--content\">\n                <input type=\"text\"\n                       name=\"item_3__fluent_sf\"\n                       class=\"ff-el-form-control\"\n                       id=\"ff_3_item_sf\"\n                \/>\n            <\/div>\n        <\/div>\n        <input type='hidden' name='__fluent_form_embded_post_id' value='1941' \/><input type=\"hidden\" id=\"_fluentform_3_fluentformnonce\" name=\"_fluentform_3_fluentformnonce\" value=\"a42b3d8236\" \/><input type=\"hidden\" name=\"_wp_http_referer\" value=\"\/en\/wp-json\/wp\/v2\/pages\/1941\" \/><div data-name=\"ff_cn_id_1\"  class='ff-t-container ff-column-container ff_columns_total_2 '><div class='ff-t-cell ff-t-column-1' style='flex-basis: 50%;'><div class='ff-el-group'><div class=\"ff-el-input--label ff-el-is-required asterisk-right\"><label for='ff_3_kunde' id='label_ff_3_kunde' aria-label=\"Customer \/ ordered by *\">Customer \/ ordered by *<\/label><\/div><div class='ff-el-input--content'><input type=\"text\" name=\"kunde\" class=\"ff-el-form-control\" placeholder=\"Customer \/ ordered by\" data-name=\"kunde\" id=\"ff_3_kunde\"  aria-invalid=\"false\" aria-required=true><\/div><\/div><div class='ff-el-group'><div class=\"ff-el-input--label asterisk-right\"><label for='ff_3_anschrift' id='label_ff_3_anschrift' aria-label=\"Address\">Address<\/label><\/div><div class='ff-el-input--content'><input type=\"text\" name=\"anschrift\" class=\"ff-el-form-control\" placeholder=\"Address\" data-name=\"anschrift\" id=\"ff_3_anschrift\"  aria-invalid=\"false\" aria-required=false><\/div><\/div><div class='ff-el-group'><div class=\"ff-el-input--label asterisk-right\"><label for='ff_3_ansprechpartner' id='label_ff_3_ansprechpartner' aria-label=\"Contact person\">Contact person<\/label><\/div><div class='ff-el-input--content'><input type=\"text\" name=\"ansprechpartner\" class=\"ff-el-form-control\" placeholder=\"Contact person\" data-name=\"ansprechpartner\" id=\"ff_3_ansprechpartner\"  aria-invalid=\"false\" aria-required=false><\/div><\/div><div class='ff-el-group'><div class=\"ff-el-input--label asterisk-right\"><label for='ff_3_telefon' id='label_ff_3_telefon' aria-label=\"Phone\">Phone<\/label><\/div><div class='ff-el-input--content'><input type=\"text\" name=\"telefon\" class=\"ff-el-form-control\" placeholder=\"Phone\" data-name=\"telefon\" id=\"ff_3_telefon\"  aria-invalid=\"false\" aria-required=false><\/div><\/div><div class='ff-el-group'><div class=\"ff-el-input--label asterisk-right\"><label for='ff_3_fax' id='label_ff_3_fax' aria-label=\"Fax\">Fax<\/label><\/div><div class='ff-el-input--content'><input type=\"text\" name=\"fax\" class=\"ff-el-form-control\" placeholder=\"Fax\" data-name=\"fax\" id=\"ff_3_fax\"  aria-invalid=\"false\" aria-required=false><\/div><\/div><div class='ff-el-group'><div class=\"ff-el-input--label ff-el-is-required asterisk-right\"><label for='ff_3_email_1' id='label_ff_3_email_1' aria-label=\"E-mail *\">E-mail *<\/label><div class=\"ff-el-tooltip\" data-content=\"The completed return delivery note will be sent to this e-mail adress \u2013 please attach it to your delivery.\"><svg width=\"16\" height=\"16\" viewBox=\"0 0 25 25\"><path d=\"m329 393l0-46c0-2-1-4-2-6-2-2-4-3-7-3l-27 0 0-146c0-3-1-5-3-7-2-1-4-2-7-2l-91 0c-3 0-5 1-7 2-1 2-2 4-2 7l0 46c0 2 1 5 2 6 2 2 4 3 7 3l27 0 0 91-27 0c-3 0-5 1-7 3-1 2-2 4-2 6l0 46c0 3 1 5 2 7 2 1 4 2 7 2l128 0c3 0 5-1 7-2 1-2 2-4 2-7z m-36-256l0-46c0-2-1-4-3-6-2-2-4-3-7-3l-54 0c-3 0-5 1-7 3-2 2-3 4-3 6l0 46c0 3 1 5 3 7 2 1 4 2 7 2l54 0c3 0 5-1 7-2 2-2 3-4 3-7z m182 119c0 40-9 77-29 110-20 34-46 60-80 80-33 20-70 29-110 29-40 0-77-9-110-29-34-20-60-46-80-80-20-33-29-70-29-110 0-40 9-77 29-110 20-34 46-60 80-80 33-20 70-29 110-29 40 0 77 9 110 29 34 20 60 46 80 80 20 33 29 70 29 110z\" transform=\"scale(0.046875 0.046875)\"><\/path><\/svg><\/div><\/div><div class='ff-el-input--content'><input type=\"email\" name=\"email_1\" id=\"ff_3_email_1\" class=\"ff-el-form-control\" placeholder=\"E-mail\" data-name=\"email_1\"  aria-invalid=\"false\" aria-required=true><\/div><\/div><div class='ff-el-group'><div class=\"ff-el-input--label asterisk-right\"><label for='ff_3_vorgangsnummer_en' id='label_ff_3_vorgangsnummer_en' aria-label=\"Reference number customer\">Reference number customer<\/label><\/div><div class='ff-el-input--content'><input type=\"text\" name=\"vorgangsnummer_en\" class=\"ff-el-form-control\" placeholder=\"Reference number customer\" data-name=\"vorgangsnummer_en\" id=\"ff_3_vorgangsnummer_en\"  aria-invalid=\"false\" aria-required=false><\/div><\/div><div class='ff-el-group'><div class=\"ff-el-input--label asterisk-right\"><label for='ff_3_bestellnummer' id='label_ff_3_bestellnummer' aria-label=\"Order number customer\">Order number customer<\/label><\/div><div class='ff-el-input--content'><input type=\"text\" name=\"bestellnummer\" class=\"ff-el-form-control\" placeholder=\"Order number customer\" data-name=\"bestellnummer\" id=\"ff_3_bestellnummer\"  aria-invalid=\"false\" aria-required=false><\/div><\/div><div class='ff-el-group'><div class=\"ff-el-input--label asterisk-right\"><label for='ff_3_artikelbezeichnung' id='label_ff_3_artikelbezeichnung' aria-label=\"Article \/ designation\">Article \/ designation<\/label><\/div><div class='ff-el-input--content'><input type=\"text\" name=\"artikelbezeichnung\" class=\"ff-el-form-control\" placeholder=\"Article \/ designation\" data-name=\"artikelbezeichnung\" id=\"ff_3_artikelbezeichnung\"  aria-invalid=\"false\" aria-required=false><\/div><\/div><div class='ff-el-group'><div class=\"ff-el-input--label asterisk-right\"><label for='ff_3_komm_nr' id='label_ff_3_komm_nr' aria-label=\"Com.no AUMA Drives\">Com.no AUMA Drives<\/label><div class=\"ff-el-tooltip\" data-content=\"Please refer to the nameplate of your gear unit.\"><svg width=\"16\" height=\"16\" viewBox=\"0 0 25 25\"><path d=\"m329 393l0-46c0-2-1-4-2-6-2-2-4-3-7-3l-27 0 0-146c0-3-1-5-3-7-2-1-4-2-7-2l-91 0c-3 0-5 1-7 2-1 2-2 4-2 7l0 46c0 2 1 5 2 6 2 2 4 3 7 3l27 0 0 91-27 0c-3 0-5 1-7 3-1 2-2 4-2 6l0 46c0 3 1 5 2 7 2 1 4 2 7 2l128 0c3 0 5-1 7-2 1-2 2-4 2-7z m-36-256l0-46c0-2-1-4-3-6-2-2-4-3-7-3l-54 0c-3 0-5 1-7 3-2 2-3 4-3 6l0 46c0 3 1 5 3 7 2 1 4 2 7 2l54 0c3 0 5-1 7-2 2-2 3-4 3-7z m182 119c0 40-9 77-29 110-20 34-46 60-80 80-33 20-70 29-110 29-40 0-77-9-110-29-34-20-60-46-80-80-20-33-29-70-29-110 0-40 9-77 29-110 20-34 46-60 80-80 33-20 70-29 110-29 40 0 77 9 110 29 34 20 60 46 80 80 20 33 29 70 29 110z\" transform=\"scale(0.046875 0.046875)\"><\/path><\/svg><\/div><\/div><div class='ff-el-input--content'><input type=\"text\" name=\"komm_nr\" class=\"ff-el-form-control\" placeholder=\"Com.no AUMA Drives\" data-name=\"komm_nr\" id=\"ff_3_komm_nr\"  aria-invalid=\"false\" aria-required=false><\/div><\/div><\/div><div class='ff-t-cell ff-t-column-2' style='flex-basis: 50%;'><div class='ff-el-group'><div class=\"ff-el-input--label asterisk-right\"><label for='ff_3_anzahl_ruecksendungen' id='label_ff_3_anzahl_ruecksendungen' aria-label=\"Number of returned units\">Number of returned units<\/label><\/div><div class='ff-el-input--content'><input type=\"text\" name=\"anzahl_ruecksendungen\" class=\"ff-el-form-control\" placeholder=\"Number of returned units\" data-name=\"anzahl_ruecksendungen\" id=\"ff_3_anzahl_ruecksendungen\"  aria-invalid=\"false\" aria-required=false><\/div><\/div><div class='ff-el-group'><div class=\"ff-el-input--label ff-el-is-required asterisk-right\"><label   aria-label=\"Reason for return *\">Reason for return *<\/label><\/div><div class='ff-el-input--content'><div class='ff-el-form-check ff-el-form-check-'><label class='ff-el-form-check-label' for='grund_der_ruecksendungen_50545627fdbacdc03bfee8d020b6928e'><input  type=\"checkbox\" name=\"grund_der_ruecksendungen[]\" data-name=\"grund_der_ruecksendungen\" class=\"ff-el-form-check-input ff-el-form-check-checkbox\" value=\"warranty\"  id='grund_der_ruecksendungen_50545627fdbacdc03bfee8d020b6928e' aria-label='warranty' aria-invalid='false' aria-required=true> <span>warranty<\/span><\/label><\/div><div class='ff-el-form-check ff-el-form-check-'><label class='ff-el-form-check-label' for='grund_der_ruecksendungen_51473dc1696bee0eef9a3b3c55526ed9'><input  type=\"checkbox\" name=\"grund_der_ruecksendungen[]\" data-name=\"grund_der_ruecksendungen\" class=\"ff-el-form-check-input ff-el-form-check-checkbox\" value=\"issue cost estimate\"  id='grund_der_ruecksendungen_51473dc1696bee0eef9a3b3c55526ed9' aria-label='issue cost estimate' aria-invalid='false' aria-required=true> <span>issue cost estimate<\/span><\/label><\/div><\/div><\/div><div class='ff-el-group'><div class=\"ff-el-input--label asterisk-right\"><label for='ff_3_mitgeliefertes_kundenzubehoer' id='label_ff_3_mitgeliefertes_kundenzubehoer' aria-label=\"Enclosed customer accessories\">Enclosed customer accessories<\/label><\/div><div class='ff-el-input--content'><input type=\"text\" name=\"mitgeliefertes_kundenzubehoer\" class=\"ff-el-form-control\" placeholder=\"Enclosed customer accessories\" data-name=\"mitgeliefertes_kundenzubehoer\" id=\"ff_3_mitgeliefertes_kundenzubehoer\"  aria-invalid=\"false\" aria-required=false><\/div><\/div><div class='ff-el-group'><div class=\"ff-el-input--label ff-el-is-required asterisk-right\"><label for='ff_3_fehlerbeschreibung' id='label_ff_3_fehlerbeschreibung' aria-label=\"Fault description *\">Fault description *<\/label><\/div><div class='ff-el-input--content'><textarea aria-required=\"true\" aria-labelledby=\"label_ff_3_fehlerbeschreibung\" name=\"fehlerbeschreibung\" id=\"ff_3_fehlerbeschreibung\" class=\"ff-el-form-control\" placeholder=\"Fault description\" rows=\"4\" cols=\"2\" data-name=\"fehlerbeschreibung\" ><\/textarea><\/div><\/div><div class='ff-el-group'><div class=\"ff-el-input--label asterisk-right\"><label for='ff_3_anmerkungen' id='label_ff_3_anmerkungen' aria-label=\"Remarks\">Remarks<\/label><\/div><div class='ff-el-input--content'><textarea aria-required=\"false\" aria-labelledby=\"label_ff_3_anmerkungen\" name=\"anmerkungen\" id=\"ff_3_anmerkungen\" class=\"ff-el-form-control\" placeholder=\"Remarks\" rows=\"4\" cols=\"2\" data-name=\"anmerkungen\" ><\/textarea><\/div><\/div><div class='ff-el-group'><div class=\"ff-el-input--label asterisk-right\"><label for='ff_3_vorgangsnummer' id='label_ff_3_vorgangsnummer' aria-label=\"Reference number AUMA Drives\">Reference number AUMA Drives<\/label><\/div><div class='ff-el-input--content'><input type=\"text\" name=\"vorgangsnummer\" class=\"ff-el-form-control\" placeholder=\"Reference number AUMA Drives\" data-name=\"vorgangsnummer\" id=\"ff_3_vorgangsnummer\"  aria-invalid=\"false\" aria-required=false><\/div><\/div><\/div><\/div><div class='ff-el-group    ff-el-input--content'><div class='ff-el-form-check ff-el-tc'><label aria-label='Terms and Conditions: By using this form you agree with the storage and handling of your data by this website in accordance with our privacy policy. Contains 1 link. Use tab navigation to review.' class='ff-el-form-check-label ff_tc_label' for=gdpr-agreement_b7aee784ea2fdf6c4423fe5de075f3c6><span class='ff_tc_checkbox'><input type=\"checkbox\" name=\"gdpr-agreement\" class=\"ff-el-form-check-input ff_gdpr_field\" data-name=\"gdpr-agreement\" id=\"gdpr-agreement_b7aee784ea2fdf6c4423fe5de075f3c6\"  value='on' aria-invalid='false' aria-required=true><\/span> <div class='ff_t_c'>By using this form you agree with the storage and handling of your data by this website in accordance with our <a href=\"https:\/\/auma-drives.com\/data-privacy\/?lang=en_gb\" target=\"_blank\">privacy policy<\/a>.<\/div><\/label><\/div><\/div><div class='ff-el-group ff-text-left ff_submit_btn_wrapper'><button type=\"submit\" class=\"ff-btn ff-btn-submit ff-btn-md ff_btn_style\"  aria-label=\"submit\">submit<\/button><\/div><\/fieldset><\/form><div id='fluentform_3_errors' class='ff-errors-in-stack ff_form_instance_3_1 ff-form-loading_errors ff_form_instance_3_1_errors'><\/div><\/div>            <script type=\"text\/javascript\">\n                window.fluent_form_ff_form_instance_3_1 = {\"id\":\"3\",\"settings\":{\"layout\":{\"labelPlacement\":\"top\",\"helpMessagePlacement\":\"with_label\",\"errorMessagePlacement\":\"inline\",\"asteriskPlacement\":\"asterisk-right\"},\"id\":\"39\",\"restrictions\":{\"denyEmptySubmission\":{\"enabled\":false}}},\"form_instance\":\"ff_form_instance_3_1\",\"form_id_selector\":\"fluentform_3\",\"rules\":{\"kunde\":{\"required\":{\"value\":true,\"message\":\"Pflichtfeld \\u2013 bitte ausf\\u00fcllen.\"}},\"anschrift\":{\"required\":{\"value\":false,\"message\":\"Pflichtfeld \\u2013 bitte ausf\\u00fcllen.\"}},\"ansprechpartner\":{\"required\":{\"value\":false,\"message\":\"Pflichtfeld \\u2013 bitte ausf\\u00fcllen.\"}},\"telefon\":{\"required\":{\"value\":false,\"message\":\"Pflichtfeld \\u2013 bitte ausf\\u00fcllen.\"}},\"fax\":{\"required\":{\"value\":false,\"message\":\"Pflichtfeld \\u2013 bitte ausf\\u00fcllen.\"}},\"email_1\":{\"required\":{\"value\":true,\"message\":\"Pflichtfeld \\u2013 bitte ausf\\u00fcllen.\"},\"email\":{\"value\":true,\"message\":\"Dieses Feld muss eine g\\u00fcltige E-Mail-Adresse enthalten\"}},\"vorgangsnummer_en\":{\"required\":{\"value\":false,\"message\":\"Pflichtfeld \\u2013 bitte ausf\\u00fcllen.\"}},\"bestellnummer\":{\"required\":{\"value\":false,\"message\":\"Pflichtfeld \\u2013 bitte ausf\\u00fcllen.\"}},\"artikelbezeichnung\":{\"required\":{\"value\":false,\"message\":\"Pflichtfeld \\u2013 bitte ausf\\u00fcllen.\"}},\"komm_nr\":{\"required\":{\"value\":false,\"message\":\"Pflichtfeld \\u2013 bitte ausf\\u00fcllen.\"}},\"anzahl_ruecksendungen\":{\"required\":{\"value\":false,\"message\":\"Pflichtfeld \\u2013 bitte ausf\\u00fcllen.\"}},\"grund_der_ruecksendungen\":{\"required\":{\"value\":true,\"message\":\"Pflichtfeld \\u2013 bitte ausf\\u00fcllen.\"}},\"mitgeliefertes_kundenzubehoer\":{\"required\":{\"value\":false,\"message\":\"Pflichtfeld \\u2013 bitte ausf\\u00fcllen.\"}},\"fehlerbeschreibung\":{\"required\":{\"value\":true,\"message\":\"Pflichtfeld \\u2013 bitte ausf\\u00fcllen.\"}},\"anmerkungen\":{\"required\":{\"value\":false,\"message\":\"Pflichtfeld \\u2013 bitte ausf\\u00fcllen.\"}},\"vorgangsnummer\":{\"required\":{\"value\":false,\"message\":\"Pflichtfeld \\u2013 bitte ausf\\u00fcllen.\"}},\"gdpr-agreement\":{\"required\":{\"value\":true,\"message\":\"Pflichtfeld \\u2013 bitte ausf\\u00fcllen.\"}}},\"debounce_time\":300};\n                            <\/script>\n            [\/vc_column_text][\/vc_column][\/vc_row][\/vc_section][vc_section el_class=&#8221;hg-grau&#8221;][vc_row][vc_column][vc_column_text]<\/p>\n<h3>Return delivery note as PDF download:<\/h3>\n<p>[\/vc_column_text][vc_empty_space height=&#8221;15px&#8221;][vc_btn title=&#8221;Download return delivery note&#8221; el_class=&#8221;auma-btn-blau&#8221; link=&#8221;url:https%3A%2F%2Fauma-drives.com%2Fwp-content%2Fuploads%2F2015-10-13_AUMA-Drives_Ru%CC%88cklieferschein.pdf|&#8221;][\/vc_column][\/vc_row][\/vc_section]<\/p>\n<\/div>","protected":false},"excerpt":{"rendered":"<p>[vc_section el_class=&#8221;hg-grau&#8221;][vc_row][vc_column][vc_single_image image=&#8221;4260&#8243; img_size=&#8221;full&#8221; alignment=&#8221;center&#8221; el_class=&#8221;auma-icons&#8221;][vc_column_text el_class=&#8221;auma-max-service&#8221;] Return delivery note Gear unit\/motor [\/vc_column_text][\/vc_column][\/vc_row][\/vc_section][vc_section][vc_row][vc_column][vc_column_text][\/vc_column_text][\/vc_column][\/vc_row][\/vc_section][vc_section el_class=&#8221;hg-grau&#8221;][vc_row][vc_column][vc_column_text] Return delivery note as PDF download: [\/vc_column_text][vc_empty_space height=&#8221;15px&#8221;][vc_btn title=&#8221;Download return delivery note&#8221; el_class=&#8221;auma-btn-blau&#8221; link=&#8221;url:https%3A%2F%2Fauma-drives.com%2Fwp-content%2Fuploads%2F2015-10-13_AUMA-Drives_Ru%CC%88cklieferschein.pdf|&#8221;][\/vc_column][\/vc_row][\/vc_section]<\/p>\n","protected":false},"author":1,"featured_media":0,"parent":2105,"menu_order":0,"comment_status":"closed","ping_status":"closed","template":"","meta":{"inline_featured_image":false,"footnotes":""},"yoast_head":"<!-- This site is optimized with the Yoast SEO Premium plugin v24.5 (Yoast SEO v24.5) - https:\/\/yoast.com\/wordpress\/plugins\/seo\/ -->\n<title>Online Return Delivery Note &#8226; AUMA Drives<\/title>\n<meta name=\"robots\" content=\"index, follow, max-snippet:-1, max-image-preview:large, max-video-preview:-1\" \/>\n<link rel=\"canonical\" href=\"https:\/\/auma-drives.com\/en\/company\/online-return-delivery-note\/\" \/>\n<meta property=\"og:locale\" content=\"en_US\" \/>\n<meta property=\"og:type\" content=\"article\" \/>\n<meta property=\"og:title\" content=\"Online Return Delivery Note\" \/>\n<meta property=\"og:description\" content=\"[vc_section el_class=&#8221;hg-grau&#8221;][vc_row][vc_column][vc_single_image image=&#8221;4260&#8243; img_size=&#8221;full&#8221; alignment=&#8221;center&#8221; el_class=&#8221;auma-icons&#8221;][vc_column_text el_class=&#8221;auma-max-service&#8221;] Return delivery note Gear unit\/motor [\/vc_column_text][\/vc_column][\/vc_row][\/vc_section][vc_section][vc_row][vc_column][vc_column_text][\/vc_column_text][\/vc_column][\/vc_row][\/vc_section][vc_section el_class=&#8221;hg-grau&#8221;][vc_row][vc_column][vc_column_text] Return delivery note as PDF download: [\/vc_column_text][vc_empty_space height=&#8221;15px&#8221;][vc_btn title=&#8221;Download return delivery note&#8221; el_class=&#8221;auma-btn-blau&#8221; link=&#8221;url:https%3A%2F%2Fauma-drives.com%2Fwp-content%2Fuploads%2F2015-10-13_AUMA-Drives_Ru%CC%88cklieferschein.pdf|&#8221;][\/vc_column][\/vc_row][\/vc_section]\" \/>\n<meta property=\"og:url\" content=\"https:\/\/auma-drives.com\/en\/company\/online-return-delivery-note\/\" \/>\n<meta property=\"og:site_name\" content=\"AUMA Drives\" \/>\n<meta property=\"article:publisher\" content=\"https:\/\/de-de.facebook.com\/AUMAGroup\/\" \/>\n<meta property=\"article:modified_time\" content=\"2024-08-08T09:22:05+00:00\" \/>\n<meta name=\"twitter:card\" content=\"summary_large_image\" \/>\n<meta name=\"twitter:label1\" content=\"Est. reading time\" \/>\n\t<meta name=\"twitter:data1\" content=\"1 minute\" \/>\n<script type=\"application\/ld+json\" class=\"yoast-schema-graph\">{\"@context\":\"https:\/\/schema.org\",\"@graph\":[{\"@type\":\"WebPage\",\"@id\":\"https:\/\/auma-drives.com\/en\/company\/online-return-delivery-note\/\",\"url\":\"https:\/\/auma-drives.com\/en\/company\/online-return-delivery-note\/\",\"name\":\"Online Return Delivery Note &#8226; AUMA Drives\",\"isPartOf\":{\"@id\":\"https:\/\/auma-drives.com\/en\/#website\"},\"datePublished\":\"2021-04-13T08:57:55+00:00\",\"dateModified\":\"2024-08-08T09:22:05+00:00\",\"breadcrumb\":{\"@id\":\"https:\/\/auma-drives.com\/en\/company\/online-return-delivery-note\/#breadcrumb\"},\"inLanguage\":\"en-US\",\"potentialAction\":[{\"@type\":\"ReadAction\",\"target\":[\"https:\/\/auma-drives.com\/en\/company\/online-return-delivery-note\/\"]}]},{\"@type\":\"BreadcrumbList\",\"@id\":\"https:\/\/auma-drives.com\/en\/company\/online-return-delivery-note\/#breadcrumb\",\"itemListElement\":[{\"@type\":\"ListItem\",\"position\":1,\"name\":\"Startseite\",\"item\":\"https:\/\/auma-drives.com\/en\/\"},{\"@type\":\"ListItem\",\"position\":2,\"name\":\"Company\",\"item\":\"https:\/\/auma-drives.com\/en\/company\/\"},{\"@type\":\"ListItem\",\"position\":3,\"name\":\"Online Return Delivery Note\"}]},{\"@type\":\"WebSite\",\"@id\":\"https:\/\/auma-drives.com\/en\/#website\",\"url\":\"https:\/\/auma-drives.com\/en\/\",\"name\":\"AUMA Drives\",\"description\":\"Antriebssysteme f\u00fcr h\u00f6chste Anspr\u00fcche.\",\"publisher\":{\"@id\":\"https:\/\/auma-drives.com\/en\/#organization\"},\"potentialAction\":[{\"@type\":\"SearchAction\",\"target\":{\"@type\":\"EntryPoint\",\"urlTemplate\":\"https:\/\/auma-drives.com\/en\/?s={search_term_string}\"},\"query-input\":{\"@type\":\"PropertyValueSpecification\",\"valueRequired\":true,\"valueName\":\"search_term_string\"}}],\"inLanguage\":\"en-US\"},{\"@type\":\"Organization\",\"@id\":\"https:\/\/auma-drives.com\/en\/#organization\",\"name\":\"AUMA Drives GmbH\",\"url\":\"https:\/\/auma-drives.com\/en\/\",\"logo\":{\"@type\":\"ImageObject\",\"inLanguage\":\"en-US\",\"@id\":\"https:\/\/auma-drives.com\/en\/#\/schema\/logo\/image\/\",\"url\":\"https:\/\/auma-drives.com\/wp-content\/uploads\/auma-drives-logo.png\",\"contentUrl\":\"https:\/\/auma-drives.com\/wp-content\/uploads\/auma-drives-logo.png\",\"width\":1000,\"height\":144,\"caption\":\"AUMA Drives GmbH\"},\"image\":{\"@id\":\"https:\/\/auma-drives.com\/en\/#\/schema\/logo\/image\/\"},\"sameAs\":[\"https:\/\/de-de.facebook.com\/AUMAGroup\/\"]}]}<\/script>\n<!-- \/ Yoast SEO Premium plugin. -->","yoast_head_json":{"title":"Online Return Delivery Note &#8226; AUMA Drives","robots":{"index":"index","follow":"follow","max-snippet":"max-snippet:-1","max-image-preview":"max-image-preview:large","max-video-preview":"max-video-preview:-1"},"canonical":"https:\/\/auma-drives.com\/en\/company\/online-return-delivery-note\/","og_locale":"en_US","og_type":"article","og_title":"Online Return Delivery Note","og_description":"[vc_section el_class=&#8221;hg-grau&#8221;][vc_row][vc_column][vc_single_image image=&#8221;4260&#8243; img_size=&#8221;full&#8221; alignment=&#8221;center&#8221; el_class=&#8221;auma-icons&#8221;][vc_column_text el_class=&#8221;auma-max-service&#8221;] Return delivery note Gear unit\/motor [\/vc_column_text][\/vc_column][\/vc_row][\/vc_section][vc_section][vc_row][vc_column][vc_column_text][\/vc_column_text][\/vc_column][\/vc_row][\/vc_section][vc_section el_class=&#8221;hg-grau&#8221;][vc_row][vc_column][vc_column_text] Return delivery note as PDF download: [\/vc_column_text][vc_empty_space height=&#8221;15px&#8221;][vc_btn title=&#8221;Download return delivery note&#8221; el_class=&#8221;auma-btn-blau&#8221; link=&#8221;url:https%3A%2F%2Fauma-drives.com%2Fwp-content%2Fuploads%2F2015-10-13_AUMA-Drives_Ru%CC%88cklieferschein.pdf|&#8221;][\/vc_column][\/vc_row][\/vc_section]","og_url":"https:\/\/auma-drives.com\/en\/company\/online-return-delivery-note\/","og_site_name":"AUMA Drives","article_publisher":"https:\/\/de-de.facebook.com\/AUMAGroup\/","article_modified_time":"2024-08-08T09:22:05+00:00","twitter_card":"summary_large_image","twitter_misc":{"Est. reading time":"1 minute"},"schema":{"@context":"https:\/\/schema.org","@graph":[{"@type":"WebPage","@id":"https:\/\/auma-drives.com\/en\/company\/online-return-delivery-note\/","url":"https:\/\/auma-drives.com\/en\/company\/online-return-delivery-note\/","name":"Online Return Delivery Note &#8226; AUMA Drives","isPartOf":{"@id":"https:\/\/auma-drives.com\/en\/#website"},"datePublished":"2021-04-13T08:57:55+00:00","dateModified":"2024-08-08T09:22:05+00:00","breadcrumb":{"@id":"https:\/\/auma-drives.com\/en\/company\/online-return-delivery-note\/#breadcrumb"},"inLanguage":"en-US","potentialAction":[{"@type":"ReadAction","target":["https:\/\/auma-drives.com\/en\/company\/online-return-delivery-note\/"]}]},{"@type":"BreadcrumbList","@id":"https:\/\/auma-drives.com\/en\/company\/online-return-delivery-note\/#breadcrumb","itemListElement":[{"@type":"ListItem","position":1,"name":"Startseite","item":"https:\/\/auma-drives.com\/en\/"},{"@type":"ListItem","position":2,"name":"Company","item":"https:\/\/auma-drives.com\/en\/company\/"},{"@type":"ListItem","position":3,"name":"Online Return Delivery Note"}]},{"@type":"WebSite","@id":"https:\/\/auma-drives.com\/en\/#website","url":"https:\/\/auma-drives.com\/en\/","name":"AUMA Drives","description":"Antriebssysteme f\u00fcr h\u00f6chste Anspr\u00fcche.","publisher":{"@id":"https:\/\/auma-drives.com\/en\/#organization"},"potentialAction":[{"@type":"SearchAction","target":{"@type":"EntryPoint","urlTemplate":"https:\/\/auma-drives.com\/en\/?s={search_term_string}"},"query-input":{"@type":"PropertyValueSpecification","valueRequired":true,"valueName":"search_term_string"}}],"inLanguage":"en-US"},{"@type":"Organization","@id":"https:\/\/auma-drives.com\/en\/#organization","name":"AUMA Drives GmbH","url":"https:\/\/auma-drives.com\/en\/","logo":{"@type":"ImageObject","inLanguage":"en-US","@id":"https:\/\/auma-drives.com\/en\/#\/schema\/logo\/image\/","url":"https:\/\/auma-drives.com\/wp-content\/uploads\/auma-drives-logo.png","contentUrl":"https:\/\/auma-drives.com\/wp-content\/uploads\/auma-drives-logo.png","width":1000,"height":144,"caption":"AUMA Drives GmbH"},"image":{"@id":"https:\/\/auma-drives.com\/en\/#\/schema\/logo\/image\/"},"sameAs":["https:\/\/de-de.facebook.com\/AUMAGroup\/"]}]}},"_links":{"self":[{"href":"https:\/\/auma-drives.com\/en\/wp-json\/wp\/v2\/pages\/1941"}],"collection":[{"href":"https:\/\/auma-drives.com\/en\/wp-json\/wp\/v2\/pages"}],"about":[{"href":"https:\/\/auma-drives.com\/en\/wp-json\/wp\/v2\/types\/page"}],"author":[{"embeddable":true,"href":"https:\/\/auma-drives.com\/en\/wp-json\/wp\/v2\/users\/1"}],"replies":[{"embeddable":true,"href":"https:\/\/auma-drives.com\/en\/wp-json\/wp\/v2\/comments?post=1941"}],"version-history":[{"count":5,"href":"https:\/\/auma-drives.com\/en\/wp-json\/wp\/v2\/pages\/1941\/revisions"}],"predecessor-version":[{"id":4678,"href":"https:\/\/auma-drives.com\/en\/wp-json\/wp\/v2\/pages\/1941\/revisions\/4678"}],"up":[{"embeddable":true,"href":"https:\/\/auma-drives.com\/en\/wp-json\/wp\/v2\/pages\/2105"}],"wp:attachment":[{"href":"https:\/\/auma-drives.com\/en\/wp-json\/wp\/v2\/media?parent=1941"}],"curies":[{"name":"wp","href":"https:\/\/api.w.org\/{rel}","templated":true}]}}