{"id":1945,"date":"2021-04-13T10:57:55","date_gmt":"2021-04-13T08:57:55","guid":{"rendered":"https:\/\/auma-drives.com\/downloads\/"},"modified":"2026-02-05T14:57:26","modified_gmt":"2026-02-05T13:57:26","slug":"downloads","status":"publish","type":"page","link":"https:\/\/auma-drives.com\/en\/company\/downloads\/","title":{"rendered":"Downloads"},"content":{"rendered":"<div class=\"wpb-content-wrapper\"><p>[vc_section el_class=&#8221;hg-grau&#8221;][vc_row][vc_column][vc_single_image image=&#8221;4431&#8243; img_size=&#8221;full&#8221; alignment=&#8221;center&#8221; el_class=&#8221;auma-icons&#8221;][vc_column_text]<\/p>\n<h1 style=\"text-align: center;\">Downloads<\/h1>\n<p>[\/vc_column_text][\/vc_column][\/vc_row][\/vc_section][vc_section][vc_row][vc_column width=&#8221;1\/6&#8243;][\/vc_column][vc_column width=&#8221;2\/3&#8243;][vc_tta_accordion][vc_tta_section title=&#8221;Operation instructions&#8221; tab_id=&#8221;1605084229209-50f86f71-4b3a&#8221;][vc_column_text css=&#8221;&#8221; el_class=&#8221;pdf-download&#8221;]<a href=\"https:\/\/auma-drives.com\/wp-content\/uploads\/Operation-instruction-worm-gear-units-sizes-S40.1-S450.1.pdf\">Operation instructions worm gear units sizes S40.1 until S450.1<\/a>[\/vc_column_text][vc_column_text css=&#8221;&#8221; el_class=&#8221;pdf-download&#8221;]<a href=\"https:\/\/auma-drives.com\/wp-content\/uploads\/Operation_instructions_Escalator_gear_units_sizes_FTSST_158_180_212_260_EN.pdf\" target=\"_blank\" rel=\"noopener\">Operation instruction escalator gear units sizes FTSST 158_180_212_260<br \/>\n(EN Y050.081)<\/a>[\/vc_column_text][vc_column_text css=&#8221;&#8221; el_class=&#8221;pdf-download&#8221;]<a href=\"https:\/\/auma-drives.com\/wp-content\/uploads\/Operation_instructions_Escalator_gear_units_sizes_FTSST_158_180_212_260_ZH.pdf\" target=\"_blank\" rel=\"noopener\">Operation instruction escalator gear units sizes FTSST 158_180_212_260 (ZN Y050.084)<\/a>[\/vc_column_text][vc_column_text el_class=&#8221;pdf-download&#8221;]<a href=\"https:\/\/auma-drives.com\/wp-content\/uploads\/Y050.077_BA_FTS_125_160_180_EN_AUMA.pdf\">Operation instruction escalator gear units sizes FTS 125.1_160.1_180.1<\/a>[\/vc_column_text][vc_column_text el_class=&#8221;pdf-download&#8221;]<a href=\"https:\/\/auma-drives.com\/wp-content\/uploads\/Y050-142_BA_FTHST_156_168_182_EN_AUMA_09_2021.pdf\" target=\"_blank\" rel=\"noopener\">Operating Instructions Hymax FTHST.1 (EN Y050.142)<\/a>[\/vc_column_text][vc_column_text el_class=&#8221;pdf-download&#8221;]<a href=\"https:\/\/auma-drives.com\/wp-content\/uploads\/Operating_Instructions_HYMAX_FHTST-1_ZN_Y050-143.pdf\" target=\"_blank\" rel=\"noopener\">Operating Instructions Hymax FTHST.1 (ZN Y050.143)<\/a>[\/vc_column_text][\/vc_tta_section][vc_tta_section title=&#8221;Catalogues&#8221; tab_id=&#8221;1605084229227-491896b7-2de7&#8243;][vc_column_text el_class=&#8221;pdf-download&#8221;]<a href=\"https:\/\/auma-drives.com\/wp-content\/uploads\/2015_AUMA_Drives-Product_Catalogue_en.pdf\" target=\"_blank\" rel=\"noopener noreferrer\">Product catalogue (97 mb)<\/a>[\/vc_column_text][vc_column_text el_class=&#8221;pdf-download&#8221;]<a href=\"https:\/\/auma-drives.com\/wp-content\/uploads\/Broschuere_CSP_EN.pdf\" target=\"_blank\" rel=\"noopener\">Precision gear units for heliostats and pv trackers<\/a>[\/vc_column_text][vc_column_text css=&#8221;&#8221; el_class=&#8221;pdf-download&#8221;]<a href=\"https:\/\/auma-drives.com\/wp-content\/uploads\/PART-TURN-GEAR-UNITS-FOR-SINGLE-AXIS-PV-TRACKING-SYSTEMS-EN.pdf\" target=\"_blank\" rel=\"noopener noreferrer\">PART-TURN GEAR UNITS FOR SINGLE-AXIS PV TRACKING SYSTEMS<\/a>[\/vc_column_text][vc_column_text css=&#8221;&#8221; el_class=&#8221;pdf-download&#8221;]<a href=\"https:\/\/auma-drives.com\/wp-content\/uploads\/PART-TURN-GEAR-UNITS-FOR-SINGLE-AXIS-PV-TRACKING-SYSTEMS-ZH.pdf\" target=\"_blank\" rel=\"noopener noreferrer\">PART-TURN GEAR UNITS FOR SINGLE-AXIS PV TRACKING SYSTEMS &#8211; ZH<\/a>[\/vc_column_text][\/vc_tta_section][vc_tta_section title=&#8221;Application Data Sheet&#8221; tab_id=&#8221;1718886698983-5a6d2afa-1cab&#8221;][vc_column_text css=&#8221;&#8221; el_class=&#8221;pdf-download&#8221;]<a href=\"https:\/\/auma-drives.com\/wp-content\/uploads\/AUMA2024-009_Questionaire_SlewingDrives_RZ_WEB_V2.pdf\" target=\"_blank\" rel=\"noopener\">pdf.: Application Data Sheet Slewing Drives<\/a>[\/vc_column_text][\/vc_tta_section][vc_tta_section title=&#8221;Terms of business&#8221; tab_id=&#8221;1605084538244-f170c0fc-e59d&#8221;][vc_column_text el_class=&#8221;pdf-download&#8221;]<a href=\"https:\/\/auma-drives.com\/wp-content\/uploads\/General-Terms-and-Conditions-of-Purchase-of-the-AUMA-Group.pdf\" target=\"_blank\" rel=\"noopener\">General Terms and Conditions of Purchase<\/a>[\/vc_column_text][vc_column_text el_class=&#8221;pdf-download&#8221;]<a href=\"https:\/\/auma-drives.com\/wp-content\/uploads\/General-Terms-and-Conditions-of-Delivery-relating-to-international-business-transactions.pdf\" target=\"_blank\" rel=\"noopener\">General Terms of Delivery relating to international business transactions<\/a>[\/vc_column_text][\/vc_tta_section][vc_tta_section title=&#8221;Certificates&#8221; tab_id=&#8221;1605084582406-9ce4876e-2f66&#8243;][vc_column_text css=&#8221;&#8221; el_class=&#8221;pdf-download&#8221;]<a href=\"https:\/\/auma-drives.com\/wp-content\/uploads\/ISO-9001-14001-50001-45001-Quality-Environmental-Energy-Occupational-Health-and-Safety-Management-System_AUMA-Drives-DE-EN-FR-RU.pdf\" target=\"_blank\" rel=\"noopener noreferrer\">ISO 9001\/14001\/50001\/45001 Quality environmental energy occupational health and safety management system<\/a>[\/vc_column_text][\/vc_tta_section][\/vc_tta_accordion][\/vc_column][vc_column width=&#8221;1\/6&#8243;][\/vc_column][\/vc_row][\/vc_section]<\/p>\n<\/div>","protected":false},"excerpt":{"rendered":"<p>[vc_section el_class=&#8221;hg-grau&#8221;][vc_row][vc_column][vc_single_image image=&#8221;4431&#8243; img_size=&#8221;full&#8221; alignment=&#8221;center&#8221; el_class=&#8221;auma-icons&#8221;][vc_column_text] Downloads [\/vc_column_text][\/vc_column][\/vc_row][\/vc_section][vc_section][vc_row][vc_column width=&#8221;1\/6&#8243;][\/vc_column][vc_column width=&#8221;2\/3&#8243;][vc_tta_accordion][vc_tta_section title=&#8221;Operation instructions&#8221; tab_id=&#8221;1605084229209-50f86f71-4b3a&#8221;][vc_column_text css=&#8221;&#8221; el_class=&#8221;pdf-download&#8221;]Operation instructions worm gear units sizes S40.1 until S450.1[\/vc_column_text][vc_column_text css=&#8221;&#8221; el_class=&#8221;pdf-download&#8221;]Operation instruction escalator gear units sizes FTSST 158_180_212_260 (EN Y050.081)[\/vc_column_text][vc_column_text css=&#8221;&#8221; el_class=&#8221;pdf-download&#8221;]Operation instruction escalator gear units sizes FTSST 158_180_212_260 (ZN Y050.084)[\/vc_column_text][vc_column_text el_class=&#8221;pdf-download&#8221;]Operation instruction escalator gear units sizes FTS 125.1_160.1_180.1[\/vc_column_text][vc_column_text el_class=&#8221;pdf-download&#8221;]Operating Instructions [&hellip;]<\/p>\n","protected":false},"author":1,"featured_media":0,"parent":2105,"menu_order":0,"comment_status":"closed","ping_status":"closed","template":"","meta":{"inline_featured_image":false,"footnotes":""},"yoast_head":"<!-- This site is optimized with the Yoast SEO Premium plugin v24.5 (Yoast SEO v24.5) - https:\/\/yoast.com\/wordpress\/plugins\/seo\/ -->\n<title>Downloads &#8226; AUMA Drives<\/title>\n<meta name=\"robots\" content=\"index, follow, max-snippet:-1, max-image-preview:large, max-video-preview:-1\" \/>\n<link rel=\"canonical\" href=\"https:\/\/auma-drives.com\/en\/company\/downloads\/\" \/>\n<meta property=\"og:locale\" content=\"en_US\" \/>\n<meta property=\"og:type\" content=\"article\" \/>\n<meta property=\"og:title\" content=\"Downloads\" \/>\n<meta property=\"og:description\" content=\"[vc_section el_class=&#8221;hg-grau&#8221;][vc_row][vc_column][vc_single_image image=&#8221;4431&#8243; img_size=&#8221;full&#8221; alignment=&#8221;center&#8221; el_class=&#8221;auma-icons&#8221;][vc_column_text] Downloads [\/vc_column_text][\/vc_column][\/vc_row][\/vc_section][vc_section][vc_row][vc_column width=&#8221;1\/6&#8243;][\/vc_column][vc_column width=&#8221;2\/3&#8243;][vc_tta_accordion][vc_tta_section title=&#8221;Operation instructions&#8221; tab_id=&#8221;1605084229209-50f86f71-4b3a&#8221;][vc_column_text css=&#8221;&#8221; el_class=&#8221;pdf-download&#8221;]Operation instructions worm gear units sizes S40.1 until S450.1[\/vc_column_text][vc_column_text css=&#8221;&#8221; el_class=&#8221;pdf-download&#8221;]Operation instruction escalator gear units sizes FTSST 158_180_212_260 (EN Y050.081)[\/vc_column_text][vc_column_text css=&#8221;&#8221; el_class=&#8221;pdf-download&#8221;]Operation instruction escalator gear units sizes FTSST 158_180_212_260 (ZN Y050.084)[\/vc_column_text][vc_column_text el_class=&#8221;pdf-download&#8221;]Operation instruction escalator gear units sizes FTS 125.1_160.1_180.1[\/vc_column_text][vc_column_text el_class=&#8221;pdf-download&#8221;]Operating Instructions [&hellip;]\" \/>\n<meta property=\"og:url\" content=\"https:\/\/auma-drives.com\/en\/company\/downloads\/\" \/>\n<meta property=\"og:site_name\" content=\"AUMA Drives\" \/>\n<meta property=\"article:publisher\" content=\"https:\/\/de-de.facebook.com\/AUMAGroup\/\" \/>\n<meta property=\"article:modified_time\" content=\"2026-02-05T13:57:26+00:00\" \/>\n<meta name=\"twitter:card\" content=\"summary_large_image\" \/>\n<meta name=\"twitter:label1\" content=\"Est. reading time\" \/>\n\t<meta name=\"twitter:data1\" content=\"1 minute\" \/>\n<script type=\"application\/ld+json\" class=\"yoast-schema-graph\">{\"@context\":\"https:\/\/schema.org\",\"@graph\":[{\"@type\":\"WebPage\",\"@id\":\"https:\/\/auma-drives.com\/en\/company\/downloads\/\",\"url\":\"https:\/\/auma-drives.com\/en\/company\/downloads\/\",\"name\":\"Downloads &#8226; AUMA Drives\",\"isPartOf\":{\"@id\":\"https:\/\/auma-drives.com\/en\/#website\"},\"datePublished\":\"2021-04-13T08:57:55+00:00\",\"dateModified\":\"2026-02-05T13:57:26+00:00\",\"breadcrumb\":{\"@id\":\"https:\/\/auma-drives.com\/en\/company\/downloads\/#breadcrumb\"},\"inLanguage\":\"en-US\",\"potentialAction\":[{\"@type\":\"ReadAction\",\"target\":[\"https:\/\/auma-drives.com\/en\/company\/downloads\/\"]}]},{\"@type\":\"BreadcrumbList\",\"@id\":\"https:\/\/auma-drives.com\/en\/company\/downloads\/#breadcrumb\",\"itemListElement\":[{\"@type\":\"ListItem\",\"position\":1,\"name\":\"Startseite\",\"item\":\"https:\/\/auma-drives.com\/en\/\"},{\"@type\":\"ListItem\",\"position\":2,\"name\":\"Company\",\"item\":\"https:\/\/auma-drives.com\/en\/company\/\"},{\"@type\":\"ListItem\",\"position\":3,\"name\":\"Downloads\"}]},{\"@type\":\"WebSite\",\"@id\":\"https:\/\/auma-drives.com\/en\/#website\",\"url\":\"https:\/\/auma-drives.com\/en\/\",\"name\":\"AUMA Drives\",\"description\":\"Antriebssysteme f\u00fcr h\u00f6chste Anspr\u00fcche.\",\"publisher\":{\"@id\":\"https:\/\/auma-drives.com\/en\/#organization\"},\"potentialAction\":[{\"@type\":\"SearchAction\",\"target\":{\"@type\":\"EntryPoint\",\"urlTemplate\":\"https:\/\/auma-drives.com\/en\/?s={search_term_string}\"},\"query-input\":{\"@type\":\"PropertyValueSpecification\",\"valueRequired\":true,\"valueName\":\"search_term_string\"}}],\"inLanguage\":\"en-US\"},{\"@type\":\"Organization\",\"@id\":\"https:\/\/auma-drives.com\/en\/#organization\",\"name\":\"AUMA Drives GmbH\",\"url\":\"https:\/\/auma-drives.com\/en\/\",\"logo\":{\"@type\":\"ImageObject\",\"inLanguage\":\"en-US\",\"@id\":\"https:\/\/auma-drives.com\/en\/#\/schema\/logo\/image\/\",\"url\":\"https:\/\/auma-drives.com\/wp-content\/uploads\/auma-drives-logo.png\",\"contentUrl\":\"https:\/\/auma-drives.com\/wp-content\/uploads\/auma-drives-logo.png\",\"width\":1000,\"height\":144,\"caption\":\"AUMA Drives GmbH\"},\"image\":{\"@id\":\"https:\/\/auma-drives.com\/en\/#\/schema\/logo\/image\/\"},\"sameAs\":[\"https:\/\/de-de.facebook.com\/AUMAGroup\/\"]}]}<\/script>\n<!-- \/ Yoast SEO Premium plugin. -->","yoast_head_json":{"title":"Downloads &#8226; AUMA Drives","robots":{"index":"index","follow":"follow","max-snippet":"max-snippet:-1","max-image-preview":"max-image-preview:large","max-video-preview":"max-video-preview:-1"},"canonical":"https:\/\/auma-drives.com\/en\/company\/downloads\/","og_locale":"en_US","og_type":"article","og_title":"Downloads","og_description":"[vc_section el_class=&#8221;hg-grau&#8221;][vc_row][vc_column][vc_single_image image=&#8221;4431&#8243; img_size=&#8221;full&#8221; alignment=&#8221;center&#8221; el_class=&#8221;auma-icons&#8221;][vc_column_text] Downloads [\/vc_column_text][\/vc_column][\/vc_row][\/vc_section][vc_section][vc_row][vc_column width=&#8221;1\/6&#8243;][\/vc_column][vc_column width=&#8221;2\/3&#8243;][vc_tta_accordion][vc_tta_section title=&#8221;Operation instructions&#8221; tab_id=&#8221;1605084229209-50f86f71-4b3a&#8221;][vc_column_text css=&#8221;&#8221; el_class=&#8221;pdf-download&#8221;]Operation instructions worm gear units sizes S40.1 until S450.1[\/vc_column_text][vc_column_text css=&#8221;&#8221; el_class=&#8221;pdf-download&#8221;]Operation instruction escalator gear units sizes FTSST 158_180_212_260 (EN Y050.081)[\/vc_column_text][vc_column_text css=&#8221;&#8221; el_class=&#8221;pdf-download&#8221;]Operation instruction escalator gear units sizes FTSST 158_180_212_260 (ZN Y050.084)[\/vc_column_text][vc_column_text el_class=&#8221;pdf-download&#8221;]Operation instruction escalator gear units sizes FTS 125.1_160.1_180.1[\/vc_column_text][vc_column_text el_class=&#8221;pdf-download&#8221;]Operating Instructions [&hellip;]","og_url":"https:\/\/auma-drives.com\/en\/company\/downloads\/","og_site_name":"AUMA Drives","article_publisher":"https:\/\/de-de.facebook.com\/AUMAGroup\/","article_modified_time":"2026-02-05T13:57:26+00:00","twitter_card":"summary_large_image","twitter_misc":{"Est. reading time":"1 minute"},"schema":{"@context":"https:\/\/schema.org","@graph":[{"@type":"WebPage","@id":"https:\/\/auma-drives.com\/en\/company\/downloads\/","url":"https:\/\/auma-drives.com\/en\/company\/downloads\/","name":"Downloads &#8226; AUMA Drives","isPartOf":{"@id":"https:\/\/auma-drives.com\/en\/#website"},"datePublished":"2021-04-13T08:57:55+00:00","dateModified":"2026-02-05T13:57:26+00:00","breadcrumb":{"@id":"https:\/\/auma-drives.com\/en\/company\/downloads\/#breadcrumb"},"inLanguage":"en-US","potentialAction":[{"@type":"ReadAction","target":["https:\/\/auma-drives.com\/en\/company\/downloads\/"]}]},{"@type":"BreadcrumbList","@id":"https:\/\/auma-drives.com\/en\/company\/downloads\/#breadcrumb","itemListElement":[{"@type":"ListItem","position":1,"name":"Startseite","item":"https:\/\/auma-drives.com\/en\/"},{"@type":"ListItem","position":2,"name":"Company","item":"https:\/\/auma-drives.com\/en\/company\/"},{"@type":"ListItem","position":3,"name":"Downloads"}]},{"@type":"WebSite","@id":"https:\/\/auma-drives.com\/en\/#website","url":"https:\/\/auma-drives.com\/en\/","name":"AUMA Drives","description":"Antriebssysteme f\u00fcr h\u00f6chste Anspr\u00fcche.","publisher":{"@id":"https:\/\/auma-drives.com\/en\/#organization"},"potentialAction":[{"@type":"SearchAction","target":{"@type":"EntryPoint","urlTemplate":"https:\/\/auma-drives.com\/en\/?s={search_term_string}"},"query-input":{"@type":"PropertyValueSpecification","valueRequired":true,"valueName":"search_term_string"}}],"inLanguage":"en-US"},{"@type":"Organization","@id":"https:\/\/auma-drives.com\/en\/#organization","name":"AUMA Drives GmbH","url":"https:\/\/auma-drives.com\/en\/","logo":{"@type":"ImageObject","inLanguage":"en-US","@id":"https:\/\/auma-drives.com\/en\/#\/schema\/logo\/image\/","url":"https:\/\/auma-drives.com\/wp-content\/uploads\/auma-drives-logo.png","contentUrl":"https:\/\/auma-drives.com\/wp-content\/uploads\/auma-drives-logo.png","width":1000,"height":144,"caption":"AUMA Drives GmbH"},"image":{"@id":"https:\/\/auma-drives.com\/en\/#\/schema\/logo\/image\/"},"sameAs":["https:\/\/de-de.facebook.com\/AUMAGroup\/"]}]}},"_links":{"self":[{"href":"https:\/\/auma-drives.com\/en\/wp-json\/wp\/v2\/pages\/1945"}],"collection":[{"href":"https:\/\/auma-drives.com\/en\/wp-json\/wp\/v2\/pages"}],"about":[{"href":"https:\/\/auma-drives.com\/en\/wp-json\/wp\/v2\/types\/page"}],"author":[{"embeddable":true,"href":"https:\/\/auma-drives.com\/en\/wp-json\/wp\/v2\/users\/1"}],"replies":[{"embeddable":true,"href":"https:\/\/auma-drives.com\/en\/wp-json\/wp\/v2\/comments?post=1945"}],"version-history":[{"count":45,"href":"https:\/\/auma-drives.com\/en\/wp-json\/wp\/v2\/pages\/1945\/revisions"}],"predecessor-version":[{"id":5206,"href":"https:\/\/auma-drives.com\/en\/wp-json\/wp\/v2\/pages\/1945\/revisions\/5206"}],"up":[{"embeddable":true,"href":"https:\/\/auma-drives.com\/en\/wp-json\/wp\/v2\/pages\/2105"}],"wp:attachment":[{"href":"https:\/\/auma-drives.com\/en\/wp-json\/wp\/v2\/media?parent=1945"}],"curies":[{"name":"wp","href":"https:\/\/api.w.org\/{rel}","templated":true}]}}