{"id":1953,"date":"2021-04-13T10:57:57","date_gmt":"2021-04-13T08:57:57","guid":{"rendered":"https:\/\/auma-drives.com\/combine-harvesters\/"},"modified":"2025-01-09T15:28:33","modified_gmt":"2025-01-09T14:28:33","slug":"agricultural-gearboxes","status":"publish","type":"page","link":"https:\/\/auma-drives.com\/en\/custom-gearbox-solutions\/agricultural-gearboxes\/","title":{"rendered":"Agricultural Gearboxes"},"content":{"rendered":"<div class=\"wpb-content-wrapper\"><p>[vc_section el_class=&#8221;hg-grau&#8221;][vc_row][vc_column][vc_column_text css=&#8221;&#8221; el_class=&#8221;max-800px&#8221;]<\/p>\n<h1 style=\"text-align: center;\"><strong>Agricultural Gearbox Solutions for Combine Harvesters<\/strong><\/h1>\n<p style=\"text-align: center;\">The perfect interplay makes harvesting machines like combine harvesters or maize headers fascinating machines. This is where AUMA Drives gear units come into play. The adjustable spout of the combine harvester is driven by a worm helical gear unit designed as slewing gear unit. A three-stage gear unit always provides the suitable transmission ratio for the complex technology.<\/p>\n<p>[\/vc_column_text][\/vc_column][\/vc_row][\/vc_section][vc_row][vc_column][vc_single_image image=&#8221;5001&#8243; img_size=&#8221;full&#8221; css=&#8221;&#8221; el_class=&#8221;reset&#8221;][\/vc_column][\/vc_row][vc_section][vc_row][vc_column width=&#8221;1\/2&#8243;]<div class=\"bb-ultimate-carousel\"><div class='bb-ultimate-carousel-slider   anwendungen-carousel' data-settings={&quot;responsive&quot;:[]} ><div class='bb-ultimate-carousel-slide   '>[vc_single_image image=&#8221;1416&#8243; img_size=&#8221;full&#8221; el_class=&#8221;reset&#8221;][vc_column_text el_class=&#8221;bildtext-simpel&#8221;]Integral overload slip clutch[\/vc_column_text]<\/div><\/div><\/div>[\/vc_column][vc_column width=&#8221;1\/2&#8243;][vc_column_text css=&#8221;&#8221; el_class=&#8221;produkt-separator produkt-separator-circle&#8221;]A <a href=\"https:\/\/auma-drives.com\/en\/industrial-gearboxes\/slewing-gearboxes\/\">slewing gear unit<\/a> is at the heart of the system. The sprout pipe is guided through the opening in the worm wheel, a closed housing protects both splines and bearings. Furthermore, the gear unit can be upgraded with a primary stage gear and motor to a complete drive system as an option.<\/p>\n<p>The integral overload slip clutch serves as important safety feature. Since threshed corn is often transported via sprouts into lorries accompanying the harvesting process. In case of collision, the clutch provision sufficient protection so that the mechanics of the sprout remains intact.[\/vc_column_text][vc_column_text el_class=&#8221;fun-fact&#8221;]Enclosed drive system which, in contrast to open sprockets, is resistant to pollution and does not require maintenance, i.e. re-greasing[\/vc_column_text][vc_column_text el_class=&#8221;fun-fact&#8221;]Self-locking helical worm gear unit SOG305 with integral rotation limitation and integral slip clutch[\/vc_column_text][vc_column_text el_class=&#8221;fun-fact&#8221;]Prepared for mounting a position sensor, rotary encoder\/encoder[\/vc_column_text][vc_column_text el_class=&#8221;fun-fact&#8221;]Total transmission ratio i=346.6[\/vc_column_text][vc_column_text el_class=&#8221;fun-fact&#8221;]Output torque 6,000 Nm + holding torque 11,000 Nm[\/vc_column_text][\/vc_column][\/vc_row][vc_row][vc_column width=&#8221;1\/2&#8243;]<div class=\"bb-ultimate-carousel\"><div class='bb-ultimate-carousel-slider   anwendungen-carousel' data-settings={&quot;responsive&quot;:[]} ><div class='bb-ultimate-carousel-slide   '>[vc_single_image image=&#8221;1233&#8243; img_size=&#8221;full&#8221; el_class=&#8221;reset&#8221;]<\/div><div class='bb-ultimate-carousel-slide   '>[vc_single_image image=&#8221;1074&#8243; img_size=&#8221;full&#8221; el_class=&#8221;reset&#8221;]<\/div><\/div><\/div>[vc_column_text el_class=&#8221;bildtext-simpel&#8221;]Three-stage helical gear unit[\/vc_column_text][\/vc_column][vc_column width=&#8221;1\/2&#8243;][vc_column_text]The three-stage helical gear units by AUMA Drives convince due to their robust and long-lasting design in premium production quality whenever high efficiency is required.[\/vc_column_text][vc_column_text el_class=&#8221;fun-fact&#8221;]3 transmission ratios between i=28.2 and i=41.5[\/vc_column_text][vc_column_text el_class=&#8221;fun-fact&#8221;]Optimised efficiency for continuous application and high speeds[\/vc_column_text][vc_column_text el_class=&#8221;fun-fact&#8221;]Extremely lean design[\/vc_column_text][\/vc_column][\/vc_row][\/vc_section][vc_section][vc_row][vc_column][vc_separator][vc_column_text]<\/p>\n<h2>Helical gear units for industrial applications<\/h2>\n<p>For applications with parallel input and output shafts, helical gear units are the first choice if maximum efficiencies are decisive. Whether equipped with single or multiple stage, straight cut or helical gearing \u2013 AUMA Drives will identify the optimum gear unit solutions for any requirement. High precision in manufacture of gearings and housings ensure the maximum performance over the entire service life.[\/vc_column_text][\/vc_column][\/vc_row][\/vc_section][vc_section el_class=&#8221;hg-grau&#8221;][vc_row][vc_column width=&#8221;1\/2&#8243;][vc_btn title=&#8221;Graders&#8221; align=&#8221;center&#8221; css=&#8221;&#8221; link=&#8221;url:https%3A%2F%2Fauma-drives.com%2Fen%2Fcustom-gearbox-solutions%2Fheavy-duty-screw-jacks%2F|title:Graders&#8221; el_class=&#8221;auma-btn-blau btn-nach-links btn-rot&#8221;][\/vc_column][vc_column width=&#8221;1\/2&#8243;][vc_btn title=&#8221;Solar thermal power plants&#8221; align=&#8221;center&#8221; css=&#8221;&#8221; link=&#8221;url:https%3A%2F%2Fauma-drives.com%2Fen%2Fcustom-gearbox-solutions%2Fdual-axis-solar-trackers%2F|title:Solar%20thermal%20power%20plants&#8221; el_class=&#8221;auma-btn-blau btn-rot&#8221;][\/vc_column][\/vc_row][\/vc_section]<\/p>\n<\/div>","protected":false},"excerpt":{"rendered":"<p>[vc_section el_class=&#8221;hg-grau&#8221;][vc_row][vc_column][vc_column_text css=&#8221;&#8221; el_class=&#8221;max-800px&#8221;] Agricultural Gearbox Solutions for Combine Harvesters The perfect interplay makes harvesting machines like combine harvesters or maize headers fascinating machines. This is where AUMA Drives gear units come into play. The adjustable spout of the combine harvester is driven by a worm helical gear unit designed as slewing gear unit. A [&hellip;]<\/p>\n","protected":false},"author":1,"featured_media":4912,"parent":2108,"menu_order":0,"comment_status":"closed","ping_status":"closed","template":"","meta":{"inline_featured_image":false,"footnotes":""},"yoast_head":"<!-- This site is optimized with the Yoast SEO Premium plugin v24.5 (Yoast SEO v24.5) - https:\/\/yoast.com\/wordpress\/plugins\/seo\/ -->\n<title>Agricultural Gearbox Solutions &#8226; AUMA Drives<\/title>\n<meta name=\"description\" content=\"Reliable agricultural gearboxes \u2713 High-performance helical gearboxes \u2713 Designed for durability \u27a4 Explore our gearbox solutions for combine harvesters!\" \/>\n<meta name=\"robots\" content=\"index, follow, max-snippet:-1, max-image-preview:large, max-video-preview:-1\" \/>\n<link rel=\"canonical\" href=\"https:\/\/auma-drives.com\/en\/custom-gearbox-solutions\/agricultural-gearboxes\/\" \/>\n<meta property=\"og:locale\" content=\"en_US\" \/>\n<meta property=\"og:type\" content=\"article\" \/>\n<meta property=\"og:title\" content=\"Agricultural Gearboxes\" \/>\n<meta property=\"og:description\" content=\"Reliable agricultural gearboxes \u2713 High-performance helical gearboxes \u2713 Designed for durability \u27a4 Explore our gearbox solutions for combine harvesters!\" \/>\n<meta property=\"og:url\" content=\"https:\/\/auma-drives.com\/en\/custom-gearbox-solutions\/agricultural-gearboxes\/\" \/>\n<meta property=\"og:site_name\" content=\"AUMA Drives\" \/>\n<meta property=\"article:publisher\" content=\"https:\/\/de-de.facebook.com\/AUMAGroup\/\" \/>\n<meta property=\"article:modified_time\" content=\"2025-01-09T14:28:33+00:00\" \/>\n<meta property=\"og:image\" content=\"https:\/\/auma-drives.com\/wp-content\/uploads\/AUMA_Header_Erntemaschine_RZ_1920px.jpg\" \/>\n\t<meta property=\"og:image:width\" content=\"1920\" \/>\n\t<meta property=\"og:image:height\" content=\"1126\" \/>\n\t<meta property=\"og:image:type\" content=\"image\/jpeg\" \/>\n<meta name=\"twitter:card\" content=\"summary_large_image\" \/>\n<meta name=\"twitter:label1\" content=\"Est. reading time\" \/>\n\t<meta name=\"twitter:data1\" content=\"4 minutes\" \/>\n<script type=\"application\/ld+json\" class=\"yoast-schema-graph\">{\"@context\":\"https:\/\/schema.org\",\"@graph\":[{\"@type\":\"WebPage\",\"@id\":\"https:\/\/auma-drives.com\/en\/custom-gearbox-solutions\/agricultural-gearboxes\/\",\"url\":\"https:\/\/auma-drives.com\/en\/custom-gearbox-solutions\/agricultural-gearboxes\/\",\"name\":\"Agricultural Gearbox Solutions &#8226; AUMA Drives\",\"isPartOf\":{\"@id\":\"https:\/\/auma-drives.com\/en\/#website\"},\"primaryImageOfPage\":{\"@id\":\"https:\/\/auma-drives.com\/en\/custom-gearbox-solutions\/agricultural-gearboxes\/#primaryimage\"},\"image\":{\"@id\":\"https:\/\/auma-drives.com\/en\/custom-gearbox-solutions\/agricultural-gearboxes\/#primaryimage\"},\"thumbnailUrl\":\"https:\/\/auma-drives.com\/wp-content\/uploads\/AUMA_Header_Erntemaschine_RZ_1920px.jpg\",\"datePublished\":\"2021-04-13T08:57:57+00:00\",\"dateModified\":\"2025-01-09T14:28:33+00:00\",\"description\":\"Reliable agricultural gearboxes \u2713 High-performance helical gearboxes \u2713 Designed for durability \u27a4 Explore our gearbox solutions for combine harvesters!\",\"breadcrumb\":{\"@id\":\"https:\/\/auma-drives.com\/en\/custom-gearbox-solutions\/agricultural-gearboxes\/#breadcrumb\"},\"inLanguage\":\"en-US\",\"potentialAction\":[{\"@type\":\"ReadAction\",\"target\":[\"https:\/\/auma-drives.com\/en\/custom-gearbox-solutions\/agricultural-gearboxes\/\"]}]},{\"@type\":\"ImageObject\",\"inLanguage\":\"en-US\",\"@id\":\"https:\/\/auma-drives.com\/en\/custom-gearbox-solutions\/agricultural-gearboxes\/#primaryimage\",\"url\":\"https:\/\/auma-drives.com\/wp-content\/uploads\/AUMA_Header_Erntemaschine_RZ_1920px.jpg\",\"contentUrl\":\"https:\/\/auma-drives.com\/wp-content\/uploads\/AUMA_Header_Erntemaschine_RZ_1920px.jpg\",\"width\":1920,\"height\":1126},{\"@type\":\"BreadcrumbList\",\"@id\":\"https:\/\/auma-drives.com\/en\/custom-gearbox-solutions\/agricultural-gearboxes\/#breadcrumb\",\"itemListElement\":[{\"@type\":\"ListItem\",\"position\":1,\"name\":\"Startseite\",\"item\":\"https:\/\/auma-drives.com\/en\/\"},{\"@type\":\"ListItem\",\"position\":2,\"name\":\"Custom Gearbox Solutions\",\"item\":\"https:\/\/auma-drives.com\/en\/custom-gearbox-solutions\/\"},{\"@type\":\"ListItem\",\"position\":3,\"name\":\"Agricultural Gearboxes\"}]},{\"@type\":\"WebSite\",\"@id\":\"https:\/\/auma-drives.com\/en\/#website\",\"url\":\"https:\/\/auma-drives.com\/en\/\",\"name\":\"AUMA Drives\",\"description\":\"Antriebssysteme f\u00fcr h\u00f6chste Anspr\u00fcche.\",\"publisher\":{\"@id\":\"https:\/\/auma-drives.com\/en\/#organization\"},\"potentialAction\":[{\"@type\":\"SearchAction\",\"target\":{\"@type\":\"EntryPoint\",\"urlTemplate\":\"https:\/\/auma-drives.com\/en\/?s={search_term_string}\"},\"query-input\":{\"@type\":\"PropertyValueSpecification\",\"valueRequired\":true,\"valueName\":\"search_term_string\"}}],\"inLanguage\":\"en-US\"},{\"@type\":\"Organization\",\"@id\":\"https:\/\/auma-drives.com\/en\/#organization\",\"name\":\"AUMA Drives GmbH\",\"url\":\"https:\/\/auma-drives.com\/en\/\",\"logo\":{\"@type\":\"ImageObject\",\"inLanguage\":\"en-US\",\"@id\":\"https:\/\/auma-drives.com\/en\/#\/schema\/logo\/image\/\",\"url\":\"https:\/\/auma-drives.com\/wp-content\/uploads\/auma-drives-logo.png\",\"contentUrl\":\"https:\/\/auma-drives.com\/wp-content\/uploads\/auma-drives-logo.png\",\"width\":1000,\"height\":144,\"caption\":\"AUMA Drives GmbH\"},\"image\":{\"@id\":\"https:\/\/auma-drives.com\/en\/#\/schema\/logo\/image\/\"},\"sameAs\":[\"https:\/\/de-de.facebook.com\/AUMAGroup\/\"]}]}<\/script>\n<!-- \/ Yoast SEO Premium plugin. -->","yoast_head_json":{"title":"Agricultural Gearbox Solutions &#8226; AUMA Drives","description":"Reliable agricultural gearboxes \u2713 High-performance helical gearboxes \u2713 Designed for durability \u27a4 Explore our gearbox solutions for combine harvesters!","robots":{"index":"index","follow":"follow","max-snippet":"max-snippet:-1","max-image-preview":"max-image-preview:large","max-video-preview":"max-video-preview:-1"},"canonical":"https:\/\/auma-drives.com\/en\/custom-gearbox-solutions\/agricultural-gearboxes\/","og_locale":"en_US","og_type":"article","og_title":"Agricultural Gearboxes","og_description":"Reliable agricultural gearboxes \u2713 High-performance helical gearboxes \u2713 Designed for durability \u27a4 Explore our gearbox solutions for combine harvesters!","og_url":"https:\/\/auma-drives.com\/en\/custom-gearbox-solutions\/agricultural-gearboxes\/","og_site_name":"AUMA Drives","article_publisher":"https:\/\/de-de.facebook.com\/AUMAGroup\/","article_modified_time":"2025-01-09T14:28:33+00:00","og_image":[{"width":1920,"height":1126,"url":"https:\/\/auma-drives.com\/wp-content\/uploads\/AUMA_Header_Erntemaschine_RZ_1920px.jpg","type":"image\/jpeg"}],"twitter_card":"summary_large_image","twitter_misc":{"Est. reading time":"4 minutes"},"schema":{"@context":"https:\/\/schema.org","@graph":[{"@type":"WebPage","@id":"https:\/\/auma-drives.com\/en\/custom-gearbox-solutions\/agricultural-gearboxes\/","url":"https:\/\/auma-drives.com\/en\/custom-gearbox-solutions\/agricultural-gearboxes\/","name":"Agricultural Gearbox Solutions &#8226; AUMA Drives","isPartOf":{"@id":"https:\/\/auma-drives.com\/en\/#website"},"primaryImageOfPage":{"@id":"https:\/\/auma-drives.com\/en\/custom-gearbox-solutions\/agricultural-gearboxes\/#primaryimage"},"image":{"@id":"https:\/\/auma-drives.com\/en\/custom-gearbox-solutions\/agricultural-gearboxes\/#primaryimage"},"thumbnailUrl":"https:\/\/auma-drives.com\/wp-content\/uploads\/AUMA_Header_Erntemaschine_RZ_1920px.jpg","datePublished":"2021-04-13T08:57:57+00:00","dateModified":"2025-01-09T14:28:33+00:00","description":"Reliable agricultural gearboxes \u2713 High-performance helical gearboxes \u2713 Designed for durability \u27a4 Explore our gearbox solutions for combine harvesters!","breadcrumb":{"@id":"https:\/\/auma-drives.com\/en\/custom-gearbox-solutions\/agricultural-gearboxes\/#breadcrumb"},"inLanguage":"en-US","potentialAction":[{"@type":"ReadAction","target":["https:\/\/auma-drives.com\/en\/custom-gearbox-solutions\/agricultural-gearboxes\/"]}]},{"@type":"ImageObject","inLanguage":"en-US","@id":"https:\/\/auma-drives.com\/en\/custom-gearbox-solutions\/agricultural-gearboxes\/#primaryimage","url":"https:\/\/auma-drives.com\/wp-content\/uploads\/AUMA_Header_Erntemaschine_RZ_1920px.jpg","contentUrl":"https:\/\/auma-drives.com\/wp-content\/uploads\/AUMA_Header_Erntemaschine_RZ_1920px.jpg","width":1920,"height":1126},{"@type":"BreadcrumbList","@id":"https:\/\/auma-drives.com\/en\/custom-gearbox-solutions\/agricultural-gearboxes\/#breadcrumb","itemListElement":[{"@type":"ListItem","position":1,"name":"Startseite","item":"https:\/\/auma-drives.com\/en\/"},{"@type":"ListItem","position":2,"name":"Custom Gearbox Solutions","item":"https:\/\/auma-drives.com\/en\/custom-gearbox-solutions\/"},{"@type":"ListItem","position":3,"name":"Agricultural Gearboxes"}]},{"@type":"WebSite","@id":"https:\/\/auma-drives.com\/en\/#website","url":"https:\/\/auma-drives.com\/en\/","name":"AUMA Drives","description":"Antriebssysteme f\u00fcr h\u00f6chste Anspr\u00fcche.","publisher":{"@id":"https:\/\/auma-drives.com\/en\/#organization"},"potentialAction":[{"@type":"SearchAction","target":{"@type":"EntryPoint","urlTemplate":"https:\/\/auma-drives.com\/en\/?s={search_term_string}"},"query-input":{"@type":"PropertyValueSpecification","valueRequired":true,"valueName":"search_term_string"}}],"inLanguage":"en-US"},{"@type":"Organization","@id":"https:\/\/auma-drives.com\/en\/#organization","name":"AUMA Drives GmbH","url":"https:\/\/auma-drives.com\/en\/","logo":{"@type":"ImageObject","inLanguage":"en-US","@id":"https:\/\/auma-drives.com\/en\/#\/schema\/logo\/image\/","url":"https:\/\/auma-drives.com\/wp-content\/uploads\/auma-drives-logo.png","contentUrl":"https:\/\/auma-drives.com\/wp-content\/uploads\/auma-drives-logo.png","width":1000,"height":144,"caption":"AUMA Drives GmbH"},"image":{"@id":"https:\/\/auma-drives.com\/en\/#\/schema\/logo\/image\/"},"sameAs":["https:\/\/de-de.facebook.com\/AUMAGroup\/"]}]}},"_links":{"self":[{"href":"https:\/\/auma-drives.com\/en\/wp-json\/wp\/v2\/pages\/1953"}],"collection":[{"href":"https:\/\/auma-drives.com\/en\/wp-json\/wp\/v2\/pages"}],"about":[{"href":"https:\/\/auma-drives.com\/en\/wp-json\/wp\/v2\/types\/page"}],"author":[{"embeddable":true,"href":"https:\/\/auma-drives.com\/en\/wp-json\/wp\/v2\/users\/1"}],"replies":[{"embeddable":true,"href":"https:\/\/auma-drives.com\/en\/wp-json\/wp\/v2\/comments?post=1953"}],"version-history":[{"count":13,"href":"https:\/\/auma-drives.com\/en\/wp-json\/wp\/v2\/pages\/1953\/revisions"}],"predecessor-version":[{"id":5036,"href":"https:\/\/auma-drives.com\/en\/wp-json\/wp\/v2\/pages\/1953\/revisions\/5036"}],"up":[{"embeddable":true,"href":"https:\/\/auma-drives.com\/en\/wp-json\/wp\/v2\/pages\/2108"}],"wp:featuredmedia":[{"embeddable":true,"href":"https:\/\/auma-drives.com\/en\/wp-json\/wp\/v2\/media\/4912"}],"wp:attachment":[{"href":"https:\/\/auma-drives.com\/en\/wp-json\/wp\/v2\/media?parent=1953"}],"curies":[{"name":"wp","href":"https:\/\/api.w.org\/{rel}","templated":true}]}}