{"id":1961,"date":"2021-04-13T10:57:59","date_gmt":"2021-04-13T08:57:59","guid":{"rendered":"https:\/\/auma-drives.com\/escalators\/"},"modified":"2025-01-09T15:27:08","modified_gmt":"2025-01-09T14:27:08","slug":"helical-escalator-gearboxes","status":"publish","type":"page","link":"https:\/\/auma-drives.com\/en\/custom-gearbox-solutions\/helical-escalator-gearboxes\/","title":{"rendered":"Helical Escalator Gearboxes"},"content":{"rendered":"<div class=\"wpb-content-wrapper\"><p>[vc_section el_class=&#8221;hg-grau&#8221;][vc_row][vc_column][vc_column_text css=&#8221;&#8221; el_class=&#8221;max-800px&#8221;]<\/p>\n<h1 style=\"text-align: center;\">Efficient Helical Escalator Gearbox Solutions<\/h1>\n<p style=\"text-align: center;\">Worm helical gear units are proven as driving unit for escalators around the world. Even and low-noise torque transmission of the worm stage is combined with the high efficiency of two helical gears. This results in soft-start behaviour and low running noise which will pay off at high traffic hubs as well as in busy shopping malls.<\/p>\n<p>[\/vc_column_text][\/vc_column][\/vc_row][\/vc_section][vc_row][vc_column][vc_single_image image=&#8221;5007&#8243; img_size=&#8221;full&#8221; css=&#8221;&#8221; el_class=&#8221;reset&#8221;][\/vc_column][\/vc_row][vc_section][vc_row][vc_column width=&#8221;1\/2&#8243;]<div class=\"bb-ultimate-carousel\"><div class='bb-ultimate-carousel-slider   anwendungen-carousel' data-settings={&quot;responsive&quot;:[]} ><div class='bb-ultimate-carousel-slide   '>[vc_single_image image=&#8221;1231&#8243; img_size=&#8221;full&#8221; el_class=&#8221;reset&#8221;]<\/div><div class='bb-ultimate-carousel-slide   '>[vc_single_image image=&#8221;1171&#8243; img_size=&#8221;full&#8221; el_class=&#8221;reset&#8221;]<\/div><\/div><\/div>[vc_column_text el_class=&#8221;bildtext-simpel&#8221;]Worm helical gear units[\/vc_column_text][vc_empty_space height=&#8221;60px&#8221;]<div class=\"bb-ultimate-carousel\"><div class='bb-ultimate-carousel-slider   anwendungen-carousel' data-settings={&quot;responsive&quot;:[]} ><div class='bb-ultimate-carousel-slide   '>[vc_single_image image=&#8221;1173&#8243; img_size=&#8221;full&#8221; el_class=&#8221;reset&#8221;]<\/div><\/div><\/div>[vc_column_text el_class=&#8221;bildtext-simpel&#8221;]Worm helical gear unit[\/vc_column_text][\/vc_column][vc_column width=&#8221;1\/2&#8243;][vc_column_text el_class=&#8221;produkt-separator produkt-separator-circle&#8221;]Helical worm gear units by AUMA Drives fulfil all safety-relevant escalator standards like EN 115-1:2017 and APTA. The FTSST.1 type range is available in different versions and nominal power rating up to 45 kW. Furthermore, our engineers configure complete drive systems with motors, brakes and sensors according to customer requirements.<\/p>\n<p>The high-speed worm gear stage ensures even and low-noise torque transmission while providing optimum noise absorbing properties. The downstream helical gear pair caters for high efficiency within the gear unit.[\/vc_column_text][vc_column_text el_class=&#8221;fun-fact&#8221;]3 sizes are available (158\/180\/212) with 3 transmission ratios each (i=20 through i=32)[\/vc_column_text][vc_column_text el_class=&#8221;fun-fact&#8221;]High efficiency at nominal powers between 25 and 45 kW[\/vc_column_text][vc_column_text el_class=&#8221;fun-fact&#8221;]Lubricant sensors as an option (temperature, filling level)[\/vc_column_text][vc_column_text]Similar to escalators, helical worm gear units by AUMA Drives show their strengths also in elevators and stage applications. AUMA Drives supplies complete elevator gear units consisting of gear unit, brake motor with transmitter system as well as traction sheave with bearing.<\/p>\n<p><strong>SST97-SST150<\/strong> for long-life elevator gear units[\/vc_column_text][vc_column_text el_class=&#8221;fun-fact&#8221;]3 sizes (97\/118\/150) available in various transmission ratios between i=8 and i=150)[\/vc_column_text][vc_column_text el_class=&#8221;fun-fact&#8221;]Complete drive systems available (including gear unit, motor with low-noise double break, torque reaction lever, shaft with pillow block bearings and traction sheave)[\/vc_column_text][\/vc_column][\/vc_row][\/vc_section][vc_section el_class=&#8221;hg-grau&#8221;][vc_row][vc_column][vc_btn title=&#8221;Excavators&#8221; align=&#8221;center&#8221; css=&#8221;&#8221; link=&#8221;url:https%3A%2F%2Fauma-drives.com%2Fen%2Fcustom-gearbox-solutions%2Fexcavator-buckets%2F&#8221; el_class=&#8221;auma-btn-blau btn-rot&#8221;][\/vc_column][\/vc_row][\/vc_section]<\/p>\n<\/div>","protected":false},"excerpt":{"rendered":"<p>[vc_section el_class=&#8221;hg-grau&#8221;][vc_row][vc_column][vc_column_text css=&#8221;&#8221; el_class=&#8221;max-800px&#8221;] Efficient Helical Escalator Gearbox Solutions Worm helical gear units are proven as driving unit for escalators around the world. Even and low-noise torque transmission of the worm stage is combined with the high efficiency of two helical gears. This results in soft-start behaviour and low running noise which will pay off [&hellip;]<\/p>\n","protected":false},"author":1,"featured_media":4915,"parent":2108,"menu_order":0,"comment_status":"closed","ping_status":"closed","template":"","meta":{"inline_featured_image":false,"footnotes":""},"yoast_head":"<!-- This site is optimized with the Yoast SEO Premium plugin v24.5 (Yoast SEO v24.5) - https:\/\/yoast.com\/wordpress\/plugins\/seo\/ -->\n<title>Helical Escalator Gearbox Solutions &#8226; AUMA Drives<\/title>\n<meta name=\"description\" content=\"Efficient escalator gearboxes \u2713 Helical and worm gear solutions \u2713 Reliable performance \u27a4 Discover our escalator gearbox expertise now!\" \/>\n<meta name=\"robots\" content=\"index, follow, max-snippet:-1, max-image-preview:large, max-video-preview:-1\" \/>\n<link rel=\"canonical\" href=\"https:\/\/auma-drives.com\/en\/custom-gearbox-solutions\/helical-escalator-gearboxes\/\" \/>\n<meta property=\"og:locale\" content=\"en_US\" \/>\n<meta property=\"og:type\" content=\"article\" \/>\n<meta property=\"og:title\" content=\"Helical Escalator Gearboxes\" \/>\n<meta property=\"og:description\" content=\"Efficient escalator gearboxes \u2713 Helical and worm gear solutions \u2713 Reliable performance \u27a4 Discover our escalator gearbox expertise now!\" \/>\n<meta property=\"og:url\" content=\"https:\/\/auma-drives.com\/en\/custom-gearbox-solutions\/helical-escalator-gearboxes\/\" \/>\n<meta property=\"og:site_name\" content=\"AUMA Drives\" \/>\n<meta property=\"article:publisher\" content=\"https:\/\/de-de.facebook.com\/AUMAGroup\/\" \/>\n<meta property=\"article:modified_time\" content=\"2025-01-09T14:27:08+00:00\" \/>\n<meta property=\"og:image\" content=\"https:\/\/auma-drives.com\/wp-content\/uploads\/AUMA_Header_FT_RRR-194_RZ_1920px.jpg\" \/>\n\t<meta property=\"og:image:width\" content=\"1920\" \/>\n\t<meta property=\"og:image:height\" content=\"1126\" \/>\n\t<meta property=\"og:image:type\" content=\"image\/jpeg\" \/>\n<meta name=\"twitter:card\" content=\"summary_large_image\" \/>\n<meta name=\"twitter:label1\" content=\"Est. reading time\" \/>\n\t<meta name=\"twitter:data1\" content=\"3 minutes\" \/>\n<script type=\"application\/ld+json\" class=\"yoast-schema-graph\">{\"@context\":\"https:\/\/schema.org\",\"@graph\":[{\"@type\":\"WebPage\",\"@id\":\"https:\/\/auma-drives.com\/en\/custom-gearbox-solutions\/helical-escalator-gearboxes\/\",\"url\":\"https:\/\/auma-drives.com\/en\/custom-gearbox-solutions\/helical-escalator-gearboxes\/\",\"name\":\"Helical Escalator Gearbox Solutions &#8226; AUMA Drives\",\"isPartOf\":{\"@id\":\"https:\/\/auma-drives.com\/en\/#website\"},\"primaryImageOfPage\":{\"@id\":\"https:\/\/auma-drives.com\/en\/custom-gearbox-solutions\/helical-escalator-gearboxes\/#primaryimage\"},\"image\":{\"@id\":\"https:\/\/auma-drives.com\/en\/custom-gearbox-solutions\/helical-escalator-gearboxes\/#primaryimage\"},\"thumbnailUrl\":\"https:\/\/auma-drives.com\/wp-content\/uploads\/AUMA_Header_FT_RRR-194_RZ_1920px.jpg\",\"datePublished\":\"2021-04-13T08:57:59+00:00\",\"dateModified\":\"2025-01-09T14:27:08+00:00\",\"description\":\"Efficient escalator gearboxes \u2713 Helical and worm gear solutions \u2713 Reliable performance \u27a4 Discover our escalator gearbox expertise now!\",\"breadcrumb\":{\"@id\":\"https:\/\/auma-drives.com\/en\/custom-gearbox-solutions\/helical-escalator-gearboxes\/#breadcrumb\"},\"inLanguage\":\"en-US\",\"potentialAction\":[{\"@type\":\"ReadAction\",\"target\":[\"https:\/\/auma-drives.com\/en\/custom-gearbox-solutions\/helical-escalator-gearboxes\/\"]}]},{\"@type\":\"ImageObject\",\"inLanguage\":\"en-US\",\"@id\":\"https:\/\/auma-drives.com\/en\/custom-gearbox-solutions\/helical-escalator-gearboxes\/#primaryimage\",\"url\":\"https:\/\/auma-drives.com\/wp-content\/uploads\/AUMA_Header_FT_RRR-194_RZ_1920px.jpg\",\"contentUrl\":\"https:\/\/auma-drives.com\/wp-content\/uploads\/AUMA_Header_FT_RRR-194_RZ_1920px.jpg\",\"width\":1920,\"height\":1126},{\"@type\":\"BreadcrumbList\",\"@id\":\"https:\/\/auma-drives.com\/en\/custom-gearbox-solutions\/helical-escalator-gearboxes\/#breadcrumb\",\"itemListElement\":[{\"@type\":\"ListItem\",\"position\":1,\"name\":\"Startseite\",\"item\":\"https:\/\/auma-drives.com\/en\/\"},{\"@type\":\"ListItem\",\"position\":2,\"name\":\"Custom Gearbox Solutions\",\"item\":\"https:\/\/auma-drives.com\/en\/custom-gearbox-solutions\/\"},{\"@type\":\"ListItem\",\"position\":3,\"name\":\"Helical Escalator Gearboxes\"}]},{\"@type\":\"WebSite\",\"@id\":\"https:\/\/auma-drives.com\/en\/#website\",\"url\":\"https:\/\/auma-drives.com\/en\/\",\"name\":\"AUMA Drives\",\"description\":\"Antriebssysteme f\u00fcr h\u00f6chste Anspr\u00fcche.\",\"publisher\":{\"@id\":\"https:\/\/auma-drives.com\/en\/#organization\"},\"potentialAction\":[{\"@type\":\"SearchAction\",\"target\":{\"@type\":\"EntryPoint\",\"urlTemplate\":\"https:\/\/auma-drives.com\/en\/?s={search_term_string}\"},\"query-input\":{\"@type\":\"PropertyValueSpecification\",\"valueRequired\":true,\"valueName\":\"search_term_string\"}}],\"inLanguage\":\"en-US\"},{\"@type\":\"Organization\",\"@id\":\"https:\/\/auma-drives.com\/en\/#organization\",\"name\":\"AUMA Drives GmbH\",\"url\":\"https:\/\/auma-drives.com\/en\/\",\"logo\":{\"@type\":\"ImageObject\",\"inLanguage\":\"en-US\",\"@id\":\"https:\/\/auma-drives.com\/en\/#\/schema\/logo\/image\/\",\"url\":\"https:\/\/auma-drives.com\/wp-content\/uploads\/auma-drives-logo.png\",\"contentUrl\":\"https:\/\/auma-drives.com\/wp-content\/uploads\/auma-drives-logo.png\",\"width\":1000,\"height\":144,\"caption\":\"AUMA Drives GmbH\"},\"image\":{\"@id\":\"https:\/\/auma-drives.com\/en\/#\/schema\/logo\/image\/\"},\"sameAs\":[\"https:\/\/de-de.facebook.com\/AUMAGroup\/\"]}]}<\/script>\n<!-- \/ Yoast SEO Premium plugin. -->","yoast_head_json":{"title":"Helical Escalator Gearbox Solutions &#8226; AUMA Drives","description":"Efficient escalator gearboxes \u2713 Helical and worm gear solutions \u2713 Reliable performance \u27a4 Discover our escalator gearbox expertise now!","robots":{"index":"index","follow":"follow","max-snippet":"max-snippet:-1","max-image-preview":"max-image-preview:large","max-video-preview":"max-video-preview:-1"},"canonical":"https:\/\/auma-drives.com\/en\/custom-gearbox-solutions\/helical-escalator-gearboxes\/","og_locale":"en_US","og_type":"article","og_title":"Helical Escalator Gearboxes","og_description":"Efficient escalator gearboxes \u2713 Helical and worm gear solutions \u2713 Reliable performance \u27a4 Discover our escalator gearbox expertise now!","og_url":"https:\/\/auma-drives.com\/en\/custom-gearbox-solutions\/helical-escalator-gearboxes\/","og_site_name":"AUMA Drives","article_publisher":"https:\/\/de-de.facebook.com\/AUMAGroup\/","article_modified_time":"2025-01-09T14:27:08+00:00","og_image":[{"width":1920,"height":1126,"url":"https:\/\/auma-drives.com\/wp-content\/uploads\/AUMA_Header_FT_RRR-194_RZ_1920px.jpg","type":"image\/jpeg"}],"twitter_card":"summary_large_image","twitter_misc":{"Est. reading time":"3 minutes"},"schema":{"@context":"https:\/\/schema.org","@graph":[{"@type":"WebPage","@id":"https:\/\/auma-drives.com\/en\/custom-gearbox-solutions\/helical-escalator-gearboxes\/","url":"https:\/\/auma-drives.com\/en\/custom-gearbox-solutions\/helical-escalator-gearboxes\/","name":"Helical Escalator Gearbox Solutions &#8226; AUMA Drives","isPartOf":{"@id":"https:\/\/auma-drives.com\/en\/#website"},"primaryImageOfPage":{"@id":"https:\/\/auma-drives.com\/en\/custom-gearbox-solutions\/helical-escalator-gearboxes\/#primaryimage"},"image":{"@id":"https:\/\/auma-drives.com\/en\/custom-gearbox-solutions\/helical-escalator-gearboxes\/#primaryimage"},"thumbnailUrl":"https:\/\/auma-drives.com\/wp-content\/uploads\/AUMA_Header_FT_RRR-194_RZ_1920px.jpg","datePublished":"2021-04-13T08:57:59+00:00","dateModified":"2025-01-09T14:27:08+00:00","description":"Efficient escalator gearboxes \u2713 Helical and worm gear solutions \u2713 Reliable performance \u27a4 Discover our escalator gearbox expertise now!","breadcrumb":{"@id":"https:\/\/auma-drives.com\/en\/custom-gearbox-solutions\/helical-escalator-gearboxes\/#breadcrumb"},"inLanguage":"en-US","potentialAction":[{"@type":"ReadAction","target":["https:\/\/auma-drives.com\/en\/custom-gearbox-solutions\/helical-escalator-gearboxes\/"]}]},{"@type":"ImageObject","inLanguage":"en-US","@id":"https:\/\/auma-drives.com\/en\/custom-gearbox-solutions\/helical-escalator-gearboxes\/#primaryimage","url":"https:\/\/auma-drives.com\/wp-content\/uploads\/AUMA_Header_FT_RRR-194_RZ_1920px.jpg","contentUrl":"https:\/\/auma-drives.com\/wp-content\/uploads\/AUMA_Header_FT_RRR-194_RZ_1920px.jpg","width":1920,"height":1126},{"@type":"BreadcrumbList","@id":"https:\/\/auma-drives.com\/en\/custom-gearbox-solutions\/helical-escalator-gearboxes\/#breadcrumb","itemListElement":[{"@type":"ListItem","position":1,"name":"Startseite","item":"https:\/\/auma-drives.com\/en\/"},{"@type":"ListItem","position":2,"name":"Custom Gearbox Solutions","item":"https:\/\/auma-drives.com\/en\/custom-gearbox-solutions\/"},{"@type":"ListItem","position":3,"name":"Helical Escalator Gearboxes"}]},{"@type":"WebSite","@id":"https:\/\/auma-drives.com\/en\/#website","url":"https:\/\/auma-drives.com\/en\/","name":"AUMA Drives","description":"Antriebssysteme f\u00fcr h\u00f6chste Anspr\u00fcche.","publisher":{"@id":"https:\/\/auma-drives.com\/en\/#organization"},"potentialAction":[{"@type":"SearchAction","target":{"@type":"EntryPoint","urlTemplate":"https:\/\/auma-drives.com\/en\/?s={search_term_string}"},"query-input":{"@type":"PropertyValueSpecification","valueRequired":true,"valueName":"search_term_string"}}],"inLanguage":"en-US"},{"@type":"Organization","@id":"https:\/\/auma-drives.com\/en\/#organization","name":"AUMA Drives GmbH","url":"https:\/\/auma-drives.com\/en\/","logo":{"@type":"ImageObject","inLanguage":"en-US","@id":"https:\/\/auma-drives.com\/en\/#\/schema\/logo\/image\/","url":"https:\/\/auma-drives.com\/wp-content\/uploads\/auma-drives-logo.png","contentUrl":"https:\/\/auma-drives.com\/wp-content\/uploads\/auma-drives-logo.png","width":1000,"height":144,"caption":"AUMA Drives GmbH"},"image":{"@id":"https:\/\/auma-drives.com\/en\/#\/schema\/logo\/image\/"},"sameAs":["https:\/\/de-de.facebook.com\/AUMAGroup\/"]}]}},"_links":{"self":[{"href":"https:\/\/auma-drives.com\/en\/wp-json\/wp\/v2\/pages\/1961"}],"collection":[{"href":"https:\/\/auma-drives.com\/en\/wp-json\/wp\/v2\/pages"}],"about":[{"href":"https:\/\/auma-drives.com\/en\/wp-json\/wp\/v2\/types\/page"}],"author":[{"embeddable":true,"href":"https:\/\/auma-drives.com\/en\/wp-json\/wp\/v2\/users\/1"}],"replies":[{"embeddable":true,"href":"https:\/\/auma-drives.com\/en\/wp-json\/wp\/v2\/comments?post=1961"}],"version-history":[{"count":12,"href":"https:\/\/auma-drives.com\/en\/wp-json\/wp\/v2\/pages\/1961\/revisions"}],"predecessor-version":[{"id":5029,"href":"https:\/\/auma-drives.com\/en\/wp-json\/wp\/v2\/pages\/1961\/revisions\/5029"}],"up":[{"embeddable":true,"href":"https:\/\/auma-drives.com\/en\/wp-json\/wp\/v2\/pages\/2108"}],"wp:featuredmedia":[{"embeddable":true,"href":"https:\/\/auma-drives.com\/en\/wp-json\/wp\/v2\/media\/4915"}],"wp:attachment":[{"href":"https:\/\/auma-drives.com\/en\/wp-json\/wp\/v2\/media?parent=1961"}],"curies":[{"name":"wp","href":"https:\/\/api.w.org\/{rel}","templated":true}]}}