{"id":1965,"date":"2021-04-13T10:58:00","date_gmt":"2021-04-13T08:58:00","guid":{"rendered":"https:\/\/auma-drives.com\/container-spreaders\/"},"modified":"2025-01-09T15:26:54","modified_gmt":"2025-01-09T14:26:54","slug":"planetary-gearboxes","status":"publish","type":"page","link":"https:\/\/auma-drives.com\/en\/custom-gearbox-solutions\/planetary-gearboxes\/","title":{"rendered":"Planetary Gearboxes"},"content":{"rendered":"<div class=\"wpb-content-wrapper\"><p>[vc_section el_class=&#8221;hg-grau&#8221;][vc_row][vc_column][vc_column_text css=&#8221;&#8221; el_class=&#8221;max-800px&#8221;]<\/p>\n<h1 style=\"text-align: center;\">Precision Planetary Gearbox Applications &amp; Expertise<\/h1>\n<p style=\"text-align: center;\">Safety and precision count when moving freight containers. On the one hand, the ton-weighing load must never work loose from crane or spreader during transport. On the other hand, the technology must allow for high precision positioning of the container. Apart from the planetary gearing, other gear systems by AUMA Drives are applied.<\/p>\n<p>[\/vc_column_text][\/vc_column][\/vc_row][\/vc_section][vc_row][vc_column][vc_single_image image=&#8221;5019&#8243; img_size=&#8221;full&#8221; css=&#8221;&#8221; el_class=&#8221;reset&#8221;][\/vc_column][\/vc_row][vc_section][vc_row][vc_column width=&#8221;1\/2&#8243;]<div class=\"bb-ultimate-carousel\"><div class='bb-ultimate-carousel-slider   anwendungen-carousel' data-settings={&quot;responsive&quot;:[]} ><div class='bb-ultimate-carousel-slide   '>[vc_single_image image=&#8221;1177&#8243; img_size=&#8221;full&#8221; el_class=&#8221;reset&#8221;][vc_column_text el_class=&#8221;bildtext-simpel&#8221;]Planetary gearing in &#8220;Twistlock&#8221;[\/vc_column_text]<\/div><\/div><\/div>[\/vc_column][vc_column width=&#8221;1\/2&#8243;][vc_column_text el_class=&#8221;produkt-separator produkt-separator-circle&#8221;]Container spreaders work like hands of the pick &amp; place unit and must precisely lock into the standardised loops of the freight container. In the twistlock mechanism, a planetary gearing ensures that the container is safely lodged in the transport loops and remains fixed.[\/vc_column_text][vc_column_text el_class=&#8221;fun-fact&#8221;]Transmission ratios i=4 and i=5 available[\/vc_column_text][vc_column_text el_class=&#8221;fun-fact&#8221;]Delivery including hydraulic motor possible[\/vc_column_text][vc_column_text el_class=&#8221;fun-fact&#8221;]Compact overriding gear for coaxial speed reduction[\/vc_column_text][\/vc_column][\/vc_row][vc_row][vc_column width=&#8221;1\/2&#8243;]<div class=\"bb-ultimate-carousel\"><div class='bb-ultimate-carousel-slider   anwendungen-carousel' data-settings={&quot;responsive&quot;:[]} ><div class='bb-ultimate-carousel-slide   '>[vc_single_image image=&#8221;1179&#8243; img_size=&#8221;full&#8221; el_class=&#8221;reset&#8221;][vc_column_text el_class=&#8221;bildtext-simpel&#8221;]Helical worm gear units[\/vc_column_text]<\/div><\/div><\/div>[\/vc_column][vc_column width=&#8221;1\/2&#8243;][vc_column_text]Apart from that, <strong>Helical worm gear units<\/strong> by AUMA Drives are deployed in the drive system and the telescopic function of the flipper arms, assisting the crane operator in alignment and centring of the spreader.[\/vc_column_text][vc_column_text el_class=&#8221;fun-fact&#8221;]2 sizes available with 0.55 and 0.9 kW nominal power[\/vc_column_text][vc_column_text el_class=&#8221;fun-fact&#8221;]Self-locking design with integral overload slip clutch[\/vc_column_text][vc_column_text el_class=&#8221;fun-fact&#8221;]Enclosure protection IP66 for reliable use in wind and weather[\/vc_column_text][\/vc_column][\/vc_row][\/vc_section][vc_section][vc_row][vc_column][vc_separator][vc_column_text]<\/p>\n<h2>Planetary gearings \u2013 compact and powerful<\/h2>\n<p>The benefits of planetary gearings become evident with the sub-assemblies of AUMA Drives during daily mission. Their compact design ensures that they can be deployed even in environments with small installation space: High torques are distributed on several gear wheels and allow for fast load change without interrupting the power train. Thanks to these characteristics, they are perfectly suited for permanent use in logistics applications or conveyor technology. These highly demanding applications require utmost precision during gear unit production which has a long-standing tradition at AUMA Drives.[\/vc_column_text][\/vc_column][\/vc_row][\/vc_section][vc_section el_class=&#8221;hg-grau&#8221;][vc_row][vc_column width=&#8221;1\/2&#8243;][vc_btn title=&#8221;Tramways&#8221; align=&#8221;center&#8221; css=&#8221;&#8221; link=&#8221;url:https%3A%2F%2Fauma-drives.com%2Fen%2Fcustom-gearbox-solutions%2Fheavy-duty-screw-jacks%2F|title:Tramways&#8221; el_class=&#8221;auma-btn-blau btn-nach-links btn-rot&#8221;][\/vc_column][vc_column width=&#8221;1\/2&#8243;][vc_btn title=&#8221;Modular transporters&#8221; align=&#8221;center&#8221; css=&#8221;&#8221; link=&#8221;url:https%3A%2F%2Fauma-drives.com%2Fen%2Fcustom-gearbox-solutions%2Fslew-drives-for-heavy-loads%2F|title:Self-Propelled%20Modular%20Transporter&#8221; el_class=&#8221;auma-btn-blau btn-rot&#8221;][\/vc_column][\/vc_row][\/vc_section]<\/p>\n<\/div>","protected":false},"excerpt":{"rendered":"<p>[vc_section el_class=&#8221;hg-grau&#8221;][vc_row][vc_column][vc_column_text css=&#8221;&#8221; el_class=&#8221;max-800px&#8221;] Precision Planetary Gearbox Applications &amp; Expertise Safety and precision count when moving freight containers. On the one hand, the ton-weighing load must never work loose from crane or spreader during transport. On the other hand, the technology must allow for high precision positioning of the container. Apart from the planetary gearing, [&hellip;]<\/p>\n","protected":false},"author":1,"featured_media":4909,"parent":2108,"menu_order":0,"comment_status":"closed","ping_status":"closed","template":"","meta":{"inline_featured_image":false,"footnotes":""},"yoast_head":"<!-- This site is optimized with the Yoast SEO Premium plugin v24.5 (Yoast SEO v24.5) - https:\/\/yoast.com\/wordpress\/plugins\/seo\/ -->\n<title>Planetary Gearbox Uses &amp; Expertise &#8226; AUMA Drives<\/title>\n<meta name=\"description\" content=\"Top-tier planetary gearboxes \u2713 Versatile industrial applications \u2713 German precision and reliability \u27a4 Explore our planetary gearbox solutions today!\" \/>\n<meta name=\"robots\" content=\"index, follow, max-snippet:-1, max-image-preview:large, max-video-preview:-1\" \/>\n<link rel=\"canonical\" href=\"https:\/\/auma-drives.com\/en\/custom-gearbox-solutions\/planetary-gearboxes\/\" \/>\n<meta property=\"og:locale\" content=\"en_US\" \/>\n<meta property=\"og:type\" content=\"article\" \/>\n<meta property=\"og:title\" content=\"Planetary Gearboxes\" \/>\n<meta property=\"og:description\" content=\"Top-tier planetary gearboxes \u2713 Versatile industrial applications \u2713 German precision and reliability \u27a4 Explore our planetary gearbox solutions today!\" \/>\n<meta property=\"og:url\" content=\"https:\/\/auma-drives.com\/en\/custom-gearbox-solutions\/planetary-gearboxes\/\" \/>\n<meta property=\"og:site_name\" content=\"AUMA Drives\" \/>\n<meta property=\"article:publisher\" content=\"https:\/\/de-de.facebook.com\/AUMAGroup\/\" \/>\n<meta property=\"article:modified_time\" content=\"2025-01-09T14:26:54+00:00\" \/>\n<meta property=\"og:image\" content=\"https:\/\/auma-drives.com\/wp-content\/uploads\/AUMA_Header_Container-Spreader_RZ_1920px.jpg\" \/>\n\t<meta property=\"og:image:width\" content=\"1920\" \/>\n\t<meta property=\"og:image:height\" content=\"1126\" \/>\n\t<meta property=\"og:image:type\" content=\"image\/jpeg\" \/>\n<meta name=\"twitter:card\" content=\"summary_large_image\" \/>\n<meta name=\"twitter:label1\" content=\"Est. reading time\" \/>\n\t<meta name=\"twitter:data1\" content=\"3 minutes\" \/>\n<script type=\"application\/ld+json\" class=\"yoast-schema-graph\">{\"@context\":\"https:\/\/schema.org\",\"@graph\":[{\"@type\":\"WebPage\",\"@id\":\"https:\/\/auma-drives.com\/en\/custom-gearbox-solutions\/planetary-gearboxes\/\",\"url\":\"https:\/\/auma-drives.com\/en\/custom-gearbox-solutions\/planetary-gearboxes\/\",\"name\":\"Planetary Gearbox Uses & Expertise &#8226; AUMA Drives\",\"isPartOf\":{\"@id\":\"https:\/\/auma-drives.com\/en\/#website\"},\"primaryImageOfPage\":{\"@id\":\"https:\/\/auma-drives.com\/en\/custom-gearbox-solutions\/planetary-gearboxes\/#primaryimage\"},\"image\":{\"@id\":\"https:\/\/auma-drives.com\/en\/custom-gearbox-solutions\/planetary-gearboxes\/#primaryimage\"},\"thumbnailUrl\":\"https:\/\/auma-drives.com\/wp-content\/uploads\/AUMA_Header_Container-Spreader_RZ_1920px.jpg\",\"datePublished\":\"2021-04-13T08:58:00+00:00\",\"dateModified\":\"2025-01-09T14:26:54+00:00\",\"description\":\"Top-tier planetary gearboxes \u2713 Versatile industrial applications \u2713 German precision and reliability \u27a4 Explore our planetary gearbox solutions today!\",\"breadcrumb\":{\"@id\":\"https:\/\/auma-drives.com\/en\/custom-gearbox-solutions\/planetary-gearboxes\/#breadcrumb\"},\"inLanguage\":\"en-US\",\"potentialAction\":[{\"@type\":\"ReadAction\",\"target\":[\"https:\/\/auma-drives.com\/en\/custom-gearbox-solutions\/planetary-gearboxes\/\"]}]},{\"@type\":\"ImageObject\",\"inLanguage\":\"en-US\",\"@id\":\"https:\/\/auma-drives.com\/en\/custom-gearbox-solutions\/planetary-gearboxes\/#primaryimage\",\"url\":\"https:\/\/auma-drives.com\/wp-content\/uploads\/AUMA_Header_Container-Spreader_RZ_1920px.jpg\",\"contentUrl\":\"https:\/\/auma-drives.com\/wp-content\/uploads\/AUMA_Header_Container-Spreader_RZ_1920px.jpg\",\"width\":1920,\"height\":1126},{\"@type\":\"BreadcrumbList\",\"@id\":\"https:\/\/auma-drives.com\/en\/custom-gearbox-solutions\/planetary-gearboxes\/#breadcrumb\",\"itemListElement\":[{\"@type\":\"ListItem\",\"position\":1,\"name\":\"Startseite\",\"item\":\"https:\/\/auma-drives.com\/en\/\"},{\"@type\":\"ListItem\",\"position\":2,\"name\":\"Custom Gearbox Solutions\",\"item\":\"https:\/\/auma-drives.com\/en\/custom-gearbox-solutions\/\"},{\"@type\":\"ListItem\",\"position\":3,\"name\":\"Planetary Gearboxes\"}]},{\"@type\":\"WebSite\",\"@id\":\"https:\/\/auma-drives.com\/en\/#website\",\"url\":\"https:\/\/auma-drives.com\/en\/\",\"name\":\"AUMA Drives\",\"description\":\"Antriebssysteme f\u00fcr h\u00f6chste Anspr\u00fcche.\",\"publisher\":{\"@id\":\"https:\/\/auma-drives.com\/en\/#organization\"},\"potentialAction\":[{\"@type\":\"SearchAction\",\"target\":{\"@type\":\"EntryPoint\",\"urlTemplate\":\"https:\/\/auma-drives.com\/en\/?s={search_term_string}\"},\"query-input\":{\"@type\":\"PropertyValueSpecification\",\"valueRequired\":true,\"valueName\":\"search_term_string\"}}],\"inLanguage\":\"en-US\"},{\"@type\":\"Organization\",\"@id\":\"https:\/\/auma-drives.com\/en\/#organization\",\"name\":\"AUMA Drives GmbH\",\"url\":\"https:\/\/auma-drives.com\/en\/\",\"logo\":{\"@type\":\"ImageObject\",\"inLanguage\":\"en-US\",\"@id\":\"https:\/\/auma-drives.com\/en\/#\/schema\/logo\/image\/\",\"url\":\"https:\/\/auma-drives.com\/wp-content\/uploads\/auma-drives-logo.png\",\"contentUrl\":\"https:\/\/auma-drives.com\/wp-content\/uploads\/auma-drives-logo.png\",\"width\":1000,\"height\":144,\"caption\":\"AUMA Drives GmbH\"},\"image\":{\"@id\":\"https:\/\/auma-drives.com\/en\/#\/schema\/logo\/image\/\"},\"sameAs\":[\"https:\/\/de-de.facebook.com\/AUMAGroup\/\"]}]}<\/script>\n<!-- \/ Yoast SEO Premium plugin. -->","yoast_head_json":{"title":"Planetary Gearbox Uses & Expertise &#8226; AUMA Drives","description":"Top-tier planetary gearboxes \u2713 Versatile industrial applications \u2713 German precision and reliability \u27a4 Explore our planetary gearbox solutions today!","robots":{"index":"index","follow":"follow","max-snippet":"max-snippet:-1","max-image-preview":"max-image-preview:large","max-video-preview":"max-video-preview:-1"},"canonical":"https:\/\/auma-drives.com\/en\/custom-gearbox-solutions\/planetary-gearboxes\/","og_locale":"en_US","og_type":"article","og_title":"Planetary Gearboxes","og_description":"Top-tier planetary gearboxes \u2713 Versatile industrial applications \u2713 German precision and reliability \u27a4 Explore our planetary gearbox solutions today!","og_url":"https:\/\/auma-drives.com\/en\/custom-gearbox-solutions\/planetary-gearboxes\/","og_site_name":"AUMA Drives","article_publisher":"https:\/\/de-de.facebook.com\/AUMAGroup\/","article_modified_time":"2025-01-09T14:26:54+00:00","og_image":[{"width":1920,"height":1126,"url":"https:\/\/auma-drives.com\/wp-content\/uploads\/AUMA_Header_Container-Spreader_RZ_1920px.jpg","type":"image\/jpeg"}],"twitter_card":"summary_large_image","twitter_misc":{"Est. reading time":"3 minutes"},"schema":{"@context":"https:\/\/schema.org","@graph":[{"@type":"WebPage","@id":"https:\/\/auma-drives.com\/en\/custom-gearbox-solutions\/planetary-gearboxes\/","url":"https:\/\/auma-drives.com\/en\/custom-gearbox-solutions\/planetary-gearboxes\/","name":"Planetary Gearbox Uses & Expertise &#8226; AUMA Drives","isPartOf":{"@id":"https:\/\/auma-drives.com\/en\/#website"},"primaryImageOfPage":{"@id":"https:\/\/auma-drives.com\/en\/custom-gearbox-solutions\/planetary-gearboxes\/#primaryimage"},"image":{"@id":"https:\/\/auma-drives.com\/en\/custom-gearbox-solutions\/planetary-gearboxes\/#primaryimage"},"thumbnailUrl":"https:\/\/auma-drives.com\/wp-content\/uploads\/AUMA_Header_Container-Spreader_RZ_1920px.jpg","datePublished":"2021-04-13T08:58:00+00:00","dateModified":"2025-01-09T14:26:54+00:00","description":"Top-tier planetary gearboxes \u2713 Versatile industrial applications \u2713 German precision and reliability \u27a4 Explore our planetary gearbox solutions today!","breadcrumb":{"@id":"https:\/\/auma-drives.com\/en\/custom-gearbox-solutions\/planetary-gearboxes\/#breadcrumb"},"inLanguage":"en-US","potentialAction":[{"@type":"ReadAction","target":["https:\/\/auma-drives.com\/en\/custom-gearbox-solutions\/planetary-gearboxes\/"]}]},{"@type":"ImageObject","inLanguage":"en-US","@id":"https:\/\/auma-drives.com\/en\/custom-gearbox-solutions\/planetary-gearboxes\/#primaryimage","url":"https:\/\/auma-drives.com\/wp-content\/uploads\/AUMA_Header_Container-Spreader_RZ_1920px.jpg","contentUrl":"https:\/\/auma-drives.com\/wp-content\/uploads\/AUMA_Header_Container-Spreader_RZ_1920px.jpg","width":1920,"height":1126},{"@type":"BreadcrumbList","@id":"https:\/\/auma-drives.com\/en\/custom-gearbox-solutions\/planetary-gearboxes\/#breadcrumb","itemListElement":[{"@type":"ListItem","position":1,"name":"Startseite","item":"https:\/\/auma-drives.com\/en\/"},{"@type":"ListItem","position":2,"name":"Custom Gearbox Solutions","item":"https:\/\/auma-drives.com\/en\/custom-gearbox-solutions\/"},{"@type":"ListItem","position":3,"name":"Planetary Gearboxes"}]},{"@type":"WebSite","@id":"https:\/\/auma-drives.com\/en\/#website","url":"https:\/\/auma-drives.com\/en\/","name":"AUMA Drives","description":"Antriebssysteme f\u00fcr h\u00f6chste Anspr\u00fcche.","publisher":{"@id":"https:\/\/auma-drives.com\/en\/#organization"},"potentialAction":[{"@type":"SearchAction","target":{"@type":"EntryPoint","urlTemplate":"https:\/\/auma-drives.com\/en\/?s={search_term_string}"},"query-input":{"@type":"PropertyValueSpecification","valueRequired":true,"valueName":"search_term_string"}}],"inLanguage":"en-US"},{"@type":"Organization","@id":"https:\/\/auma-drives.com\/en\/#organization","name":"AUMA Drives GmbH","url":"https:\/\/auma-drives.com\/en\/","logo":{"@type":"ImageObject","inLanguage":"en-US","@id":"https:\/\/auma-drives.com\/en\/#\/schema\/logo\/image\/","url":"https:\/\/auma-drives.com\/wp-content\/uploads\/auma-drives-logo.png","contentUrl":"https:\/\/auma-drives.com\/wp-content\/uploads\/auma-drives-logo.png","width":1000,"height":144,"caption":"AUMA Drives GmbH"},"image":{"@id":"https:\/\/auma-drives.com\/en\/#\/schema\/logo\/image\/"},"sameAs":["https:\/\/de-de.facebook.com\/AUMAGroup\/"]}]}},"_links":{"self":[{"href":"https:\/\/auma-drives.com\/en\/wp-json\/wp\/v2\/pages\/1965"}],"collection":[{"href":"https:\/\/auma-drives.com\/en\/wp-json\/wp\/v2\/pages"}],"about":[{"href":"https:\/\/auma-drives.com\/en\/wp-json\/wp\/v2\/types\/page"}],"author":[{"embeddable":true,"href":"https:\/\/auma-drives.com\/en\/wp-json\/wp\/v2\/users\/1"}],"replies":[{"embeddable":true,"href":"https:\/\/auma-drives.com\/en\/wp-json\/wp\/v2\/comments?post=1965"}],"version-history":[{"count":12,"href":"https:\/\/auma-drives.com\/en\/wp-json\/wp\/v2\/pages\/1965\/revisions"}],"predecessor-version":[{"id":5027,"href":"https:\/\/auma-drives.com\/en\/wp-json\/wp\/v2\/pages\/1965\/revisions\/5027"}],"up":[{"embeddable":true,"href":"https:\/\/auma-drives.com\/en\/wp-json\/wp\/v2\/pages\/2108"}],"wp:featuredmedia":[{"embeddable":true,"href":"https:\/\/auma-drives.com\/en\/wp-json\/wp\/v2\/media\/4909"}],"wp:attachment":[{"href":"https:\/\/auma-drives.com\/en\/wp-json\/wp\/v2\/media?parent=1965"}],"curies":[{"name":"wp","href":"https:\/\/api.w.org\/{rel}","templated":true}]}}