{"id":1970,"date":"2021-04-13T11:02:23","date_gmt":"2021-04-13T09:02:23","guid":{"rendered":"https:\/\/auma-drives.com\/fork-lift-truck\/"},"modified":"2025-01-09T15:29:47","modified_gmt":"2025-01-09T14:29:47","slug":"forklift-trucks","status":"publish","type":"page","link":"https:\/\/auma-drives.com\/en\/custom-gearbox-solutions\/forklift-trucks\/","title":{"rendered":"Forklift Trucks"},"content":{"rendered":"<div class=\"wpb-content-wrapper\"><p>[vc_section el_class=&#8221;hg-grau&#8221;][vc_row][vc_column][vc_column_text css=&#8221;&#8221; el_class=&#8221;max-800px&#8221;]<\/p>\n<h1 style=\"text-align: center;\">Precision Gearbox Solutions for Forklift Trucks<\/h1>\n<p style=\"text-align: center;\">Time plays a decisive role in storage logistics. For this reason, a high-quality fork-lift truck fleet is equipped with utmost flexibility: Goods movements are kept to a minimum. Fork-lift trucks with &#8220;rotators&#8221; can play to their strengths when it comes to efficiency. Apart from the classic up and down of the forks, they can also perform lateral tilting movements. AUMA Drives provide the wheel set for the rotator.<\/p>\n<p>[\/vc_column_text][\/vc_column][\/vc_row][\/vc_section][vc_row][vc_column][vc_single_image image=&#8221;5022&#8243; img_size=&#8221;full&#8221; css=&#8221;&#8221; el_class=&#8221;reset&#8221;][\/vc_column][\/vc_row][vc_section][vc_row][vc_column width=&#8221;1\/2&#8243;]<div class=\"bb-ultimate-carousel\"><div class='bb-ultimate-carousel-slider   anwendungen-carousel' data-settings={&quot;responsive&quot;:[]} ><div class='bb-ultimate-carousel-slide   '>[vc_single_image image=&#8221;1092&#8243; img_size=&#8221;full&#8221; el_class=&#8221;reset&#8221;][vc_column_text el_class=&#8221;bildtext-simpel&#8221;]Worm wheel sets[\/vc_column_text]<\/div><\/div><\/div>[\/vc_column][vc_column width=&#8221;1\/2&#8243;][vc_column_text el_class=&#8221;produkt-separator produkt-separator-circle&#8221;]For the rotator wheel set, AUMA Drives benefits from its large in-house development competence. The size of these worm wheel sets requires sound experience in calculation and sizing. Eventually, the self-locking function of the gear unit is essential for functional safety. For this reason, great importance is attached to production quality.[\/vc_column_text][vc_column_text el_class=&#8221;fun-fact&#8221;]Wheel set production according to customer drawing[\/vc_column_text][vc_column_text el_class=&#8221;fun-fact&#8221;]Splines cut-plane (worm shaft) and milled (worm wheel)[\/vc_column_text][vc_column_text el_class=&#8221;fun-fact&#8221;]In-house production of splines up to centre distance 450 mm and module m=20[\/vc_column_text][vc_column_text el_class=&#8221;fun-fact&#8221;]Rotator services provided by AUMA Drives:<\/p>\n<ul>\n<li>Resource-saving material substitution<\/li>\n<li>Redesign, revision and overhaul of existing fork-lift truck rotators<\/li>\n<\/ul>\n<p>[\/vc_column_text][vc_column_text el_class=&#8221;fun-fact&#8221;]Options for precision wheel sets:<\/p>\n<ul>\n<li>Reduced gear backlash<\/li>\n<li>Gear qualities to 4<\/li>\n<li>Duplex worm shafts for adjustable gear backlash within the housing<\/li>\n<\/ul>\n<p>[\/vc_column_text][\/vc_column][\/vc_row][\/vc_section][vc_section el_class=&#8221;hg-grau&#8221;][vc_row][vc_column width=&#8221;1\/2&#8243;][vc_btn title=&#8221;Modular transporters&#8221; align=&#8221;center&#8221; css=&#8221;&#8221; link=&#8221;url:https%3A%2F%2Fauma-drives.com%2Fen%2Fcustom-gearbox-solutions%2Fslew-drives-for-heavy-loads%2F|title:Self-Propelled%20Modular%20Transporter&#8221; el_class=&#8221;auma-btn-blau btn-nach-links btn-rot&#8221;][\/vc_column][vc_column width=&#8221;1\/2&#8243;][vc_btn title=&#8221;Tomographs&#8221; align=&#8221;center&#8221; css=&#8221;&#8221; link=&#8221;url:https%3A%2F%2Fauma-drives.com%2Fen%2Fcustom-gearbox-solutions%2Fmedical-devices%2F|title:Tomographs&#8221; el_class=&#8221;auma-btn-blau btn-rot&#8221;][\/vc_column][\/vc_row][\/vc_section]<\/p>\n<\/div>","protected":false},"excerpt":{"rendered":"<p>[vc_section el_class=&#8221;hg-grau&#8221;][vc_row][vc_column][vc_column_text css=&#8221;&#8221; el_class=&#8221;max-800px&#8221;] Precision Gearbox Solutions for Forklift Trucks Time plays a decisive role in storage logistics. For this reason, a high-quality fork-lift truck fleet is equipped with utmost flexibility: Goods movements are kept to a minimum. Fork-lift trucks with &#8220;rotators&#8221; can play to their strengths when it comes to efficiency. Apart from the [&hellip;]<\/p>\n","protected":false},"author":1,"featured_media":4927,"parent":2108,"menu_order":0,"comment_status":"closed","ping_status":"closed","template":"","meta":{"inline_featured_image":false,"footnotes":""},"yoast_head":"<!-- This site is optimized with the Yoast SEO Premium plugin v24.5 (Yoast SEO v24.5) - https:\/\/yoast.com\/wordpress\/plugins\/seo\/ -->\n<title>Forklift Gearbox Manufacturing Solutions &#8226; AUMA Drives<\/title>\n<meta name=\"description\" content=\"High-quality rotator gears for forklift trucks \u2713 Enhanced flexibility &amp; efficiency \u2713 Precision-engineered solutions \u2713 Made in Germany \u27a4 Find out more!\" \/>\n<meta name=\"robots\" content=\"index, follow, max-snippet:-1, max-image-preview:large, max-video-preview:-1\" \/>\n<link rel=\"canonical\" href=\"https:\/\/auma-drives.com\/en\/custom-gearbox-solutions\/forklift-trucks\/\" \/>\n<meta property=\"og:locale\" content=\"en_US\" \/>\n<meta property=\"og:type\" content=\"article\" \/>\n<meta property=\"og:title\" content=\"Forklift Trucks\" \/>\n<meta property=\"og:description\" content=\"High-quality rotator gears for forklift trucks \u2713 Enhanced flexibility &amp; efficiency \u2713 Precision-engineered solutions \u2713 Made in Germany \u27a4 Find out more!\" \/>\n<meta property=\"og:url\" content=\"https:\/\/auma-drives.com\/en\/custom-gearbox-solutions\/forklift-trucks\/\" \/>\n<meta property=\"og:site_name\" content=\"AUMA Drives\" \/>\n<meta property=\"article:publisher\" content=\"https:\/\/de-de.facebook.com\/AUMAGroup\/\" \/>\n<meta property=\"article:modified_time\" content=\"2025-01-09T14:29:47+00:00\" \/>\n<meta property=\"og:image\" content=\"https:\/\/auma-drives.com\/wp-content\/uploads\/AUMA_Header_Stapler_RZ_1920px.jpg\" \/>\n\t<meta property=\"og:image:width\" content=\"1920\" \/>\n\t<meta property=\"og:image:height\" content=\"1126\" \/>\n\t<meta property=\"og:image:type\" content=\"image\/jpeg\" \/>\n<meta name=\"twitter:card\" content=\"summary_large_image\" \/>\n<meta name=\"twitter:label1\" content=\"Est. reading time\" \/>\n\t<meta name=\"twitter:data1\" content=\"2 minutes\" \/>\n<script type=\"application\/ld+json\" class=\"yoast-schema-graph\">{\"@context\":\"https:\/\/schema.org\",\"@graph\":[{\"@type\":\"WebPage\",\"@id\":\"https:\/\/auma-drives.com\/en\/custom-gearbox-solutions\/forklift-trucks\/\",\"url\":\"https:\/\/auma-drives.com\/en\/custom-gearbox-solutions\/forklift-trucks\/\",\"name\":\"Forklift Gearbox Manufacturing Solutions &#8226; AUMA Drives\",\"isPartOf\":{\"@id\":\"https:\/\/auma-drives.com\/en\/#website\"},\"primaryImageOfPage\":{\"@id\":\"https:\/\/auma-drives.com\/en\/custom-gearbox-solutions\/forklift-trucks\/#primaryimage\"},\"image\":{\"@id\":\"https:\/\/auma-drives.com\/en\/custom-gearbox-solutions\/forklift-trucks\/#primaryimage\"},\"thumbnailUrl\":\"https:\/\/auma-drives.com\/wp-content\/uploads\/AUMA_Header_Stapler_RZ_1920px.jpg\",\"datePublished\":\"2021-04-13T09:02:23+00:00\",\"dateModified\":\"2025-01-09T14:29:47+00:00\",\"description\":\"High-quality rotator gears for forklift trucks \u2713 Enhanced flexibility & efficiency \u2713 Precision-engineered solutions \u2713 Made in Germany \u27a4 Find out more!\",\"breadcrumb\":{\"@id\":\"https:\/\/auma-drives.com\/en\/custom-gearbox-solutions\/forklift-trucks\/#breadcrumb\"},\"inLanguage\":\"en-US\",\"potentialAction\":[{\"@type\":\"ReadAction\",\"target\":[\"https:\/\/auma-drives.com\/en\/custom-gearbox-solutions\/forklift-trucks\/\"]}]},{\"@type\":\"ImageObject\",\"inLanguage\":\"en-US\",\"@id\":\"https:\/\/auma-drives.com\/en\/custom-gearbox-solutions\/forklift-trucks\/#primaryimage\",\"url\":\"https:\/\/auma-drives.com\/wp-content\/uploads\/AUMA_Header_Stapler_RZ_1920px.jpg\",\"contentUrl\":\"https:\/\/auma-drives.com\/wp-content\/uploads\/AUMA_Header_Stapler_RZ_1920px.jpg\",\"width\":1920,\"height\":1126},{\"@type\":\"BreadcrumbList\",\"@id\":\"https:\/\/auma-drives.com\/en\/custom-gearbox-solutions\/forklift-trucks\/#breadcrumb\",\"itemListElement\":[{\"@type\":\"ListItem\",\"position\":1,\"name\":\"Startseite\",\"item\":\"https:\/\/auma-drives.com\/en\/\"},{\"@type\":\"ListItem\",\"position\":2,\"name\":\"Custom Gearbox Solutions\",\"item\":\"https:\/\/auma-drives.com\/en\/custom-gearbox-solutions\/\"},{\"@type\":\"ListItem\",\"position\":3,\"name\":\"Forklift Trucks\"}]},{\"@type\":\"WebSite\",\"@id\":\"https:\/\/auma-drives.com\/en\/#website\",\"url\":\"https:\/\/auma-drives.com\/en\/\",\"name\":\"AUMA Drives\",\"description\":\"Antriebssysteme f\u00fcr h\u00f6chste Anspr\u00fcche.\",\"publisher\":{\"@id\":\"https:\/\/auma-drives.com\/en\/#organization\"},\"potentialAction\":[{\"@type\":\"SearchAction\",\"target\":{\"@type\":\"EntryPoint\",\"urlTemplate\":\"https:\/\/auma-drives.com\/en\/?s={search_term_string}\"},\"query-input\":{\"@type\":\"PropertyValueSpecification\",\"valueRequired\":true,\"valueName\":\"search_term_string\"}}],\"inLanguage\":\"en-US\"},{\"@type\":\"Organization\",\"@id\":\"https:\/\/auma-drives.com\/en\/#organization\",\"name\":\"AUMA Drives GmbH\",\"url\":\"https:\/\/auma-drives.com\/en\/\",\"logo\":{\"@type\":\"ImageObject\",\"inLanguage\":\"en-US\",\"@id\":\"https:\/\/auma-drives.com\/en\/#\/schema\/logo\/image\/\",\"url\":\"https:\/\/auma-drives.com\/wp-content\/uploads\/auma-drives-logo.png\",\"contentUrl\":\"https:\/\/auma-drives.com\/wp-content\/uploads\/auma-drives-logo.png\",\"width\":1000,\"height\":144,\"caption\":\"AUMA Drives GmbH\"},\"image\":{\"@id\":\"https:\/\/auma-drives.com\/en\/#\/schema\/logo\/image\/\"},\"sameAs\":[\"https:\/\/de-de.facebook.com\/AUMAGroup\/\"]}]}<\/script>\n<!-- \/ Yoast SEO Premium plugin. -->","yoast_head_json":{"title":"Forklift Gearbox Manufacturing Solutions &#8226; AUMA Drives","description":"High-quality rotator gears for forklift trucks \u2713 Enhanced flexibility & efficiency \u2713 Precision-engineered solutions \u2713 Made in Germany \u27a4 Find out more!","robots":{"index":"index","follow":"follow","max-snippet":"max-snippet:-1","max-image-preview":"max-image-preview:large","max-video-preview":"max-video-preview:-1"},"canonical":"https:\/\/auma-drives.com\/en\/custom-gearbox-solutions\/forklift-trucks\/","og_locale":"en_US","og_type":"article","og_title":"Forklift Trucks","og_description":"High-quality rotator gears for forklift trucks \u2713 Enhanced flexibility & efficiency \u2713 Precision-engineered solutions \u2713 Made in Germany \u27a4 Find out more!","og_url":"https:\/\/auma-drives.com\/en\/custom-gearbox-solutions\/forklift-trucks\/","og_site_name":"AUMA Drives","article_publisher":"https:\/\/de-de.facebook.com\/AUMAGroup\/","article_modified_time":"2025-01-09T14:29:47+00:00","og_image":[{"width":1920,"height":1126,"url":"https:\/\/auma-drives.com\/wp-content\/uploads\/AUMA_Header_Stapler_RZ_1920px.jpg","type":"image\/jpeg"}],"twitter_card":"summary_large_image","twitter_misc":{"Est. reading time":"2 minutes"},"schema":{"@context":"https:\/\/schema.org","@graph":[{"@type":"WebPage","@id":"https:\/\/auma-drives.com\/en\/custom-gearbox-solutions\/forklift-trucks\/","url":"https:\/\/auma-drives.com\/en\/custom-gearbox-solutions\/forklift-trucks\/","name":"Forklift Gearbox Manufacturing Solutions &#8226; AUMA Drives","isPartOf":{"@id":"https:\/\/auma-drives.com\/en\/#website"},"primaryImageOfPage":{"@id":"https:\/\/auma-drives.com\/en\/custom-gearbox-solutions\/forklift-trucks\/#primaryimage"},"image":{"@id":"https:\/\/auma-drives.com\/en\/custom-gearbox-solutions\/forklift-trucks\/#primaryimage"},"thumbnailUrl":"https:\/\/auma-drives.com\/wp-content\/uploads\/AUMA_Header_Stapler_RZ_1920px.jpg","datePublished":"2021-04-13T09:02:23+00:00","dateModified":"2025-01-09T14:29:47+00:00","description":"High-quality rotator gears for forklift trucks \u2713 Enhanced flexibility & efficiency \u2713 Precision-engineered solutions \u2713 Made in Germany \u27a4 Find out more!","breadcrumb":{"@id":"https:\/\/auma-drives.com\/en\/custom-gearbox-solutions\/forklift-trucks\/#breadcrumb"},"inLanguage":"en-US","potentialAction":[{"@type":"ReadAction","target":["https:\/\/auma-drives.com\/en\/custom-gearbox-solutions\/forklift-trucks\/"]}]},{"@type":"ImageObject","inLanguage":"en-US","@id":"https:\/\/auma-drives.com\/en\/custom-gearbox-solutions\/forklift-trucks\/#primaryimage","url":"https:\/\/auma-drives.com\/wp-content\/uploads\/AUMA_Header_Stapler_RZ_1920px.jpg","contentUrl":"https:\/\/auma-drives.com\/wp-content\/uploads\/AUMA_Header_Stapler_RZ_1920px.jpg","width":1920,"height":1126},{"@type":"BreadcrumbList","@id":"https:\/\/auma-drives.com\/en\/custom-gearbox-solutions\/forklift-trucks\/#breadcrumb","itemListElement":[{"@type":"ListItem","position":1,"name":"Startseite","item":"https:\/\/auma-drives.com\/en\/"},{"@type":"ListItem","position":2,"name":"Custom Gearbox Solutions","item":"https:\/\/auma-drives.com\/en\/custom-gearbox-solutions\/"},{"@type":"ListItem","position":3,"name":"Forklift Trucks"}]},{"@type":"WebSite","@id":"https:\/\/auma-drives.com\/en\/#website","url":"https:\/\/auma-drives.com\/en\/","name":"AUMA Drives","description":"Antriebssysteme f\u00fcr h\u00f6chste Anspr\u00fcche.","publisher":{"@id":"https:\/\/auma-drives.com\/en\/#organization"},"potentialAction":[{"@type":"SearchAction","target":{"@type":"EntryPoint","urlTemplate":"https:\/\/auma-drives.com\/en\/?s={search_term_string}"},"query-input":{"@type":"PropertyValueSpecification","valueRequired":true,"valueName":"search_term_string"}}],"inLanguage":"en-US"},{"@type":"Organization","@id":"https:\/\/auma-drives.com\/en\/#organization","name":"AUMA Drives GmbH","url":"https:\/\/auma-drives.com\/en\/","logo":{"@type":"ImageObject","inLanguage":"en-US","@id":"https:\/\/auma-drives.com\/en\/#\/schema\/logo\/image\/","url":"https:\/\/auma-drives.com\/wp-content\/uploads\/auma-drives-logo.png","contentUrl":"https:\/\/auma-drives.com\/wp-content\/uploads\/auma-drives-logo.png","width":1000,"height":144,"caption":"AUMA Drives GmbH"},"image":{"@id":"https:\/\/auma-drives.com\/en\/#\/schema\/logo\/image\/"},"sameAs":["https:\/\/de-de.facebook.com\/AUMAGroup\/"]}]}},"_links":{"self":[{"href":"https:\/\/auma-drives.com\/en\/wp-json\/wp\/v2\/pages\/1970"}],"collection":[{"href":"https:\/\/auma-drives.com\/en\/wp-json\/wp\/v2\/pages"}],"about":[{"href":"https:\/\/auma-drives.com\/en\/wp-json\/wp\/v2\/types\/page"}],"author":[{"embeddable":true,"href":"https:\/\/auma-drives.com\/en\/wp-json\/wp\/v2\/users\/1"}],"replies":[{"embeddable":true,"href":"https:\/\/auma-drives.com\/en\/wp-json\/wp\/v2\/comments?post=1970"}],"version-history":[{"count":11,"href":"https:\/\/auma-drives.com\/en\/wp-json\/wp\/v2\/pages\/1970\/revisions"}],"predecessor-version":[{"id":5043,"href":"https:\/\/auma-drives.com\/en\/wp-json\/wp\/v2\/pages\/1970\/revisions\/5043"}],"up":[{"embeddable":true,"href":"https:\/\/auma-drives.com\/en\/wp-json\/wp\/v2\/pages\/2108"}],"wp:featuredmedia":[{"embeddable":true,"href":"https:\/\/auma-drives.com\/en\/wp-json\/wp\/v2\/media\/4927"}],"wp:attachment":[{"href":"https:\/\/auma-drives.com\/en\/wp-json\/wp\/v2\/media?parent=1970"}],"curies":[{"name":"wp","href":"https:\/\/api.w.org\/{rel}","templated":true}]}}