{"id":1973,"date":"2021-04-13T11:03:03","date_gmt":"2021-04-13T09:03:03","guid":{"rendered":"https:\/\/auma-drives.com\/self-propelled-modular-transporter\/"},"modified":"2025-01-09T15:28:15","modified_gmt":"2025-01-09T14:28:15","slug":"slew-drives-for-heavy-loads","status":"publish","type":"page","link":"https:\/\/auma-drives.com\/en\/custom-gearbox-solutions\/slew-drives-for-heavy-loads\/","title":{"rendered":"Slew Drives for Heavy Loads"},"content":{"rendered":"<div class=\"wpb-content-wrapper\"><p>[vc_section el_class=&#8221;hg-grau&#8221;][vc_row][vc_column][vc_column_text css=&#8221;&#8221; el_class=&#8221;max-800px&#8221;]<\/p>\n<h1 style=\"text-align: center;\">Precision Slew Drive Gearbox Solutions for Heavy Loads<\/h1>\n<p style=\"text-align: center;\">A special application of the <strong><a href=\"https:\/\/auma-drives.com\/en\/industrial-gearboxes\/slewing-gearboxes\/\">slewing gear units<\/a> by AUMA Drives<\/strong> is the safe and precise positioning of heavy loads. Contrary to other gear units, neither speed nor efficiency are at focus. Stability and accurate transmission ratios to provide optimum support for the respective transport task count.<\/p>\n<p>[\/vc_column_text][\/vc_column][\/vc_row][\/vc_section][vc_row][vc_column][vc_single_image image=&#8221;5010&#8243; img_size=&#8221;full&#8221; css=&#8221;&#8221; el_class=&#8221;reset&#8221;][\/vc_column][\/vc_row][vc_section][vc_row][vc_column width=&#8221;1\/2&#8243;]<div class=\"bb-ultimate-carousel\"><div class='bb-ultimate-carousel-slider   anwendungen-carousel' data-settings={&quot;responsive&quot;:[]} ><div class='bb-ultimate-carousel-slide   '>[vc_single_image image=&#8221;1175&#8243; img_size=&#8221;full&#8221; el_class=&#8221;reset&#8221;][vc_column_text el_class=&#8221;bildtext-simpel&#8221;]Slewing gear units[\/vc_column_text]<\/div><\/div><\/div>[\/vc_column][vc_column width=&#8221;1\/2&#8243;][vc_column_text el_class=&#8221;produkt-separator produkt-separator-circle&#8221;]When handling heavy loads, these gear units will ensure that the wheels of so called heavy-duty module transporters can be controlled independently at a 360\u00b0 angle. The vehicle can manoeuvre on minimum space, can reverse on the spot or go sideways. The gear unit is also offered with additional planetary gearing and hydraulic motor as complete drive system by AUMA Drives.[\/vc_column_text][vc_column_text el_class=&#8221;fun-fact&#8221;]Self-locking design[\/vc_column_text][vc_column_text el_class=&#8221;fun-fact&#8221;]Transmission ratio i=94[\/vc_column_text][vc_column_text el_class=&#8221;fun-fact&#8221;]Maximum output torque 30,000 Nm[\/vc_column_text][vc_column_text el_class=&#8221;fun-fact&#8221;]Supply includes primary reduction gearing and hydraulic motor[\/vc_column_text][\/vc_column][\/vc_row][\/vc_section][vc_section el_class=&#8221;hg-grau&#8221;][vc_row][vc_column width=&#8221;1\/2&#8243;][vc_btn title=&#8221;Container spreaders&#8221; align=&#8221;center&#8221; css=&#8221;&#8221; link=&#8221;url:https%3A%2F%2Fauma-drives.com%2Fen%2Fcustom-gearbox-solutions%2Fplanetary-gearboxes%2F|title:Container%20spreaders&#8221; el_class=&#8221;auma-btn-blau btn-nach-links btn-rot&#8221;][\/vc_column][vc_column width=&#8221;1\/2&#8243;][vc_btn title=&#8221;Fork-lift truck&#8221; align=&#8221;center&#8221; css=&#8221;&#8221; link=&#8221;url:https%3A%2F%2Fauma-drives.com%2Fen%2Fcustom-gearbox-solutions%2Fforklift-trucks%2F|title:Fork-lift%20truck&#8221; el_class=&#8221;auma-btn-blau btn-rot&#8221;][\/vc_column][\/vc_row][\/vc_section]<\/p>\n<\/div>","protected":false},"excerpt":{"rendered":"<p>[vc_section el_class=&#8221;hg-grau&#8221;][vc_row][vc_column][vc_column_text css=&#8221;&#8221; el_class=&#8221;max-800px&#8221;] Precision Slew Drive Gearbox Solutions for Heavy Loads A special application of the slewing gear units by AUMA Drives is the safe and precise positioning of heavy loads. Contrary to other gear units, neither speed nor efficiency are at focus. Stability and accurate transmission ratios to provide optimum support for the [&hellip;]<\/p>\n","protected":false},"author":1,"featured_media":4918,"parent":2108,"menu_order":0,"comment_status":"closed","ping_status":"closed","template":"","meta":{"inline_featured_image":false,"footnotes":""},"yoast_head":"<!-- This site is optimized with the Yoast SEO Premium plugin v24.5 (Yoast SEO v24.5) - https:\/\/yoast.com\/wordpress\/plugins\/seo\/ -->\n<title>Slew Drive Gearboxes for Heavy Loads &#8226; AUMA Drives<\/title>\n<meta name=\"description\" content=\"Precise slewing gearboxes for heavy-duty transport \u2713 360\u00b0 control \u2713 Stability and accuracy \u27a4 Discover our transport gearbox solutions now!\" \/>\n<meta name=\"robots\" content=\"index, follow, max-snippet:-1, max-image-preview:large, max-video-preview:-1\" \/>\n<link rel=\"canonical\" href=\"https:\/\/auma-drives.com\/en\/custom-gearbox-solutions\/slew-drives-for-heavy-loads\/\" \/>\n<meta property=\"og:locale\" content=\"en_US\" \/>\n<meta property=\"og:type\" content=\"article\" \/>\n<meta property=\"og:title\" content=\"Slew Drives for Heavy Loads\" \/>\n<meta property=\"og:description\" content=\"Precise slewing gearboxes for heavy-duty transport \u2713 360\u00b0 control \u2713 Stability and accuracy \u27a4 Discover our transport gearbox solutions now!\" \/>\n<meta property=\"og:url\" content=\"https:\/\/auma-drives.com\/en\/custom-gearbox-solutions\/slew-drives-for-heavy-loads\/\" \/>\n<meta property=\"og:site_name\" content=\"AUMA Drives\" \/>\n<meta property=\"article:publisher\" content=\"https:\/\/de-de.facebook.com\/AUMAGroup\/\" \/>\n<meta property=\"article:modified_time\" content=\"2025-01-09T14:28:15+00:00\" \/>\n<meta property=\"og:image\" content=\"https:\/\/auma-drives.com\/wp-content\/uploads\/AUMA_Header_Modular-Trailer_RZ_1920px.jpg\" \/>\n\t<meta property=\"og:image:width\" content=\"1920\" \/>\n\t<meta property=\"og:image:height\" content=\"1126\" \/>\n\t<meta property=\"og:image:type\" content=\"image\/jpeg\" \/>\n<meta name=\"twitter:card\" content=\"summary_large_image\" \/>\n<meta name=\"twitter:label1\" content=\"Est. reading time\" \/>\n\t<meta name=\"twitter:data1\" content=\"2 minutes\" \/>\n<script type=\"application\/ld+json\" class=\"yoast-schema-graph\">{\"@context\":\"https:\/\/schema.org\",\"@graph\":[{\"@type\":\"WebPage\",\"@id\":\"https:\/\/auma-drives.com\/en\/custom-gearbox-solutions\/slew-drives-for-heavy-loads\/\",\"url\":\"https:\/\/auma-drives.com\/en\/custom-gearbox-solutions\/slew-drives-for-heavy-loads\/\",\"name\":\"Slew Drive Gearboxes for Heavy Loads &#8226; AUMA Drives\",\"isPartOf\":{\"@id\":\"https:\/\/auma-drives.com\/en\/#website\"},\"primaryImageOfPage\":{\"@id\":\"https:\/\/auma-drives.com\/en\/custom-gearbox-solutions\/slew-drives-for-heavy-loads\/#primaryimage\"},\"image\":{\"@id\":\"https:\/\/auma-drives.com\/en\/custom-gearbox-solutions\/slew-drives-for-heavy-loads\/#primaryimage\"},\"thumbnailUrl\":\"https:\/\/auma-drives.com\/wp-content\/uploads\/AUMA_Header_Modular-Trailer_RZ_1920px.jpg\",\"datePublished\":\"2021-04-13T09:03:03+00:00\",\"dateModified\":\"2025-01-09T14:28:15+00:00\",\"description\":\"Precise slewing gearboxes for heavy-duty transport \u2713 360\u00b0 control \u2713 Stability and accuracy \u27a4 Discover our transport gearbox solutions now!\",\"breadcrumb\":{\"@id\":\"https:\/\/auma-drives.com\/en\/custom-gearbox-solutions\/slew-drives-for-heavy-loads\/#breadcrumb\"},\"inLanguage\":\"en-US\",\"potentialAction\":[{\"@type\":\"ReadAction\",\"target\":[\"https:\/\/auma-drives.com\/en\/custom-gearbox-solutions\/slew-drives-for-heavy-loads\/\"]}]},{\"@type\":\"ImageObject\",\"inLanguage\":\"en-US\",\"@id\":\"https:\/\/auma-drives.com\/en\/custom-gearbox-solutions\/slew-drives-for-heavy-loads\/#primaryimage\",\"url\":\"https:\/\/auma-drives.com\/wp-content\/uploads\/AUMA_Header_Modular-Trailer_RZ_1920px.jpg\",\"contentUrl\":\"https:\/\/auma-drives.com\/wp-content\/uploads\/AUMA_Header_Modular-Trailer_RZ_1920px.jpg\",\"width\":1920,\"height\":1126},{\"@type\":\"BreadcrumbList\",\"@id\":\"https:\/\/auma-drives.com\/en\/custom-gearbox-solutions\/slew-drives-for-heavy-loads\/#breadcrumb\",\"itemListElement\":[{\"@type\":\"ListItem\",\"position\":1,\"name\":\"Startseite\",\"item\":\"https:\/\/auma-drives.com\/en\/\"},{\"@type\":\"ListItem\",\"position\":2,\"name\":\"Custom Gearbox Solutions\",\"item\":\"https:\/\/auma-drives.com\/en\/custom-gearbox-solutions\/\"},{\"@type\":\"ListItem\",\"position\":3,\"name\":\"Slew Drives for Heavy Loads\"}]},{\"@type\":\"WebSite\",\"@id\":\"https:\/\/auma-drives.com\/en\/#website\",\"url\":\"https:\/\/auma-drives.com\/en\/\",\"name\":\"AUMA Drives\",\"description\":\"Antriebssysteme f\u00fcr h\u00f6chste Anspr\u00fcche.\",\"publisher\":{\"@id\":\"https:\/\/auma-drives.com\/en\/#organization\"},\"potentialAction\":[{\"@type\":\"SearchAction\",\"target\":{\"@type\":\"EntryPoint\",\"urlTemplate\":\"https:\/\/auma-drives.com\/en\/?s={search_term_string}\"},\"query-input\":{\"@type\":\"PropertyValueSpecification\",\"valueRequired\":true,\"valueName\":\"search_term_string\"}}],\"inLanguage\":\"en-US\"},{\"@type\":\"Organization\",\"@id\":\"https:\/\/auma-drives.com\/en\/#organization\",\"name\":\"AUMA Drives GmbH\",\"url\":\"https:\/\/auma-drives.com\/en\/\",\"logo\":{\"@type\":\"ImageObject\",\"inLanguage\":\"en-US\",\"@id\":\"https:\/\/auma-drives.com\/en\/#\/schema\/logo\/image\/\",\"url\":\"https:\/\/auma-drives.com\/wp-content\/uploads\/auma-drives-logo.png\",\"contentUrl\":\"https:\/\/auma-drives.com\/wp-content\/uploads\/auma-drives-logo.png\",\"width\":1000,\"height\":144,\"caption\":\"AUMA Drives GmbH\"},\"image\":{\"@id\":\"https:\/\/auma-drives.com\/en\/#\/schema\/logo\/image\/\"},\"sameAs\":[\"https:\/\/de-de.facebook.com\/AUMAGroup\/\"]}]}<\/script>\n<!-- \/ Yoast SEO Premium plugin. -->","yoast_head_json":{"title":"Slew Drive Gearboxes for Heavy Loads &#8226; AUMA Drives","description":"Precise slewing gearboxes for heavy-duty transport \u2713 360\u00b0 control \u2713 Stability and accuracy \u27a4 Discover our transport gearbox solutions now!","robots":{"index":"index","follow":"follow","max-snippet":"max-snippet:-1","max-image-preview":"max-image-preview:large","max-video-preview":"max-video-preview:-1"},"canonical":"https:\/\/auma-drives.com\/en\/custom-gearbox-solutions\/slew-drives-for-heavy-loads\/","og_locale":"en_US","og_type":"article","og_title":"Slew Drives for Heavy Loads","og_description":"Precise slewing gearboxes for heavy-duty transport \u2713 360\u00b0 control \u2713 Stability and accuracy \u27a4 Discover our transport gearbox solutions now!","og_url":"https:\/\/auma-drives.com\/en\/custom-gearbox-solutions\/slew-drives-for-heavy-loads\/","og_site_name":"AUMA Drives","article_publisher":"https:\/\/de-de.facebook.com\/AUMAGroup\/","article_modified_time":"2025-01-09T14:28:15+00:00","og_image":[{"width":1920,"height":1126,"url":"https:\/\/auma-drives.com\/wp-content\/uploads\/AUMA_Header_Modular-Trailer_RZ_1920px.jpg","type":"image\/jpeg"}],"twitter_card":"summary_large_image","twitter_misc":{"Est. reading time":"2 minutes"},"schema":{"@context":"https:\/\/schema.org","@graph":[{"@type":"WebPage","@id":"https:\/\/auma-drives.com\/en\/custom-gearbox-solutions\/slew-drives-for-heavy-loads\/","url":"https:\/\/auma-drives.com\/en\/custom-gearbox-solutions\/slew-drives-for-heavy-loads\/","name":"Slew Drive Gearboxes for Heavy Loads &#8226; AUMA Drives","isPartOf":{"@id":"https:\/\/auma-drives.com\/en\/#website"},"primaryImageOfPage":{"@id":"https:\/\/auma-drives.com\/en\/custom-gearbox-solutions\/slew-drives-for-heavy-loads\/#primaryimage"},"image":{"@id":"https:\/\/auma-drives.com\/en\/custom-gearbox-solutions\/slew-drives-for-heavy-loads\/#primaryimage"},"thumbnailUrl":"https:\/\/auma-drives.com\/wp-content\/uploads\/AUMA_Header_Modular-Trailer_RZ_1920px.jpg","datePublished":"2021-04-13T09:03:03+00:00","dateModified":"2025-01-09T14:28:15+00:00","description":"Precise slewing gearboxes for heavy-duty transport \u2713 360\u00b0 control \u2713 Stability and accuracy \u27a4 Discover our transport gearbox solutions now!","breadcrumb":{"@id":"https:\/\/auma-drives.com\/en\/custom-gearbox-solutions\/slew-drives-for-heavy-loads\/#breadcrumb"},"inLanguage":"en-US","potentialAction":[{"@type":"ReadAction","target":["https:\/\/auma-drives.com\/en\/custom-gearbox-solutions\/slew-drives-for-heavy-loads\/"]}]},{"@type":"ImageObject","inLanguage":"en-US","@id":"https:\/\/auma-drives.com\/en\/custom-gearbox-solutions\/slew-drives-for-heavy-loads\/#primaryimage","url":"https:\/\/auma-drives.com\/wp-content\/uploads\/AUMA_Header_Modular-Trailer_RZ_1920px.jpg","contentUrl":"https:\/\/auma-drives.com\/wp-content\/uploads\/AUMA_Header_Modular-Trailer_RZ_1920px.jpg","width":1920,"height":1126},{"@type":"BreadcrumbList","@id":"https:\/\/auma-drives.com\/en\/custom-gearbox-solutions\/slew-drives-for-heavy-loads\/#breadcrumb","itemListElement":[{"@type":"ListItem","position":1,"name":"Startseite","item":"https:\/\/auma-drives.com\/en\/"},{"@type":"ListItem","position":2,"name":"Custom Gearbox Solutions","item":"https:\/\/auma-drives.com\/en\/custom-gearbox-solutions\/"},{"@type":"ListItem","position":3,"name":"Slew Drives for Heavy Loads"}]},{"@type":"WebSite","@id":"https:\/\/auma-drives.com\/en\/#website","url":"https:\/\/auma-drives.com\/en\/","name":"AUMA Drives","description":"Antriebssysteme f\u00fcr h\u00f6chste Anspr\u00fcche.","publisher":{"@id":"https:\/\/auma-drives.com\/en\/#organization"},"potentialAction":[{"@type":"SearchAction","target":{"@type":"EntryPoint","urlTemplate":"https:\/\/auma-drives.com\/en\/?s={search_term_string}"},"query-input":{"@type":"PropertyValueSpecification","valueRequired":true,"valueName":"search_term_string"}}],"inLanguage":"en-US"},{"@type":"Organization","@id":"https:\/\/auma-drives.com\/en\/#organization","name":"AUMA Drives GmbH","url":"https:\/\/auma-drives.com\/en\/","logo":{"@type":"ImageObject","inLanguage":"en-US","@id":"https:\/\/auma-drives.com\/en\/#\/schema\/logo\/image\/","url":"https:\/\/auma-drives.com\/wp-content\/uploads\/auma-drives-logo.png","contentUrl":"https:\/\/auma-drives.com\/wp-content\/uploads\/auma-drives-logo.png","width":1000,"height":144,"caption":"AUMA Drives GmbH"},"image":{"@id":"https:\/\/auma-drives.com\/en\/#\/schema\/logo\/image\/"},"sameAs":["https:\/\/de-de.facebook.com\/AUMAGroup\/"]}]}},"_links":{"self":[{"href":"https:\/\/auma-drives.com\/en\/wp-json\/wp\/v2\/pages\/1973"}],"collection":[{"href":"https:\/\/auma-drives.com\/en\/wp-json\/wp\/v2\/pages"}],"about":[{"href":"https:\/\/auma-drives.com\/en\/wp-json\/wp\/v2\/types\/page"}],"author":[{"embeddable":true,"href":"https:\/\/auma-drives.com\/en\/wp-json\/wp\/v2\/users\/1"}],"replies":[{"embeddable":true,"href":"https:\/\/auma-drives.com\/en\/wp-json\/wp\/v2\/comments?post=1973"}],"version-history":[{"count":12,"href":"https:\/\/auma-drives.com\/en\/wp-json\/wp\/v2\/pages\/1973\/revisions"}],"predecessor-version":[{"id":5035,"href":"https:\/\/auma-drives.com\/en\/wp-json\/wp\/v2\/pages\/1973\/revisions\/5035"}],"up":[{"embeddable":true,"href":"https:\/\/auma-drives.com\/en\/wp-json\/wp\/v2\/pages\/2108"}],"wp:featuredmedia":[{"embeddable":true,"href":"https:\/\/auma-drives.com\/en\/wp-json\/wp\/v2\/media\/4918"}],"wp:attachment":[{"href":"https:\/\/auma-drives.com\/en\/wp-json\/wp\/v2\/media?parent=1973"}],"curies":[{"name":"wp","href":"https:\/\/api.w.org\/{rel}","templated":true}]}}