{"id":1983,"date":"2021-04-13T11:03:46","date_gmt":"2021-04-13T09:03:46","guid":{"rendered":"https:\/\/auma-drives.com\/tramways\/"},"modified":"2025-01-09T15:27:59","modified_gmt":"2025-01-09T14:27:59","slug":"heavy-duty-screw-jacks","status":"publish","type":"page","link":"https:\/\/auma-drives.com\/en\/custom-gearbox-solutions\/heavy-duty-screw-jacks\/","title":{"rendered":"Heavy Duty Screw Jacks"},"content":{"rendered":"<div class=\"wpb-content-wrapper\"><p>[vc_section el_class=&#8221;hg-grau&#8221;][vc_row][vc_column][vc_column_text css=&#8221;&#8221; el_class=&#8221;max-800px&#8221;]<\/p>\n<h1 style=\"text-align: center;\"><strong>Heavy Duty Screw Jack<br \/>\nSolutions for Tramways<\/strong>.<\/h1>\n<p style=\"text-align: center;\">Customised development of gear units opens up countless possibilities. Like for example the specifically developed screw jacks for tramway undercarriages. Although the stroke of the manual gear is limited to only 18 mm, the effect is considerable. Since technicians can compensate for the respective wheel wear when using this screw jack, tramways can further be used without expensive and time-consuming repairs in the workshop.<\/p>\n<p>[\/vc_column_text][\/vc_column][\/vc_row][\/vc_section][vc_row][vc_column][vc_single_image image=&#8221;5025&#8243; img_size=&#8221;full&#8221; css=&#8221;&#8221; el_class=&#8221;reset&#8221;][\/vc_column][\/vc_row][vc_section][vc_row][vc_column width=&#8221;1\/2&#8243;]<div class=\"bb-ultimate-carousel\"><div class='bb-ultimate-carousel-slider   anwendungen-carousel' data-settings={&quot;responsive&quot;:[]} ><div class='bb-ultimate-carousel-slide   '>[vc_single_image image=&#8221;1176&#8243; img_size=&#8221;full&#8221; el_class=&#8221;reset&#8221;][vc_column_text el_class=&#8221;bildtext-simpel&#8221;]Screw jack SOG 80[\/vc_column_text]<\/div><\/div><\/div>[\/vc_column][vc_column width=&#8221;1\/2&#8243;][vc_column_text el_class=&#8221;produkt-separator produkt-separator-circle&#8221;]To ensure that this technology is fit for daily use, the screw jacks are provided with an extremely corrosion-resistant coating. It protects all outer parts exposed to rain, road salt or exhaust gases.[\/vc_column_text][vc_column_text el_class=&#8221;fun-fact&#8221;]Total stroke 18 mm[\/vc_column_text][vc_column_text el_class=&#8221;fun-fact&#8221;]Manual operation via hexagon (2.22 rotations for a stroke of 1 mm)[\/vc_column_text][vc_column_text el_class=&#8221;fun-fact&#8221;]Maximum lifting capacity 53 kN at maximum permissible dynamic superimposed load (FEM tested)[\/vc_column_text][vc_column_text el_class=&#8221;fun-fact&#8221;]maintenance-free thanks to premium corrosion protection for all ambient conditions (salt, humidity etc.)[\/vc_column_text][\/vc_column][\/vc_row][\/vc_section][vc_section el_class=&#8221;hg-grau&#8221;][vc_row][vc_column width=&#8221;1\/2&#8243;][vc_btn title=&#8221;Solar thermal power plants&#8221; align=&#8221;center&#8221; css=&#8221;&#8221; link=&#8221;url:https%3A%2F%2Fauma-drives.com%2Fen%2Fcustom-gearbox-solutions%2Fdual-axis-solar-trackers%2F|title:Solar%20thermal%20power%20plants&#8221; el_class=&#8221;auma-btn-blau btn-nach-links btn-rot&#8221;][\/vc_column][vc_column width=&#8221;1\/2&#8243;][vc_btn title=&#8221;Container spreaders&#8221; align=&#8221;center&#8221; css=&#8221;&#8221; link=&#8221;url:https%3A%2F%2Fauma-drives.com%2Fen%2Fcustom-gearbox-solutions%2Fplanetary-gearboxes%2F|title:Container%20spreaders&#8221; el_class=&#8221;auma-btn-blau btn-rot&#8221;][\/vc_column][\/vc_row][\/vc_section]<\/p>\n<\/div>","protected":false},"excerpt":{"rendered":"<p>[vc_section el_class=&#8221;hg-grau&#8221;][vc_row][vc_column][vc_column_text css=&#8221;&#8221; el_class=&#8221;max-800px&#8221;] Heavy Duty Screw Jack Solutions for Tramways. Customised development of gear units opens up countless possibilities. Like for example the specifically developed screw jacks for tramway undercarriages. Although the stroke of the manual gear is limited to only 18 mm, the effect is considerable. Since technicians can compensate for the respective [&hellip;]<\/p>\n","protected":false},"author":1,"featured_media":4930,"parent":2108,"menu_order":0,"comment_status":"closed","ping_status":"closed","template":"","meta":{"inline_featured_image":false,"footnotes":""},"yoast_head":"<!-- This site is optimized with the Yoast SEO Premium plugin v24.5 (Yoast SEO v24.5) - https:\/\/yoast.com\/wordpress\/plugins\/seo\/ -->\n<title>Heavy Duty Screw Jacks for Tramways &#8226; AUMA Drives<\/title>\n<meta name=\"description\" content=\"Corrosion-resistant screw jacks for tramways \u2713 Efficient wheel wear compensation \u2713 Maintenance-free solutions \u27a4 Discover our tramway screw jacks now!\" \/>\n<meta name=\"robots\" content=\"index, follow, max-snippet:-1, max-image-preview:large, max-video-preview:-1\" \/>\n<link rel=\"canonical\" href=\"https:\/\/auma-drives.com\/en\/custom-gearbox-solutions\/heavy-duty-screw-jacks\/\" \/>\n<meta property=\"og:locale\" content=\"en_US\" \/>\n<meta property=\"og:type\" content=\"article\" \/>\n<meta property=\"og:title\" content=\"Heavy Duty Screw Jacks\" \/>\n<meta property=\"og:description\" content=\"Corrosion-resistant screw jacks for tramways \u2713 Efficient wheel wear compensation \u2713 Maintenance-free solutions \u27a4 Discover our tramway screw jacks now!\" \/>\n<meta property=\"og:url\" content=\"https:\/\/auma-drives.com\/en\/custom-gearbox-solutions\/heavy-duty-screw-jacks\/\" \/>\n<meta property=\"og:site_name\" content=\"AUMA Drives\" \/>\n<meta property=\"article:publisher\" content=\"https:\/\/de-de.facebook.com\/AUMAGroup\/\" \/>\n<meta property=\"article:modified_time\" content=\"2025-01-09T14:27:59+00:00\" \/>\n<meta property=\"og:image\" content=\"https:\/\/auma-drives.com\/wp-content\/uploads\/AUMA_Header_Strassenbahn_RZ_1920px.jpg\" \/>\n\t<meta property=\"og:image:width\" content=\"1920\" \/>\n\t<meta property=\"og:image:height\" content=\"1126\" \/>\n\t<meta property=\"og:image:type\" content=\"image\/jpeg\" \/>\n<meta name=\"twitter:card\" content=\"summary_large_image\" \/>\n<meta name=\"twitter:label1\" content=\"Est. reading time\" \/>\n\t<meta name=\"twitter:data1\" content=\"2 minutes\" \/>\n<script type=\"application\/ld+json\" class=\"yoast-schema-graph\">{\"@context\":\"https:\/\/schema.org\",\"@graph\":[{\"@type\":\"WebPage\",\"@id\":\"https:\/\/auma-drives.com\/en\/custom-gearbox-solutions\/heavy-duty-screw-jacks\/\",\"url\":\"https:\/\/auma-drives.com\/en\/custom-gearbox-solutions\/heavy-duty-screw-jacks\/\",\"name\":\"Heavy Duty Screw Jacks for Tramways &#8226; AUMA Drives\",\"isPartOf\":{\"@id\":\"https:\/\/auma-drives.com\/en\/#website\"},\"primaryImageOfPage\":{\"@id\":\"https:\/\/auma-drives.com\/en\/custom-gearbox-solutions\/heavy-duty-screw-jacks\/#primaryimage\"},\"image\":{\"@id\":\"https:\/\/auma-drives.com\/en\/custom-gearbox-solutions\/heavy-duty-screw-jacks\/#primaryimage\"},\"thumbnailUrl\":\"https:\/\/auma-drives.com\/wp-content\/uploads\/AUMA_Header_Strassenbahn_RZ_1920px.jpg\",\"datePublished\":\"2021-04-13T09:03:46+00:00\",\"dateModified\":\"2025-01-09T14:27:59+00:00\",\"description\":\"Corrosion-resistant screw jacks for tramways \u2713 Efficient wheel wear compensation \u2713 Maintenance-free solutions \u27a4 Discover our tramway screw jacks now!\",\"breadcrumb\":{\"@id\":\"https:\/\/auma-drives.com\/en\/custom-gearbox-solutions\/heavy-duty-screw-jacks\/#breadcrumb\"},\"inLanguage\":\"en-US\",\"potentialAction\":[{\"@type\":\"ReadAction\",\"target\":[\"https:\/\/auma-drives.com\/en\/custom-gearbox-solutions\/heavy-duty-screw-jacks\/\"]}]},{\"@type\":\"ImageObject\",\"inLanguage\":\"en-US\",\"@id\":\"https:\/\/auma-drives.com\/en\/custom-gearbox-solutions\/heavy-duty-screw-jacks\/#primaryimage\",\"url\":\"https:\/\/auma-drives.com\/wp-content\/uploads\/AUMA_Header_Strassenbahn_RZ_1920px.jpg\",\"contentUrl\":\"https:\/\/auma-drives.com\/wp-content\/uploads\/AUMA_Header_Strassenbahn_RZ_1920px.jpg\",\"width\":1920,\"height\":1126},{\"@type\":\"BreadcrumbList\",\"@id\":\"https:\/\/auma-drives.com\/en\/custom-gearbox-solutions\/heavy-duty-screw-jacks\/#breadcrumb\",\"itemListElement\":[{\"@type\":\"ListItem\",\"position\":1,\"name\":\"Startseite\",\"item\":\"https:\/\/auma-drives.com\/en\/\"},{\"@type\":\"ListItem\",\"position\":2,\"name\":\"Custom Gearbox Solutions\",\"item\":\"https:\/\/auma-drives.com\/en\/custom-gearbox-solutions\/\"},{\"@type\":\"ListItem\",\"position\":3,\"name\":\"Heavy Duty Screw Jacks\"}]},{\"@type\":\"WebSite\",\"@id\":\"https:\/\/auma-drives.com\/en\/#website\",\"url\":\"https:\/\/auma-drives.com\/en\/\",\"name\":\"AUMA Drives\",\"description\":\"Antriebssysteme f\u00fcr h\u00f6chste Anspr\u00fcche.\",\"publisher\":{\"@id\":\"https:\/\/auma-drives.com\/en\/#organization\"},\"potentialAction\":[{\"@type\":\"SearchAction\",\"target\":{\"@type\":\"EntryPoint\",\"urlTemplate\":\"https:\/\/auma-drives.com\/en\/?s={search_term_string}\"},\"query-input\":{\"@type\":\"PropertyValueSpecification\",\"valueRequired\":true,\"valueName\":\"search_term_string\"}}],\"inLanguage\":\"en-US\"},{\"@type\":\"Organization\",\"@id\":\"https:\/\/auma-drives.com\/en\/#organization\",\"name\":\"AUMA Drives GmbH\",\"url\":\"https:\/\/auma-drives.com\/en\/\",\"logo\":{\"@type\":\"ImageObject\",\"inLanguage\":\"en-US\",\"@id\":\"https:\/\/auma-drives.com\/en\/#\/schema\/logo\/image\/\",\"url\":\"https:\/\/auma-drives.com\/wp-content\/uploads\/auma-drives-logo.png\",\"contentUrl\":\"https:\/\/auma-drives.com\/wp-content\/uploads\/auma-drives-logo.png\",\"width\":1000,\"height\":144,\"caption\":\"AUMA Drives GmbH\"},\"image\":{\"@id\":\"https:\/\/auma-drives.com\/en\/#\/schema\/logo\/image\/\"},\"sameAs\":[\"https:\/\/de-de.facebook.com\/AUMAGroup\/\"]}]}<\/script>\n<!-- \/ Yoast SEO Premium plugin. -->","yoast_head_json":{"title":"Heavy Duty Screw Jacks for Tramways &#8226; AUMA Drives","description":"Corrosion-resistant screw jacks for tramways \u2713 Efficient wheel wear compensation \u2713 Maintenance-free solutions \u27a4 Discover our tramway screw jacks now!","robots":{"index":"index","follow":"follow","max-snippet":"max-snippet:-1","max-image-preview":"max-image-preview:large","max-video-preview":"max-video-preview:-1"},"canonical":"https:\/\/auma-drives.com\/en\/custom-gearbox-solutions\/heavy-duty-screw-jacks\/","og_locale":"en_US","og_type":"article","og_title":"Heavy Duty Screw Jacks","og_description":"Corrosion-resistant screw jacks for tramways \u2713 Efficient wheel wear compensation \u2713 Maintenance-free solutions \u27a4 Discover our tramway screw jacks now!","og_url":"https:\/\/auma-drives.com\/en\/custom-gearbox-solutions\/heavy-duty-screw-jacks\/","og_site_name":"AUMA Drives","article_publisher":"https:\/\/de-de.facebook.com\/AUMAGroup\/","article_modified_time":"2025-01-09T14:27:59+00:00","og_image":[{"width":1920,"height":1126,"url":"https:\/\/auma-drives.com\/wp-content\/uploads\/AUMA_Header_Strassenbahn_RZ_1920px.jpg","type":"image\/jpeg"}],"twitter_card":"summary_large_image","twitter_misc":{"Est. reading time":"2 minutes"},"schema":{"@context":"https:\/\/schema.org","@graph":[{"@type":"WebPage","@id":"https:\/\/auma-drives.com\/en\/custom-gearbox-solutions\/heavy-duty-screw-jacks\/","url":"https:\/\/auma-drives.com\/en\/custom-gearbox-solutions\/heavy-duty-screw-jacks\/","name":"Heavy Duty Screw Jacks for Tramways &#8226; AUMA Drives","isPartOf":{"@id":"https:\/\/auma-drives.com\/en\/#website"},"primaryImageOfPage":{"@id":"https:\/\/auma-drives.com\/en\/custom-gearbox-solutions\/heavy-duty-screw-jacks\/#primaryimage"},"image":{"@id":"https:\/\/auma-drives.com\/en\/custom-gearbox-solutions\/heavy-duty-screw-jacks\/#primaryimage"},"thumbnailUrl":"https:\/\/auma-drives.com\/wp-content\/uploads\/AUMA_Header_Strassenbahn_RZ_1920px.jpg","datePublished":"2021-04-13T09:03:46+00:00","dateModified":"2025-01-09T14:27:59+00:00","description":"Corrosion-resistant screw jacks for tramways \u2713 Efficient wheel wear compensation \u2713 Maintenance-free solutions \u27a4 Discover our tramway screw jacks now!","breadcrumb":{"@id":"https:\/\/auma-drives.com\/en\/custom-gearbox-solutions\/heavy-duty-screw-jacks\/#breadcrumb"},"inLanguage":"en-US","potentialAction":[{"@type":"ReadAction","target":["https:\/\/auma-drives.com\/en\/custom-gearbox-solutions\/heavy-duty-screw-jacks\/"]}]},{"@type":"ImageObject","inLanguage":"en-US","@id":"https:\/\/auma-drives.com\/en\/custom-gearbox-solutions\/heavy-duty-screw-jacks\/#primaryimage","url":"https:\/\/auma-drives.com\/wp-content\/uploads\/AUMA_Header_Strassenbahn_RZ_1920px.jpg","contentUrl":"https:\/\/auma-drives.com\/wp-content\/uploads\/AUMA_Header_Strassenbahn_RZ_1920px.jpg","width":1920,"height":1126},{"@type":"BreadcrumbList","@id":"https:\/\/auma-drives.com\/en\/custom-gearbox-solutions\/heavy-duty-screw-jacks\/#breadcrumb","itemListElement":[{"@type":"ListItem","position":1,"name":"Startseite","item":"https:\/\/auma-drives.com\/en\/"},{"@type":"ListItem","position":2,"name":"Custom Gearbox Solutions","item":"https:\/\/auma-drives.com\/en\/custom-gearbox-solutions\/"},{"@type":"ListItem","position":3,"name":"Heavy Duty Screw Jacks"}]},{"@type":"WebSite","@id":"https:\/\/auma-drives.com\/en\/#website","url":"https:\/\/auma-drives.com\/en\/","name":"AUMA Drives","description":"Antriebssysteme f\u00fcr h\u00f6chste Anspr\u00fcche.","publisher":{"@id":"https:\/\/auma-drives.com\/en\/#organization"},"potentialAction":[{"@type":"SearchAction","target":{"@type":"EntryPoint","urlTemplate":"https:\/\/auma-drives.com\/en\/?s={search_term_string}"},"query-input":{"@type":"PropertyValueSpecification","valueRequired":true,"valueName":"search_term_string"}}],"inLanguage":"en-US"},{"@type":"Organization","@id":"https:\/\/auma-drives.com\/en\/#organization","name":"AUMA Drives GmbH","url":"https:\/\/auma-drives.com\/en\/","logo":{"@type":"ImageObject","inLanguage":"en-US","@id":"https:\/\/auma-drives.com\/en\/#\/schema\/logo\/image\/","url":"https:\/\/auma-drives.com\/wp-content\/uploads\/auma-drives-logo.png","contentUrl":"https:\/\/auma-drives.com\/wp-content\/uploads\/auma-drives-logo.png","width":1000,"height":144,"caption":"AUMA Drives GmbH"},"image":{"@id":"https:\/\/auma-drives.com\/en\/#\/schema\/logo\/image\/"},"sameAs":["https:\/\/de-de.facebook.com\/AUMAGroup\/"]}]}},"_links":{"self":[{"href":"https:\/\/auma-drives.com\/en\/wp-json\/wp\/v2\/pages\/1983"}],"collection":[{"href":"https:\/\/auma-drives.com\/en\/wp-json\/wp\/v2\/pages"}],"about":[{"href":"https:\/\/auma-drives.com\/en\/wp-json\/wp\/v2\/types\/page"}],"author":[{"embeddable":true,"href":"https:\/\/auma-drives.com\/en\/wp-json\/wp\/v2\/users\/1"}],"replies":[{"embeddable":true,"href":"https:\/\/auma-drives.com\/en\/wp-json\/wp\/v2\/comments?post=1983"}],"version-history":[{"count":10,"href":"https:\/\/auma-drives.com\/en\/wp-json\/wp\/v2\/pages\/1983\/revisions"}],"predecessor-version":[{"id":5033,"href":"https:\/\/auma-drives.com\/en\/wp-json\/wp\/v2\/pages\/1983\/revisions\/5033"}],"up":[{"embeddable":true,"href":"https:\/\/auma-drives.com\/en\/wp-json\/wp\/v2\/pages\/2108"}],"wp:featuredmedia":[{"embeddable":true,"href":"https:\/\/auma-drives.com\/en\/wp-json\/wp\/v2\/media\/4930"}],"wp:attachment":[{"href":"https:\/\/auma-drives.com\/en\/wp-json\/wp\/v2\/media?parent=1983"}],"curies":[{"name":"wp","href":"https:\/\/api.w.org\/{rel}","templated":true}]}}