{"id":1986,"date":"2021-04-13T11:37:46","date_gmt":"2021-04-13T09:37:46","guid":{"rendered":"https:\/\/auma-drives.com\/solar-thermal-power-plants\/"},"modified":"2025-01-09T15:28:51","modified_gmt":"2025-01-09T14:28:51","slug":"dual-axis-solar-trackers","status":"publish","type":"page","link":"https:\/\/auma-drives.com\/en\/custom-gearbox-solutions\/dual-axis-solar-trackers\/","title":{"rendered":"Dual Axis Solar Trackers"},"content":{"rendered":"<div class=\"wpb-content-wrapper\"><p>[vc_section el_class=&#8221;hg-grau&#8221;][vc_row][vc_column][vc_column_text css=&#8221;&#8221; el_class=&#8221;max-800px&#8221;]<\/p>\n<h1 style=\"text-align: center;\">Precision Gearboxes for Dual Axis Solar Trackers<\/h1>\n<p style=\"text-align: center;\">The efficiency of the plants is crucial for the success of solar energy. For optimum energy output of solar thermal power plants, thousands of heliostats must be precisely adjusted to the position of the sun. Throughout the entire day, from dawn till dusk, the heliostat gear units work at highest precision. Thus, the products of AUMA Drives contribute to the success of the energy turnaround.<\/p>\n<p>[\/vc_column_text][\/vc_column][\/vc_row][\/vc_section][vc_row][vc_column][vc_single_image image=&#8221;1670&#8243; img_size=&#8221;full&#8221; el_class=&#8221;reset&#8221;][\/vc_column][\/vc_row][vc_section][vc_row][vc_column width=&#8221;1\/2&#8243;]<div class=\"bb-ultimate-carousel\"><div class='bb-ultimate-carousel-slider   anwendungen-carousel' data-settings={&quot;responsive&quot;:[]} ><div class='bb-ultimate-carousel-slide   '>[vc_single_image image=&#8221;1079&#8243; img_size=&#8221;full&#8221; el_class=&#8221;reset&#8221;][vc_column_text el_class=&#8221;bildtext-simpel&#8221;]Slewing gear unit DRW 100 with integral primary planetary gearing[\/vc_column_text]<\/div><\/div><\/div>[\/vc_column][vc_column width=&#8221;1\/2&#8243;][vc_column_text css=&#8221;&#8221; el_class=&#8221;produkt-separator produkt-separator-circle&#8221;]In 2014, AUMA Drives provided more than 80,000 high precision gear units for the largest solar thermal power plant at that time, <a href=\"http:\/\/www.brightsourceenergy.com\/ivanpah-solar-project#.YCQUa3dKi3B\" target=\"_blank\" rel=\"noopener\">IVANPAH<\/a>, California. The <a href=\"https:\/\/auma-drives.com\/en\/industrial-gearboxes\/slewing-gearboxes\/\">slewing gear unit<\/a> with primary planetary gearing was specially developed for this project. Apart from the development, the complete production was done in Coswig. A new production line perfectly adapted to the project requirements was designed by the AUMA Drives experts.<\/p>\n<p>Since then, the gear units have performed precise alignment of the heliostats to the solar thermal tower plant. They have been designed for decades of service life at both minimum gear backlash and maintenance efforts.[\/vc_column_text][vc_column_text el_class=&#8221;fun-fact&#8221;]Self-locking design for transmission ratios ranging between i=52 and i=60[\/vc_column_text][vc_column_text el_class=&#8221;fun-fact&#8221;]Optimum design at minimised circumferential backlash (&lt;1 mrad) at utmost rigidity[\/vc_column_text][vc_column_text el_class=&#8221;fun-fact&#8221;]Maintenance-free for a scheduled service life of 25 years[\/vc_column_text][vc_column_text el_class=&#8221;fun-fact&#8221;]Integral planetary gearing with a transmission ratio of i=211[\/vc_column_text][vc_column_text el_class=&#8221;fun-fact&#8221;]Quantity for projects &gt;10,000 units can be implemented.[\/vc_column_text][\/vc_column][\/vc_row][\/vc_section][vc_section el_class=&#8221;hg-grau&#8221;][vc_row][vc_column width=&#8221;1\/2&#8243;][vc_btn title=&#8221;Combine harvesters&#8221; align=&#8221;center&#8221; css=&#8221;&#8221; link=&#8221;url:https%3A%2F%2Fauma-drives.com%2Fen%2Fcustom-gearbox-solutions%2Fagricultural-gearboxes%2F|title:Combine%20harvesters&#8221; el_class=&#8221;auma-btn-blau btn-nach-links btn-rot&#8221;][\/vc_column][vc_column width=&#8221;1\/2&#8243;][vc_btn title=&#8221;Tramways&#8221; align=&#8221;center&#8221; css=&#8221;&#8221; link=&#8221;url:https%3A%2F%2Fauma-drives.com%2Fen%2Fcustom-gearbox-solutions%2Fheavy-duty-screw-jacks%2F|title:Tramways&#8221; el_class=&#8221;auma-btn-blau btn-rot&#8221;][\/vc_column][\/vc_row][\/vc_section]<\/p>\n<\/div>","protected":false},"excerpt":{"rendered":"<p>[vc_section el_class=&#8221;hg-grau&#8221;][vc_row][vc_column][vc_column_text css=&#8221;&#8221; el_class=&#8221;max-800px&#8221;] Precision Gearboxes for Dual Axis Solar Trackers The efficiency of the plants is crucial for the success of solar energy. For optimum energy output of solar thermal power plants, thousands of heliostats must be precisely adjusted to the position of the sun. Throughout the entire day, from dawn till dusk, the [&hellip;]<\/p>\n","protected":false},"author":1,"featured_media":1670,"parent":2108,"menu_order":0,"comment_status":"closed","ping_status":"closed","template":"","meta":{"inline_featured_image":false,"footnotes":""},"yoast_head":"<!-- This site is optimized with the Yoast SEO Premium plugin v24.5 (Yoast SEO v24.5) - https:\/\/yoast.com\/wordpress\/plugins\/seo\/ -->\n<title>Dual Axis Solar Tracker Gearboxes &#8226; AUMA Drives<\/title>\n<meta name=\"description\" content=\"High-precision heliostat gearboxes \u2713 Efficient solar tracking \u2713 Decades of reliable service \u27a4 Discover our solar tracking solutions today!\" \/>\n<meta name=\"robots\" content=\"index, follow, max-snippet:-1, max-image-preview:large, max-video-preview:-1\" \/>\n<link rel=\"canonical\" href=\"https:\/\/auma-drives.com\/en\/custom-gearbox-solutions\/dual-axis-solar-trackers\/\" \/>\n<meta property=\"og:locale\" content=\"en_US\" \/>\n<meta property=\"og:type\" content=\"article\" \/>\n<meta property=\"og:title\" content=\"Dual Axis Solar Trackers\" \/>\n<meta property=\"og:description\" content=\"High-precision heliostat gearboxes \u2713 Efficient solar tracking \u2713 Decades of reliable service \u27a4 Discover our solar tracking solutions today!\" \/>\n<meta property=\"og:url\" content=\"https:\/\/auma-drives.com\/en\/custom-gearbox-solutions\/dual-axis-solar-trackers\/\" \/>\n<meta property=\"og:site_name\" content=\"AUMA Drives\" \/>\n<meta property=\"article:publisher\" content=\"https:\/\/de-de.facebook.com\/AUMAGroup\/\" \/>\n<meta property=\"article:modified_time\" content=\"2025-01-09T14:28:51+00:00\" \/>\n<meta property=\"og:image\" content=\"https:\/\/auma-drives.com\/wp-content\/uploads\/Solarpark_AdobeStock_306730928_1920px_RZ.jpg\" \/>\n\t<meta property=\"og:image:width\" content=\"1920\" \/>\n\t<meta property=\"og:image:height\" content=\"1205\" \/>\n\t<meta property=\"og:image:type\" content=\"image\/jpeg\" \/>\n<meta name=\"twitter:card\" content=\"summary_large_image\" \/>\n<meta name=\"twitter:label1\" content=\"Est. reading time\" \/>\n\t<meta name=\"twitter:data1\" content=\"2 minutes\" \/>\n<script type=\"application\/ld+json\" class=\"yoast-schema-graph\">{\"@context\":\"https:\/\/schema.org\",\"@graph\":[{\"@type\":\"WebPage\",\"@id\":\"https:\/\/auma-drives.com\/en\/custom-gearbox-solutions\/dual-axis-solar-trackers\/\",\"url\":\"https:\/\/auma-drives.com\/en\/custom-gearbox-solutions\/dual-axis-solar-trackers\/\",\"name\":\"Dual Axis Solar Tracker Gearboxes &#8226; AUMA Drives\",\"isPartOf\":{\"@id\":\"https:\/\/auma-drives.com\/en\/#website\"},\"primaryImageOfPage\":{\"@id\":\"https:\/\/auma-drives.com\/en\/custom-gearbox-solutions\/dual-axis-solar-trackers\/#primaryimage\"},\"image\":{\"@id\":\"https:\/\/auma-drives.com\/en\/custom-gearbox-solutions\/dual-axis-solar-trackers\/#primaryimage\"},\"thumbnailUrl\":\"https:\/\/auma-drives.com\/wp-content\/uploads\/Solarpark_AdobeStock_306730928_1920px_RZ.jpg\",\"datePublished\":\"2021-04-13T09:37:46+00:00\",\"dateModified\":\"2025-01-09T14:28:51+00:00\",\"description\":\"High-precision heliostat gearboxes \u2713 Efficient solar tracking \u2713 Decades of reliable service \u27a4 Discover our solar tracking solutions today!\",\"breadcrumb\":{\"@id\":\"https:\/\/auma-drives.com\/en\/custom-gearbox-solutions\/dual-axis-solar-trackers\/#breadcrumb\"},\"inLanguage\":\"en-US\",\"potentialAction\":[{\"@type\":\"ReadAction\",\"target\":[\"https:\/\/auma-drives.com\/en\/custom-gearbox-solutions\/dual-axis-solar-trackers\/\"]}]},{\"@type\":\"ImageObject\",\"inLanguage\":\"en-US\",\"@id\":\"https:\/\/auma-drives.com\/en\/custom-gearbox-solutions\/dual-axis-solar-trackers\/#primaryimage\",\"url\":\"https:\/\/auma-drives.com\/wp-content\/uploads\/Solarpark_AdobeStock_306730928_1920px_RZ.jpg\",\"contentUrl\":\"https:\/\/auma-drives.com\/wp-content\/uploads\/Solarpark_AdobeStock_306730928_1920px_RZ.jpg\",\"width\":1920,\"height\":1205,\"caption\":\"Solarthermie-Kraftwerk\"},{\"@type\":\"BreadcrumbList\",\"@id\":\"https:\/\/auma-drives.com\/en\/custom-gearbox-solutions\/dual-axis-solar-trackers\/#breadcrumb\",\"itemListElement\":[{\"@type\":\"ListItem\",\"position\":1,\"name\":\"Startseite\",\"item\":\"https:\/\/auma-drives.com\/en\/\"},{\"@type\":\"ListItem\",\"position\":2,\"name\":\"Custom Gearbox Solutions\",\"item\":\"https:\/\/auma-drives.com\/en\/custom-gearbox-solutions\/\"},{\"@type\":\"ListItem\",\"position\":3,\"name\":\"Dual Axis Solar Trackers\"}]},{\"@type\":\"WebSite\",\"@id\":\"https:\/\/auma-drives.com\/en\/#website\",\"url\":\"https:\/\/auma-drives.com\/en\/\",\"name\":\"AUMA Drives\",\"description\":\"Antriebssysteme f\u00fcr h\u00f6chste Anspr\u00fcche.\",\"publisher\":{\"@id\":\"https:\/\/auma-drives.com\/en\/#organization\"},\"potentialAction\":[{\"@type\":\"SearchAction\",\"target\":{\"@type\":\"EntryPoint\",\"urlTemplate\":\"https:\/\/auma-drives.com\/en\/?s={search_term_string}\"},\"query-input\":{\"@type\":\"PropertyValueSpecification\",\"valueRequired\":true,\"valueName\":\"search_term_string\"}}],\"inLanguage\":\"en-US\"},{\"@type\":\"Organization\",\"@id\":\"https:\/\/auma-drives.com\/en\/#organization\",\"name\":\"AUMA Drives GmbH\",\"url\":\"https:\/\/auma-drives.com\/en\/\",\"logo\":{\"@type\":\"ImageObject\",\"inLanguage\":\"en-US\",\"@id\":\"https:\/\/auma-drives.com\/en\/#\/schema\/logo\/image\/\",\"url\":\"https:\/\/auma-drives.com\/wp-content\/uploads\/auma-drives-logo.png\",\"contentUrl\":\"https:\/\/auma-drives.com\/wp-content\/uploads\/auma-drives-logo.png\",\"width\":1000,\"height\":144,\"caption\":\"AUMA Drives GmbH\"},\"image\":{\"@id\":\"https:\/\/auma-drives.com\/en\/#\/schema\/logo\/image\/\"},\"sameAs\":[\"https:\/\/de-de.facebook.com\/AUMAGroup\/\"]}]}<\/script>\n<!-- \/ Yoast SEO Premium plugin. -->","yoast_head_json":{"title":"Dual Axis Solar Tracker Gearboxes &#8226; AUMA Drives","description":"High-precision heliostat gearboxes \u2713 Efficient solar tracking \u2713 Decades of reliable service \u27a4 Discover our solar tracking solutions today!","robots":{"index":"index","follow":"follow","max-snippet":"max-snippet:-1","max-image-preview":"max-image-preview:large","max-video-preview":"max-video-preview:-1"},"canonical":"https:\/\/auma-drives.com\/en\/custom-gearbox-solutions\/dual-axis-solar-trackers\/","og_locale":"en_US","og_type":"article","og_title":"Dual Axis Solar Trackers","og_description":"High-precision heliostat gearboxes \u2713 Efficient solar tracking \u2713 Decades of reliable service \u27a4 Discover our solar tracking solutions today!","og_url":"https:\/\/auma-drives.com\/en\/custom-gearbox-solutions\/dual-axis-solar-trackers\/","og_site_name":"AUMA Drives","article_publisher":"https:\/\/de-de.facebook.com\/AUMAGroup\/","article_modified_time":"2025-01-09T14:28:51+00:00","og_image":[{"width":1920,"height":1205,"url":"https:\/\/auma-drives.com\/wp-content\/uploads\/Solarpark_AdobeStock_306730928_1920px_RZ.jpg","type":"image\/jpeg"}],"twitter_card":"summary_large_image","twitter_misc":{"Est. reading time":"2 minutes"},"schema":{"@context":"https:\/\/schema.org","@graph":[{"@type":"WebPage","@id":"https:\/\/auma-drives.com\/en\/custom-gearbox-solutions\/dual-axis-solar-trackers\/","url":"https:\/\/auma-drives.com\/en\/custom-gearbox-solutions\/dual-axis-solar-trackers\/","name":"Dual Axis Solar Tracker Gearboxes &#8226; AUMA Drives","isPartOf":{"@id":"https:\/\/auma-drives.com\/en\/#website"},"primaryImageOfPage":{"@id":"https:\/\/auma-drives.com\/en\/custom-gearbox-solutions\/dual-axis-solar-trackers\/#primaryimage"},"image":{"@id":"https:\/\/auma-drives.com\/en\/custom-gearbox-solutions\/dual-axis-solar-trackers\/#primaryimage"},"thumbnailUrl":"https:\/\/auma-drives.com\/wp-content\/uploads\/Solarpark_AdobeStock_306730928_1920px_RZ.jpg","datePublished":"2021-04-13T09:37:46+00:00","dateModified":"2025-01-09T14:28:51+00:00","description":"High-precision heliostat gearboxes \u2713 Efficient solar tracking \u2713 Decades of reliable service \u27a4 Discover our solar tracking solutions today!","breadcrumb":{"@id":"https:\/\/auma-drives.com\/en\/custom-gearbox-solutions\/dual-axis-solar-trackers\/#breadcrumb"},"inLanguage":"en-US","potentialAction":[{"@type":"ReadAction","target":["https:\/\/auma-drives.com\/en\/custom-gearbox-solutions\/dual-axis-solar-trackers\/"]}]},{"@type":"ImageObject","inLanguage":"en-US","@id":"https:\/\/auma-drives.com\/en\/custom-gearbox-solutions\/dual-axis-solar-trackers\/#primaryimage","url":"https:\/\/auma-drives.com\/wp-content\/uploads\/Solarpark_AdobeStock_306730928_1920px_RZ.jpg","contentUrl":"https:\/\/auma-drives.com\/wp-content\/uploads\/Solarpark_AdobeStock_306730928_1920px_RZ.jpg","width":1920,"height":1205,"caption":"Solarthermie-Kraftwerk"},{"@type":"BreadcrumbList","@id":"https:\/\/auma-drives.com\/en\/custom-gearbox-solutions\/dual-axis-solar-trackers\/#breadcrumb","itemListElement":[{"@type":"ListItem","position":1,"name":"Startseite","item":"https:\/\/auma-drives.com\/en\/"},{"@type":"ListItem","position":2,"name":"Custom Gearbox Solutions","item":"https:\/\/auma-drives.com\/en\/custom-gearbox-solutions\/"},{"@type":"ListItem","position":3,"name":"Dual Axis Solar Trackers"}]},{"@type":"WebSite","@id":"https:\/\/auma-drives.com\/en\/#website","url":"https:\/\/auma-drives.com\/en\/","name":"AUMA Drives","description":"Antriebssysteme f\u00fcr h\u00f6chste Anspr\u00fcche.","publisher":{"@id":"https:\/\/auma-drives.com\/en\/#organization"},"potentialAction":[{"@type":"SearchAction","target":{"@type":"EntryPoint","urlTemplate":"https:\/\/auma-drives.com\/en\/?s={search_term_string}"},"query-input":{"@type":"PropertyValueSpecification","valueRequired":true,"valueName":"search_term_string"}}],"inLanguage":"en-US"},{"@type":"Organization","@id":"https:\/\/auma-drives.com\/en\/#organization","name":"AUMA Drives GmbH","url":"https:\/\/auma-drives.com\/en\/","logo":{"@type":"ImageObject","inLanguage":"en-US","@id":"https:\/\/auma-drives.com\/en\/#\/schema\/logo\/image\/","url":"https:\/\/auma-drives.com\/wp-content\/uploads\/auma-drives-logo.png","contentUrl":"https:\/\/auma-drives.com\/wp-content\/uploads\/auma-drives-logo.png","width":1000,"height":144,"caption":"AUMA Drives GmbH"},"image":{"@id":"https:\/\/auma-drives.com\/en\/#\/schema\/logo\/image\/"},"sameAs":["https:\/\/de-de.facebook.com\/AUMAGroup\/"]}]}},"_links":{"self":[{"href":"https:\/\/auma-drives.com\/en\/wp-json\/wp\/v2\/pages\/1986"}],"collection":[{"href":"https:\/\/auma-drives.com\/en\/wp-json\/wp\/v2\/pages"}],"about":[{"href":"https:\/\/auma-drives.com\/en\/wp-json\/wp\/v2\/types\/page"}],"author":[{"embeddable":true,"href":"https:\/\/auma-drives.com\/en\/wp-json\/wp\/v2\/users\/1"}],"replies":[{"embeddable":true,"href":"https:\/\/auma-drives.com\/en\/wp-json\/wp\/v2\/comments?post=1986"}],"version-history":[{"count":15,"href":"https:\/\/auma-drives.com\/en\/wp-json\/wp\/v2\/pages\/1986\/revisions"}],"predecessor-version":[{"id":4875,"href":"https:\/\/auma-drives.com\/en\/wp-json\/wp\/v2\/pages\/1986\/revisions\/4875"}],"up":[{"embeddable":true,"href":"https:\/\/auma-drives.com\/en\/wp-json\/wp\/v2\/pages\/2108"}],"wp:featuredmedia":[{"embeddable":true,"href":"https:\/\/auma-drives.com\/en\/wp-json\/wp\/v2\/media\/1670"}],"wp:attachment":[{"href":"https:\/\/auma-drives.com\/en\/wp-json\/wp\/v2\/media?parent=1986"}],"curies":[{"name":"wp","href":"https:\/\/api.w.org\/{rel}","templated":true}]}}