{"id":1992,"date":"2021-04-13T11:38:11","date_gmt":"2021-04-13T09:38:11","guid":{"rendered":"https:\/\/auma-drives.com\/production\/"},"modified":"2024-09-27T10:12:18","modified_gmt":"2024-09-27T08:12:18","slug":"production","status":"publish","type":"page","link":"https:\/\/auma-drives.com\/en\/production\/","title":{"rendered":"Production"},"content":{"rendered":"<div class=\"wpb-content-wrapper\"><p>[vc_section el_class=&#8221;inhalt-up hg-grau-wrapper&#8221;][vc_row][vc_column css_animation=&#8221;none&#8221;][vc_single_image image=&#8221;4430&#8243; img_size=&#8221;full&#8221; alignment=&#8221;center&#8221; el_class=&#8221;auma-icons&#8221;][vc_column_text css=&#8221;&#8221; el_class=&#8221;auma-max-basisgetriebe&#8221;]<\/p>\n<h1 style=\"text-align: center;\">Precision Gear Manufacturing for Industrial Machinery<\/h1>\n<p style=\"text-align: center;\">For decades, AUMA Drives has focussed on premium quality in gear unit production. Skilled workers and modern equipment is therefore of utmost importance. This combination caters for a high level of vertical integration within the entire production process \u2013 from machining and housing machining right through to final assembly.<\/p>\n<p>[\/vc_column_text][\/vc_column][\/vc_row][\/vc_section][vc_section el_class=&#8221;auma-full-width&#8221;][vc_row][vc_column offset=&#8221;vc_col-lg-6&#8243;][vc_column_text]AUMA Drives applies the highest quality standards to the main components of all worm wheel sets. With the objective of the highest possible degree of vertical integration, the company produces all worm wheel splines up to quality 5 at location Coswig.<br \/>\nThis maxim applies to all stages in gear unit production.<\/p>\n<p>Eight modern <strong>CNC machining centres<\/strong> are available for turned parts, some with turning lengths up to 2,000 millimetres or turning diameters up to 500 millimetres. For the production of worm shafts, AUMA Drives exclusively relies on high-precision grinding procedures, eight computer-aided <strong>gear hobbing machines<\/strong> provide the splines of the worm wheels. Diameters of 1,600 millimetres can be implemented (maximum module 20). If required, all wheel set components can be additionally hardened.[\/vc_column_text][vc_empty_space height=&#8221;25px&#8221;][\/vc_column][vc_column css_animation=&#8221;none&#8221; offset=&#8221;vc_col-lg-6&#8243;][vc_column_text]Even the housings are processed by the AUMA Drives specialists in Coswig. Eight CNC machining centres for milling castings with weights of up to 2,000 kilograms as well as two painting facilities for wet painting of the gear unit housings are available.<\/p>\n<p>Two fully-automated lines for <strong>powder coating.<\/strong> With two powder booths and the option of manual re-coating ensure a particularly robust finish. The eight-zone pretreatment ensures optimum coating quality for workpieces with weights of up to 300 kilograms.[\/vc_column_text][\/vc_column][\/vc_row][\/vc_section][vc_section el_class=&#8221;hg-grau&#8221;][vc_row][vc_column offset=&#8221;vc_col-md-4&#8243;][vc_btn title=&#8221;Engineering Process&#8221; align=&#8221;center&#8221; css=&#8221;&#8221; link=&#8221;url:https%3A%2F%2Fauma-drives.com%2Fen%2Fexpertise%2Fengineering-process%2F|title:Engineering%20Process&#8221; el_class=&#8221;auma-btn-blau btn-rot btn-nach-links&#8221;][\/vc_column][vc_column offset=&#8221;vc_col-md-4&#8243;][vc_btn title=&#8221;Quality management&#8221; align=&#8221;center&#8221; css=&#8221;&#8221; link=&#8221;url:https%3A%2F%2Fauma-drives.com%2Fen%2Fexpertise%2Fquality-management%2F|title:Quality%20Management&#8221; el_class=&#8221;auma-btn-blau btn-rot&#8221;][\/vc_column][vc_column offset=&#8221;vc_col-md-4&#8243;][vc_btn title=&#8221;Special gear units&#8221; align=&#8221;center&#8221; css=&#8221;&#8221; link=&#8221;url:https%3A%2F%2Fauma-drives.com%2Fen%2Fcustom-gearbox-solutions%2F&#8221; el_class=&#8221;auma-btn-blau btn-rot&#8221;][\/vc_column][\/vc_row][\/vc_section]<\/p>\n<\/div>","protected":false},"excerpt":{"rendered":"<p>[vc_section el_class=&#8221;inhalt-up hg-grau-wrapper&#8221;][vc_row][vc_column css_animation=&#8221;none&#8221;][vc_single_image image=&#8221;4430&#8243; img_size=&#8221;full&#8221; alignment=&#8221;center&#8221; el_class=&#8221;auma-icons&#8221;][vc_column_text css=&#8221;&#8221; el_class=&#8221;auma-max-basisgetriebe&#8221;] Precision Gear Manufacturing for Industrial Machinery For decades, AUMA Drives has focussed on premium quality in gear unit production. Skilled workers and modern equipment is therefore of utmost importance. This combination caters for a high level of vertical integration within the entire production process \u2013 [&hellip;]<\/p>\n","protected":false},"author":1,"featured_media":2003,"parent":0,"menu_order":0,"comment_status":"closed","ping_status":"closed","template":"","meta":{"inline_featured_image":false,"footnotes":""},"yoast_head":"<!-- This site is optimized with the Yoast SEO Premium plugin v24.5 (Yoast SEO v24.5) - https:\/\/yoast.com\/wordpress\/plugins\/seo\/ -->\n<title>Precision Gear Manufacturing Solutions &#8226; AUMA Drives<\/title>\n<meta name=\"description\" content=\"Top-tier gear manufacturing \u2713 Industrial machinery gearboxes \u2713 German precision and reliability \u27a4 Explore our production capabilities today!\" \/>\n<meta name=\"robots\" content=\"index, follow, max-snippet:-1, max-image-preview:large, max-video-preview:-1\" \/>\n<link rel=\"canonical\" href=\"https:\/\/auma-drives.com\/en\/production\/\" \/>\n<meta property=\"og:locale\" content=\"en_US\" \/>\n<meta property=\"og:type\" content=\"article\" \/>\n<meta property=\"og:title\" content=\"Production\" \/>\n<meta property=\"og:description\" content=\"Top-tier gear manufacturing \u2713 Industrial machinery gearboxes \u2713 German precision and reliability \u27a4 Explore our production capabilities today!\" \/>\n<meta property=\"og:url\" content=\"https:\/\/auma-drives.com\/en\/production\/\" \/>\n<meta property=\"og:site_name\" content=\"AUMA Drives\" \/>\n<meta property=\"article:publisher\" content=\"https:\/\/de-de.facebook.com\/AUMAGroup\/\" \/>\n<meta property=\"article:modified_time\" content=\"2024-09-27T08:12:18+00:00\" \/>\n<meta property=\"og:image\" content=\"https:\/\/auma-drives.com\/wp-content\/uploads\/AUMA_280217_150_1920px_RZ.jpg\" \/>\n\t<meta property=\"og:image:width\" content=\"1920\" \/>\n\t<meta property=\"og:image:height\" content=\"1280\" \/>\n\t<meta property=\"og:image:type\" content=\"image\/jpeg\" \/>\n<meta name=\"twitter:card\" content=\"summary_large_image\" \/>\n<meta name=\"twitter:label1\" content=\"Est. reading time\" \/>\n\t<meta name=\"twitter:data1\" content=\"3 minutes\" \/>\n<script type=\"application\/ld+json\" class=\"yoast-schema-graph\">{\"@context\":\"https:\/\/schema.org\",\"@graph\":[{\"@type\":\"WebPage\",\"@id\":\"https:\/\/auma-drives.com\/en\/production\/\",\"url\":\"https:\/\/auma-drives.com\/en\/production\/\",\"name\":\"Precision Gear Manufacturing Solutions &#8226; AUMA Drives\",\"isPartOf\":{\"@id\":\"https:\/\/auma-drives.com\/en\/#website\"},\"primaryImageOfPage\":{\"@id\":\"https:\/\/auma-drives.com\/en\/production\/#primaryimage\"},\"image\":{\"@id\":\"https:\/\/auma-drives.com\/en\/production\/#primaryimage\"},\"thumbnailUrl\":\"https:\/\/auma-drives.com\/wp-content\/uploads\/AUMA_280217_150_1920px_RZ.jpg\",\"datePublished\":\"2021-04-13T09:38:11+00:00\",\"dateModified\":\"2024-09-27T08:12:18+00:00\",\"description\":\"Top-tier gear manufacturing \u2713 Industrial machinery gearboxes \u2713 German precision and reliability \u27a4 Explore our production capabilities today!\",\"breadcrumb\":{\"@id\":\"https:\/\/auma-drives.com\/en\/production\/#breadcrumb\"},\"inLanguage\":\"en-US\",\"potentialAction\":[{\"@type\":\"ReadAction\",\"target\":[\"https:\/\/auma-drives.com\/en\/production\/\"]}]},{\"@type\":\"ImageObject\",\"inLanguage\":\"en-US\",\"@id\":\"https:\/\/auma-drives.com\/en\/production\/#primaryimage\",\"url\":\"https:\/\/auma-drives.com\/wp-content\/uploads\/AUMA_280217_150_1920px_RZ.jpg\",\"contentUrl\":\"https:\/\/auma-drives.com\/wp-content\/uploads\/AUMA_280217_150_1920px_RZ.jpg\",\"width\":1920,\"height\":1280,\"caption\":\"Gear production\"},{\"@type\":\"BreadcrumbList\",\"@id\":\"https:\/\/auma-drives.com\/en\/production\/#breadcrumb\",\"itemListElement\":[{\"@type\":\"ListItem\",\"position\":1,\"name\":\"Startseite\",\"item\":\"https:\/\/auma-drives.com\/en\/\"},{\"@type\":\"ListItem\",\"position\":2,\"name\":\"Production\"}]},{\"@type\":\"WebSite\",\"@id\":\"https:\/\/auma-drives.com\/en\/#website\",\"url\":\"https:\/\/auma-drives.com\/en\/\",\"name\":\"AUMA Drives\",\"description\":\"Antriebssysteme f\u00fcr h\u00f6chste Anspr\u00fcche.\",\"publisher\":{\"@id\":\"https:\/\/auma-drives.com\/en\/#organization\"},\"potentialAction\":[{\"@type\":\"SearchAction\",\"target\":{\"@type\":\"EntryPoint\",\"urlTemplate\":\"https:\/\/auma-drives.com\/en\/?s={search_term_string}\"},\"query-input\":{\"@type\":\"PropertyValueSpecification\",\"valueRequired\":true,\"valueName\":\"search_term_string\"}}],\"inLanguage\":\"en-US\"},{\"@type\":\"Organization\",\"@id\":\"https:\/\/auma-drives.com\/en\/#organization\",\"name\":\"AUMA Drives GmbH\",\"url\":\"https:\/\/auma-drives.com\/en\/\",\"logo\":{\"@type\":\"ImageObject\",\"inLanguage\":\"en-US\",\"@id\":\"https:\/\/auma-drives.com\/en\/#\/schema\/logo\/image\/\",\"url\":\"https:\/\/auma-drives.com\/wp-content\/uploads\/auma-drives-logo.png\",\"contentUrl\":\"https:\/\/auma-drives.com\/wp-content\/uploads\/auma-drives-logo.png\",\"width\":1000,\"height\":144,\"caption\":\"AUMA Drives GmbH\"},\"image\":{\"@id\":\"https:\/\/auma-drives.com\/en\/#\/schema\/logo\/image\/\"},\"sameAs\":[\"https:\/\/de-de.facebook.com\/AUMAGroup\/\"]}]}<\/script>\n<!-- \/ Yoast SEO Premium plugin. -->","yoast_head_json":{"title":"Precision Gear Manufacturing Solutions &#8226; AUMA Drives","description":"Top-tier gear manufacturing \u2713 Industrial machinery gearboxes \u2713 German precision and reliability \u27a4 Explore our production capabilities today!","robots":{"index":"index","follow":"follow","max-snippet":"max-snippet:-1","max-image-preview":"max-image-preview:large","max-video-preview":"max-video-preview:-1"},"canonical":"https:\/\/auma-drives.com\/en\/production\/","og_locale":"en_US","og_type":"article","og_title":"Production","og_description":"Top-tier gear manufacturing \u2713 Industrial machinery gearboxes \u2713 German precision and reliability \u27a4 Explore our production capabilities today!","og_url":"https:\/\/auma-drives.com\/en\/production\/","og_site_name":"AUMA Drives","article_publisher":"https:\/\/de-de.facebook.com\/AUMAGroup\/","article_modified_time":"2024-09-27T08:12:18+00:00","og_image":[{"width":1920,"height":1280,"url":"https:\/\/auma-drives.com\/wp-content\/uploads\/AUMA_280217_150_1920px_RZ.jpg","type":"image\/jpeg"}],"twitter_card":"summary_large_image","twitter_misc":{"Est. reading time":"3 minutes"},"schema":{"@context":"https:\/\/schema.org","@graph":[{"@type":"WebPage","@id":"https:\/\/auma-drives.com\/en\/production\/","url":"https:\/\/auma-drives.com\/en\/production\/","name":"Precision Gear Manufacturing Solutions &#8226; AUMA Drives","isPartOf":{"@id":"https:\/\/auma-drives.com\/en\/#website"},"primaryImageOfPage":{"@id":"https:\/\/auma-drives.com\/en\/production\/#primaryimage"},"image":{"@id":"https:\/\/auma-drives.com\/en\/production\/#primaryimage"},"thumbnailUrl":"https:\/\/auma-drives.com\/wp-content\/uploads\/AUMA_280217_150_1920px_RZ.jpg","datePublished":"2021-04-13T09:38:11+00:00","dateModified":"2024-09-27T08:12:18+00:00","description":"Top-tier gear manufacturing \u2713 Industrial machinery gearboxes \u2713 German precision and reliability \u27a4 Explore our production capabilities today!","breadcrumb":{"@id":"https:\/\/auma-drives.com\/en\/production\/#breadcrumb"},"inLanguage":"en-US","potentialAction":[{"@type":"ReadAction","target":["https:\/\/auma-drives.com\/en\/production\/"]}]},{"@type":"ImageObject","inLanguage":"en-US","@id":"https:\/\/auma-drives.com\/en\/production\/#primaryimage","url":"https:\/\/auma-drives.com\/wp-content\/uploads\/AUMA_280217_150_1920px_RZ.jpg","contentUrl":"https:\/\/auma-drives.com\/wp-content\/uploads\/AUMA_280217_150_1920px_RZ.jpg","width":1920,"height":1280,"caption":"Gear production"},{"@type":"BreadcrumbList","@id":"https:\/\/auma-drives.com\/en\/production\/#breadcrumb","itemListElement":[{"@type":"ListItem","position":1,"name":"Startseite","item":"https:\/\/auma-drives.com\/en\/"},{"@type":"ListItem","position":2,"name":"Production"}]},{"@type":"WebSite","@id":"https:\/\/auma-drives.com\/en\/#website","url":"https:\/\/auma-drives.com\/en\/","name":"AUMA Drives","description":"Antriebssysteme f\u00fcr h\u00f6chste Anspr\u00fcche.","publisher":{"@id":"https:\/\/auma-drives.com\/en\/#organization"},"potentialAction":[{"@type":"SearchAction","target":{"@type":"EntryPoint","urlTemplate":"https:\/\/auma-drives.com\/en\/?s={search_term_string}"},"query-input":{"@type":"PropertyValueSpecification","valueRequired":true,"valueName":"search_term_string"}}],"inLanguage":"en-US"},{"@type":"Organization","@id":"https:\/\/auma-drives.com\/en\/#organization","name":"AUMA Drives GmbH","url":"https:\/\/auma-drives.com\/en\/","logo":{"@type":"ImageObject","inLanguage":"en-US","@id":"https:\/\/auma-drives.com\/en\/#\/schema\/logo\/image\/","url":"https:\/\/auma-drives.com\/wp-content\/uploads\/auma-drives-logo.png","contentUrl":"https:\/\/auma-drives.com\/wp-content\/uploads\/auma-drives-logo.png","width":1000,"height":144,"caption":"AUMA Drives GmbH"},"image":{"@id":"https:\/\/auma-drives.com\/en\/#\/schema\/logo\/image\/"},"sameAs":["https:\/\/de-de.facebook.com\/AUMAGroup\/"]}]}},"_links":{"self":[{"href":"https:\/\/auma-drives.com\/en\/wp-json\/wp\/v2\/pages\/1992"}],"collection":[{"href":"https:\/\/auma-drives.com\/en\/wp-json\/wp\/v2\/pages"}],"about":[{"href":"https:\/\/auma-drives.com\/en\/wp-json\/wp\/v2\/types\/page"}],"author":[{"embeddable":true,"href":"https:\/\/auma-drives.com\/en\/wp-json\/wp\/v2\/users\/1"}],"replies":[{"embeddable":true,"href":"https:\/\/auma-drives.com\/en\/wp-json\/wp\/v2\/comments?post=1992"}],"version-history":[{"count":13,"href":"https:\/\/auma-drives.com\/en\/wp-json\/wp\/v2\/pages\/1992\/revisions"}],"predecessor-version":[{"id":4887,"href":"https:\/\/auma-drives.com\/en\/wp-json\/wp\/v2\/pages\/1992\/revisions\/4887"}],"wp:featuredmedia":[{"embeddable":true,"href":"https:\/\/auma-drives.com\/en\/wp-json\/wp\/v2\/media\/2003"}],"wp:attachment":[{"href":"https:\/\/auma-drives.com\/en\/wp-json\/wp\/v2\/media?parent=1992"}],"curies":[{"name":"wp","href":"https:\/\/api.w.org\/{rel}","templated":true}]}}