{"id":2004,"date":"2021-04-14T09:06:41","date_gmt":"2021-04-14T07:06:41","guid":{"rendered":"https:\/\/auma-drives.com\/career\/apprentices-in-2021\/"},"modified":"2025-07-22T15:18:20","modified_gmt":"2025-07-22T13:18:20","slug":"apprentices","status":"publish","type":"page","link":"https:\/\/auma-drives.com\/en\/company\/careers\/apprentices\/","title":{"rendered":"Apprenticeships 2025"},"content":{"rendered":"<div class=\"wpb-content-wrapper\"><p>[vc_section el_class=&#8221;inhalt-up hg-grau-wrapper&#8221;][vc_row][vc_column][vc_column_text css=&#8221;&#8221; el_class=&#8221;auma-max-766px center-linie&#8221;]<\/p>\n<h1 style=\"text-align: center;\">Apprenticeships at AUMA Drives in 2025<\/h1>\n<p style=\"text-align: center;\">Since 1896, AUMA Drives GmbH has been established as sustainable and successful mechanical engineering company. Being part of a strong network within the AUMA Group, AUMA Drives produces mechanical gear units and drive systems with utmost precision and competence in development of tailored customer solutions. Products made in Coswig can be found as reliable and safe drive solutions in escalators, utility vehicles as well as machine tools and construction equipment.<\/p>\n<p>[\/vc_column_text][\/vc_column][\/vc_row][\/vc_section][vc_section el_class=&#8221;auma-full-width&#8221;][vc_row el_class=&#8221;auma-flex&#8221;][vc_column width=&#8221;1\/2&#8243; el_class=&#8221;flex-center&#8221;][vc_single_image image=&#8221;4361&#8243; img_size=&#8221;full&#8221; el_class=&#8221;bild-z-index-3 reset&#8221;][\/vc_column][vc_column width=&#8221;1\/2&#8243;][vc_column_text css=&#8221;&#8221; el_class=&#8221;max-500px&#8221;]<\/p>\n<h2>A company in motion \u2013 AUMA.<\/h2>\n<p><strong>For the year 2025 we are looking for the following apprentices:<\/strong><\/p>\n<p>The apprenticeships for 2025 has already been filled.<br \/>\n<!--ul><\/p>\n\n\n\n\n<li>Industrial mechanics m\/f\/d<br \/>\n<span class=\"ausbildungsdauer\">Duration of apprenticeship: 3.5 years<\/span><\/li>\n\n\n\n\n<li>Machining mechanics m\/f\/d<br \/>\n<span class=\"ausbildungsdauer\">Duration of apprenticeship: 3.5 years<\/span><\/li>\n\n\n\n\n<li>Dual study program in mechanical engineering m\/f\/d<br \/>\n<span class=\"ausbildungsdauer\">Duration of apprenticeship: 3 years<\/span><\/li>\n\n\n\n\n<li>Warehouse logistics specialist m\/f\/d<br \/>\n<span class=\"ausbildungsdauer\">Duration of apprenticeship: 3 years<\/span><\/li>\n\n\n\n\n<li>Mechatronics engineer m\/f\/d<br \/>\n<span class=\"ausbildungsdauer\">Duration of apprenticeship: 3.5 years<\/span><\/li>\n\n\n\n\n<\/ul-->[\/vc_column_text][\/vc_column][\/vc_row][\/vc_section][vc_section el_class=&#8221;hg-grau&#8221;][vc_row el_class=&#8221;auma-flex&#8221;][vc_column width=&#8221;1\/2&#8243; el_class=&#8221;auma-flex-1 flex-center&#8221;][vc_single_image image=&#8221;1709&#8243; img_size=&#8221;full&#8221; el_class=&#8221;bild-z-index-3 reset&#8221;][\/vc_column][vc_column width=&#8221;1\/2&#8243; el_class=&#8221;auma-flex-2&#8243;][vc_column_text el_class=&#8221;auma-getriebe-after&#8221;]You have passed at least your GSCE with good grades in maths and languages. If you have a logic and systematic approach, work with diligence and are looking for a versatile, future-oriented job, there is just one thing missing: Your application! Apart from many fringe benefits such as holiday pay and Christmas bonus, you can enjoy many other social benefit. This includes among others:<\/p>\n<ul>\n<li>A trip to get to know each other right at the beginning of your apprenticeship<\/li>\n<li>Public transport ticket for getting to the technical school and to AUMA Drives<\/li>\n<li>Our apprentice exchange within the AUMA Group \u2013 two weeks in Muellheim\/Baden<\/li>\n<li>One day of self-planned excursion per vocational training year<\/li>\n<li>A heath programme within the framework of Corporate Health Management<\/li>\n<li>Participation in sports activities such as the REWE team challenge<\/li>\n<li>Mentoring scheme for intensive support during exam preparation by our senior staff to make sure that your results will be good and you will be taken over after completion of your apprenticeship<\/li>\n<\/ul>\n<p>[\/vc_column_text][vc_empty_space height=&#8221;25px&#8221;][\/vc_column][\/vc_row][\/vc_section][vc_section][vc_row][vc_column][vc_column_text el_class=&#8221;center-linie&#8221;]<\/p>\n<h3 style=\"text-align: center;\">We will pay for your driving licence class B (depending on your efforts), should you not yet have taken the exam.<\/h3>\n<p>[\/vc_column_text][\/vc_column][\/vc_row][vc_row][vc_column width=&#8221;1\/2&#8243;][vc_column_text]Stay green and think of your carbon footprint \u2013 we look forward to receiving your application in PDF format. Send your application to the e-mail address below: <a href=\"mailto:bewerbungen.drv@auma.com\">bewerbungen.drv@auma.com<\/a>.[\/vc_column_text][\/vc_column][vc_column width=&#8221;1\/2&#8243;][vc_column_text]Should you have any question, please contact Mrs H\u00f6her <a href=\"tel:0352394685\">+49-3523 94 685<\/a>.[\/vc_column_text][\/vc_column][\/vc_row][vc_row][vc_column][vc_btn title=&#8221;Apply now!&#8221; align=&#8221;center&#8221; link=&#8221;url:%0A%09%09%09%09%09mailto%3Abewerbungen.drv%40auma.com%0A%09%09%09%09|target:_blank|&#8221; el_class=&#8221;auma-btn-blau&#8221;][vc_btn title=&#8221;Return to Career&#8221; align=&#8221;center&#8221; css=&#8221;&#8221; link=&#8221;url:https%3A%2F%2Fauma-drives.com%2Fen%2Fcompany%2Fcareers%2F|title:Career&#8221; el_class=&#8221;auma-btn-blau btn-rot btn-nach-links&#8221;][\/vc_column][\/vc_row][\/vc_section]<\/p>\n<\/div>","protected":false},"excerpt":{"rendered":"<p>[vc_section el_class=&#8221;inhalt-up hg-grau-wrapper&#8221;][vc_row][vc_column][vc_column_text css=&#8221;&#8221; el_class=&#8221;auma-max-766px center-linie&#8221;] Apprenticeships at AUMA Drives in 2025 Since 1896, AUMA Drives GmbH has been established as sustainable and successful mechanical engineering company. Being part of a strong network within the AUMA Group, AUMA Drives produces mechanical gear units and drive systems with utmost precision and competence in development of tailored [&hellip;]<\/p>\n","protected":false},"author":1,"featured_media":1745,"parent":1922,"menu_order":0,"comment_status":"closed","ping_status":"closed","template":"","meta":{"inline_featured_image":false,"footnotes":""},"yoast_head":"<!-- This site is optimized with the Yoast SEO Premium plugin v24.5 (Yoast SEO v24.5) - https:\/\/yoast.com\/wordpress\/plugins\/seo\/ -->\n<title>Apprenticeship Opportunities in Coswig &#8226; AUMA Drives<\/title>\n<meta name=\"description\" content=\"Launch your career with AUMA Drives in Coswig \u2713 Hands-on apprenticeships in gear technology \u2713 Gain valuable skills and experience \u27a4 Apply now!\" \/>\n<meta name=\"robots\" content=\"index, follow, max-snippet:-1, max-image-preview:large, max-video-preview:-1\" \/>\n<link rel=\"canonical\" href=\"https:\/\/auma-drives.com\/en\/company\/careers\/apprentices\/\" \/>\n<meta property=\"og:locale\" content=\"en_US\" \/>\n<meta property=\"og:type\" content=\"article\" \/>\n<meta property=\"og:title\" content=\"Apprenticeships 2025\" \/>\n<meta property=\"og:description\" content=\"Launch your career with AUMA Drives in Coswig \u2713 Hands-on apprenticeships in gear technology \u2713 Gain valuable skills and experience \u27a4 Apply now!\" \/>\n<meta property=\"og:url\" content=\"https:\/\/auma-drives.com\/en\/company\/careers\/apprentices\/\" \/>\n<meta property=\"og:site_name\" content=\"AUMA Drives\" \/>\n<meta property=\"article:publisher\" content=\"https:\/\/de-de.facebook.com\/AUMAGroup\/\" \/>\n<meta property=\"article:modified_time\" content=\"2025-07-22T13:18:20+00:00\" \/>\n<meta property=\"og:image\" content=\"https:\/\/auma-drives.com\/wp-content\/uploads\/GFC_140911_V11_002_1920px_angepasst.jpg\" \/>\n\t<meta property=\"og:image:width\" content=\"1920\" \/>\n\t<meta property=\"og:image:height\" content=\"1439\" \/>\n\t<meta property=\"og:image:type\" content=\"image\/jpeg\" \/>\n<meta name=\"twitter:card\" content=\"summary_large_image\" \/>\n<meta name=\"twitter:label1\" content=\"Est. reading time\" \/>\n\t<meta name=\"twitter:data1\" content=\"3 minutes\" \/>\n<script type=\"application\/ld+json\" class=\"yoast-schema-graph\">{\"@context\":\"https:\/\/schema.org\",\"@graph\":[{\"@type\":\"WebPage\",\"@id\":\"https:\/\/auma-drives.com\/en\/company\/careers\/apprentices\/\",\"url\":\"https:\/\/auma-drives.com\/en\/company\/careers\/apprentices\/\",\"name\":\"Apprenticeship Opportunities in Coswig &#8226; AUMA Drives\",\"isPartOf\":{\"@id\":\"https:\/\/auma-drives.com\/en\/#website\"},\"primaryImageOfPage\":{\"@id\":\"https:\/\/auma-drives.com\/en\/company\/careers\/apprentices\/#primaryimage\"},\"image\":{\"@id\":\"https:\/\/auma-drives.com\/en\/company\/careers\/apprentices\/#primaryimage\"},\"thumbnailUrl\":\"https:\/\/auma-drives.com\/wp-content\/uploads\/GFC_140911_V11_002_1920px_angepasst.jpg\",\"datePublished\":\"2021-04-14T07:06:41+00:00\",\"dateModified\":\"2025-07-22T13:18:20+00:00\",\"description\":\"Launch your career with AUMA Drives in Coswig \u2713 Hands-on apprenticeships in gear technology \u2713 Gain valuable skills and experience \u27a4 Apply now!\",\"breadcrumb\":{\"@id\":\"https:\/\/auma-drives.com\/en\/company\/careers\/apprentices\/#breadcrumb\"},\"inLanguage\":\"en-US\",\"potentialAction\":[{\"@type\":\"ReadAction\",\"target\":[\"https:\/\/auma-drives.com\/en\/company\/careers\/apprentices\/\"]}]},{\"@type\":\"ImageObject\",\"inLanguage\":\"en-US\",\"@id\":\"https:\/\/auma-drives.com\/en\/company\/careers\/apprentices\/#primaryimage\",\"url\":\"https:\/\/auma-drives.com\/wp-content\/uploads\/GFC_140911_V11_002_1920px_angepasst.jpg\",\"contentUrl\":\"https:\/\/auma-drives.com\/wp-content\/uploads\/GFC_140911_V11_002_1920px_angepasst.jpg\",\"width\":1920,\"height\":1439,\"caption\":\"AUMA Drives\"},{\"@type\":\"BreadcrumbList\",\"@id\":\"https:\/\/auma-drives.com\/en\/company\/careers\/apprentices\/#breadcrumb\",\"itemListElement\":[{\"@type\":\"ListItem\",\"position\":1,\"name\":\"Startseite\",\"item\":\"https:\/\/auma-drives.com\/en\/\"},{\"@type\":\"ListItem\",\"position\":2,\"name\":\"Company\",\"item\":\"https:\/\/auma-drives.com\/en\/company\/\"},{\"@type\":\"ListItem\",\"position\":3,\"name\":\"Careers\",\"item\":\"https:\/\/auma-drives.com\/en\/unternehmen\/karriere\/\"},{\"@type\":\"ListItem\",\"position\":4,\"name\":\"Apprenticeships 2025\"}]},{\"@type\":\"WebSite\",\"@id\":\"https:\/\/auma-drives.com\/en\/#website\",\"url\":\"https:\/\/auma-drives.com\/en\/\",\"name\":\"AUMA Drives\",\"description\":\"Antriebssysteme f\u00fcr h\u00f6chste Anspr\u00fcche.\",\"publisher\":{\"@id\":\"https:\/\/auma-drives.com\/en\/#organization\"},\"potentialAction\":[{\"@type\":\"SearchAction\",\"target\":{\"@type\":\"EntryPoint\",\"urlTemplate\":\"https:\/\/auma-drives.com\/en\/?s={search_term_string}\"},\"query-input\":{\"@type\":\"PropertyValueSpecification\",\"valueRequired\":true,\"valueName\":\"search_term_string\"}}],\"inLanguage\":\"en-US\"},{\"@type\":\"Organization\",\"@id\":\"https:\/\/auma-drives.com\/en\/#organization\",\"name\":\"AUMA Drives GmbH\",\"url\":\"https:\/\/auma-drives.com\/en\/\",\"logo\":{\"@type\":\"ImageObject\",\"inLanguage\":\"en-US\",\"@id\":\"https:\/\/auma-drives.com\/en\/#\/schema\/logo\/image\/\",\"url\":\"https:\/\/auma-drives.com\/wp-content\/uploads\/auma-drives-logo.png\",\"contentUrl\":\"https:\/\/auma-drives.com\/wp-content\/uploads\/auma-drives-logo.png\",\"width\":1000,\"height\":144,\"caption\":\"AUMA Drives GmbH\"},\"image\":{\"@id\":\"https:\/\/auma-drives.com\/en\/#\/schema\/logo\/image\/\"},\"sameAs\":[\"https:\/\/de-de.facebook.com\/AUMAGroup\/\"]}]}<\/script>\n<!-- \/ Yoast SEO Premium plugin. -->","yoast_head_json":{"title":"Apprenticeship Opportunities in Coswig &#8226; AUMA Drives","description":"Launch your career with AUMA Drives in Coswig \u2713 Hands-on apprenticeships in gear technology \u2713 Gain valuable skills and experience \u27a4 Apply now!","robots":{"index":"index","follow":"follow","max-snippet":"max-snippet:-1","max-image-preview":"max-image-preview:large","max-video-preview":"max-video-preview:-1"},"canonical":"https:\/\/auma-drives.com\/en\/company\/careers\/apprentices\/","og_locale":"en_US","og_type":"article","og_title":"Apprenticeships 2025","og_description":"Launch your career with AUMA Drives in Coswig \u2713 Hands-on apprenticeships in gear technology \u2713 Gain valuable skills and experience \u27a4 Apply now!","og_url":"https:\/\/auma-drives.com\/en\/company\/careers\/apprentices\/","og_site_name":"AUMA Drives","article_publisher":"https:\/\/de-de.facebook.com\/AUMAGroup\/","article_modified_time":"2025-07-22T13:18:20+00:00","og_image":[{"width":1920,"height":1439,"url":"https:\/\/auma-drives.com\/wp-content\/uploads\/GFC_140911_V11_002_1920px_angepasst.jpg","type":"image\/jpeg"}],"twitter_card":"summary_large_image","twitter_misc":{"Est. reading time":"3 minutes"},"schema":{"@context":"https:\/\/schema.org","@graph":[{"@type":"WebPage","@id":"https:\/\/auma-drives.com\/en\/company\/careers\/apprentices\/","url":"https:\/\/auma-drives.com\/en\/company\/careers\/apprentices\/","name":"Apprenticeship Opportunities in Coswig &#8226; AUMA Drives","isPartOf":{"@id":"https:\/\/auma-drives.com\/en\/#website"},"primaryImageOfPage":{"@id":"https:\/\/auma-drives.com\/en\/company\/careers\/apprentices\/#primaryimage"},"image":{"@id":"https:\/\/auma-drives.com\/en\/company\/careers\/apprentices\/#primaryimage"},"thumbnailUrl":"https:\/\/auma-drives.com\/wp-content\/uploads\/GFC_140911_V11_002_1920px_angepasst.jpg","datePublished":"2021-04-14T07:06:41+00:00","dateModified":"2025-07-22T13:18:20+00:00","description":"Launch your career with AUMA Drives in Coswig \u2713 Hands-on apprenticeships in gear technology \u2713 Gain valuable skills and experience \u27a4 Apply now!","breadcrumb":{"@id":"https:\/\/auma-drives.com\/en\/company\/careers\/apprentices\/#breadcrumb"},"inLanguage":"en-US","potentialAction":[{"@type":"ReadAction","target":["https:\/\/auma-drives.com\/en\/company\/careers\/apprentices\/"]}]},{"@type":"ImageObject","inLanguage":"en-US","@id":"https:\/\/auma-drives.com\/en\/company\/careers\/apprentices\/#primaryimage","url":"https:\/\/auma-drives.com\/wp-content\/uploads\/GFC_140911_V11_002_1920px_angepasst.jpg","contentUrl":"https:\/\/auma-drives.com\/wp-content\/uploads\/GFC_140911_V11_002_1920px_angepasst.jpg","width":1920,"height":1439,"caption":"AUMA Drives"},{"@type":"BreadcrumbList","@id":"https:\/\/auma-drives.com\/en\/company\/careers\/apprentices\/#breadcrumb","itemListElement":[{"@type":"ListItem","position":1,"name":"Startseite","item":"https:\/\/auma-drives.com\/en\/"},{"@type":"ListItem","position":2,"name":"Company","item":"https:\/\/auma-drives.com\/en\/company\/"},{"@type":"ListItem","position":3,"name":"Careers","item":"https:\/\/auma-drives.com\/en\/unternehmen\/karriere\/"},{"@type":"ListItem","position":4,"name":"Apprenticeships 2025"}]},{"@type":"WebSite","@id":"https:\/\/auma-drives.com\/en\/#website","url":"https:\/\/auma-drives.com\/en\/","name":"AUMA Drives","description":"Antriebssysteme f\u00fcr h\u00f6chste Anspr\u00fcche.","publisher":{"@id":"https:\/\/auma-drives.com\/en\/#organization"},"potentialAction":[{"@type":"SearchAction","target":{"@type":"EntryPoint","urlTemplate":"https:\/\/auma-drives.com\/en\/?s={search_term_string}"},"query-input":{"@type":"PropertyValueSpecification","valueRequired":true,"valueName":"search_term_string"}}],"inLanguage":"en-US"},{"@type":"Organization","@id":"https:\/\/auma-drives.com\/en\/#organization","name":"AUMA Drives GmbH","url":"https:\/\/auma-drives.com\/en\/","logo":{"@type":"ImageObject","inLanguage":"en-US","@id":"https:\/\/auma-drives.com\/en\/#\/schema\/logo\/image\/","url":"https:\/\/auma-drives.com\/wp-content\/uploads\/auma-drives-logo.png","contentUrl":"https:\/\/auma-drives.com\/wp-content\/uploads\/auma-drives-logo.png","width":1000,"height":144,"caption":"AUMA Drives GmbH"},"image":{"@id":"https:\/\/auma-drives.com\/en\/#\/schema\/logo\/image\/"},"sameAs":["https:\/\/de-de.facebook.com\/AUMAGroup\/"]}]}},"_links":{"self":[{"href":"https:\/\/auma-drives.com\/en\/wp-json\/wp\/v2\/pages\/2004"}],"collection":[{"href":"https:\/\/auma-drives.com\/en\/wp-json\/wp\/v2\/pages"}],"about":[{"href":"https:\/\/auma-drives.com\/en\/wp-json\/wp\/v2\/types\/page"}],"author":[{"embeddable":true,"href":"https:\/\/auma-drives.com\/en\/wp-json\/wp\/v2\/users\/1"}],"replies":[{"embeddable":true,"href":"https:\/\/auma-drives.com\/en\/wp-json\/wp\/v2\/comments?post=2004"}],"version-history":[{"count":22,"href":"https:\/\/auma-drives.com\/en\/wp-json\/wp\/v2\/pages\/2004\/revisions"}],"predecessor-version":[{"id":5116,"href":"https:\/\/auma-drives.com\/en\/wp-json\/wp\/v2\/pages\/2004\/revisions\/5116"}],"up":[{"embeddable":true,"href":"https:\/\/auma-drives.com\/en\/wp-json\/wp\/v2\/pages\/1922"}],"wp:featuredmedia":[{"embeddable":true,"href":"https:\/\/auma-drives.com\/en\/wp-json\/wp\/v2\/media\/1745"}],"wp:attachment":[{"href":"https:\/\/auma-drives.com\/en\/wp-json\/wp\/v2\/media?parent=2004"}],"curies":[{"name":"wp","href":"https:\/\/api.w.org\/{rel}","templated":true}]}}