{"id":2096,"date":"2021-04-20T12:40:12","date_gmt":"2021-04-20T10:40:12","guid":{"rendered":"https:\/\/auma-drives.com\/gtc\/"},"modified":"2022-09-02T15:20:56","modified_gmt":"2022-09-02T13:20:56","slug":"gtc","status":"publish","type":"page","link":"https:\/\/auma-drives.com\/en\/gtc\/","title":{"rendered":"GTC"},"content":{"rendered":"<div class=\"wpb-content-wrapper\"><p>[vc_section][vc_row][vc_column][vc_column_text]<\/p>\n<h1>GTC<\/h1>\n<p>[\/vc_column_text][vc_empty_space][vc_btn title=&#8221;General Terms and Conditions of Purchase \u2013 abroad&#8221; el_class=&#8221;auma-btn-blau&#8221; link=&#8221;url:https%3A%2F%2Fauma-drives.com%2Fwp-content%2Fuploads%2F210210-AEB-Ausland-EN-EKR-0002-EN.pdf|target:_blank&#8221;][vc_btn title=&#8221;General Service, Mounting and Repair Conditions&#8221; el_class=&#8221;auma-btn-blau&#8221; link=&#8221;url:https%3A%2F%2Fauma-drives.com%2Fwp-content%2Fuploads%2Fasb_aumadrives_de-1.pdf|target:_blank|&#8221;][vc_btn title=&#8221;General Terms of Delivery&#8221; el_class=&#8221;auma-btn-blau&#8221; link=&#8221;url:https%3A%2F%2Fauma-drives.com%2Fwp-content%2Fuploads%2FALB_de_2022-08-18_AUMA-Drives.pdf|target:_blank&#8221;][\/vc_column][\/vc_row][\/vc_section]<\/p>\n<\/div>","protected":false},"excerpt":{"rendered":"<p>[vc_section][vc_row][vc_column][vc_column_text] GTC [\/vc_column_text][vc_empty_space][vc_btn title=&#8221;General Terms and Conditions of Purchase \u2013 abroad&#8221; el_class=&#8221;auma-btn-blau&#8221; link=&#8221;url:https%3A%2F%2Fauma-drives.com%2Fwp-content%2Fuploads%2F210210-AEB-Ausland-EN-EKR-0002-EN.pdf|target:_blank&#8221;][vc_btn title=&#8221;General Service, Mounting and Repair Conditions&#8221; el_class=&#8221;auma-btn-blau&#8221; link=&#8221;url:https%3A%2F%2Fauma-drives.com%2Fwp-content%2Fuploads%2Fasb_aumadrives_de-1.pdf|target:_blank|&#8221;][vc_btn title=&#8221;General Terms of Delivery&#8221; el_class=&#8221;auma-btn-blau&#8221; link=&#8221;url:https%3A%2F%2Fauma-drives.com%2Fwp-content%2Fuploads%2FALB_de_2022-08-18_AUMA-Drives.pdf|target:_blank&#8221;][\/vc_column][\/vc_row][\/vc_section]<\/p>\n","protected":false},"author":1,"featured_media":0,"parent":0,"menu_order":0,"comment_status":"closed","ping_status":"closed","template":"","meta":{"inline_featured_image":false,"footnotes":""},"yoast_head":"<!-- This site is optimized with the Yoast SEO Premium plugin v24.5 (Yoast SEO v24.5) - https:\/\/yoast.com\/wordpress\/plugins\/seo\/ -->\n<title>GTC &#8226; AUMA Drives<\/title>\n<meta name=\"robots\" content=\"index, follow, max-snippet:-1, max-image-preview:large, max-video-preview:-1\" \/>\n<link rel=\"canonical\" href=\"https:\/\/auma-drives.com\/en\/gtc\/\" \/>\n<meta property=\"og:locale\" content=\"en_US\" \/>\n<meta property=\"og:type\" content=\"article\" \/>\n<meta property=\"og:title\" content=\"GTC\" \/>\n<meta property=\"og:description\" content=\"[vc_section][vc_row][vc_column][vc_column_text] GTC [\/vc_column_text][vc_empty_space][vc_btn title=&#8221;General Terms and Conditions of Purchase \u2013 abroad&#8221; el_class=&#8221;auma-btn-blau&#8221; link=&#8221;url:https%3A%2F%2Fauma-drives.com%2Fwp-content%2Fuploads%2F210210-AEB-Ausland-EN-EKR-0002-EN.pdf|target:_blank&#8221;][vc_btn title=&#8221;General Service, Mounting and Repair Conditions&#8221; el_class=&#8221;auma-btn-blau&#8221; link=&#8221;url:https%3A%2F%2Fauma-drives.com%2Fwp-content%2Fuploads%2Fasb_aumadrives_de-1.pdf|target:_blank|&#8221;][vc_btn title=&#8221;General Terms of Delivery&#8221; el_class=&#8221;auma-btn-blau&#8221; link=&#8221;url:https%3A%2F%2Fauma-drives.com%2Fwp-content%2Fuploads%2FALB_de_2022-08-18_AUMA-Drives.pdf|target:_blank&#8221;][\/vc_column][\/vc_row][\/vc_section]\" \/>\n<meta property=\"og:url\" content=\"https:\/\/auma-drives.com\/en\/gtc\/\" \/>\n<meta property=\"og:site_name\" content=\"AUMA Drives\" \/>\n<meta property=\"article:publisher\" content=\"https:\/\/de-de.facebook.com\/AUMAGroup\/\" \/>\n<meta property=\"article:modified_time\" content=\"2022-09-02T13:20:56+00:00\" \/>\n<meta name=\"twitter:card\" content=\"summary_large_image\" \/>\n<meta name=\"twitter:label1\" content=\"Est. reading time\" \/>\n\t<meta name=\"twitter:data1\" content=\"1 minute\" \/>\n<script type=\"application\/ld+json\" class=\"yoast-schema-graph\">{\"@context\":\"https:\/\/schema.org\",\"@graph\":[{\"@type\":\"WebPage\",\"@id\":\"https:\/\/auma-drives.com\/en\/gtc\/\",\"url\":\"https:\/\/auma-drives.com\/en\/gtc\/\",\"name\":\"GTC &#8226; AUMA Drives\",\"isPartOf\":{\"@id\":\"https:\/\/auma-drives.com\/en\/#website\"},\"datePublished\":\"2021-04-20T10:40:12+00:00\",\"dateModified\":\"2022-09-02T13:20:56+00:00\",\"breadcrumb\":{\"@id\":\"https:\/\/auma-drives.com\/en\/gtc\/#breadcrumb\"},\"inLanguage\":\"en-US\",\"potentialAction\":[{\"@type\":\"ReadAction\",\"target\":[\"https:\/\/auma-drives.com\/en\/gtc\/\"]}]},{\"@type\":\"BreadcrumbList\",\"@id\":\"https:\/\/auma-drives.com\/en\/gtc\/#breadcrumb\",\"itemListElement\":[{\"@type\":\"ListItem\",\"position\":1,\"name\":\"Startseite\",\"item\":\"https:\/\/auma-drives.com\/en\/\"},{\"@type\":\"ListItem\",\"position\":2,\"name\":\"GTC\"}]},{\"@type\":\"WebSite\",\"@id\":\"https:\/\/auma-drives.com\/en\/#website\",\"url\":\"https:\/\/auma-drives.com\/en\/\",\"name\":\"AUMA Drives\",\"description\":\"Antriebssysteme f\u00fcr h\u00f6chste Anspr\u00fcche.\",\"publisher\":{\"@id\":\"https:\/\/auma-drives.com\/en\/#organization\"},\"potentialAction\":[{\"@type\":\"SearchAction\",\"target\":{\"@type\":\"EntryPoint\",\"urlTemplate\":\"https:\/\/auma-drives.com\/en\/?s={search_term_string}\"},\"query-input\":{\"@type\":\"PropertyValueSpecification\",\"valueRequired\":true,\"valueName\":\"search_term_string\"}}],\"inLanguage\":\"en-US\"},{\"@type\":\"Organization\",\"@id\":\"https:\/\/auma-drives.com\/en\/#organization\",\"name\":\"AUMA Drives GmbH\",\"url\":\"https:\/\/auma-drives.com\/en\/\",\"logo\":{\"@type\":\"ImageObject\",\"inLanguage\":\"en-US\",\"@id\":\"https:\/\/auma-drives.com\/en\/#\/schema\/logo\/image\/\",\"url\":\"https:\/\/auma-drives.com\/wp-content\/uploads\/auma-drives-logo.png\",\"contentUrl\":\"https:\/\/auma-drives.com\/wp-content\/uploads\/auma-drives-logo.png\",\"width\":1000,\"height\":144,\"caption\":\"AUMA Drives GmbH\"},\"image\":{\"@id\":\"https:\/\/auma-drives.com\/en\/#\/schema\/logo\/image\/\"},\"sameAs\":[\"https:\/\/de-de.facebook.com\/AUMAGroup\/\"]}]}<\/script>\n<!-- \/ Yoast SEO Premium plugin. -->","yoast_head_json":{"title":"GTC &#8226; AUMA Drives","robots":{"index":"index","follow":"follow","max-snippet":"max-snippet:-1","max-image-preview":"max-image-preview:large","max-video-preview":"max-video-preview:-1"},"canonical":"https:\/\/auma-drives.com\/en\/gtc\/","og_locale":"en_US","og_type":"article","og_title":"GTC","og_description":"[vc_section][vc_row][vc_column][vc_column_text] GTC [\/vc_column_text][vc_empty_space][vc_btn title=&#8221;General Terms and Conditions of Purchase \u2013 abroad&#8221; el_class=&#8221;auma-btn-blau&#8221; link=&#8221;url:https%3A%2F%2Fauma-drives.com%2Fwp-content%2Fuploads%2F210210-AEB-Ausland-EN-EKR-0002-EN.pdf|target:_blank&#8221;][vc_btn title=&#8221;General Service, Mounting and Repair Conditions&#8221; el_class=&#8221;auma-btn-blau&#8221; link=&#8221;url:https%3A%2F%2Fauma-drives.com%2Fwp-content%2Fuploads%2Fasb_aumadrives_de-1.pdf|target:_blank|&#8221;][vc_btn title=&#8221;General Terms of Delivery&#8221; el_class=&#8221;auma-btn-blau&#8221; link=&#8221;url:https%3A%2F%2Fauma-drives.com%2Fwp-content%2Fuploads%2FALB_de_2022-08-18_AUMA-Drives.pdf|target:_blank&#8221;][\/vc_column][\/vc_row][\/vc_section]","og_url":"https:\/\/auma-drives.com\/en\/gtc\/","og_site_name":"AUMA Drives","article_publisher":"https:\/\/de-de.facebook.com\/AUMAGroup\/","article_modified_time":"2022-09-02T13:20:56+00:00","twitter_card":"summary_large_image","twitter_misc":{"Est. reading time":"1 minute"},"schema":{"@context":"https:\/\/schema.org","@graph":[{"@type":"WebPage","@id":"https:\/\/auma-drives.com\/en\/gtc\/","url":"https:\/\/auma-drives.com\/en\/gtc\/","name":"GTC &#8226; AUMA Drives","isPartOf":{"@id":"https:\/\/auma-drives.com\/en\/#website"},"datePublished":"2021-04-20T10:40:12+00:00","dateModified":"2022-09-02T13:20:56+00:00","breadcrumb":{"@id":"https:\/\/auma-drives.com\/en\/gtc\/#breadcrumb"},"inLanguage":"en-US","potentialAction":[{"@type":"ReadAction","target":["https:\/\/auma-drives.com\/en\/gtc\/"]}]},{"@type":"BreadcrumbList","@id":"https:\/\/auma-drives.com\/en\/gtc\/#breadcrumb","itemListElement":[{"@type":"ListItem","position":1,"name":"Startseite","item":"https:\/\/auma-drives.com\/en\/"},{"@type":"ListItem","position":2,"name":"GTC"}]},{"@type":"WebSite","@id":"https:\/\/auma-drives.com\/en\/#website","url":"https:\/\/auma-drives.com\/en\/","name":"AUMA Drives","description":"Antriebssysteme f\u00fcr h\u00f6chste Anspr\u00fcche.","publisher":{"@id":"https:\/\/auma-drives.com\/en\/#organization"},"potentialAction":[{"@type":"SearchAction","target":{"@type":"EntryPoint","urlTemplate":"https:\/\/auma-drives.com\/en\/?s={search_term_string}"},"query-input":{"@type":"PropertyValueSpecification","valueRequired":true,"valueName":"search_term_string"}}],"inLanguage":"en-US"},{"@type":"Organization","@id":"https:\/\/auma-drives.com\/en\/#organization","name":"AUMA Drives GmbH","url":"https:\/\/auma-drives.com\/en\/","logo":{"@type":"ImageObject","inLanguage":"en-US","@id":"https:\/\/auma-drives.com\/en\/#\/schema\/logo\/image\/","url":"https:\/\/auma-drives.com\/wp-content\/uploads\/auma-drives-logo.png","contentUrl":"https:\/\/auma-drives.com\/wp-content\/uploads\/auma-drives-logo.png","width":1000,"height":144,"caption":"AUMA Drives GmbH"},"image":{"@id":"https:\/\/auma-drives.com\/en\/#\/schema\/logo\/image\/"},"sameAs":["https:\/\/de-de.facebook.com\/AUMAGroup\/"]}]}},"_links":{"self":[{"href":"https:\/\/auma-drives.com\/en\/wp-json\/wp\/v2\/pages\/2096"}],"collection":[{"href":"https:\/\/auma-drives.com\/en\/wp-json\/wp\/v2\/pages"}],"about":[{"href":"https:\/\/auma-drives.com\/en\/wp-json\/wp\/v2\/types\/page"}],"author":[{"embeddable":true,"href":"https:\/\/auma-drives.com\/en\/wp-json\/wp\/v2\/users\/1"}],"replies":[{"embeddable":true,"href":"https:\/\/auma-drives.com\/en\/wp-json\/wp\/v2\/comments?post=2096"}],"version-history":[{"count":5,"href":"https:\/\/auma-drives.com\/en\/wp-json\/wp\/v2\/pages\/2096\/revisions"}],"predecessor-version":[{"id":3196,"href":"https:\/\/auma-drives.com\/en\/wp-json\/wp\/v2\/pages\/2096\/revisions\/3196"}],"wp:attachment":[{"href":"https:\/\/auma-drives.com\/en\/wp-json\/wp\/v2\/media?parent=2096"}],"curies":[{"name":"wp","href":"https:\/\/api.w.org\/{rel}","templated":true}]}}