{"id":2102,"date":"2021-04-20T12:40:45","date_gmt":"2021-04-20T10:40:45","guid":{"rendered":"https:\/\/auma-drives.com\/basic-gear-units\/"},"modified":"2024-09-26T17:35:50","modified_gmt":"2024-09-26T15:35:50","slug":"industrial-gearboxes","status":"publish","type":"page","link":"https:\/\/auma-drives.com\/en\/industrial-gearboxes\/","title":{"rendered":"Basic Gear Units"},"content":{"rendered":"<div class=\"wpb-content-wrapper\"><p>[vc_section el_class=&#8221;inhalt-up hg-grau-wrapper&#8221;][vc_row][vc_column css_animation=&#8221;none&#8221;][vc_single_image image=&#8221;4430&#8243; img_size=&#8221;full&#8221; alignment=&#8221;center&#8221; el_class=&#8221;auma-icons&#8221;][vc_column_text el_class=&#8221;auma-max-basisgetriebe&#8221;]<\/p>\n<h1 style=\"text-align: center;\">System gear units as solid basis.<\/h1>\n<p style=\"text-align: center;\">Industrial gear units by AUMA Drives are specifically designed for two requirement profiles. On the one hand, this is continuous force transmission at high speeds and precise part-turn positioning of heavy weights. For these applications, the advantages of worm gear units are most obvious: Low noise and minimum backlash at high transmission ratios, even when used in heavy-duty environments.<\/p>\n<p>[\/vc_column_text][\/vc_column][\/vc_row][\/vc_section][vc_section][vc_row equal_height=&#8221;yes&#8221; el_class=&#8221;flex-container&#8221;][vc_column css_animation=&#8221;fadeInUp&#8221; width=&#8221;1\/12&#8243; el_class=&#8221;flex-desktop-rechts&#8221; offset=&#8221;vc_col-lg-6&#8243;][\/vc_column][vc_column css_animation=&#8221;none&#8221; el_class=&#8221;flex-desktop-links&#8221; offset=&#8221;vc_col-lg-6&#8243;][vc_column_text css=&#8221;&#8221; el_class=&#8221;auma-max-basisgetriebe auma-basis-getriebe-after-grau&#8221;]<\/p>\n<p style=\"text-align: left;\">Gear units by AUMA Drives implement torques of maximum 100,000 newton metres and may also be configured for demanding application environments. The portfolio of industrial gear units by AUMA Drives includes <a href=\"https:\/\/auma-drives.com\/en\/industrial-gearboxes\/worm-gearboxes\/\">worm gear units and double gear units<\/a>, partly combined with helical gear units. Furthermore, a wide spectrum of <a href=\"https:\/\/auma-drives.com\/en\/industrial-gearboxes\/elevator-and-escalator-gearboxes\/\">gear units for passenger transport<\/a> in different configurations complete the portfolio. In addition, the company produces complete worm wheel sets for OEM applications according to customer drawing; AUMA Drives implements even more comprehensive projects as manufacture to order on the basis of the customer specification.<\/p>\n<p>For all requirements going beyond the wide system gear unit portfolio, the <a href=\"https:\/\/auma-drives.com\/en\/expertise\/engineering-process\/\">R&amp;D team<\/a> at AUMA Drives will be glad to assist you. The necessary modifications will be implemented according to customer requests. In a next step, the project will directly be handed over to the modern production facility at location Coswig \u2013 everything from a single source.[\/vc_column_text][\/vc_column][\/vc_row][\/vc_section][vc_section el_class=&#8221;auma-full-width hg-grau&#8221; css=&#8221;.vc_custom_1605167029193{padding-top: 0px !important;}&#8221;][vc_row][vc_column css_animation=&#8221;fadeInUp&#8221;][vc_column_text el_class=&#8221;text-linie-top&#8221;][\/vc_column_text]<div class=\"bb-ultimate-carousel\"><div class='bb-ultimate-carousel-slider   auma-produkt-carousel auma-produkt-carousel-unterseite auma-btn-small' data-settings={&quot;slidesToShow&quot;:5,&quot;mobileFirst&quot;:true,&quot;responsive&quot;:[{&quot;breakpoint&quot;:318,&quot;settings&quot;:{&quot;slidesToShow&quot;:1,&quot;dots&quot;:false,&quot;vertical&quot;:false}},{&quot;breakpoint&quot;:560,&quot;settings&quot;:{&quot;slidesToShow&quot;:2,&quot;dots&quot;:false,&quot;vertical&quot;:false}},{&quot;breakpoint&quot;:992,&quot;settings&quot;:{&quot;slidesToShow&quot;:3,&quot;dots&quot;:false,&quot;vertical&quot;:false}}]} ><div class='bb-ultimate-carousel-slide   '>[vc_single_image image=&#8221;1171&#8243; img_size=&#8221;full&#8221; onclick=&#8221;custom_link&#8221; css=&#8221;&#8221; link=&#8221;https:\/\/auma-drives.com\/en\/industrial-gearboxes\/elevator-and-escalator-gearboxes\/&#8221; el_class=&#8221;prozent85&#8243;][vc_btn title=&#8221;Elevator and escalator gear units&#8221; align=&#8221;center&#8221; css=&#8221;&#8221; link=&#8221;url:https%3A%2F%2Fauma-drives.com%2Fen%2Findustrial-gearboxes%2Felevator-and-escalator-gearboxes%2F|title:Elevator%20and%20escalator%20gear%20units&#8221; el_class=&#8221;auma-btn-blau&#8221;]<\/div><div class='bb-ultimate-carousel-slide   '>[vc_single_image image=&#8221;1174&#8243; img_size=&#8221;full&#8221; alignment=&#8221;center&#8221; onclick=&#8221;custom_link&#8221; css=&#8221;&#8221; link=&#8221;https:\/\/auma-drives.com\/en\/industrial-gearboxes\/worm-gearboxes\/&#8221; el_class=&#8221;prozent85&#8243;][vc_btn title=&#8221;Worm gear units&#8221; align=&#8221;center&#8221; css=&#8221;&#8221; link=&#8221;url:https%3A%2F%2Fauma-drives.com%2Fen%2Findustrial-gearboxes%2Fworm-gearboxes%2F|title:Worm%20gear%20units&#8221; el_class=&#8221;auma-btn-blau&#8221;]<\/div><div class='bb-ultimate-carousel-slide   '>[vc_single_image image=&#8221;1235&#8243; img_size=&#8221;full&#8221; onclick=&#8221;custom_link&#8221; css=&#8221;&#8221; link=&#8221;https:\/\/auma-drives.com\/en\/industrial-gearboxes\/slewing-gearboxes\/&#8221;][vc_btn title=&#8221;Slewing gear units&#8221; align=&#8221;center&#8221; css=&#8221;&#8221; link=&#8221;url:https%3A%2F%2Fauma-drives.com%2Fen%2Findustrial-gearboxes%2Fslewing-gearboxes%2F|title:Slewing%20gear%20units&#8221; el_class=&#8221;auma-btn-blau&#8221;]<\/div><\/div><\/div>[\/vc_column][\/vc_row][\/vc_section]<\/p>\n<\/div>","protected":false},"excerpt":{"rendered":"<p>[vc_section el_class=&#8221;inhalt-up hg-grau-wrapper&#8221;][vc_row][vc_column css_animation=&#8221;none&#8221;][vc_single_image image=&#8221;4430&#8243; img_size=&#8221;full&#8221; alignment=&#8221;center&#8221; el_class=&#8221;auma-icons&#8221;][vc_column_text el_class=&#8221;auma-max-basisgetriebe&#8221;] System gear units as solid basis. Industrial gear units by AUMA Drives are specifically designed for two requirement profiles. On the one hand, this is continuous force transmission at high speeds and precise part-turn positioning of heavy weights. For these applications, the advantages of worm gear [&hellip;]<\/p>\n","protected":false},"author":1,"featured_media":2227,"parent":0,"menu_order":0,"comment_status":"closed","ping_status":"closed","template":"","meta":{"inline_featured_image":false,"footnotes":""},"yoast_head":"<!-- This site is optimized with the Yoast SEO Premium plugin v24.5 (Yoast SEO v24.5) - https:\/\/yoast.com\/wordpress\/plugins\/seo\/ -->\n<title>Industrial gear units developed and designed in-house &#8226; AUMA Drives<\/title>\n<meta name=\"description\" content=\"Industrial gear units by AUMA Drives form the basis of the gear unit portfolio, which also includes customised gear units developed in-house.\" \/>\n<meta name=\"robots\" content=\"index, follow, max-snippet:-1, max-image-preview:large, max-video-preview:-1\" \/>\n<link rel=\"canonical\" href=\"https:\/\/auma-drives.com\/en\/industrial-gearboxes\/\" \/>\n<meta property=\"og:locale\" content=\"en_US\" \/>\n<meta property=\"og:type\" content=\"article\" \/>\n<meta property=\"og:title\" content=\"Basic Gear Units\" \/>\n<meta property=\"og:description\" content=\"Industrial gear units by AUMA Drives form the basis of the gear unit portfolio, which also includes customised gear units developed in-house.\" \/>\n<meta property=\"og:url\" content=\"https:\/\/auma-drives.com\/en\/industrial-gearboxes\/\" \/>\n<meta property=\"og:site_name\" content=\"AUMA Drives\" \/>\n<meta property=\"article:publisher\" content=\"https:\/\/de-de.facebook.com\/AUMAGroup\/\" \/>\n<meta property=\"article:modified_time\" content=\"2024-09-26T15:35:50+00:00\" \/>\n<meta property=\"og:image\" content=\"https:\/\/auma-drives.com\/wp-content\/uploads\/AUMA_280217_044_ret_1920px_angepasst.jpg\" \/>\n\t<meta property=\"og:image:width\" content=\"1920\" \/>\n\t<meta property=\"og:image:height\" content=\"1280\" \/>\n\t<meta property=\"og:image:type\" content=\"image\/jpeg\" \/>\n<meta name=\"twitter:card\" content=\"summary_large_image\" \/>\n<meta name=\"twitter:label1\" content=\"Est. reading time\" \/>\n\t<meta name=\"twitter:data1\" content=\"3 minutes\" \/>\n<script type=\"application\/ld+json\" class=\"yoast-schema-graph\">{\"@context\":\"https:\/\/schema.org\",\"@graph\":[{\"@type\":\"WebPage\",\"@id\":\"https:\/\/auma-drives.com\/en\/industrial-gearboxes\/\",\"url\":\"https:\/\/auma-drives.com\/en\/industrial-gearboxes\/\",\"name\":\"Industrial gear units developed and designed in-house &#8226; AUMA Drives\",\"isPartOf\":{\"@id\":\"https:\/\/auma-drives.com\/en\/#website\"},\"primaryImageOfPage\":{\"@id\":\"https:\/\/auma-drives.com\/en\/industrial-gearboxes\/#primaryimage\"},\"image\":{\"@id\":\"https:\/\/auma-drives.com\/en\/industrial-gearboxes\/#primaryimage\"},\"thumbnailUrl\":\"https:\/\/auma-drives.com\/wp-content\/uploads\/AUMA_280217_044_ret_1920px_angepasst.jpg\",\"datePublished\":\"2021-04-20T10:40:45+00:00\",\"dateModified\":\"2024-09-26T15:35:50+00:00\",\"description\":\"Industrial gear units by AUMA Drives form the basis of the gear unit portfolio, which also includes customised gear units developed in-house.\",\"breadcrumb\":{\"@id\":\"https:\/\/auma-drives.com\/en\/industrial-gearboxes\/#breadcrumb\"},\"inLanguage\":\"en-US\",\"potentialAction\":[{\"@type\":\"ReadAction\",\"target\":[\"https:\/\/auma-drives.com\/en\/industrial-gearboxes\/\"]}]},{\"@type\":\"ImageObject\",\"inLanguage\":\"en-US\",\"@id\":\"https:\/\/auma-drives.com\/en\/industrial-gearboxes\/#primaryimage\",\"url\":\"https:\/\/auma-drives.com\/wp-content\/uploads\/AUMA_280217_044_ret_1920px_angepasst.jpg\",\"contentUrl\":\"https:\/\/auma-drives.com\/wp-content\/uploads\/AUMA_280217_044_ret_1920px_angepasst.jpg\",\"width\":1920,\"height\":1280,\"caption\":\"Industrial gears units\"},{\"@type\":\"BreadcrumbList\",\"@id\":\"https:\/\/auma-drives.com\/en\/industrial-gearboxes\/#breadcrumb\",\"itemListElement\":[{\"@type\":\"ListItem\",\"position\":1,\"name\":\"Startseite\",\"item\":\"https:\/\/auma-drives.com\/en\/\"},{\"@type\":\"ListItem\",\"position\":2,\"name\":\"Basic Gear Units\"}]},{\"@type\":\"WebSite\",\"@id\":\"https:\/\/auma-drives.com\/en\/#website\",\"url\":\"https:\/\/auma-drives.com\/en\/\",\"name\":\"AUMA Drives\",\"description\":\"Antriebssysteme f\u00fcr h\u00f6chste Anspr\u00fcche.\",\"publisher\":{\"@id\":\"https:\/\/auma-drives.com\/en\/#organization\"},\"potentialAction\":[{\"@type\":\"SearchAction\",\"target\":{\"@type\":\"EntryPoint\",\"urlTemplate\":\"https:\/\/auma-drives.com\/en\/?s={search_term_string}\"},\"query-input\":{\"@type\":\"PropertyValueSpecification\",\"valueRequired\":true,\"valueName\":\"search_term_string\"}}],\"inLanguage\":\"en-US\"},{\"@type\":\"Organization\",\"@id\":\"https:\/\/auma-drives.com\/en\/#organization\",\"name\":\"AUMA Drives GmbH\",\"url\":\"https:\/\/auma-drives.com\/en\/\",\"logo\":{\"@type\":\"ImageObject\",\"inLanguage\":\"en-US\",\"@id\":\"https:\/\/auma-drives.com\/en\/#\/schema\/logo\/image\/\",\"url\":\"https:\/\/auma-drives.com\/wp-content\/uploads\/auma-drives-logo.png\",\"contentUrl\":\"https:\/\/auma-drives.com\/wp-content\/uploads\/auma-drives-logo.png\",\"width\":1000,\"height\":144,\"caption\":\"AUMA Drives GmbH\"},\"image\":{\"@id\":\"https:\/\/auma-drives.com\/en\/#\/schema\/logo\/image\/\"},\"sameAs\":[\"https:\/\/de-de.facebook.com\/AUMAGroup\/\"]}]}<\/script>\n<!-- \/ Yoast SEO Premium plugin. -->","yoast_head_json":{"title":"Industrial gear units developed and designed in-house &#8226; AUMA Drives","description":"Industrial gear units by AUMA Drives form the basis of the gear unit portfolio, which also includes customised gear units developed in-house.","robots":{"index":"index","follow":"follow","max-snippet":"max-snippet:-1","max-image-preview":"max-image-preview:large","max-video-preview":"max-video-preview:-1"},"canonical":"https:\/\/auma-drives.com\/en\/industrial-gearboxes\/","og_locale":"en_US","og_type":"article","og_title":"Basic Gear Units","og_description":"Industrial gear units by AUMA Drives form the basis of the gear unit portfolio, which also includes customised gear units developed in-house.","og_url":"https:\/\/auma-drives.com\/en\/industrial-gearboxes\/","og_site_name":"AUMA Drives","article_publisher":"https:\/\/de-de.facebook.com\/AUMAGroup\/","article_modified_time":"2024-09-26T15:35:50+00:00","og_image":[{"width":1920,"height":1280,"url":"https:\/\/auma-drives.com\/wp-content\/uploads\/AUMA_280217_044_ret_1920px_angepasst.jpg","type":"image\/jpeg"}],"twitter_card":"summary_large_image","twitter_misc":{"Est. reading time":"3 minutes"},"schema":{"@context":"https:\/\/schema.org","@graph":[{"@type":"WebPage","@id":"https:\/\/auma-drives.com\/en\/industrial-gearboxes\/","url":"https:\/\/auma-drives.com\/en\/industrial-gearboxes\/","name":"Industrial gear units developed and designed in-house &#8226; AUMA Drives","isPartOf":{"@id":"https:\/\/auma-drives.com\/en\/#website"},"primaryImageOfPage":{"@id":"https:\/\/auma-drives.com\/en\/industrial-gearboxes\/#primaryimage"},"image":{"@id":"https:\/\/auma-drives.com\/en\/industrial-gearboxes\/#primaryimage"},"thumbnailUrl":"https:\/\/auma-drives.com\/wp-content\/uploads\/AUMA_280217_044_ret_1920px_angepasst.jpg","datePublished":"2021-04-20T10:40:45+00:00","dateModified":"2024-09-26T15:35:50+00:00","description":"Industrial gear units by AUMA Drives form the basis of the gear unit portfolio, which also includes customised gear units developed in-house.","breadcrumb":{"@id":"https:\/\/auma-drives.com\/en\/industrial-gearboxes\/#breadcrumb"},"inLanguage":"en-US","potentialAction":[{"@type":"ReadAction","target":["https:\/\/auma-drives.com\/en\/industrial-gearboxes\/"]}]},{"@type":"ImageObject","inLanguage":"en-US","@id":"https:\/\/auma-drives.com\/en\/industrial-gearboxes\/#primaryimage","url":"https:\/\/auma-drives.com\/wp-content\/uploads\/AUMA_280217_044_ret_1920px_angepasst.jpg","contentUrl":"https:\/\/auma-drives.com\/wp-content\/uploads\/AUMA_280217_044_ret_1920px_angepasst.jpg","width":1920,"height":1280,"caption":"Industrial gears units"},{"@type":"BreadcrumbList","@id":"https:\/\/auma-drives.com\/en\/industrial-gearboxes\/#breadcrumb","itemListElement":[{"@type":"ListItem","position":1,"name":"Startseite","item":"https:\/\/auma-drives.com\/en\/"},{"@type":"ListItem","position":2,"name":"Basic Gear Units"}]},{"@type":"WebSite","@id":"https:\/\/auma-drives.com\/en\/#website","url":"https:\/\/auma-drives.com\/en\/","name":"AUMA Drives","description":"Antriebssysteme f\u00fcr h\u00f6chste Anspr\u00fcche.","publisher":{"@id":"https:\/\/auma-drives.com\/en\/#organization"},"potentialAction":[{"@type":"SearchAction","target":{"@type":"EntryPoint","urlTemplate":"https:\/\/auma-drives.com\/en\/?s={search_term_string}"},"query-input":{"@type":"PropertyValueSpecification","valueRequired":true,"valueName":"search_term_string"}}],"inLanguage":"en-US"},{"@type":"Organization","@id":"https:\/\/auma-drives.com\/en\/#organization","name":"AUMA Drives GmbH","url":"https:\/\/auma-drives.com\/en\/","logo":{"@type":"ImageObject","inLanguage":"en-US","@id":"https:\/\/auma-drives.com\/en\/#\/schema\/logo\/image\/","url":"https:\/\/auma-drives.com\/wp-content\/uploads\/auma-drives-logo.png","contentUrl":"https:\/\/auma-drives.com\/wp-content\/uploads\/auma-drives-logo.png","width":1000,"height":144,"caption":"AUMA Drives GmbH"},"image":{"@id":"https:\/\/auma-drives.com\/en\/#\/schema\/logo\/image\/"},"sameAs":["https:\/\/de-de.facebook.com\/AUMAGroup\/"]}]}},"_links":{"self":[{"href":"https:\/\/auma-drives.com\/en\/wp-json\/wp\/v2\/pages\/2102"}],"collection":[{"href":"https:\/\/auma-drives.com\/en\/wp-json\/wp\/v2\/pages"}],"about":[{"href":"https:\/\/auma-drives.com\/en\/wp-json\/wp\/v2\/types\/page"}],"author":[{"embeddable":true,"href":"https:\/\/auma-drives.com\/en\/wp-json\/wp\/v2\/users\/1"}],"replies":[{"embeddable":true,"href":"https:\/\/auma-drives.com\/en\/wp-json\/wp\/v2\/comments?post=2102"}],"version-history":[{"count":21,"href":"https:\/\/auma-drives.com\/en\/wp-json\/wp\/v2\/pages\/2102\/revisions"}],"predecessor-version":[{"id":4859,"href":"https:\/\/auma-drives.com\/en\/wp-json\/wp\/v2\/pages\/2102\/revisions\/4859"}],"wp:featuredmedia":[{"embeddable":true,"href":"https:\/\/auma-drives.com\/en\/wp-json\/wp\/v2\/media\/2227"}],"wp:attachment":[{"href":"https:\/\/auma-drives.com\/en\/wp-json\/wp\/v2\/media?parent=2102"}],"curies":[{"name":"wp","href":"https:\/\/api.w.org\/{rel}","templated":true}]}}