{"id":2105,"date":"2021-04-20T12:41:04","date_gmt":"2021-04-20T10:41:04","guid":{"rendered":"https:\/\/auma-drives.com\/company\/"},"modified":"2024-09-27T09:52:11","modified_gmt":"2024-09-27T07:52:11","slug":"company","status":"publish","type":"page","link":"https:\/\/auma-drives.com\/en\/company\/","title":{"rendered":"Company"},"content":{"rendered":"<div class=\"wpb-content-wrapper\"><p>[vc_section el_class=&#8221;inhalt-up hg-grau-wrapper&#8221;][vc_row][vc_column][vc_single_image image=&#8221;4438&#8243; img_size=&#8221;full&#8221; alignment=&#8221;center&#8221; el_class=&#8221;auma-icons&#8221;][vc_column_text css=&#8221;&#8221; el_class=&#8221;auma-max-unternehmen&#8221;]<\/p>\n<h1 style=\"text-align: center;\">AUMA Drives \u2013 Your Trusted Gearbox Manufacturer in Germany<\/h1>\n<p style=\"text-align: center;\">As developer and manufacturer for gear unit solutions, AUMA Drives contributes many decades of experience to the AUMA Group. The company history dates back to 1896. Finally, in 1991, the former Getriebefabrik Coswig (GFC) joined the AUMA Group.<\/p>\n<p>[\/vc_column_text][\/vc_column][\/vc_row][\/vc_section][vc_section el_class=&#8221;auma-full-width&#8221;][vc_row el_class=&#8221;flex-container&#8221;][vc_column width=&#8221;5\/12&#8243; offset=&#8221;vc_col-lg-4&#8243; el_class=&#8221;flex-center&#8221; css=&#8221;.vc_custom_1613046367176{background-position: center !important;background-repeat: no-repeat !important;background-size: cover !important;}&#8221;][vc_single_image image=&#8221;1701&#8243; img_size=&#8221;full&#8221; el_class=&#8221;auma-bild-schatten-v2 reset&#8221;][vc_empty_space height=&#8221;30px&#8221;][\/vc_column][vc_column css_animation=&#8221;fadeInUp&#8221; width=&#8221;1\/12&#8243; el_class=&#8221;flex-desktop-rechts&#8221; offset=&#8221;vc_col-lg-4&#8243;][\/vc_column][vc_column css_animation=&#8221;none&#8221; width=&#8221;1\/2&#8243; el_class=&#8221;flex-desktop-links&#8221; offset=&#8221;vc_col-lg-4&#8243;][vc_column_text css=&#8221;&#8221; el_class=&#8221;auma-unternehmen-after&#8221;]<\/p>\n<p style=\"text-align: left;\">Today, AUMA Drives is a globally acting expert partner for customised gear units and drive solutions. Experienced R&amp;D teams as well as qualified skilled workers warrant top quality during development and production of gear unit solutions for various industries. Today, gear units by AUMA Drives operate reliably in the world&#8217;s largest solar thermal power plant in California or in the world&#8217;s largest sea water desalination plant in Dubai, for example.<\/p>\n<p>The company in Coswig near Dresden has two production units with approx. 200 employees. Apart from the 4,500 square-metre assembly area, the AUMA Drives location has its own R&amp;D department and a <a href=\"https:\/\/auma-drives.com\/en\/expertise\/quality-management\/#testcenter\">test centre <\/a> with diverse test equipment for quality assurance.[\/vc_column_text][\/vc_column][\/vc_row][\/vc_section][vc_section el_class=&#8221;historie hg-grau&#8221;][vc_row][vc_column][vc_column_text el_class=&#8221;text-linie-top&#8221;]<\/p>\n<h2 style=\"text-align: center;\">Company history overview<\/h2>\n<p>[\/vc_column_text][\/vc_column][\/vc_row][vc_row][vc_column width=&#8221;1\/2&#8243; offset=&#8221;vc_col-xs-12&#8243;][vc_single_image image=&#8221;4523&#8243; img_size=&#8221;full&#8221; el_class=&#8221;auma-bild-schatten historie-bild-links reset&#8221;][\/vc_column][vc_column width=&#8221;1\/2&#8243; offset=&#8221;vc_col-xs-12&#8243;][vc_single_image image=&#8221;1654&#8243; img_size=&#8221;full&#8221; el_class=&#8221;auma-bild-schatten historie-bild-rechts reset&#8221;][\/vc_column][\/vc_row][vc_row][vc_column width=&#8221;1\/4&#8243; offset=&#8221;vc_col-xs-3&#8243;][vc_column_text]<\/p>\n<h3 style=\"text-align: right;\">1896 \u2014<\/h3>\n<p>[\/vc_column_text][\/vc_column][vc_column width=&#8221;3\/4&#8243; offset=&#8221;vc_col-xs-9&#8243;][vc_column_text]The <a href=\"https:\/\/de.wikipedia.org\/wiki\/Maschinenfabrik_Pekrun\" target=\"_blank\" rel=\"noopener noreferrer\">Maschinenfabrik Pekrun<\/a> was founded by Professor Herrmann Arthur Pekrun in Coswig. The number of employees had increased to its peak of 1,200 employees in 1929.[\/vc_column_text][\/vc_column][\/vc_row][vc_row][vc_column width=&#8221;1\/4&#8243; offset=&#8221;vc_col-xs-3&#8243;][vc_column_text]<\/p>\n<h3 style=\"text-align: right;\">1949 \u2014<\/h3>\n<p>[\/vc_column_text][\/vc_column][vc_column width=&#8221;3\/4&#8243; offset=&#8221;vc_col-xs-9&#8243;][vc_column_text]In the newly founded GDR, the factory was turned into a state-owned company and renamed as VEB Getriebefabrik Coswig (GFC).[\/vc_column_text][\/vc_column][\/vc_row][vc_row][vc_column width=&#8221;1\/4&#8243; offset=&#8221;vc_col-xs-3&#8243;][vc_column_text]<\/p>\n<h3 style=\"text-align: right;\">1989 \u2014<\/h3>\n<p>[\/vc_column_text][\/vc_column][vc_column width=&#8221;3\/4&#8243; offset=&#8221;vc_col-xs-9&#8243;][vc_column_text]Up to the political turnaround, the company had further specialised and turned into the sole manufacturer of worm gear units in the GDR. GFC exported its goods to Eastern Europe, France, the Netherlands and Western Germany.[\/vc_column_text][\/vc_column][\/vc_row][vc_row][vc_column width=&#8221;1\/4&#8243; offset=&#8221;vc_col-xs-3&#8243;][vc_column_text]<\/p>\n<h3 style=\"text-align: right;\">1991 \u2014<\/h3>\n<p>[\/vc_column_text][\/vc_column][vc_column width=&#8221;3\/4&#8243; offset=&#8221;vc_col-xs-9&#8243;][vc_column_text]The <a href=\"https:\/\/www.auma.com\/en\" target=\"_blank\" rel=\"noopener\">AUMA Group<\/a> from Muellheim realised the potential of the top-grade worm gear units made in Saxony for their own product portfolio and beyond. The AUMA Group took over the company. In 2005, the company was renamed to GFC AntriebsSysteme GmbH.[\/vc_column_text][\/vc_column][\/vc_row][vc_row][vc_column width=&#8221;1\/4&#8243; offset=&#8221;vc_col-xs-3&#8243;][vc_column_text]<\/p>\n<h3 style=\"text-align: right;\">2016 \u2014<\/h3>\n<p>[\/vc_column_text][\/vc_column][vc_column width=&#8221;3\/4&#8243; offset=&#8221;vc_col-xs-9&#8243;][vc_column_text]With the change of name to AUMA Drives, the integration into the AUMA Group was finally completed.[\/vc_column_text][\/vc_column][\/vc_row][\/vc_section][vc_section][vc_row][vc_column width=&#8221;1\/3&#8243;][vc_btn title=&#8221;Career&#8221; align=&#8221;center&#8221; css=&#8221;&#8221; link=&#8221;url:https%3A%2F%2Fauma-drives.com%2Fen%2Fcompany%2Fcareers%2F|title:Career&#8221; el_class=&#8221;auma-btn-blau btn-rot&#8221;][\/vc_column][vc_column width=&#8221;1\/3&#8243;][vc_btn title=&#8221;Contact&#8221; align=&#8221;center&#8221; css=&#8221;&#8221; link=&#8221;url:https%3A%2F%2Fauma-drives.com%2Fen%2Fcompany%2Fcontact%2F|title:Contact&#8221; el_class=&#8221;auma-btn-blau btn-rot&#8221;][\/vc_column][vc_column width=&#8221;1\/3&#8243;][vc_btn title=&#8221;Service &amp; Support&#8221; align=&#8221;center&#8221; css=&#8221;&#8221; link=&#8221;url:https%3A%2F%2Fauma-drives.com%2Fen%2Fexpertise%2Fservice-support%2F|title:Service%20%26%20Support&#8221; el_class=&#8221;auma-btn-blau btn-rot&#8221;][\/vc_column][\/vc_row][\/vc_section]<\/p>\n<\/div>","protected":false},"excerpt":{"rendered":"<p>[vc_section el_class=&#8221;inhalt-up hg-grau-wrapper&#8221;][vc_row][vc_column][vc_single_image image=&#8221;4438&#8243; img_size=&#8221;full&#8221; alignment=&#8221;center&#8221; el_class=&#8221;auma-icons&#8221;][vc_column_text css=&#8221;&#8221; el_class=&#8221;auma-max-unternehmen&#8221;] AUMA Drives \u2013 Your Trusted Gearbox Manufacturer in Germany As developer and manufacturer for gear unit solutions, AUMA Drives contributes many decades of experience to the AUMA Group. The company history dates back to 1896. Finally, in 1991, the former Getriebefabrik Coswig (GFC) joined the AUMA [&hellip;]<\/p>\n","protected":false},"author":1,"featured_media":2229,"parent":0,"menu_order":0,"comment_status":"closed","ping_status":"closed","template":"","meta":{"inline_featured_image":false,"footnotes":""},"yoast_head":"<!-- This site is optimized with the Yoast SEO Premium plugin v24.5 (Yoast SEO v24.5) - https:\/\/yoast.com\/wordpress\/plugins\/seo\/ -->\n<title>Leading Gearbox Manufacturer in Germany &#8226; AUMA Drives<\/title>\n<meta name=\"description\" content=\"AUMA Drives: Over 120 years of experience in quality gearbox solutions \u2713 Trusted global partner \u2713 Expert in customized gearboxes \u27a4 Find out more!\" \/>\n<meta name=\"robots\" content=\"index, follow, max-snippet:-1, max-image-preview:large, max-video-preview:-1\" \/>\n<link rel=\"canonical\" href=\"https:\/\/auma-drives.com\/en\/company\/\" \/>\n<meta property=\"og:locale\" content=\"en_US\" \/>\n<meta property=\"og:type\" content=\"article\" \/>\n<meta property=\"og:title\" content=\"Company\" \/>\n<meta property=\"og:description\" content=\"AUMA Drives: Over 120 years of experience in quality gearbox solutions \u2713 Trusted global partner \u2713 Expert in customized gearboxes \u27a4 Find out more!\" \/>\n<meta property=\"og:url\" content=\"https:\/\/auma-drives.com\/en\/company\/\" \/>\n<meta property=\"og:site_name\" content=\"AUMA Drives\" \/>\n<meta property=\"article:publisher\" content=\"https:\/\/de-de.facebook.com\/AUMAGroup\/\" \/>\n<meta property=\"article:modified_time\" content=\"2024-09-27T07:52:11+00:00\" \/>\n<meta property=\"og:image\" content=\"https:\/\/auma-drives.com\/wp-content\/uploads\/r0059_angepasst.jpg\" \/>\n\t<meta property=\"og:image:width\" content=\"1920\" \/>\n\t<meta property=\"og:image:height\" content=\"1277\" \/>\n\t<meta property=\"og:image:type\" content=\"image\/jpeg\" \/>\n<meta name=\"twitter:card\" content=\"summary_large_image\" \/>\n<meta name=\"twitter:label1\" content=\"Est. reading time\" \/>\n\t<meta name=\"twitter:data1\" content=\"4 minutes\" \/>\n<script type=\"application\/ld+json\" class=\"yoast-schema-graph\">{\"@context\":\"https:\/\/schema.org\",\"@graph\":[{\"@type\":\"WebPage\",\"@id\":\"https:\/\/auma-drives.com\/en\/company\/\",\"url\":\"https:\/\/auma-drives.com\/en\/company\/\",\"name\":\"Leading Gearbox Manufacturer in Germany &#8226; AUMA Drives\",\"isPartOf\":{\"@id\":\"https:\/\/auma-drives.com\/en\/#website\"},\"primaryImageOfPage\":{\"@id\":\"https:\/\/auma-drives.com\/en\/company\/#primaryimage\"},\"image\":{\"@id\":\"https:\/\/auma-drives.com\/en\/company\/#primaryimage\"},\"thumbnailUrl\":\"https:\/\/auma-drives.com\/wp-content\/uploads\/r0059_angepasst.jpg\",\"datePublished\":\"2021-04-20T10:41:04+00:00\",\"dateModified\":\"2024-09-27T07:52:11+00:00\",\"description\":\"AUMA Drives: Over 120 years of experience in quality gearbox solutions \u2713 Trusted global partner \u2713 Expert in customized gearboxes \u27a4 Find out more!\",\"breadcrumb\":{\"@id\":\"https:\/\/auma-drives.com\/en\/company\/#breadcrumb\"},\"inLanguage\":\"en-US\",\"potentialAction\":[{\"@type\":\"ReadAction\",\"target\":[\"https:\/\/auma-drives.com\/en\/company\/\"]}]},{\"@type\":\"ImageObject\",\"inLanguage\":\"en-US\",\"@id\":\"https:\/\/auma-drives.com\/en\/company\/#primaryimage\",\"url\":\"https:\/\/auma-drives.com\/wp-content\/uploads\/r0059_angepasst.jpg\",\"contentUrl\":\"https:\/\/auma-drives.com\/wp-content\/uploads\/r0059_angepasst.jpg\",\"width\":1920,\"height\":1277,\"caption\":\"AUMA Drives\"},{\"@type\":\"BreadcrumbList\",\"@id\":\"https:\/\/auma-drives.com\/en\/company\/#breadcrumb\",\"itemListElement\":[{\"@type\":\"ListItem\",\"position\":1,\"name\":\"Startseite\",\"item\":\"https:\/\/auma-drives.com\/en\/\"},{\"@type\":\"ListItem\",\"position\":2,\"name\":\"Company\"}]},{\"@type\":\"WebSite\",\"@id\":\"https:\/\/auma-drives.com\/en\/#website\",\"url\":\"https:\/\/auma-drives.com\/en\/\",\"name\":\"AUMA Drives\",\"description\":\"Antriebssysteme f\u00fcr h\u00f6chste Anspr\u00fcche.\",\"publisher\":{\"@id\":\"https:\/\/auma-drives.com\/en\/#organization\"},\"potentialAction\":[{\"@type\":\"SearchAction\",\"target\":{\"@type\":\"EntryPoint\",\"urlTemplate\":\"https:\/\/auma-drives.com\/en\/?s={search_term_string}\"},\"query-input\":{\"@type\":\"PropertyValueSpecification\",\"valueRequired\":true,\"valueName\":\"search_term_string\"}}],\"inLanguage\":\"en-US\"},{\"@type\":\"Organization\",\"@id\":\"https:\/\/auma-drives.com\/en\/#organization\",\"name\":\"AUMA Drives GmbH\",\"url\":\"https:\/\/auma-drives.com\/en\/\",\"logo\":{\"@type\":\"ImageObject\",\"inLanguage\":\"en-US\",\"@id\":\"https:\/\/auma-drives.com\/en\/#\/schema\/logo\/image\/\",\"url\":\"https:\/\/auma-drives.com\/wp-content\/uploads\/auma-drives-logo.png\",\"contentUrl\":\"https:\/\/auma-drives.com\/wp-content\/uploads\/auma-drives-logo.png\",\"width\":1000,\"height\":144,\"caption\":\"AUMA Drives GmbH\"},\"image\":{\"@id\":\"https:\/\/auma-drives.com\/en\/#\/schema\/logo\/image\/\"},\"sameAs\":[\"https:\/\/de-de.facebook.com\/AUMAGroup\/\"]}]}<\/script>\n<!-- \/ Yoast SEO Premium plugin. -->","yoast_head_json":{"title":"Leading Gearbox Manufacturer in Germany &#8226; AUMA Drives","description":"AUMA Drives: Over 120 years of experience in quality gearbox solutions \u2713 Trusted global partner \u2713 Expert in customized gearboxes \u27a4 Find out more!","robots":{"index":"index","follow":"follow","max-snippet":"max-snippet:-1","max-image-preview":"max-image-preview:large","max-video-preview":"max-video-preview:-1"},"canonical":"https:\/\/auma-drives.com\/en\/company\/","og_locale":"en_US","og_type":"article","og_title":"Company","og_description":"AUMA Drives: Over 120 years of experience in quality gearbox solutions \u2713 Trusted global partner \u2713 Expert in customized gearboxes \u27a4 Find out more!","og_url":"https:\/\/auma-drives.com\/en\/company\/","og_site_name":"AUMA Drives","article_publisher":"https:\/\/de-de.facebook.com\/AUMAGroup\/","article_modified_time":"2024-09-27T07:52:11+00:00","og_image":[{"width":1920,"height":1277,"url":"https:\/\/auma-drives.com\/wp-content\/uploads\/r0059_angepasst.jpg","type":"image\/jpeg"}],"twitter_card":"summary_large_image","twitter_misc":{"Est. reading time":"4 minutes"},"schema":{"@context":"https:\/\/schema.org","@graph":[{"@type":"WebPage","@id":"https:\/\/auma-drives.com\/en\/company\/","url":"https:\/\/auma-drives.com\/en\/company\/","name":"Leading Gearbox Manufacturer in Germany &#8226; AUMA Drives","isPartOf":{"@id":"https:\/\/auma-drives.com\/en\/#website"},"primaryImageOfPage":{"@id":"https:\/\/auma-drives.com\/en\/company\/#primaryimage"},"image":{"@id":"https:\/\/auma-drives.com\/en\/company\/#primaryimage"},"thumbnailUrl":"https:\/\/auma-drives.com\/wp-content\/uploads\/r0059_angepasst.jpg","datePublished":"2021-04-20T10:41:04+00:00","dateModified":"2024-09-27T07:52:11+00:00","description":"AUMA Drives: Over 120 years of experience in quality gearbox solutions \u2713 Trusted global partner \u2713 Expert in customized gearboxes \u27a4 Find out more!","breadcrumb":{"@id":"https:\/\/auma-drives.com\/en\/company\/#breadcrumb"},"inLanguage":"en-US","potentialAction":[{"@type":"ReadAction","target":["https:\/\/auma-drives.com\/en\/company\/"]}]},{"@type":"ImageObject","inLanguage":"en-US","@id":"https:\/\/auma-drives.com\/en\/company\/#primaryimage","url":"https:\/\/auma-drives.com\/wp-content\/uploads\/r0059_angepasst.jpg","contentUrl":"https:\/\/auma-drives.com\/wp-content\/uploads\/r0059_angepasst.jpg","width":1920,"height":1277,"caption":"AUMA Drives"},{"@type":"BreadcrumbList","@id":"https:\/\/auma-drives.com\/en\/company\/#breadcrumb","itemListElement":[{"@type":"ListItem","position":1,"name":"Startseite","item":"https:\/\/auma-drives.com\/en\/"},{"@type":"ListItem","position":2,"name":"Company"}]},{"@type":"WebSite","@id":"https:\/\/auma-drives.com\/en\/#website","url":"https:\/\/auma-drives.com\/en\/","name":"AUMA Drives","description":"Antriebssysteme f\u00fcr h\u00f6chste Anspr\u00fcche.","publisher":{"@id":"https:\/\/auma-drives.com\/en\/#organization"},"potentialAction":[{"@type":"SearchAction","target":{"@type":"EntryPoint","urlTemplate":"https:\/\/auma-drives.com\/en\/?s={search_term_string}"},"query-input":{"@type":"PropertyValueSpecification","valueRequired":true,"valueName":"search_term_string"}}],"inLanguage":"en-US"},{"@type":"Organization","@id":"https:\/\/auma-drives.com\/en\/#organization","name":"AUMA Drives GmbH","url":"https:\/\/auma-drives.com\/en\/","logo":{"@type":"ImageObject","inLanguage":"en-US","@id":"https:\/\/auma-drives.com\/en\/#\/schema\/logo\/image\/","url":"https:\/\/auma-drives.com\/wp-content\/uploads\/auma-drives-logo.png","contentUrl":"https:\/\/auma-drives.com\/wp-content\/uploads\/auma-drives-logo.png","width":1000,"height":144,"caption":"AUMA Drives GmbH"},"image":{"@id":"https:\/\/auma-drives.com\/en\/#\/schema\/logo\/image\/"},"sameAs":["https:\/\/de-de.facebook.com\/AUMAGroup\/"]}]}},"_links":{"self":[{"href":"https:\/\/auma-drives.com\/en\/wp-json\/wp\/v2\/pages\/2105"}],"collection":[{"href":"https:\/\/auma-drives.com\/en\/wp-json\/wp\/v2\/pages"}],"about":[{"href":"https:\/\/auma-drives.com\/en\/wp-json\/wp\/v2\/types\/page"}],"author":[{"embeddable":true,"href":"https:\/\/auma-drives.com\/en\/wp-json\/wp\/v2\/users\/1"}],"replies":[{"embeddable":true,"href":"https:\/\/auma-drives.com\/en\/wp-json\/wp\/v2\/comments?post=2105"}],"version-history":[{"count":9,"href":"https:\/\/auma-drives.com\/en\/wp-json\/wp\/v2\/pages\/2105\/revisions"}],"predecessor-version":[{"id":4873,"href":"https:\/\/auma-drives.com\/en\/wp-json\/wp\/v2\/pages\/2105\/revisions\/4873"}],"wp:featuredmedia":[{"embeddable":true,"href":"https:\/\/auma-drives.com\/en\/wp-json\/wp\/v2\/media\/2229"}],"wp:attachment":[{"href":"https:\/\/auma-drives.com\/en\/wp-json\/wp\/v2\/media?parent=2105"}],"curies":[{"name":"wp","href":"https:\/\/api.w.org\/{rel}","templated":true}]}}