{"id":2108,"date":"2021-04-20T12:41:15","date_gmt":"2021-04-20T10:41:15","guid":{"rendered":"https:\/\/auma-drives.com\/special-gear-units\/"},"modified":"2024-12-11T10:14:59","modified_gmt":"2024-12-11T09:14:59","slug":"custom-gearbox-solutions","status":"publish","type":"page","link":"https:\/\/auma-drives.com\/en\/custom-gearbox-solutions\/","title":{"rendered":"Custom Gearbox Solutions"},"content":{"rendered":"<div class=\"wpb-content-wrapper\"><p>[vc_section el_class=&#8221;inhalt-up hg-grau-wrapper&#8221;][vc_row][vc_column][vc_single_image image=&#8221;4437&#8243; img_size=&#8221;full&#8221; alignment=&#8221;center&#8221; el_class=&#8221;auma-icons&#8221;][vc_column_text css=&#8221;&#8221; el_class=&#8221;auma-max-700px&#8221;]<\/p>\n<h1 style=\"text-align: center;\">Innovative Custom Gearbox Design and Development<\/h1>\n<p style=\"text-align: center;\">Development of customised gear units and drive solutions are part of AUMA Drives\u2019 core competence. Engineers rely on a broad portfolio of proven basic gear units. These can be adapted to suit customers\u2019 needs for complete systems like elevator or escalator drive systems.<\/p>\n<p>[\/vc_column_text][\/vc_column][\/vc_row][\/vc_section][vc_section][vc_row el_class=&#8221;max-800px&#8221;][vc_column width=&#8221;1\/2&#8243;][vc_column_text el_class=&#8221;auma-max-700px auma-spezial-getriebe-after&#8221;]<\/p>\n<p style=\"text-align: left;\">For particularly sophisticated projects, our specialists develop new gear units or drive systems. These innovations are created in close partnership with our customers and are put into practice respecting the premium standards in quality and project management. All stages of project development follow this maxim \u2013 from the initial production drawings to the technical specification right through to material selection or test procedures.<\/p>\n<p>[\/vc_column_text][\/vc_column][vc_column width=&#8221;1\/2&#8243;][\/vc_column][\/vc_row][\/vc_section][vc_section el_class=&#8221;hg-grau auma-full-width&#8221;][vc_row][vc_column][vc_single_image image=&#8221;4429&#8243; img_size=&#8221;full&#8221; alignment=&#8221;center&#8221; el_class=&#8221;auma-icons&#8221;][vc_column_text css=&#8221;&#8221; el_class=&#8221;auma-max-700px&#8221;]<\/p>\n<h2 style=\"text-align: center;\">Perfect splines for various options.<\/h2>\n<p style=\"text-align: center;\">The bandwidth of AUMA Drives mechanical gear units encompasses more than just <a href=\"https:\/\/auma-drives.com\/en\/industrial-gearboxes\/worm-gear-sets\/\">worm gear units<\/a>. They often form the basis for customised drive systems, but in many cases, their potential is only unravelled in combination with various gear stages. Additional spline types such as planetary or helical gear units come into play or directly connected motors, drive shafts or housing options for special application environments.<\/p>\n<p>[\/vc_column_text][\/vc_column][\/vc_row][vc_row el_class=&#8221;flex-container&#8221;][vc_column width=&#8221;1\/2&#8243; el_class=&#8221;flex-center&#8221;][vc_single_image image=&#8221;1781&#8243; img_size=&#8221;full&#8221;][\/vc_column][vc_column width=&#8221;1\/2&#8243; el_class=&#8221;flex-center&#8221;][vc_column_text el_class=&#8221;max-500px-links&#8221;]<\/p>\n<p style=\"text-align: left;\">To meet the requirements of different industrial sectors, AUMA Drives uses consistent markings for all products. The complete traceability of material and parts qualifies the gear unit and drive solutions from Coswig for various industries. For example, individually developed multi-turn gear units of the company are used in the world&#8217;s largest solar thermal power plant in California for high precision alignment of heliostats. Always perfectly in line with the sun.<\/p>\n<p>[\/vc_column_text][\/vc_column][\/vc_row][\/vc_section][vc_section el_id=&#8221;applications&#8221; el_class=&#8221;auma-full-width&#8221;][vc_row][vc_column css_animation=&#8221;none&#8221;][vc_column_text el_class=&#8221;text-linie-top&#8221;]<\/p>\n<h2 style=\"text-align: center;\">Further applications for special gear units by AUMA Drives<\/h2>\n<h3 style=\"text-align: center;\"><\/h3>\n<p>[\/vc_column_text]<div class=\"bb-ultimate-carousel\"><div class='bb-ultimate-carousel-slider   auma-anwendungen-carousel auma-btn-small' data-settings={&quot;infinite&quot;:false,&quot;slidesToShow&quot;:5,&quot;waitForAnimate&quot;:false,&quot;mobileFirst&quot;:true,&quot;responsive&quot;:[{&quot;breakpoint&quot;:318,&quot;settings&quot;:{&quot;slidesToShow&quot;:1,&quot;dots&quot;:false,&quot;vertical&quot;:false}},{&quot;breakpoint&quot;:450,&quot;settings&quot;:{&quot;slidesToShow&quot;:1,&quot;dots&quot;:false,&quot;vertical&quot;:false}},{&quot;breakpoint&quot;:768,&quot;settings&quot;:{&quot;slidesToShow&quot;:2,&quot;dots&quot;:false,&quot;vertical&quot;:false}},{&quot;breakpoint&quot;:1200,&quot;settings&quot;:{&quot;slidesToShow&quot;:3,&quot;dots&quot;:false,&quot;vertical&quot;:false}},{&quot;breakpoint&quot;:1400,&quot;settings&quot;:{&quot;slidesToShow&quot;:4,&quot;dots&quot;:false,&quot;vertical&quot;:false}}]} ><div class='bb-ultimate-carousel-slide   '>[vc_single_image image=&#8221;4915&#8243; img_size=&#8221;large&#8221; onclick=&#8221;custom_link&#8221; css=&#8221;&#8221; link=&#8221;https:\/\/auma-drives.com\/en\/custom-gearbox-solutions\/helical-escalator-gearboxes\/&#8221;][vc_btn title=&#8221;Escalators&#8221; align=&#8221;center&#8221; css=&#8221;&#8221; el_class=&#8221;auma-btn-blau&#8221; link=&#8221;url:https%3A%2F%2Fauma-drives.com%2Fen%2Fcustom-gearbox-solutions%2Fhelical-escalator-gearboxes%2F|title:Escalators&#8221;]<\/div><div class='bb-ultimate-carousel-slide   '>[vc_single_image image=&#8221;4906&#8243; img_size=&#8221;large&#8221; onclick=&#8221;custom_link&#8221; css=&#8221;&#8221; link=&#8221;https:\/\/auma-drives.com\/en\/custom-gearbox-solutions\/excavator-buckets\/&#8221;][vc_btn title=&#8221;Excavators&#8221; align=&#8221;center&#8221; css=&#8221;&#8221; el_class=&#8221;auma-btn-blau&#8221; link=&#8221;url:https%3A%2F%2Fauma-drives.com%2Fen%2Fcustom-gearbox-solutions%2Fexcavator-buckets%2F|title:Excavators&#8221;]<\/div><div class='bb-ultimate-carousel-slide   '>[vc_single_image image=&#8221;4921&#8243; img_size=&#8221;large&#8221; onclick=&#8221;custom_link&#8221; css=&#8221;&#8221; link=&#8221;https:\/\/auma-drives.com\/en\/custom-gearbox-solutions\/overload-clutch-gearboxes\/&#8221;][vc_btn title=&#8221;Graders&#8221; align=&#8221;center&#8221; css=&#8221;&#8221; el_class=&#8221;auma-btn-blau&#8221; link=&#8221;url:https%3A%2F%2Fauma-drives.com%2Fen%2Fcustom-gearbox-solutions%2Foverload-clutch-gearboxes%2F|title:Graders&#8221;]<\/div><div class='bb-ultimate-carousel-slide   '>[vc_single_image image=&#8221;4912&#8243; img_size=&#8221;large&#8221; onclick=&#8221;custom_link&#8221; css=&#8221;&#8221; link=&#8221;https:\/\/auma-drives.com\/en\/custom-gearbox-solutions\/agricultural-gearboxes\/&#8221;][vc_btn title=&#8221;Combine harvesters&#8221; align=&#8221;center&#8221; css=&#8221;&#8221; el_class=&#8221;auma-btn-blau&#8221; link=&#8221;url:https%3A%2F%2Fauma-drives.com%2Fen%2Fcustom-gearbox-solutions%2Fagricultural-gearboxes%2F|title:Combine%20harvesters&#8221;]<\/div><div class='bb-ultimate-carousel-slide   '>[vc_single_image image=&#8221;4985&#8243; img_size=&#8221;large&#8221; onclick=&#8221;custom_link&#8221; css=&#8221;&#8221; link=&#8221;https:\/\/auma-drives.com\/en\/custom-gearbox-solutions\/dual-axis-solar-trackers\/&#8221;][vc_btn title=&#8221;Solar thermal power plants&#8221; align=&#8221;center&#8221; css=&#8221;&#8221; el_class=&#8221;auma-btn-blau&#8221; link=&#8221;url:https%3A%2F%2Fauma-drives.com%2Fen%2Fcustom-gearbox-solutions%2Fdual-axis-solar-trackers%2F|title:Solar%20thermal%20power%20plants&#8221;]<\/div><div class='bb-ultimate-carousel-slide   '>[vc_single_image image=&#8221;4930&#8243; img_size=&#8221;large&#8221; onclick=&#8221;custom_link&#8221; css=&#8221;&#8221; link=&#8221;https:\/\/auma-drives.com\/en\/custom-gearbox-solutions\/heavy-duty-screw-jacks\/&#8221;][vc_btn title=&#8221;Tramways&#8221; align=&#8221;center&#8221; css=&#8221;&#8221; el_class=&#8221;auma-btn-blau&#8221; link=&#8221;url:https%3A%2F%2Fauma-drives.com%2Fen%2Fcustom-gearbox-solutions%2Fheavy-duty-screw-jacks%2F|title:Tramways&#8221;]<\/div><div class='bb-ultimate-carousel-slide   '>[vc_single_image image=&#8221;4909&#8243; img_size=&#8221;large&#8221; onclick=&#8221;custom_link&#8221; css=&#8221;&#8221; link=&#8221;https:\/\/auma-drives.com\/en\/custom-gearbox-solutions\/planetary-gearboxes\/&#8221;][vc_btn title=&#8221;Container spreaders&#8221; align=&#8221;center&#8221; css=&#8221;&#8221; el_class=&#8221;auma-btn-blau&#8221; link=&#8221;url:https%3A%2F%2Fauma-drives.com%2Fen%2Fcustom-gearbox-solutions%2Fplanetary-gearboxes%2F|title:Container%20spreaders&#8221;]<\/div><div class='bb-ultimate-carousel-slide   '>[vc_single_image image=&#8221;4918&#8243; img_size=&#8221;full&#8221; onclick=&#8221;custom_link&#8221; css=&#8221;&#8221; link=&#8221;https:\/\/auma-drives.com\/en\/custom-gearbox-solutions\/slew-drives-for-heavy-loads\/&#8221;][vc_btn title=&#8221;Modular transporters&#8221; align=&#8221;center&#8221; css=&#8221;&#8221; el_class=&#8221;auma-btn-blau&#8221; link=&#8221;url:https%3A%2F%2Fauma-drives.com%2Fen%2Fcustom-gearbox-solutions%2Fslew-drives-for-heavy-loads%2F|title:Self-Propelled%20Modular%20Transporter&#8221;]<\/div><div class='bb-ultimate-carousel-slide   '>[vc_single_image image=&#8221;4927&#8243; img_size=&#8221;large&#8221; onclick=&#8221;custom_link&#8221; css=&#8221;&#8221; link=&#8221;https:\/\/auma-drives.com\/en\/custom-gearbox-solutions\/forklift-trucks\/&#8221;][vc_btn title=&#8221;Fork-lift trucks&#8221; align=&#8221;center&#8221; css=&#8221;&#8221; el_class=&#8221;auma-btn-blau&#8221; link=&#8221;url:https%3A%2F%2Fauma-drives.com%2Fen%2Fcustom-gearbox-solutions%2Fforklift-trucks%2F|title:Fork-lift%20truck&#8221;]<\/div><div class='bb-ultimate-carousel-slide   '>[vc_single_image image=&#8221;4924&#8243; img_size=&#8221;large&#8221; onclick=&#8221;custom_link&#8221; css=&#8221;&#8221; link=&#8221;https:\/\/auma-drives.com\/en\/custom-gearbox-solutions\/medical-devices\/&#8221;][vc_btn title=&#8221;Tomographs&#8221; align=&#8221;center&#8221; css=&#8221;&#8221; el_class=&#8221;auma-btn-blau&#8221; link=&#8221;url:https%3A%2F%2Fauma-drives.com%2Fen%2Fcustom-gearbox-solutions%2Fmedical-devices%2F|title:Tomographs&#8221;]<\/div><\/div><\/div>[\/vc_column][\/vc_row][\/vc_section]<\/p>\n<\/div>","protected":false},"excerpt":{"rendered":"<p>[vc_section el_class=&#8221;inhalt-up hg-grau-wrapper&#8221;][vc_row][vc_column][vc_single_image image=&#8221;4437&#8243; img_size=&#8221;full&#8221; alignment=&#8221;center&#8221; el_class=&#8221;auma-icons&#8221;][vc_column_text css=&#8221;&#8221; el_class=&#8221;auma-max-700px&#8221;] Innovative Custom Gearbox Design and Development Development of customised gear units and drive solutions are part of AUMA Drives\u2019 core competence. Engineers rely on a broad portfolio of proven basic gear units. These can be adapted to suit customers\u2019 needs for complete systems like elevator or [&hellip;]<\/p>\n","protected":false},"author":1,"featured_media":1552,"parent":0,"menu_order":0,"comment_status":"closed","ping_status":"closed","template":"","meta":{"inline_featured_image":false,"footnotes":""},"yoast_head":"<!-- This site is optimized with the Yoast SEO Premium plugin v24.5 (Yoast SEO v24.5) - https:\/\/yoast.com\/wordpress\/plugins\/seo\/ -->\n<title>Custom Gearbox Manufacturing Excellence &#8226; AUMA Drives<\/title>\n<meta name=\"description\" content=\"Innovative custom gearbox design and development \u2713 Expert engineering \u2713 High-performance solutions \u27a4 Discover our engineering process now!\" \/>\n<meta name=\"robots\" content=\"index, follow, max-snippet:-1, max-image-preview:large, max-video-preview:-1\" \/>\n<link rel=\"canonical\" href=\"https:\/\/auma-drives.com\/en\/custom-gearbox-solutions\/\" \/>\n<meta property=\"og:locale\" content=\"en_US\" \/>\n<meta property=\"og:type\" content=\"article\" \/>\n<meta property=\"og:title\" content=\"Custom Gearbox Solutions\" \/>\n<meta property=\"og:description\" content=\"Innovative custom gearbox design and development \u2713 Expert engineering \u2713 High-performance solutions \u27a4 Discover our engineering process now!\" \/>\n<meta property=\"og:url\" content=\"https:\/\/auma-drives.com\/en\/custom-gearbox-solutions\/\" \/>\n<meta property=\"og:site_name\" content=\"AUMA Drives\" \/>\n<meta property=\"article:publisher\" content=\"https:\/\/de-de.facebook.com\/AUMAGroup\/\" \/>\n<meta property=\"article:modified_time\" content=\"2024-12-11T09:14:59+00:00\" \/>\n<meta property=\"og:image\" content=\"https:\/\/auma-drives.com\/wp-content\/uploads\/header-spezial-getriebe-sondergetriebe-auma_2-1.jpg\" \/>\n\t<meta property=\"og:image:width\" content=\"1920\" \/>\n\t<meta property=\"og:image:height\" content=\"1280\" \/>\n\t<meta property=\"og:image:type\" content=\"image\/jpeg\" \/>\n<meta name=\"twitter:card\" content=\"summary_large_image\" \/>\n<meta name=\"twitter:label1\" content=\"Est. reading time\" \/>\n\t<meta name=\"twitter:data1\" content=\"3 minutes\" \/>\n<script type=\"application\/ld+json\" class=\"yoast-schema-graph\">{\"@context\":\"https:\/\/schema.org\",\"@graph\":[{\"@type\":\"WebPage\",\"@id\":\"https:\/\/auma-drives.com\/en\/custom-gearbox-solutions\/\",\"url\":\"https:\/\/auma-drives.com\/en\/custom-gearbox-solutions\/\",\"name\":\"Custom Gearbox Manufacturing Excellence &#8226; AUMA Drives\",\"isPartOf\":{\"@id\":\"https:\/\/auma-drives.com\/en\/#website\"},\"primaryImageOfPage\":{\"@id\":\"https:\/\/auma-drives.com\/en\/custom-gearbox-solutions\/#primaryimage\"},\"image\":{\"@id\":\"https:\/\/auma-drives.com\/en\/custom-gearbox-solutions\/#primaryimage\"},\"thumbnailUrl\":\"https:\/\/auma-drives.com\/wp-content\/uploads\/header-spezial-getriebe-sondergetriebe-auma_2-1.jpg\",\"datePublished\":\"2021-04-20T10:41:15+00:00\",\"dateModified\":\"2024-12-11T09:14:59+00:00\",\"description\":\"Innovative custom gearbox design and development \u2713 Expert engineering \u2713 High-performance solutions \u27a4 Discover our engineering process now!\",\"breadcrumb\":{\"@id\":\"https:\/\/auma-drives.com\/en\/custom-gearbox-solutions\/#breadcrumb\"},\"inLanguage\":\"en-US\",\"potentialAction\":[{\"@type\":\"ReadAction\",\"target\":[\"https:\/\/auma-drives.com\/en\/custom-gearbox-solutions\/\"]}]},{\"@type\":\"ImageObject\",\"inLanguage\":\"en-US\",\"@id\":\"https:\/\/auma-drives.com\/en\/custom-gearbox-solutions\/#primaryimage\",\"url\":\"https:\/\/auma-drives.com\/wp-content\/uploads\/header-spezial-getriebe-sondergetriebe-auma_2-1.jpg\",\"contentUrl\":\"https:\/\/auma-drives.com\/wp-content\/uploads\/header-spezial-getriebe-sondergetriebe-auma_2-1.jpg\",\"width\":1920,\"height\":1280,\"caption\":\"AUMA Drives Spezial-Getriebe\"},{\"@type\":\"BreadcrumbList\",\"@id\":\"https:\/\/auma-drives.com\/en\/custom-gearbox-solutions\/#breadcrumb\",\"itemListElement\":[{\"@type\":\"ListItem\",\"position\":1,\"name\":\"Startseite\",\"item\":\"https:\/\/auma-drives.com\/en\/\"},{\"@type\":\"ListItem\",\"position\":2,\"name\":\"Custom Gearbox Solutions\"}]},{\"@type\":\"WebSite\",\"@id\":\"https:\/\/auma-drives.com\/en\/#website\",\"url\":\"https:\/\/auma-drives.com\/en\/\",\"name\":\"AUMA Drives\",\"description\":\"Antriebssysteme f\u00fcr h\u00f6chste Anspr\u00fcche.\",\"publisher\":{\"@id\":\"https:\/\/auma-drives.com\/en\/#organization\"},\"potentialAction\":[{\"@type\":\"SearchAction\",\"target\":{\"@type\":\"EntryPoint\",\"urlTemplate\":\"https:\/\/auma-drives.com\/en\/?s={search_term_string}\"},\"query-input\":{\"@type\":\"PropertyValueSpecification\",\"valueRequired\":true,\"valueName\":\"search_term_string\"}}],\"inLanguage\":\"en-US\"},{\"@type\":\"Organization\",\"@id\":\"https:\/\/auma-drives.com\/en\/#organization\",\"name\":\"AUMA Drives GmbH\",\"url\":\"https:\/\/auma-drives.com\/en\/\",\"logo\":{\"@type\":\"ImageObject\",\"inLanguage\":\"en-US\",\"@id\":\"https:\/\/auma-drives.com\/en\/#\/schema\/logo\/image\/\",\"url\":\"https:\/\/auma-drives.com\/wp-content\/uploads\/auma-drives-logo.png\",\"contentUrl\":\"https:\/\/auma-drives.com\/wp-content\/uploads\/auma-drives-logo.png\",\"width\":1000,\"height\":144,\"caption\":\"AUMA Drives GmbH\"},\"image\":{\"@id\":\"https:\/\/auma-drives.com\/en\/#\/schema\/logo\/image\/\"},\"sameAs\":[\"https:\/\/de-de.facebook.com\/AUMAGroup\/\"]}]}<\/script>\n<!-- \/ Yoast SEO Premium plugin. -->","yoast_head_json":{"title":"Custom Gearbox Manufacturing Excellence &#8226; AUMA Drives","description":"Innovative custom gearbox design and development \u2713 Expert engineering \u2713 High-performance solutions \u27a4 Discover our engineering process now!","robots":{"index":"index","follow":"follow","max-snippet":"max-snippet:-1","max-image-preview":"max-image-preview:large","max-video-preview":"max-video-preview:-1"},"canonical":"https:\/\/auma-drives.com\/en\/custom-gearbox-solutions\/","og_locale":"en_US","og_type":"article","og_title":"Custom Gearbox Solutions","og_description":"Innovative custom gearbox design and development \u2713 Expert engineering \u2713 High-performance solutions \u27a4 Discover our engineering process now!","og_url":"https:\/\/auma-drives.com\/en\/custom-gearbox-solutions\/","og_site_name":"AUMA Drives","article_publisher":"https:\/\/de-de.facebook.com\/AUMAGroup\/","article_modified_time":"2024-12-11T09:14:59+00:00","og_image":[{"width":1920,"height":1280,"url":"https:\/\/auma-drives.com\/wp-content\/uploads\/header-spezial-getriebe-sondergetriebe-auma_2-1.jpg","type":"image\/jpeg"}],"twitter_card":"summary_large_image","twitter_misc":{"Est. reading time":"3 minutes"},"schema":{"@context":"https:\/\/schema.org","@graph":[{"@type":"WebPage","@id":"https:\/\/auma-drives.com\/en\/custom-gearbox-solutions\/","url":"https:\/\/auma-drives.com\/en\/custom-gearbox-solutions\/","name":"Custom Gearbox Manufacturing Excellence &#8226; AUMA Drives","isPartOf":{"@id":"https:\/\/auma-drives.com\/en\/#website"},"primaryImageOfPage":{"@id":"https:\/\/auma-drives.com\/en\/custom-gearbox-solutions\/#primaryimage"},"image":{"@id":"https:\/\/auma-drives.com\/en\/custom-gearbox-solutions\/#primaryimage"},"thumbnailUrl":"https:\/\/auma-drives.com\/wp-content\/uploads\/header-spezial-getriebe-sondergetriebe-auma_2-1.jpg","datePublished":"2021-04-20T10:41:15+00:00","dateModified":"2024-12-11T09:14:59+00:00","description":"Innovative custom gearbox design and development \u2713 Expert engineering \u2713 High-performance solutions \u27a4 Discover our engineering process now!","breadcrumb":{"@id":"https:\/\/auma-drives.com\/en\/custom-gearbox-solutions\/#breadcrumb"},"inLanguage":"en-US","potentialAction":[{"@type":"ReadAction","target":["https:\/\/auma-drives.com\/en\/custom-gearbox-solutions\/"]}]},{"@type":"ImageObject","inLanguage":"en-US","@id":"https:\/\/auma-drives.com\/en\/custom-gearbox-solutions\/#primaryimage","url":"https:\/\/auma-drives.com\/wp-content\/uploads\/header-spezial-getriebe-sondergetriebe-auma_2-1.jpg","contentUrl":"https:\/\/auma-drives.com\/wp-content\/uploads\/header-spezial-getriebe-sondergetriebe-auma_2-1.jpg","width":1920,"height":1280,"caption":"AUMA Drives Spezial-Getriebe"},{"@type":"BreadcrumbList","@id":"https:\/\/auma-drives.com\/en\/custom-gearbox-solutions\/#breadcrumb","itemListElement":[{"@type":"ListItem","position":1,"name":"Startseite","item":"https:\/\/auma-drives.com\/en\/"},{"@type":"ListItem","position":2,"name":"Custom Gearbox Solutions"}]},{"@type":"WebSite","@id":"https:\/\/auma-drives.com\/en\/#website","url":"https:\/\/auma-drives.com\/en\/","name":"AUMA Drives","description":"Antriebssysteme f\u00fcr h\u00f6chste Anspr\u00fcche.","publisher":{"@id":"https:\/\/auma-drives.com\/en\/#organization"},"potentialAction":[{"@type":"SearchAction","target":{"@type":"EntryPoint","urlTemplate":"https:\/\/auma-drives.com\/en\/?s={search_term_string}"},"query-input":{"@type":"PropertyValueSpecification","valueRequired":true,"valueName":"search_term_string"}}],"inLanguage":"en-US"},{"@type":"Organization","@id":"https:\/\/auma-drives.com\/en\/#organization","name":"AUMA Drives GmbH","url":"https:\/\/auma-drives.com\/en\/","logo":{"@type":"ImageObject","inLanguage":"en-US","@id":"https:\/\/auma-drives.com\/en\/#\/schema\/logo\/image\/","url":"https:\/\/auma-drives.com\/wp-content\/uploads\/auma-drives-logo.png","contentUrl":"https:\/\/auma-drives.com\/wp-content\/uploads\/auma-drives-logo.png","width":1000,"height":144,"caption":"AUMA Drives GmbH"},"image":{"@id":"https:\/\/auma-drives.com\/en\/#\/schema\/logo\/image\/"},"sameAs":["https:\/\/de-de.facebook.com\/AUMAGroup\/"]}]}},"_links":{"self":[{"href":"https:\/\/auma-drives.com\/en\/wp-json\/wp\/v2\/pages\/2108"}],"collection":[{"href":"https:\/\/auma-drives.com\/en\/wp-json\/wp\/v2\/pages"}],"about":[{"href":"https:\/\/auma-drives.com\/en\/wp-json\/wp\/v2\/types\/page"}],"author":[{"embeddable":true,"href":"https:\/\/auma-drives.com\/en\/wp-json\/wp\/v2\/users\/1"}],"replies":[{"embeddable":true,"href":"https:\/\/auma-drives.com\/en\/wp-json\/wp\/v2\/comments?post=2108"}],"version-history":[{"count":18,"href":"https:\/\/auma-drives.com\/en\/wp-json\/wp\/v2\/pages\/2108\/revisions"}],"predecessor-version":[{"id":5045,"href":"https:\/\/auma-drives.com\/en\/wp-json\/wp\/v2\/pages\/2108\/revisions\/5045"}],"wp:featuredmedia":[{"embeddable":true,"href":"https:\/\/auma-drives.com\/en\/wp-json\/wp\/v2\/media\/1552"}],"wp:attachment":[{"href":"https:\/\/auma-drives.com\/en\/wp-json\/wp\/v2\/media?parent=2108"}],"curies":[{"name":"wp","href":"https:\/\/api.w.org\/{rel}","templated":true}]}}