{"id":2111,"date":"2021-04-20T12:41:25","date_gmt":"2021-04-20T10:41:25","guid":{"rendered":"https:\/\/auma-drives.com\/quality-management\/"},"modified":"2024-09-27T10:08:29","modified_gmt":"2024-09-27T08:08:29","slug":"quality-management","status":"publish","type":"page","link":"https:\/\/auma-drives.com\/en\/expertise\/quality-management\/","title":{"rendered":"Quality Management"},"content":{"rendered":"<div class=\"wpb-content-wrapper\"><p>[vc_section el_class=&#8221;inhalt-up hg-grau-wrapper&#8221;][vc_row][vc_column][vc_single_image image=&#8221;4436&#8243; img_size=&#8221;full&#8221; alignment=&#8221;center&#8221; el_class=&#8221;auma-icons&#8221;][vc_column_text css=&#8221;&#8221; el_class=&#8221;auma-max-qualitaetsmanagement&#8221;]<\/p>\n<h1 style=\"text-align: center;\"><strong>Advanced Gearbox Testing and Cutting-edge R&amp;D<\/strong><\/h1>\n<p style=\"text-align: center;\">Quality management at AUMA Drives covers various aspects. Starting with the development stage, it will consistently cover the entire production process right through to installation on the customer&#8217;s premises. The objective is quite demanding: optimum gear unit quality in all drive systems across their entire life cycle.<\/p>\n<p>[\/vc_column_text][\/vc_column][\/vc_row][\/vc_section][vc_section][vc_row][vc_column width=&#8221;1\/2&#8243;][vc_column_text css=&#8221;&#8221;]Clearly defined <a href=\"https:\/\/auma-drives.com\/en\/expertise\/engineering-process\/\">processes<\/a> are an important pillar of the AUMA Drives quality scheme. Therefore, quality control is an integral part of all processes in R&amp;D and production. Continuous analysis on possible faults or interferences characterises standard procedures in quality assurance as well as capability proofs for machines or detailed documentation of productions processes and test procedures. Any production step can therefore easily be reproduced: All components of the gear units and drive systems made in Coswig can precisely be tracked \u2013 for the most part even to the supplier and the manufacturer of the material.[\/vc_column_text][\/vc_column][vc_column width=&#8221;1\/2&#8243;][vc_column_text]Most test benches in the AUMA Drives test centre are in-house developments. They allow collection of a multitude of application-specific parameters \u2013 each depending on customer requirements. Both supplier components and complete gear units go through the test cycle, some of them at extreme ambient conditions. For example, the roller bearing test bench allows for simulation of 400,000 operation hours under normal load.<\/p>\n<p>In the climatic chamber, gear units can even be tested at \u201340 degrees Celsius. In addition, there are torque and vibration test benches, systems for testing fracture strength and many more.[\/vc_column_text][\/vc_column][\/vc_row][\/vc_section][vc_section el_class=&#8221;hg-grau&#8221; el_id=&#8221;testcenter&#8221;][vc_row el_class=&#8221;auma-flex&#8221;][vc_column width=&#8221;1\/2&#8243; el_class=&#8221;auma-flex-1 flex-center&#8221;][vc_single_image image=&#8221;1667&#8243; img_size=&#8221;full&#8221; el_class=&#8221;reset&#8221;][\/vc_column][vc_column width=&#8221;1\/2&#8243; el_class=&#8221;auma-flex-2 flex-center&#8221;][vc_column_text]<strong>In-house test options (selection): <\/strong><\/p>\n<p>Spline measurement, noise measurement, coordinates measurement, optical shaft measurement, various non-destructive material testing procedures, hardness test HRC, HBW, HV, optical twist measurement, film thickness measurement, leak tightness test according to differential pressure procedure.<\/p>\n<p><strong>Roller bearing testing as a service:<\/strong><\/p>\n<p>The roller bearing test benches in the test centre of AUMA Drives are among the USPs of the company. The impact of hundreds of thousands of operation hours can be tested on these test benches, if required under various load scenarios. On request, even external customers benefit from these test options.[\/vc_column_text][\/vc_column][\/vc_row][\/vc_section][vc_section][vc_row][vc_column width=&#8221;1\/3&#8243;][vc_btn title=&#8221;Engineering process&#8221; align=&#8221;center&#8221; css=&#8221;&#8221; link=&#8221;url:https%3A%2F%2Fauma-drives.com%2Fen%2Fexpertise%2Fengineering-process%2F|title:Engineering%20process&#8221; el_class=&#8221;auma-btn-blau btn-rot btn-nach-links&#8221;][\/vc_column][vc_column width=&#8221;1\/3&#8243;][vc_btn title=&#8221;Production&#8221; align=&#8221;center&#8221; css=&#8221;&#8221; link=&#8221;url:https%3A%2F%2Fauma-drives.com%2Fen%2Fproduction%2F|title:Production&#8221; el_class=&#8221;auma-btn-blau btn-rot btn-nach-links&#8221;][\/vc_column][vc_column width=&#8221;1\/3&#8243;][vc_btn title=&#8221;Special gear units&#8221; align=&#8221;center&#8221; css=&#8221;&#8221; link=&#8221;url:https%3A%2F%2Fauma-drives.com%2Fen%2Fcustom-gearbox-solutions%2F|title:Special%20gear%20units&#8221; el_class=&#8221;auma-btn-blau btn-rot&#8221;][\/vc_column][\/vc_row][\/vc_section]<\/p>\n<\/div>","protected":false},"excerpt":{"rendered":"<p>[vc_section el_class=&#8221;inhalt-up hg-grau-wrapper&#8221;][vc_row][vc_column][vc_single_image image=&#8221;4436&#8243; img_size=&#8221;full&#8221; alignment=&#8221;center&#8221; el_class=&#8221;auma-icons&#8221;][vc_column_text css=&#8221;&#8221; el_class=&#8221;auma-max-qualitaetsmanagement&#8221;] Advanced Gearbox Testing and Cutting-edge R&amp;D Quality management at AUMA Drives covers various aspects. Starting with the development stage, it will consistently cover the entire production process right through to installation on the customer&#8217;s premises. The objective is quite demanding: optimum gear unit quality in all [&hellip;]<\/p>\n","protected":false},"author":1,"featured_media":1903,"parent":2120,"menu_order":0,"comment_status":"closed","ping_status":"closed","template":"","meta":{"inline_featured_image":false,"footnotes":""},"yoast_head":"<!-- This site is optimized with the Yoast SEO Premium plugin v24.5 (Yoast SEO v24.5) - https:\/\/yoast.com\/wordpress\/plugins\/seo\/ -->\n<title>Advanced Gearbox Testing &amp; R&amp;D &#8226; AUMA Drives<\/title>\n<meta name=\"description\" content=\"Comprehensive gearbox testing \u2713 Rigorous load testing \u2713 Cutting-edge R&amp;D \u27a4 Ensure top-quality performance with our testing processes!\" \/>\n<meta name=\"robots\" content=\"index, follow, max-snippet:-1, max-image-preview:large, max-video-preview:-1\" \/>\n<link rel=\"canonical\" href=\"https:\/\/auma-drives.com\/en\/expertise\/quality-management\/\" \/>\n<meta property=\"og:locale\" content=\"en_US\" \/>\n<meta property=\"og:type\" content=\"article\" \/>\n<meta property=\"og:title\" content=\"Quality Management\" \/>\n<meta property=\"og:description\" content=\"Comprehensive gearbox testing \u2713 Rigorous load testing \u2713 Cutting-edge R&amp;D \u27a4 Ensure top-quality performance with our testing processes!\" \/>\n<meta property=\"og:url\" content=\"https:\/\/auma-drives.com\/en\/expertise\/quality-management\/\" \/>\n<meta property=\"og:site_name\" content=\"AUMA Drives\" \/>\n<meta property=\"article:publisher\" content=\"https:\/\/de-de.facebook.com\/AUMAGroup\/\" \/>\n<meta property=\"article:modified_time\" content=\"2024-09-27T08:08:29+00:00\" \/>\n<meta property=\"og:image\" content=\"https:\/\/auma-drives.com\/wp-content\/uploads\/Verzahnungsmessung_1920px_RZ_2.jpg\" \/>\n\t<meta property=\"og:image:width\" content=\"1920\" \/>\n\t<meta property=\"og:image:height\" content=\"1281\" \/>\n\t<meta property=\"og:image:type\" content=\"image\/jpeg\" \/>\n<meta name=\"twitter:card\" content=\"summary_large_image\" \/>\n<meta name=\"twitter:label1\" content=\"Est. reading time\" \/>\n\t<meta name=\"twitter:data1\" content=\"3 minutes\" \/>\n<script type=\"application\/ld+json\" class=\"yoast-schema-graph\">{\"@context\":\"https:\/\/schema.org\",\"@graph\":[{\"@type\":\"WebPage\",\"@id\":\"https:\/\/auma-drives.com\/en\/expertise\/quality-management\/\",\"url\":\"https:\/\/auma-drives.com\/en\/expertise\/quality-management\/\",\"name\":\"Advanced Gearbox Testing & R&D &#8226; AUMA Drives\",\"isPartOf\":{\"@id\":\"https:\/\/auma-drives.com\/en\/#website\"},\"primaryImageOfPage\":{\"@id\":\"https:\/\/auma-drives.com\/en\/expertise\/quality-management\/#primaryimage\"},\"image\":{\"@id\":\"https:\/\/auma-drives.com\/en\/expertise\/quality-management\/#primaryimage\"},\"thumbnailUrl\":\"https:\/\/auma-drives.com\/wp-content\/uploads\/Verzahnungsmessung_1920px_RZ_2.jpg\",\"datePublished\":\"2021-04-20T10:41:25+00:00\",\"dateModified\":\"2024-09-27T08:08:29+00:00\",\"description\":\"Comprehensive gearbox testing \u2713 Rigorous load testing \u2713 Cutting-edge R&D \u27a4 Ensure top-quality performance with our testing processes!\",\"breadcrumb\":{\"@id\":\"https:\/\/auma-drives.com\/en\/expertise\/quality-management\/#breadcrumb\"},\"inLanguage\":\"en-US\",\"potentialAction\":[{\"@type\":\"ReadAction\",\"target\":[\"https:\/\/auma-drives.com\/en\/expertise\/quality-management\/\"]}]},{\"@type\":\"ImageObject\",\"inLanguage\":\"en-US\",\"@id\":\"https:\/\/auma-drives.com\/en\/expertise\/quality-management\/#primaryimage\",\"url\":\"https:\/\/auma-drives.com\/wp-content\/uploads\/Verzahnungsmessung_1920px_RZ_2.jpg\",\"contentUrl\":\"https:\/\/auma-drives.com\/wp-content\/uploads\/Verzahnungsmessung_1920px_RZ_2.jpg\",\"width\":1920,\"height\":1281,\"caption\":\"Spline measurement\"},{\"@type\":\"BreadcrumbList\",\"@id\":\"https:\/\/auma-drives.com\/en\/expertise\/quality-management\/#breadcrumb\",\"itemListElement\":[{\"@type\":\"ListItem\",\"position\":1,\"name\":\"Startseite\",\"item\":\"https:\/\/auma-drives.com\/en\/\"},{\"@type\":\"ListItem\",\"position\":2,\"name\":\"Expertise\",\"item\":\"https:\/\/auma-drives.com\/en\/expertise\/\"},{\"@type\":\"ListItem\",\"position\":3,\"name\":\"Quality Management\"}]},{\"@type\":\"WebSite\",\"@id\":\"https:\/\/auma-drives.com\/en\/#website\",\"url\":\"https:\/\/auma-drives.com\/en\/\",\"name\":\"AUMA Drives\",\"description\":\"Antriebssysteme f\u00fcr h\u00f6chste Anspr\u00fcche.\",\"publisher\":{\"@id\":\"https:\/\/auma-drives.com\/en\/#organization\"},\"potentialAction\":[{\"@type\":\"SearchAction\",\"target\":{\"@type\":\"EntryPoint\",\"urlTemplate\":\"https:\/\/auma-drives.com\/en\/?s={search_term_string}\"},\"query-input\":{\"@type\":\"PropertyValueSpecification\",\"valueRequired\":true,\"valueName\":\"search_term_string\"}}],\"inLanguage\":\"en-US\"},{\"@type\":\"Organization\",\"@id\":\"https:\/\/auma-drives.com\/en\/#organization\",\"name\":\"AUMA Drives GmbH\",\"url\":\"https:\/\/auma-drives.com\/en\/\",\"logo\":{\"@type\":\"ImageObject\",\"inLanguage\":\"en-US\",\"@id\":\"https:\/\/auma-drives.com\/en\/#\/schema\/logo\/image\/\",\"url\":\"https:\/\/auma-drives.com\/wp-content\/uploads\/auma-drives-logo.png\",\"contentUrl\":\"https:\/\/auma-drives.com\/wp-content\/uploads\/auma-drives-logo.png\",\"width\":1000,\"height\":144,\"caption\":\"AUMA Drives GmbH\"},\"image\":{\"@id\":\"https:\/\/auma-drives.com\/en\/#\/schema\/logo\/image\/\"},\"sameAs\":[\"https:\/\/de-de.facebook.com\/AUMAGroup\/\"]}]}<\/script>\n<!-- \/ Yoast SEO Premium plugin. -->","yoast_head_json":{"title":"Advanced Gearbox Testing & R&D &#8226; AUMA Drives","description":"Comprehensive gearbox testing \u2713 Rigorous load testing \u2713 Cutting-edge R&D \u27a4 Ensure top-quality performance with our testing processes!","robots":{"index":"index","follow":"follow","max-snippet":"max-snippet:-1","max-image-preview":"max-image-preview:large","max-video-preview":"max-video-preview:-1"},"canonical":"https:\/\/auma-drives.com\/en\/expertise\/quality-management\/","og_locale":"en_US","og_type":"article","og_title":"Quality Management","og_description":"Comprehensive gearbox testing \u2713 Rigorous load testing \u2713 Cutting-edge R&D \u27a4 Ensure top-quality performance with our testing processes!","og_url":"https:\/\/auma-drives.com\/en\/expertise\/quality-management\/","og_site_name":"AUMA Drives","article_publisher":"https:\/\/de-de.facebook.com\/AUMAGroup\/","article_modified_time":"2024-09-27T08:08:29+00:00","og_image":[{"width":1920,"height":1281,"url":"https:\/\/auma-drives.com\/wp-content\/uploads\/Verzahnungsmessung_1920px_RZ_2.jpg","type":"image\/jpeg"}],"twitter_card":"summary_large_image","twitter_misc":{"Est. reading time":"3 minutes"},"schema":{"@context":"https:\/\/schema.org","@graph":[{"@type":"WebPage","@id":"https:\/\/auma-drives.com\/en\/expertise\/quality-management\/","url":"https:\/\/auma-drives.com\/en\/expertise\/quality-management\/","name":"Advanced Gearbox Testing & R&D &#8226; AUMA Drives","isPartOf":{"@id":"https:\/\/auma-drives.com\/en\/#website"},"primaryImageOfPage":{"@id":"https:\/\/auma-drives.com\/en\/expertise\/quality-management\/#primaryimage"},"image":{"@id":"https:\/\/auma-drives.com\/en\/expertise\/quality-management\/#primaryimage"},"thumbnailUrl":"https:\/\/auma-drives.com\/wp-content\/uploads\/Verzahnungsmessung_1920px_RZ_2.jpg","datePublished":"2021-04-20T10:41:25+00:00","dateModified":"2024-09-27T08:08:29+00:00","description":"Comprehensive gearbox testing \u2713 Rigorous load testing \u2713 Cutting-edge R&D \u27a4 Ensure top-quality performance with our testing processes!","breadcrumb":{"@id":"https:\/\/auma-drives.com\/en\/expertise\/quality-management\/#breadcrumb"},"inLanguage":"en-US","potentialAction":[{"@type":"ReadAction","target":["https:\/\/auma-drives.com\/en\/expertise\/quality-management\/"]}]},{"@type":"ImageObject","inLanguage":"en-US","@id":"https:\/\/auma-drives.com\/en\/expertise\/quality-management\/#primaryimage","url":"https:\/\/auma-drives.com\/wp-content\/uploads\/Verzahnungsmessung_1920px_RZ_2.jpg","contentUrl":"https:\/\/auma-drives.com\/wp-content\/uploads\/Verzahnungsmessung_1920px_RZ_2.jpg","width":1920,"height":1281,"caption":"Spline measurement"},{"@type":"BreadcrumbList","@id":"https:\/\/auma-drives.com\/en\/expertise\/quality-management\/#breadcrumb","itemListElement":[{"@type":"ListItem","position":1,"name":"Startseite","item":"https:\/\/auma-drives.com\/en\/"},{"@type":"ListItem","position":2,"name":"Expertise","item":"https:\/\/auma-drives.com\/en\/expertise\/"},{"@type":"ListItem","position":3,"name":"Quality Management"}]},{"@type":"WebSite","@id":"https:\/\/auma-drives.com\/en\/#website","url":"https:\/\/auma-drives.com\/en\/","name":"AUMA Drives","description":"Antriebssysteme f\u00fcr h\u00f6chste Anspr\u00fcche.","publisher":{"@id":"https:\/\/auma-drives.com\/en\/#organization"},"potentialAction":[{"@type":"SearchAction","target":{"@type":"EntryPoint","urlTemplate":"https:\/\/auma-drives.com\/en\/?s={search_term_string}"},"query-input":{"@type":"PropertyValueSpecification","valueRequired":true,"valueName":"search_term_string"}}],"inLanguage":"en-US"},{"@type":"Organization","@id":"https:\/\/auma-drives.com\/en\/#organization","name":"AUMA Drives GmbH","url":"https:\/\/auma-drives.com\/en\/","logo":{"@type":"ImageObject","inLanguage":"en-US","@id":"https:\/\/auma-drives.com\/en\/#\/schema\/logo\/image\/","url":"https:\/\/auma-drives.com\/wp-content\/uploads\/auma-drives-logo.png","contentUrl":"https:\/\/auma-drives.com\/wp-content\/uploads\/auma-drives-logo.png","width":1000,"height":144,"caption":"AUMA Drives GmbH"},"image":{"@id":"https:\/\/auma-drives.com\/en\/#\/schema\/logo\/image\/"},"sameAs":["https:\/\/de-de.facebook.com\/AUMAGroup\/"]}]}},"_links":{"self":[{"href":"https:\/\/auma-drives.com\/en\/wp-json\/wp\/v2\/pages\/2111"}],"collection":[{"href":"https:\/\/auma-drives.com\/en\/wp-json\/wp\/v2\/pages"}],"about":[{"href":"https:\/\/auma-drives.com\/en\/wp-json\/wp\/v2\/types\/page"}],"author":[{"embeddable":true,"href":"https:\/\/auma-drives.com\/en\/wp-json\/wp\/v2\/users\/1"}],"replies":[{"embeddable":true,"href":"https:\/\/auma-drives.com\/en\/wp-json\/wp\/v2\/comments?post=2111"}],"version-history":[{"count":12,"href":"https:\/\/auma-drives.com\/en\/wp-json\/wp\/v2\/pages\/2111\/revisions"}],"predecessor-version":[{"id":4885,"href":"https:\/\/auma-drives.com\/en\/wp-json\/wp\/v2\/pages\/2111\/revisions\/4885"}],"up":[{"embeddable":true,"href":"https:\/\/auma-drives.com\/en\/wp-json\/wp\/v2\/pages\/2120"}],"wp:featuredmedia":[{"embeddable":true,"href":"https:\/\/auma-drives.com\/en\/wp-json\/wp\/v2\/media\/1903"}],"wp:attachment":[{"href":"https:\/\/auma-drives.com\/en\/wp-json\/wp\/v2\/media?parent=2111"}],"curies":[{"name":"wp","href":"https:\/\/api.w.org\/{rel}","templated":true}]}}