{"id":2117,"date":"2021-04-20T12:41:42","date_gmt":"2021-04-20T10:41:42","guid":{"rendered":"https:\/\/auma-drives.com\/basic-gear-units\/slewing-gear-units\/"},"modified":"2024-09-30T12:36:25","modified_gmt":"2024-09-30T10:36:25","slug":"slewing-gearboxes","status":"publish","type":"page","link":"https:\/\/auma-drives.com\/en\/industrial-gearboxes\/slewing-gearboxes\/","title":{"rendered":"Slewing Gearboxes"},"content":{"rendered":"<div class=\"wpb-content-wrapper\"><p>[vc_section el_class=&#8221;hg-grau&#8221;][vc_row][vc_column width=&#8221;2\/5&#8243;][vc_single_image image=&#8221;1235&#8243; img_size=&#8221;full&#8221;][vc_column_text el_class=&#8221;bildtext&#8221;]Slewing gear units DRW240 &#8211; DRW285[\/vc_column_text][\/vc_column][vc_column css_animation=&#8221;none&#8221; width=&#8221;3\/5&#8243;][vc_column_text css=&#8221;&#8221; el_class=&#8221;auma-max-766px&#8221;]<\/p>\n<h1 style=\"text-align: left;\">Advanced Slewing and Part-Turn Gearboxes for Heavy Loads<\/h1>\n<p style=\"text-align: left;\">Wherever heavy loads must be safely positioned, AUMA Drives part-turn gear units play to their strengths. They can be operated in both directions of rotation and are also proven in continuous duty. The primary helical gear stage provides numerous configuration options enabling fine-tuned transmission ratios for a multitude of applications. For this combination, the high-efficiency helical splines are paired with the reliable and high torque <a href=\"https:\/\/auma-drives.com\/en\/industrial-gearboxes\/worm-gearboxes\/\">worm gear unit<\/a>. This makes the compact gear unit an economic powerhouse, saving space, cost and maintenance efforts.<\/p>\n<p>[\/vc_column_text][vc_column_text el_class=&#8221;fun-fact&#8221;]Self-locking design with reduced circumferential backlash[\/vc_column_text][vc_column_text el_class=&#8221;fun-fact&#8221;]Central four-point contact ball bearing allows flat and compact design[\/vc_column_text][vc_column_text el_class=&#8221;fun-fact&#8221;]Central bore can be used as a conduit for cables, pipes and similar[\/vc_column_text][\/vc_column][\/vc_row][\/vc_section][vc_section][vc_row][vc_column width=&#8221;1\/2&#8243;][vc_btn title=&#8221;Elevator &amp; escalator gearboxes&#8221; align=&#8221;center&#8221; css=&#8221;&#8221; link=&#8221;url:https%3A%2F%2Fauma-drives.com%2Fen%2Findustrial-gearboxes%2Felevator-and-escalator-gearboxes%2F|title:Worm%20gear%20units&#8221; el_class=&#8221;auma-btn-blau btn-nach-links btn-rot&#8221;][\/vc_column][vc_column width=&#8221;1\/2&#8243;][vc_btn title=&#8221;Worm gearboxes&#8221; align=&#8221;center&#8221; css=&#8221;&#8221; link=&#8221;url:https%3A%2F%2Fauma-drives.com%2Fen%2Findustrial-gearboxes%2Fworm-gearboxes%2F|title:Special%20gear%20units&#8221; el_class=&#8221;auma-btn-blau btn-rot&#8221;][\/vc_column][\/vc_row][\/vc_section]<\/p>\n<\/div>","protected":false},"excerpt":{"rendered":"<p>[vc_section el_class=&#8221;hg-grau&#8221;][vc_row][vc_column width=&#8221;2\/5&#8243;][vc_single_image image=&#8221;1235&#8243; img_size=&#8221;full&#8221;][vc_column_text el_class=&#8221;bildtext&#8221;]Slewing gear units DRW240 &#8211; DRW285[\/vc_column_text][\/vc_column][vc_column css_animation=&#8221;none&#8221; width=&#8221;3\/5&#8243;][vc_column_text css=&#8221;&#8221; el_class=&#8221;auma-max-766px&#8221;] Advanced Slewing and Part-Turn Gearboxes for Heavy Loads Wherever heavy loads must be safely positioned, AUMA Drives part-turn gear units play to their strengths. They can be operated in both directions of rotation and are also proven in continuous duty. [&hellip;]<\/p>\n","protected":false},"author":1,"featured_media":1235,"parent":2102,"menu_order":0,"comment_status":"closed","ping_status":"closed","template":"","meta":{"inline_featured_image":false,"footnotes":""},"yoast_head":"<!-- This site is optimized with the Yoast SEO Premium plugin v24.5 (Yoast SEO v24.5) - https:\/\/yoast.com\/wordpress\/plugins\/seo\/ -->\n<title>High-Performance Slewing Gearbox &#8226; AUMA Drives<\/title>\n<meta name=\"description\" content=\"Durable slewing drives &amp; part-turn gearboxes \u2713 High-torque worm gearboxes \u2713 Compact &amp; space-saving \u27a4 Explore our slewing gearbox solutions today!\" \/>\n<meta name=\"robots\" content=\"index, follow, max-snippet:-1, max-image-preview:large, max-video-preview:-1\" \/>\n<link rel=\"canonical\" href=\"https:\/\/auma-drives.com\/en\/industrial-gearboxes\/slewing-gearboxes\/\" \/>\n<meta property=\"og:locale\" content=\"en_US\" \/>\n<meta property=\"og:type\" content=\"article\" \/>\n<meta property=\"og:title\" content=\"Slewing Gearboxes\" \/>\n<meta property=\"og:description\" content=\"Durable slewing drives &amp; part-turn gearboxes \u2713 High-torque worm gearboxes \u2713 Compact &amp; space-saving \u27a4 Explore our slewing gearbox solutions today!\" \/>\n<meta property=\"og:url\" content=\"https:\/\/auma-drives.com\/en\/industrial-gearboxes\/slewing-gearboxes\/\" \/>\n<meta property=\"og:site_name\" content=\"AUMA Drives\" \/>\n<meta property=\"article:publisher\" content=\"https:\/\/de-de.facebook.com\/AUMAGroup\/\" \/>\n<meta property=\"article:modified_time\" content=\"2024-09-30T10:36:25+00:00\" \/>\n<meta property=\"og:image\" content=\"https:\/\/auma-drives.com\/wp-content\/uploads\/Drehwerksgetriebe-DRW180-285_1000px.png\" \/>\n\t<meta property=\"og:image:width\" content=\"1000\" \/>\n\t<meta property=\"og:image:height\" content=\"1000\" \/>\n\t<meta property=\"og:image:type\" content=\"image\/png\" \/>\n<meta name=\"twitter:card\" content=\"summary_large_image\" \/>\n<meta name=\"twitter:label1\" content=\"Est. reading time\" \/>\n\t<meta name=\"twitter:data1\" content=\"2 minutes\" \/>\n<script type=\"application\/ld+json\" class=\"yoast-schema-graph\">{\"@context\":\"https:\/\/schema.org\",\"@graph\":[{\"@type\":\"WebPage\",\"@id\":\"https:\/\/auma-drives.com\/en\/industrial-gearboxes\/slewing-gearboxes\/\",\"url\":\"https:\/\/auma-drives.com\/en\/industrial-gearboxes\/slewing-gearboxes\/\",\"name\":\"High-Performance Slewing Gearbox &#8226; AUMA Drives\",\"isPartOf\":{\"@id\":\"https:\/\/auma-drives.com\/en\/#website\"},\"primaryImageOfPage\":{\"@id\":\"https:\/\/auma-drives.com\/en\/industrial-gearboxes\/slewing-gearboxes\/#primaryimage\"},\"image\":{\"@id\":\"https:\/\/auma-drives.com\/en\/industrial-gearboxes\/slewing-gearboxes\/#primaryimage\"},\"thumbnailUrl\":\"https:\/\/auma-drives.com\/wp-content\/uploads\/Drehwerksgetriebe-DRW180-285_1000px.png\",\"datePublished\":\"2021-04-20T10:41:42+00:00\",\"dateModified\":\"2024-09-30T10:36:25+00:00\",\"description\":\"Durable slewing drives & part-turn gearboxes \u2713 High-torque worm gearboxes \u2713 Compact & space-saving \u27a4 Explore our slewing gearbox solutions today!\",\"breadcrumb\":{\"@id\":\"https:\/\/auma-drives.com\/en\/industrial-gearboxes\/slewing-gearboxes\/#breadcrumb\"},\"inLanguage\":\"en-US\",\"potentialAction\":[{\"@type\":\"ReadAction\",\"target\":[\"https:\/\/auma-drives.com\/en\/industrial-gearboxes\/slewing-gearboxes\/\"]}]},{\"@type\":\"ImageObject\",\"inLanguage\":\"en-US\",\"@id\":\"https:\/\/auma-drives.com\/en\/industrial-gearboxes\/slewing-gearboxes\/#primaryimage\",\"url\":\"https:\/\/auma-drives.com\/wp-content\/uploads\/Drehwerksgetriebe-DRW180-285_1000px.png\",\"contentUrl\":\"https:\/\/auma-drives.com\/wp-content\/uploads\/Drehwerksgetriebe-DRW180-285_1000px.png\",\"width\":1000,\"height\":1000,\"caption\":\"Drehwerksgetriebe\"},{\"@type\":\"BreadcrumbList\",\"@id\":\"https:\/\/auma-drives.com\/en\/industrial-gearboxes\/slewing-gearboxes\/#breadcrumb\",\"itemListElement\":[{\"@type\":\"ListItem\",\"position\":1,\"name\":\"Startseite\",\"item\":\"https:\/\/auma-drives.com\/en\/\"},{\"@type\":\"ListItem\",\"position\":2,\"name\":\"Basic Gear Units\",\"item\":\"https:\/\/auma-drives.com\/en\/industrial-gearboxes\/\"},{\"@type\":\"ListItem\",\"position\":3,\"name\":\"Slewing Gearboxes\"}]},{\"@type\":\"WebSite\",\"@id\":\"https:\/\/auma-drives.com\/en\/#website\",\"url\":\"https:\/\/auma-drives.com\/en\/\",\"name\":\"AUMA Drives\",\"description\":\"Antriebssysteme f\u00fcr h\u00f6chste Anspr\u00fcche.\",\"publisher\":{\"@id\":\"https:\/\/auma-drives.com\/en\/#organization\"},\"potentialAction\":[{\"@type\":\"SearchAction\",\"target\":{\"@type\":\"EntryPoint\",\"urlTemplate\":\"https:\/\/auma-drives.com\/en\/?s={search_term_string}\"},\"query-input\":{\"@type\":\"PropertyValueSpecification\",\"valueRequired\":true,\"valueName\":\"search_term_string\"}}],\"inLanguage\":\"en-US\"},{\"@type\":\"Organization\",\"@id\":\"https:\/\/auma-drives.com\/en\/#organization\",\"name\":\"AUMA Drives GmbH\",\"url\":\"https:\/\/auma-drives.com\/en\/\",\"logo\":{\"@type\":\"ImageObject\",\"inLanguage\":\"en-US\",\"@id\":\"https:\/\/auma-drives.com\/en\/#\/schema\/logo\/image\/\",\"url\":\"https:\/\/auma-drives.com\/wp-content\/uploads\/auma-drives-logo.png\",\"contentUrl\":\"https:\/\/auma-drives.com\/wp-content\/uploads\/auma-drives-logo.png\",\"width\":1000,\"height\":144,\"caption\":\"AUMA Drives GmbH\"},\"image\":{\"@id\":\"https:\/\/auma-drives.com\/en\/#\/schema\/logo\/image\/\"},\"sameAs\":[\"https:\/\/de-de.facebook.com\/AUMAGroup\/\"]}]}<\/script>\n<!-- \/ Yoast SEO Premium plugin. -->","yoast_head_json":{"title":"High-Performance Slewing Gearbox &#8226; AUMA Drives","description":"Durable slewing drives & part-turn gearboxes \u2713 High-torque worm gearboxes \u2713 Compact & space-saving \u27a4 Explore our slewing gearbox solutions today!","robots":{"index":"index","follow":"follow","max-snippet":"max-snippet:-1","max-image-preview":"max-image-preview:large","max-video-preview":"max-video-preview:-1"},"canonical":"https:\/\/auma-drives.com\/en\/industrial-gearboxes\/slewing-gearboxes\/","og_locale":"en_US","og_type":"article","og_title":"Slewing Gearboxes","og_description":"Durable slewing drives & part-turn gearboxes \u2713 High-torque worm gearboxes \u2713 Compact & space-saving \u27a4 Explore our slewing gearbox solutions today!","og_url":"https:\/\/auma-drives.com\/en\/industrial-gearboxes\/slewing-gearboxes\/","og_site_name":"AUMA Drives","article_publisher":"https:\/\/de-de.facebook.com\/AUMAGroup\/","article_modified_time":"2024-09-30T10:36:25+00:00","og_image":[{"width":1000,"height":1000,"url":"https:\/\/auma-drives.com\/wp-content\/uploads\/Drehwerksgetriebe-DRW180-285_1000px.png","type":"image\/png"}],"twitter_card":"summary_large_image","twitter_misc":{"Est. reading time":"2 minutes"},"schema":{"@context":"https:\/\/schema.org","@graph":[{"@type":"WebPage","@id":"https:\/\/auma-drives.com\/en\/industrial-gearboxes\/slewing-gearboxes\/","url":"https:\/\/auma-drives.com\/en\/industrial-gearboxes\/slewing-gearboxes\/","name":"High-Performance Slewing Gearbox &#8226; AUMA Drives","isPartOf":{"@id":"https:\/\/auma-drives.com\/en\/#website"},"primaryImageOfPage":{"@id":"https:\/\/auma-drives.com\/en\/industrial-gearboxes\/slewing-gearboxes\/#primaryimage"},"image":{"@id":"https:\/\/auma-drives.com\/en\/industrial-gearboxes\/slewing-gearboxes\/#primaryimage"},"thumbnailUrl":"https:\/\/auma-drives.com\/wp-content\/uploads\/Drehwerksgetriebe-DRW180-285_1000px.png","datePublished":"2021-04-20T10:41:42+00:00","dateModified":"2024-09-30T10:36:25+00:00","description":"Durable slewing drives & part-turn gearboxes \u2713 High-torque worm gearboxes \u2713 Compact & space-saving \u27a4 Explore our slewing gearbox solutions today!","breadcrumb":{"@id":"https:\/\/auma-drives.com\/en\/industrial-gearboxes\/slewing-gearboxes\/#breadcrumb"},"inLanguage":"en-US","potentialAction":[{"@type":"ReadAction","target":["https:\/\/auma-drives.com\/en\/industrial-gearboxes\/slewing-gearboxes\/"]}]},{"@type":"ImageObject","inLanguage":"en-US","@id":"https:\/\/auma-drives.com\/en\/industrial-gearboxes\/slewing-gearboxes\/#primaryimage","url":"https:\/\/auma-drives.com\/wp-content\/uploads\/Drehwerksgetriebe-DRW180-285_1000px.png","contentUrl":"https:\/\/auma-drives.com\/wp-content\/uploads\/Drehwerksgetriebe-DRW180-285_1000px.png","width":1000,"height":1000,"caption":"Drehwerksgetriebe"},{"@type":"BreadcrumbList","@id":"https:\/\/auma-drives.com\/en\/industrial-gearboxes\/slewing-gearboxes\/#breadcrumb","itemListElement":[{"@type":"ListItem","position":1,"name":"Startseite","item":"https:\/\/auma-drives.com\/en\/"},{"@type":"ListItem","position":2,"name":"Basic Gear Units","item":"https:\/\/auma-drives.com\/en\/industrial-gearboxes\/"},{"@type":"ListItem","position":3,"name":"Slewing Gearboxes"}]},{"@type":"WebSite","@id":"https:\/\/auma-drives.com\/en\/#website","url":"https:\/\/auma-drives.com\/en\/","name":"AUMA Drives","description":"Antriebssysteme f\u00fcr h\u00f6chste Anspr\u00fcche.","publisher":{"@id":"https:\/\/auma-drives.com\/en\/#organization"},"potentialAction":[{"@type":"SearchAction","target":{"@type":"EntryPoint","urlTemplate":"https:\/\/auma-drives.com\/en\/?s={search_term_string}"},"query-input":{"@type":"PropertyValueSpecification","valueRequired":true,"valueName":"search_term_string"}}],"inLanguage":"en-US"},{"@type":"Organization","@id":"https:\/\/auma-drives.com\/en\/#organization","name":"AUMA Drives GmbH","url":"https:\/\/auma-drives.com\/en\/","logo":{"@type":"ImageObject","inLanguage":"en-US","@id":"https:\/\/auma-drives.com\/en\/#\/schema\/logo\/image\/","url":"https:\/\/auma-drives.com\/wp-content\/uploads\/auma-drives-logo.png","contentUrl":"https:\/\/auma-drives.com\/wp-content\/uploads\/auma-drives-logo.png","width":1000,"height":144,"caption":"AUMA Drives GmbH"},"image":{"@id":"https:\/\/auma-drives.com\/en\/#\/schema\/logo\/image\/"},"sameAs":["https:\/\/de-de.facebook.com\/AUMAGroup\/"]}]}},"_links":{"self":[{"href":"https:\/\/auma-drives.com\/en\/wp-json\/wp\/v2\/pages\/2117"}],"collection":[{"href":"https:\/\/auma-drives.com\/en\/wp-json\/wp\/v2\/pages"}],"about":[{"href":"https:\/\/auma-drives.com\/en\/wp-json\/wp\/v2\/types\/page"}],"author":[{"embeddable":true,"href":"https:\/\/auma-drives.com\/en\/wp-json\/wp\/v2\/users\/1"}],"replies":[{"embeddable":true,"href":"https:\/\/auma-drives.com\/en\/wp-json\/wp\/v2\/comments?post=2117"}],"version-history":[{"count":17,"href":"https:\/\/auma-drives.com\/en\/wp-json\/wp\/v2\/pages\/2117\/revisions"}],"predecessor-version":[{"id":4891,"href":"https:\/\/auma-drives.com\/en\/wp-json\/wp\/v2\/pages\/2117\/revisions\/4891"}],"up":[{"embeddable":true,"href":"https:\/\/auma-drives.com\/en\/wp-json\/wp\/v2\/pages\/2102"}],"wp:featuredmedia":[{"embeddable":true,"href":"https:\/\/auma-drives.com\/en\/wp-json\/wp\/v2\/media\/1235"}],"wp:attachment":[{"href":"https:\/\/auma-drives.com\/en\/wp-json\/wp\/v2\/media?parent=2117"}],"curies":[{"name":"wp","href":"https:\/\/api.w.org\/{rel}","templated":true}]}}