{"id":2120,"date":"2021-04-20T12:42:01","date_gmt":"2021-04-20T10:42:01","guid":{"rendered":"https:\/\/auma-drives.com\/competences\/"},"modified":"2024-09-26T17:33:23","modified_gmt":"2024-09-26T15:33:23","slug":"expertise","status":"publish","type":"page","link":"https:\/\/auma-drives.com\/en\/expertise\/","title":{"rendered":"Expertise"},"content":{"rendered":"<div class=\"wpb-content-wrapper\"><p>[vc_section el_class=&#8221;inhalt-up hg-grau-wrapper&#8221;][vc_row][vc_column][vc_single_image image=&#8221;1129&#8243; img_size=&#8221;full&#8221; alignment=&#8221;center&#8221; el_class=&#8221;auma-icons&#8221;][vc_column_text css=&#8221;&#8221; el_class=&#8221;auma-max-766px&#8221;]<\/p>\n<h1 style=\"text-align: center;\"><strong>Expertise in Gearbox Development and Engineering<\/strong><\/h1>\n<p style=\"text-align: center;\">Customised drive systems and gear units made in Coswig have been synonyms for reliability and innovation for many decades. For gear unit development, the engineers working for AUMA Drives have been consequently focussing on modern tools making use of their long standing experience. Furthermore, new inputs were created by the close cooperation with famous research institutes and several German universities. This is the warrant that the engineers\u2019 know-how is always spearheading latest evolutions and consequently catering for premium quality and efficiency for the solutions made by AUMA Drives.<\/p>\n<p>[\/vc_column_text][\/vc_column][\/vc_row][\/vc_section][vc_section][vc_row][vc_column width=&#8221;1\/6&#8243;][\/vc_column][vc_column width=&#8221;2\/3&#8243;][vc_column_text css=&#8221;&#8221;]When striving for developing the optimum customer solution, you must of course understand the customer\u2019s needs and markets. For this reason, a close and communicative relationship with our customers is one of the major pillars of the AUMA Drives company philosophy. This culminates in drives, gear units and wheel sets perfectly integrating into the machines and installations in accordance with their respective application environments.<\/p>\n<p>Within the framework of a clearly specified <a href=\"https:\/\/auma-drives.com\/en\/expertise\/engineering-process\/\">development process<\/a>, our engineers work on individual and customised system solutions. In numerous engineering and industrial applications, they pair optimum spline variants to achieve most effective drive systems with highest efficiency. This results in a rich product portfolio: From worm gear units through helical and planetary gear units up to multi-stage gear units capable of combining different spline variants.[\/vc_column_text][\/vc_column][vc_column width=&#8221;1\/6&#8243;][\/vc_column][\/vc_row][\/vc_section][vc_section el_class=&#8221;auma-full-width&#8221;][vc_row css_animation=&#8221;fadeInUp&#8221;][vc_column width=&#8221;1\/2&#8243; offset=&#8221;vc_col-md-4&#8243;][vc_single_image image=&#8221;1561&#8243; img_size=&#8221;full&#8221; alignment=&#8221;center&#8221; onclick=&#8221;custom_link&#8221; css=&#8221;&#8221; el_class=&#8221;auma-bild-schatten&#8221; link=&#8221;https:\/\/auma-drives.com\/en\/expertise\/engineering-process\/&#8221;][vc_empty_space height=&#8221;20px&#8221;][vc_btn title=&#8221;Engineering process&#8221; align=&#8221;center&#8221; css=&#8221;&#8221; link=&#8221;url:https%3A%2F%2Fauma-drives.com%2Fen%2Fexpertise%2Fengineering-process%2F|title:Engineering%20process&#8221; el_class=&#8221;auma-btn-blau btn-rot&#8221;][\/vc_column][vc_column width=&#8221;1\/2&#8243; offset=&#8221;vc_col-md-4&#8243;][vc_single_image image=&#8221;1657&#8243; img_size=&#8221;full&#8221; alignment=&#8221;center&#8221; onclick=&#8221;custom_link&#8221; css=&#8221;&#8221; el_class=&#8221;auma-bild-schatten&#8221; link=&#8221;https:\/\/auma-drives.com\/en\/production\/&#8221;][vc_empty_space height=&#8221;20px&#8221;][vc_btn title=&#8221;Production&#8221; align=&#8221;center&#8221; css=&#8221;&#8221; link=&#8221;url:https%3A%2F%2Fauma-drives.com%2Fen%2Fproduction%2F|title:Production&#8221; el_class=&#8221;auma-btn-blau btn-rot&#8221;][\/vc_column][vc_column width=&#8221;1\/2&#8243; offset=&#8221;vc_col-md-4&#8243;][vc_single_image image=&#8221;1659&#8243; img_size=&#8221;full&#8221; alignment=&#8221;center&#8221; onclick=&#8221;custom_link&#8221; css=&#8221;&#8221; el_class=&#8221;auma-bild-schatten&#8221; link=&#8221;https:\/\/auma-drives.com\/en\/expertise\/quality-management\/&#8221;][vc_empty_space height=&#8221;20px&#8221;][vc_btn title=&#8221;Quality management&#8221; align=&#8221;center&#8221; css=&#8221;&#8221; link=&#8221;url:https%3A%2F%2Fauma-drives.com%2Fen%2Fexpertise%2Fquality-management%2F|title:Quality%20management&#8221; el_class=&#8221;auma-btn-blau btn-rot&#8221;][\/vc_column][\/vc_row][\/vc_section]<\/p>\n<\/div>","protected":false},"excerpt":{"rendered":"<p>[vc_section el_class=&#8221;inhalt-up hg-grau-wrapper&#8221;][vc_row][vc_column][vc_single_image image=&#8221;1129&#8243; img_size=&#8221;full&#8221; alignment=&#8221;center&#8221; el_class=&#8221;auma-icons&#8221;][vc_column_text css=&#8221;&#8221; el_class=&#8221;auma-max-766px&#8221;] Expertise in Gearbox Development and Engineering Customised drive systems and gear units made in Coswig have been synonyms for reliability and innovation for many decades. For gear unit development, the engineers working for AUMA Drives have been consequently focussing on modern tools making use of their [&hellip;]<\/p>\n","protected":false},"author":1,"featured_media":2226,"parent":0,"menu_order":0,"comment_status":"closed","ping_status":"closed","template":"","meta":{"inline_featured_image":false,"footnotes":""},"yoast_head":"<!-- This site is optimized with the Yoast SEO Premium plugin v24.5 (Yoast SEO v24.5) - https:\/\/yoast.com\/wordpress\/plugins\/seo\/ -->\n<title>Leading Competencies in Gear Technology &#8226; AUMA Drives<\/title>\n<meta name=\"description\" content=\"Expertise in gearbox development \u2713 Innovative engineering &amp; production \u2713 Custom drive solutions tailored to your needs \u27a4 Explore our solutions today!\" \/>\n<meta name=\"robots\" content=\"index, follow, max-snippet:-1, max-image-preview:large, max-video-preview:-1\" \/>\n<link rel=\"canonical\" href=\"https:\/\/auma-drives.com\/en\/expertise\/\" \/>\n<meta property=\"og:locale\" content=\"en_US\" \/>\n<meta property=\"og:type\" content=\"article\" \/>\n<meta property=\"og:title\" content=\"Expertise\" \/>\n<meta property=\"og:description\" content=\"Expertise in gearbox development \u2713 Innovative engineering &amp; production \u2713 Custom drive solutions tailored to your needs \u27a4 Explore our solutions today!\" \/>\n<meta property=\"og:url\" content=\"https:\/\/auma-drives.com\/en\/expertise\/\" \/>\n<meta property=\"og:site_name\" content=\"AUMA Drives\" \/>\n<meta property=\"article:publisher\" content=\"https:\/\/de-de.facebook.com\/AUMAGroup\/\" \/>\n<meta property=\"article:modified_time\" content=\"2024-09-26T15:33:23+00:00\" \/>\n<meta property=\"og:image\" content=\"https:\/\/auma-drives.com\/wp-content\/uploads\/SW_Zeichnung_213_angepasst.jpg\" \/>\n\t<meta property=\"og:image:width\" content=\"1920\" \/>\n\t<meta property=\"og:image:height\" content=\"1242\" \/>\n\t<meta property=\"og:image:type\" content=\"image\/jpeg\" \/>\n<meta name=\"twitter:card\" content=\"summary_large_image\" \/>\n<meta name=\"twitter:label1\" content=\"Est. reading time\" \/>\n\t<meta name=\"twitter:data1\" content=\"3 minutes\" \/>\n<script type=\"application\/ld+json\" class=\"yoast-schema-graph\">{\"@context\":\"https:\/\/schema.org\",\"@graph\":[{\"@type\":\"WebPage\",\"@id\":\"https:\/\/auma-drives.com\/en\/expertise\/\",\"url\":\"https:\/\/auma-drives.com\/en\/expertise\/\",\"name\":\"Leading Competencies in Gear Technology &#8226; AUMA Drives\",\"isPartOf\":{\"@id\":\"https:\/\/auma-drives.com\/en\/#website\"},\"primaryImageOfPage\":{\"@id\":\"https:\/\/auma-drives.com\/en\/expertise\/#primaryimage\"},\"image\":{\"@id\":\"https:\/\/auma-drives.com\/en\/expertise\/#primaryimage\"},\"thumbnailUrl\":\"https:\/\/auma-drives.com\/wp-content\/uploads\/SW_Zeichnung_213_angepasst.jpg\",\"datePublished\":\"2021-04-20T10:42:01+00:00\",\"dateModified\":\"2024-09-26T15:33:23+00:00\",\"description\":\"Expertise in gearbox development \u2713 Innovative engineering & production \u2713 Custom drive solutions tailored to your needs \u27a4 Explore our solutions today!\",\"breadcrumb\":{\"@id\":\"https:\/\/auma-drives.com\/en\/expertise\/#breadcrumb\"},\"inLanguage\":\"en-US\",\"potentialAction\":[{\"@type\":\"ReadAction\",\"target\":[\"https:\/\/auma-drives.com\/en\/expertise\/\"]}]},{\"@type\":\"ImageObject\",\"inLanguage\":\"en-US\",\"@id\":\"https:\/\/auma-drives.com\/en\/expertise\/#primaryimage\",\"url\":\"https:\/\/auma-drives.com\/wp-content\/uploads\/SW_Zeichnung_213_angepasst.jpg\",\"contentUrl\":\"https:\/\/auma-drives.com\/wp-content\/uploads\/SW_Zeichnung_213_angepasst.jpg\",\"width\":1920,\"height\":1242,\"caption\":\"Gear development\"},{\"@type\":\"BreadcrumbList\",\"@id\":\"https:\/\/auma-drives.com\/en\/expertise\/#breadcrumb\",\"itemListElement\":[{\"@type\":\"ListItem\",\"position\":1,\"name\":\"Startseite\",\"item\":\"https:\/\/auma-drives.com\/en\/\"},{\"@type\":\"ListItem\",\"position\":2,\"name\":\"Expertise\"}]},{\"@type\":\"WebSite\",\"@id\":\"https:\/\/auma-drives.com\/en\/#website\",\"url\":\"https:\/\/auma-drives.com\/en\/\",\"name\":\"AUMA Drives\",\"description\":\"Antriebssysteme f\u00fcr h\u00f6chste Anspr\u00fcche.\",\"publisher\":{\"@id\":\"https:\/\/auma-drives.com\/en\/#organization\"},\"potentialAction\":[{\"@type\":\"SearchAction\",\"target\":{\"@type\":\"EntryPoint\",\"urlTemplate\":\"https:\/\/auma-drives.com\/en\/?s={search_term_string}\"},\"query-input\":{\"@type\":\"PropertyValueSpecification\",\"valueRequired\":true,\"valueName\":\"search_term_string\"}}],\"inLanguage\":\"en-US\"},{\"@type\":\"Organization\",\"@id\":\"https:\/\/auma-drives.com\/en\/#organization\",\"name\":\"AUMA Drives GmbH\",\"url\":\"https:\/\/auma-drives.com\/en\/\",\"logo\":{\"@type\":\"ImageObject\",\"inLanguage\":\"en-US\",\"@id\":\"https:\/\/auma-drives.com\/en\/#\/schema\/logo\/image\/\",\"url\":\"https:\/\/auma-drives.com\/wp-content\/uploads\/auma-drives-logo.png\",\"contentUrl\":\"https:\/\/auma-drives.com\/wp-content\/uploads\/auma-drives-logo.png\",\"width\":1000,\"height\":144,\"caption\":\"AUMA Drives GmbH\"},\"image\":{\"@id\":\"https:\/\/auma-drives.com\/en\/#\/schema\/logo\/image\/\"},\"sameAs\":[\"https:\/\/de-de.facebook.com\/AUMAGroup\/\"]}]}<\/script>\n<!-- \/ Yoast SEO Premium plugin. -->","yoast_head_json":{"title":"Leading Competencies in Gear Technology &#8226; AUMA Drives","description":"Expertise in gearbox development \u2713 Innovative engineering & production \u2713 Custom drive solutions tailored to your needs \u27a4 Explore our solutions today!","robots":{"index":"index","follow":"follow","max-snippet":"max-snippet:-1","max-image-preview":"max-image-preview:large","max-video-preview":"max-video-preview:-1"},"canonical":"https:\/\/auma-drives.com\/en\/expertise\/","og_locale":"en_US","og_type":"article","og_title":"Expertise","og_description":"Expertise in gearbox development \u2713 Innovative engineering & production \u2713 Custom drive solutions tailored to your needs \u27a4 Explore our solutions today!","og_url":"https:\/\/auma-drives.com\/en\/expertise\/","og_site_name":"AUMA Drives","article_publisher":"https:\/\/de-de.facebook.com\/AUMAGroup\/","article_modified_time":"2024-09-26T15:33:23+00:00","og_image":[{"width":1920,"height":1242,"url":"https:\/\/auma-drives.com\/wp-content\/uploads\/SW_Zeichnung_213_angepasst.jpg","type":"image\/jpeg"}],"twitter_card":"summary_large_image","twitter_misc":{"Est. reading time":"3 minutes"},"schema":{"@context":"https:\/\/schema.org","@graph":[{"@type":"WebPage","@id":"https:\/\/auma-drives.com\/en\/expertise\/","url":"https:\/\/auma-drives.com\/en\/expertise\/","name":"Leading Competencies in Gear Technology &#8226; AUMA Drives","isPartOf":{"@id":"https:\/\/auma-drives.com\/en\/#website"},"primaryImageOfPage":{"@id":"https:\/\/auma-drives.com\/en\/expertise\/#primaryimage"},"image":{"@id":"https:\/\/auma-drives.com\/en\/expertise\/#primaryimage"},"thumbnailUrl":"https:\/\/auma-drives.com\/wp-content\/uploads\/SW_Zeichnung_213_angepasst.jpg","datePublished":"2021-04-20T10:42:01+00:00","dateModified":"2024-09-26T15:33:23+00:00","description":"Expertise in gearbox development \u2713 Innovative engineering & production \u2713 Custom drive solutions tailored to your needs \u27a4 Explore our solutions today!","breadcrumb":{"@id":"https:\/\/auma-drives.com\/en\/expertise\/#breadcrumb"},"inLanguage":"en-US","potentialAction":[{"@type":"ReadAction","target":["https:\/\/auma-drives.com\/en\/expertise\/"]}]},{"@type":"ImageObject","inLanguage":"en-US","@id":"https:\/\/auma-drives.com\/en\/expertise\/#primaryimage","url":"https:\/\/auma-drives.com\/wp-content\/uploads\/SW_Zeichnung_213_angepasst.jpg","contentUrl":"https:\/\/auma-drives.com\/wp-content\/uploads\/SW_Zeichnung_213_angepasst.jpg","width":1920,"height":1242,"caption":"Gear development"},{"@type":"BreadcrumbList","@id":"https:\/\/auma-drives.com\/en\/expertise\/#breadcrumb","itemListElement":[{"@type":"ListItem","position":1,"name":"Startseite","item":"https:\/\/auma-drives.com\/en\/"},{"@type":"ListItem","position":2,"name":"Expertise"}]},{"@type":"WebSite","@id":"https:\/\/auma-drives.com\/en\/#website","url":"https:\/\/auma-drives.com\/en\/","name":"AUMA Drives","description":"Antriebssysteme f\u00fcr h\u00f6chste Anspr\u00fcche.","publisher":{"@id":"https:\/\/auma-drives.com\/en\/#organization"},"potentialAction":[{"@type":"SearchAction","target":{"@type":"EntryPoint","urlTemplate":"https:\/\/auma-drives.com\/en\/?s={search_term_string}"},"query-input":{"@type":"PropertyValueSpecification","valueRequired":true,"valueName":"search_term_string"}}],"inLanguage":"en-US"},{"@type":"Organization","@id":"https:\/\/auma-drives.com\/en\/#organization","name":"AUMA Drives GmbH","url":"https:\/\/auma-drives.com\/en\/","logo":{"@type":"ImageObject","inLanguage":"en-US","@id":"https:\/\/auma-drives.com\/en\/#\/schema\/logo\/image\/","url":"https:\/\/auma-drives.com\/wp-content\/uploads\/auma-drives-logo.png","contentUrl":"https:\/\/auma-drives.com\/wp-content\/uploads\/auma-drives-logo.png","width":1000,"height":144,"caption":"AUMA Drives GmbH"},"image":{"@id":"https:\/\/auma-drives.com\/en\/#\/schema\/logo\/image\/"},"sameAs":["https:\/\/de-de.facebook.com\/AUMAGroup\/"]}]}},"_links":{"self":[{"href":"https:\/\/auma-drives.com\/en\/wp-json\/wp\/v2\/pages\/2120"}],"collection":[{"href":"https:\/\/auma-drives.com\/en\/wp-json\/wp\/v2\/pages"}],"about":[{"href":"https:\/\/auma-drives.com\/en\/wp-json\/wp\/v2\/types\/page"}],"author":[{"embeddable":true,"href":"https:\/\/auma-drives.com\/en\/wp-json\/wp\/v2\/users\/1"}],"replies":[{"embeddable":true,"href":"https:\/\/auma-drives.com\/en\/wp-json\/wp\/v2\/comments?post=2120"}],"version-history":[{"count":15,"href":"https:\/\/auma-drives.com\/en\/wp-json\/wp\/v2\/pages\/2120\/revisions"}],"predecessor-version":[{"id":4858,"href":"https:\/\/auma-drives.com\/en\/wp-json\/wp\/v2\/pages\/2120\/revisions\/4858"}],"wp:featuredmedia":[{"embeddable":true,"href":"https:\/\/auma-drives.com\/en\/wp-json\/wp\/v2\/media\/2226"}],"wp:attachment":[{"href":"https:\/\/auma-drives.com\/en\/wp-json\/wp\/v2\/media?parent=2120"}],"curies":[{"name":"wp","href":"https:\/\/api.w.org\/{rel}","templated":true}]}}