{"id":2126,"date":"2021-04-20T12:42:13","date_gmt":"2021-04-20T10:42:13","guid":{"rendered":"https:\/\/auma-drives.com\/competences\/engineering-process\/"},"modified":"2024-09-27T10:07:31","modified_gmt":"2024-09-27T08:07:31","slug":"engineering-process","status":"publish","type":"page","link":"https:\/\/auma-drives.com\/en\/expertise\/engineering-process\/","title":{"rendered":"Engineering Process"},"content":{"rendered":"<div class=\"wpb-content-wrapper\"><p>[vc_section el_class=&#8221;inhalt-up hg-grau-wrapper&#8221;][vc_row][vc_column][vc_single_image image=&#8221;4432&#8243; img_size=&#8221;full&#8221; alignment=&#8221;center&#8221; el_class=&#8221;auma-icons&#8221;][vc_column_text css=&#8221;&#8221; el_class=&#8221;auma-max-engineering&#8221;]<\/p>\n<h1 style=\"text-align: center;\">Innovative Gearbox Design and Development<\/h1>\n<p style=\"text-align: center;\">&#8220;Customised solutions&#8221; is more than a mere buzzword at AUMA Drives. It is a promise on which all development steps are based. Design and development of gear units and drive systems as customised solutions require clearly structured processes \u2013 from the first project sketch right through to the final product. The objective is a product whose performance and efficiency contribute to the competitive edge of the customer.<\/p>\n<p style=\"text-align: center;\">Based on this claim, each customer project passes several stages at AUMA Drives, all of them performed in-house.<\/p>\n<p>[\/vc_column_text][\/vc_column][\/vc_row][\/vc_section][vc_section][vc_row][vc_column width=&#8221;1\/2&#8243; el_class=&#8221;margin-top-0&#8243;][vc_single_image image=&#8221;1664&#8243; img_size=&#8221;full&#8221; alignment=&#8221;center&#8221; el_class=&#8221;reset&#8221;][\/vc_column][vc_column width=&#8221;1\/2&#8243;][vc_column_text]<\/p>\n<p style=\"text-align: left;\"><span class=\"auma-numbers\">1.<\/span><\/p>\n<h2 style=\"text-align: left;\">Specification &amp; design<\/h2>\n<p>This step is the foundation stone for a successful project, laid by the R&amp;D team. They define the technical challenges and cost framework allowing the customer to measure the efficiency within their context. Also important: The requirement profile of the customer on the new drive solution and the schedule. On the basis of all these parameters, the engineering team develops a detailed design. This represents the schedule of the entire gear unit development right through to series production and defines milestones for the complete project procedure.[\/vc_column_text][\/vc_column][\/vc_row][\/vc_section][vc_section el_class=&#8221;hg-grau&#8221;][vc_row el_class=&#8221;auma-flex&#8221;][vc_column width=&#8221;1\/2&#8243; el_class=&#8221;auma-flex-1 margin-top-0&#8243;]<div class=\"bb-ultimate-carousel\"><div class='bb-ultimate-carousel-slider   carousel-mobile' data-settings={&quot;responsive&quot;:[]} ><div class='bb-ultimate-carousel-slide   '>[vc_single_image image=&#8221;1662&#8243; img_size=&#8221;full&#8221; alignment=&#8221;center&#8221; el_class=&#8221;reset&#8221;]<\/div><div class='bb-ultimate-carousel-slide   '>[vc_single_image image=&#8221;1576&#8243; img_size=&#8221;full&#8221; alignment=&#8221;center&#8221; el_class=&#8221;reset&#8221;]<\/div><\/div><\/div>[\/vc_column][vc_column width=&#8221;1\/2&#8243; el_class=&#8221;auma-flex-2&#8243;][vc_column_text]<\/p>\n<p style=\"text-align: left;\"><span class=\"auma-numbers\">2.<\/span><\/p>\n<h2 style=\"text-align: left;\">Calculation &amp; design engineering<\/h2>\n<p>All design procedures at AUMA Drives are based on modern 3D CAD methods. A solid model is used to verify the space requirement at the place of installation or the accessibility of the gear module for operation and maintenance. During this stage, the product design is defined, considering the most important parameters of the forecast load spectrum.<\/p>\n<p>Various calculation models continuously improve the data record of the design engineers until the optimum ratio between material use and load capacity has been achieved for all components. At the same time, sample parts and prototypes for initial tests on the customer premises and the AUMA Drives test centre are being created.<\/p>\n<p><strong>Calculation tools (selection):<\/strong> ANSYS Mechanical, AutoFENA, KISSsoft, KISSsys, FVA workbench[\/vc_column_text][\/vc_column][\/vc_row][\/vc_section][vc_section][vc_row][vc_column width=&#8221;1\/2&#8243; el_class=&#8221;margin-top-0&#8243;][vc_single_image image=&#8221;1597&#8243; img_size=&#8221;full&#8221; alignment=&#8221;center&#8221; el_class=&#8221;reset&#8221;][\/vc_column][vc_column width=&#8221;1\/2&#8243;][vc_column_text css=&#8221;&#8221;]<\/p>\n<p style=\"text-align: left;\"><span class=\"auma-numbers\">3.<\/span><\/p>\n<h2 style=\"text-align: left;\">Verification and test stage<\/h2>\n<p>Despite the comprehensive support of modern simulation methods within the development process \u2013 they cannot fully replace practical testing. AUMA Drives therefore relies on a sophisticated test programme, excelling by far the standards of the industry. Gear components are tested both individually and as assembly unit. For simulation of the most realistic operating, load and environmental conditions, AUMA Drives has its own <a href=\"https:\/\/auma-drives.com\/en\/expertise\/quality-management\/#testcenter\">test centre<\/a> with various test benches, e.g. for lifetime tests or break tests.[\/vc_column_text][\/vc_column][\/vc_row][\/vc_section][vc_section el_class=&#8221;hg-grau&#8221;][vc_row el_class=&#8221;auma-flex&#8221;][vc_column width=&#8221;1\/2&#8243; el_class=&#8221;auma-flex-1 margin-top-0&#8243;][vc_single_image image=&#8221;1530&#8243; img_size=&#8221;full&#8221; alignment=&#8221;center&#8221; el_class=&#8221;reset&#8221;][\/vc_column][vc_column width=&#8221;1\/2&#8243; el_class=&#8221;auma-flex-2&#8243;][vc_column_text]<\/p>\n<p style=\"text-align: left;\"><span class=\"auma-numbers\">4.<\/span><\/p>\n<h2 style=\"text-align: left;\">Series production<\/h2>\n<p>AUMA Drives understands series production as the last step of product development. The newly developed gear unit or drive system has to be integrated into production. On the one hand, the number of units and the production times must be defined and integrated in the overall production scheme. On the other hand, quality, cost and time to market will be recalculated when starting the series production process. This ensures that the customer obtains the optimum product at the agreed price and delivery date.[\/vc_column_text][\/vc_column][\/vc_row][\/vc_section][vc_section][vc_row][vc_column offset=&#8221;vc_col-md-4&#8243;][vc_btn title=&#8221;Production&#8221; align=&#8221;center&#8221; css=&#8221;&#8221; link=&#8221;url:https%3A%2F%2Fauma-drives.com%2Fen%2Fproduction%2F|title:Production&#8221; el_class=&#8221;auma-btn-blau btn-rot&#8221;][\/vc_column][vc_column offset=&#8221;vc_col-md-4&#8243;][vc_btn title=&#8221;Quality management&#8221; align=&#8221;center&#8221; css=&#8221;&#8221; link=&#8221;url:https%3A%2F%2Fauma-drives.com%2Fen%2Fexpertise%2Fquality-management%2F|title:Quality%20management&#8221; el_class=&#8221;auma-btn-blau btn-rot&#8221;][\/vc_column][vc_column offset=&#8221;vc_col-md-4&#8243;][vc_btn title=&#8221;Special gear units&#8221; align=&#8221;center&#8221; css=&#8221;&#8221; link=&#8221;url:https%3A%2F%2Fauma-drives.com%2Fen%2Fcustom-gearbox-solutions%2F|title:Special%20gear%20units&#8221; el_class=&#8221;auma-btn-blau btn-rot&#8221;][\/vc_column][\/vc_row][\/vc_section]<\/p>\n<\/div>","protected":false},"excerpt":{"rendered":"<p>[vc_section el_class=&#8221;inhalt-up hg-grau-wrapper&#8221;][vc_row][vc_column][vc_single_image image=&#8221;4432&#8243; img_size=&#8221;full&#8221; alignment=&#8221;center&#8221; el_class=&#8221;auma-icons&#8221;][vc_column_text css=&#8221;&#8221; el_class=&#8221;auma-max-engineering&#8221;] Innovative Gearbox Design and Development &#8220;Customised solutions&#8221; is more than a mere buzzword at AUMA Drives. It is a promise on which all development steps are based. Design and development of gear units and drive systems as customised solutions require clearly structured processes \u2013 from the [&hellip;]<\/p>\n","protected":false},"author":1,"featured_media":4412,"parent":2120,"menu_order":0,"comment_status":"closed","ping_status":"closed","template":"","meta":{"inline_featured_image":false,"footnotes":""},"yoast_head":"<!-- This site is optimized with the Yoast SEO Premium plugin v24.5 (Yoast SEO v24.5) - https:\/\/yoast.com\/wordpress\/plugins\/seo\/ -->\n<title>Gearbox Design &amp; Engineering Excellence &#8226; AUMA Drives<\/title>\n<meta name=\"description\" content=\"Innovative gearbox design and development \u2713 Expert engineering \u2713 High-performance solutions \u27a4 Discover our engineering process now!\" \/>\n<meta name=\"robots\" content=\"index, follow, max-snippet:-1, max-image-preview:large, max-video-preview:-1\" \/>\n<link rel=\"canonical\" href=\"https:\/\/auma-drives.com\/en\/expertise\/engineering-process\/\" \/>\n<meta property=\"og:locale\" content=\"en_US\" \/>\n<meta property=\"og:type\" content=\"article\" \/>\n<meta property=\"og:title\" content=\"Engineering Process\" \/>\n<meta property=\"og:description\" content=\"Innovative gearbox design and development \u2713 Expert engineering \u2713 High-performance solutions \u27a4 Discover our engineering process now!\" \/>\n<meta property=\"og:url\" content=\"https:\/\/auma-drives.com\/en\/expertise\/engineering-process\/\" \/>\n<meta property=\"og:site_name\" content=\"AUMA Drives\" \/>\n<meta property=\"article:publisher\" content=\"https:\/\/de-de.facebook.com\/AUMAGroup\/\" \/>\n<meta property=\"article:modified_time\" content=\"2024-09-27T08:07:31+00:00\" \/>\n<meta property=\"og:image\" content=\"https:\/\/auma-drives.com\/wp-content\/uploads\/SR_Zeichnung_1920px.jpg\" \/>\n\t<meta property=\"og:image:width\" content=\"1920\" \/>\n\t<meta property=\"og:image:height\" content=\"1200\" \/>\n\t<meta property=\"og:image:type\" content=\"image\/jpeg\" \/>\n<meta name=\"twitter:card\" content=\"summary_large_image\" \/>\n<meta name=\"twitter:label1\" content=\"Est. reading time\" \/>\n\t<meta name=\"twitter:data1\" content=\"5 minutes\" \/>\n<script type=\"application\/ld+json\" class=\"yoast-schema-graph\">{\"@context\":\"https:\/\/schema.org\",\"@graph\":[{\"@type\":\"WebPage\",\"@id\":\"https:\/\/auma-drives.com\/en\/expertise\/engineering-process\/\",\"url\":\"https:\/\/auma-drives.com\/en\/expertise\/engineering-process\/\",\"name\":\"Gearbox Design & Engineering Excellence &#8226; AUMA Drives\",\"isPartOf\":{\"@id\":\"https:\/\/auma-drives.com\/en\/#website\"},\"primaryImageOfPage\":{\"@id\":\"https:\/\/auma-drives.com\/en\/expertise\/engineering-process\/#primaryimage\"},\"image\":{\"@id\":\"https:\/\/auma-drives.com\/en\/expertise\/engineering-process\/#primaryimage\"},\"thumbnailUrl\":\"https:\/\/auma-drives.com\/wp-content\/uploads\/SR_Zeichnung_1920px.jpg\",\"datePublished\":\"2021-04-20T10:42:13+00:00\",\"dateModified\":\"2024-09-27T08:07:31+00:00\",\"description\":\"Innovative gearbox design and development \u2713 Expert engineering \u2713 High-performance solutions \u27a4 Discover our engineering process now!\",\"breadcrumb\":{\"@id\":\"https:\/\/auma-drives.com\/en\/expertise\/engineering-process\/#breadcrumb\"},\"inLanguage\":\"en-US\",\"potentialAction\":[{\"@type\":\"ReadAction\",\"target\":[\"https:\/\/auma-drives.com\/en\/expertise\/engineering-process\/\"]}]},{\"@type\":\"ImageObject\",\"inLanguage\":\"en-US\",\"@id\":\"https:\/\/auma-drives.com\/en\/expertise\/engineering-process\/#primaryimage\",\"url\":\"https:\/\/auma-drives.com\/wp-content\/uploads\/SR_Zeichnung_1920px.jpg\",\"contentUrl\":\"https:\/\/auma-drives.com\/wp-content\/uploads\/SR_Zeichnung_1920px.jpg\",\"width\":1920,\"height\":1200},{\"@type\":\"BreadcrumbList\",\"@id\":\"https:\/\/auma-drives.com\/en\/expertise\/engineering-process\/#breadcrumb\",\"itemListElement\":[{\"@type\":\"ListItem\",\"position\":1,\"name\":\"Startseite\",\"item\":\"https:\/\/auma-drives.com\/en\/\"},{\"@type\":\"ListItem\",\"position\":2,\"name\":\"Expertise\",\"item\":\"https:\/\/auma-drives.com\/en\/expertise\/\"},{\"@type\":\"ListItem\",\"position\":3,\"name\":\"Engineering Process\"}]},{\"@type\":\"WebSite\",\"@id\":\"https:\/\/auma-drives.com\/en\/#website\",\"url\":\"https:\/\/auma-drives.com\/en\/\",\"name\":\"AUMA Drives\",\"description\":\"Antriebssysteme f\u00fcr h\u00f6chste Anspr\u00fcche.\",\"publisher\":{\"@id\":\"https:\/\/auma-drives.com\/en\/#organization\"},\"potentialAction\":[{\"@type\":\"SearchAction\",\"target\":{\"@type\":\"EntryPoint\",\"urlTemplate\":\"https:\/\/auma-drives.com\/en\/?s={search_term_string}\"},\"query-input\":{\"@type\":\"PropertyValueSpecification\",\"valueRequired\":true,\"valueName\":\"search_term_string\"}}],\"inLanguage\":\"en-US\"},{\"@type\":\"Organization\",\"@id\":\"https:\/\/auma-drives.com\/en\/#organization\",\"name\":\"AUMA Drives GmbH\",\"url\":\"https:\/\/auma-drives.com\/en\/\",\"logo\":{\"@type\":\"ImageObject\",\"inLanguage\":\"en-US\",\"@id\":\"https:\/\/auma-drives.com\/en\/#\/schema\/logo\/image\/\",\"url\":\"https:\/\/auma-drives.com\/wp-content\/uploads\/auma-drives-logo.png\",\"contentUrl\":\"https:\/\/auma-drives.com\/wp-content\/uploads\/auma-drives-logo.png\",\"width\":1000,\"height\":144,\"caption\":\"AUMA Drives GmbH\"},\"image\":{\"@id\":\"https:\/\/auma-drives.com\/en\/#\/schema\/logo\/image\/\"},\"sameAs\":[\"https:\/\/de-de.facebook.com\/AUMAGroup\/\"]}]}<\/script>\n<!-- \/ Yoast SEO Premium plugin. -->","yoast_head_json":{"title":"Gearbox Design & Engineering Excellence &#8226; AUMA Drives","description":"Innovative gearbox design and development \u2713 Expert engineering \u2713 High-performance solutions \u27a4 Discover our engineering process now!","robots":{"index":"index","follow":"follow","max-snippet":"max-snippet:-1","max-image-preview":"max-image-preview:large","max-video-preview":"max-video-preview:-1"},"canonical":"https:\/\/auma-drives.com\/en\/expertise\/engineering-process\/","og_locale":"en_US","og_type":"article","og_title":"Engineering Process","og_description":"Innovative gearbox design and development \u2713 Expert engineering \u2713 High-performance solutions \u27a4 Discover our engineering process now!","og_url":"https:\/\/auma-drives.com\/en\/expertise\/engineering-process\/","og_site_name":"AUMA Drives","article_publisher":"https:\/\/de-de.facebook.com\/AUMAGroup\/","article_modified_time":"2024-09-27T08:07:31+00:00","og_image":[{"width":1920,"height":1200,"url":"https:\/\/auma-drives.com\/wp-content\/uploads\/SR_Zeichnung_1920px.jpg","type":"image\/jpeg"}],"twitter_card":"summary_large_image","twitter_misc":{"Est. reading time":"5 minutes"},"schema":{"@context":"https:\/\/schema.org","@graph":[{"@type":"WebPage","@id":"https:\/\/auma-drives.com\/en\/expertise\/engineering-process\/","url":"https:\/\/auma-drives.com\/en\/expertise\/engineering-process\/","name":"Gearbox Design & Engineering Excellence &#8226; AUMA Drives","isPartOf":{"@id":"https:\/\/auma-drives.com\/en\/#website"},"primaryImageOfPage":{"@id":"https:\/\/auma-drives.com\/en\/expertise\/engineering-process\/#primaryimage"},"image":{"@id":"https:\/\/auma-drives.com\/en\/expertise\/engineering-process\/#primaryimage"},"thumbnailUrl":"https:\/\/auma-drives.com\/wp-content\/uploads\/SR_Zeichnung_1920px.jpg","datePublished":"2021-04-20T10:42:13+00:00","dateModified":"2024-09-27T08:07:31+00:00","description":"Innovative gearbox design and development \u2713 Expert engineering \u2713 High-performance solutions \u27a4 Discover our engineering process now!","breadcrumb":{"@id":"https:\/\/auma-drives.com\/en\/expertise\/engineering-process\/#breadcrumb"},"inLanguage":"en-US","potentialAction":[{"@type":"ReadAction","target":["https:\/\/auma-drives.com\/en\/expertise\/engineering-process\/"]}]},{"@type":"ImageObject","inLanguage":"en-US","@id":"https:\/\/auma-drives.com\/en\/expertise\/engineering-process\/#primaryimage","url":"https:\/\/auma-drives.com\/wp-content\/uploads\/SR_Zeichnung_1920px.jpg","contentUrl":"https:\/\/auma-drives.com\/wp-content\/uploads\/SR_Zeichnung_1920px.jpg","width":1920,"height":1200},{"@type":"BreadcrumbList","@id":"https:\/\/auma-drives.com\/en\/expertise\/engineering-process\/#breadcrumb","itemListElement":[{"@type":"ListItem","position":1,"name":"Startseite","item":"https:\/\/auma-drives.com\/en\/"},{"@type":"ListItem","position":2,"name":"Expertise","item":"https:\/\/auma-drives.com\/en\/expertise\/"},{"@type":"ListItem","position":3,"name":"Engineering Process"}]},{"@type":"WebSite","@id":"https:\/\/auma-drives.com\/en\/#website","url":"https:\/\/auma-drives.com\/en\/","name":"AUMA Drives","description":"Antriebssysteme f\u00fcr h\u00f6chste Anspr\u00fcche.","publisher":{"@id":"https:\/\/auma-drives.com\/en\/#organization"},"potentialAction":[{"@type":"SearchAction","target":{"@type":"EntryPoint","urlTemplate":"https:\/\/auma-drives.com\/en\/?s={search_term_string}"},"query-input":{"@type":"PropertyValueSpecification","valueRequired":true,"valueName":"search_term_string"}}],"inLanguage":"en-US"},{"@type":"Organization","@id":"https:\/\/auma-drives.com\/en\/#organization","name":"AUMA Drives GmbH","url":"https:\/\/auma-drives.com\/en\/","logo":{"@type":"ImageObject","inLanguage":"en-US","@id":"https:\/\/auma-drives.com\/en\/#\/schema\/logo\/image\/","url":"https:\/\/auma-drives.com\/wp-content\/uploads\/auma-drives-logo.png","contentUrl":"https:\/\/auma-drives.com\/wp-content\/uploads\/auma-drives-logo.png","width":1000,"height":144,"caption":"AUMA Drives GmbH"},"image":{"@id":"https:\/\/auma-drives.com\/en\/#\/schema\/logo\/image\/"},"sameAs":["https:\/\/de-de.facebook.com\/AUMAGroup\/"]}]}},"_links":{"self":[{"href":"https:\/\/auma-drives.com\/en\/wp-json\/wp\/v2\/pages\/2126"}],"collection":[{"href":"https:\/\/auma-drives.com\/en\/wp-json\/wp\/v2\/pages"}],"about":[{"href":"https:\/\/auma-drives.com\/en\/wp-json\/wp\/v2\/types\/page"}],"author":[{"embeddable":true,"href":"https:\/\/auma-drives.com\/en\/wp-json\/wp\/v2\/users\/1"}],"replies":[{"embeddable":true,"href":"https:\/\/auma-drives.com\/en\/wp-json\/wp\/v2\/comments?post=2126"}],"version-history":[{"count":14,"href":"https:\/\/auma-drives.com\/en\/wp-json\/wp\/v2\/pages\/2126\/revisions"}],"predecessor-version":[{"id":4884,"href":"https:\/\/auma-drives.com\/en\/wp-json\/wp\/v2\/pages\/2126\/revisions\/4884"}],"up":[{"embeddable":true,"href":"https:\/\/auma-drives.com\/en\/wp-json\/wp\/v2\/pages\/2120"}],"wp:featuredmedia":[{"embeddable":true,"href":"https:\/\/auma-drives.com\/en\/wp-json\/wp\/v2\/media\/4412"}],"wp:attachment":[{"href":"https:\/\/auma-drives.com\/en\/wp-json\/wp\/v2\/media?parent=2126"}],"curies":[{"name":"wp","href":"https:\/\/api.w.org\/{rel}","templated":true}]}}