{"id":2129,"date":"2021-04-20T12:42:31","date_gmt":"2021-04-20T10:42:31","guid":{"rendered":"https:\/\/auma-drives.com\/competences\/service-support\/"},"modified":"2024-09-26T16:52:57","modified_gmt":"2024-09-26T14:52:57","slug":"service-support","status":"publish","type":"page","link":"https:\/\/auma-drives.com\/en\/expertise\/service-support\/","title":{"rendered":"Service&nbsp;&amp;&nbsp;Support"},"content":{"rendered":"<div class=\"wpb-content-wrapper\"><p>[vc_section el_class=&#8221;inhalt-up hg-grau-wrapper&#8221;][vc_row][vc_column][vc_column_text css=&#8221;&#8221; el_class=&#8221;auma-max-service&#8221;]<\/p>\n<h1 style=\"text-align: center;\"><strong>Customer Service at AUMA Drives:<br \/>\n<\/strong><strong>Your Reliable Support Partner<\/strong><\/h1>\n<p style=\"text-align: center;\">AUMA Drives is always interested in the latest technology in R&amp;D and production. Customer service, however, is based on traditional values such as reliability, adherence to deadlines and consequent customer orientation. This applies to both, consulting and service during project planning and the after-sales activities.<\/p>\n<p>[\/vc_column_text][\/vc_column][\/vc_row][\/vc_section][vc_section][vc_row el_class=&#8221;flex-container&#8221;][vc_column width=&#8221;1\/2&#8243; el_class=&#8221;flex-center&#8221;][vc_single_image image=&#8221;1769&#8243; img_size=&#8221;full&#8221; el_class=&#8221;reset&#8221;][\/vc_column][vc_column width=&#8221;1\/2&#8243; el_class=&#8221;flex-center&#8221;][vc_column_text]In case of problems, the guaranteed <strong>traceability<\/strong> of the individual gear unit components helps in delimiting the cause. As a option, the AUMA Drives experts will organise the complete <strong>transport logistics<\/strong> as well as the <strong>implementation<\/strong> for new drive systems from Coswig \u2013 including test run and on-site staff training.<\/p>\n<p>For <strong>maintenance<\/strong>, revisions and <strong>repairs<\/strong> of gear units by AUMA Drives, you can rely on a competent service team assisting you in organising smooth procedures with short downtimes.[\/vc_column_text][\/vc_column][\/vc_row][\/vc_section][vc_section el_class=&#8221;hg-grau&#8221;][vc_row el_class=&#8221;auma-flex&#8221;][vc_column width=&#8221;1\/4&#8243; el_class=&#8221;auma-flex-1&#8243;][\/vc_column][vc_column width=&#8221;1\/2&#8243; el_class=&#8221;auma-flex-2&#8243;][vc_column_text]<\/p>\n<h2 style=\"text-align: center;\">Gear unit service<\/h2>\n<p style=\"text-align: center;\">The AUMA Drives customer service offers various options to keep existing customer systems up-to-date. After comprehensive status analysis, suitable replacement parts or specifically tailored solutions can be supplied and mounted. Hereby, the degree of automation can be increased, catering for a sustainable decrease in operating costs while increasing productivity and efficiency.<\/p>\n<p>[\/vc_column_text][\/vc_column][vc_column width=&#8221;1\/4&#8243;][\/vc_column][\/vc_row][\/vc_section][vc_section][vc_row][vc_column width=&#8221;1\/3&#8243;][vc_btn title=&#8221;Online return delivery note&#8221; align=&#8221;center&#8221; css=&#8221;&#8221; link=&#8221;url:https%3A%2F%2Fauma-drives.com%2Fen%2Fcompany%2Fonline-return-delivery-note%2F&#8221; el_class=&#8221;auma-btn-blau btn-rot&#8221;][\/vc_column][vc_column width=&#8221;1\/3&#8243;][vc_btn title=&#8221;Downloads&#8221; align=&#8221;center&#8221; css=&#8221;&#8221; link=&#8221;url:https%3A%2F%2Fauma-drives.com%2Fen%2Fcompany%2Fdownloads%2F&#8221; el_class=&#8221;auma-btn-blau btn-rot&#8221;][\/vc_column][vc_column width=&#8221;1\/3&#8243;][vc_btn title=&#8221;Certificates&#8221; align=&#8221;center&#8221; css=&#8221;&#8221; link=&#8221;url:https%3A%2F%2Fauma-drives.com%2Fen%2Fcompany%2Fdownloads%2F%231605084582406-9ce4876e-2f66&#8243; el_class=&#8221;auma-btn-blau btn-rot&#8221;][\/vc_column][\/vc_row][\/vc_section]<\/p>\n<\/div>","protected":false},"excerpt":{"rendered":"<p>[vc_section el_class=&#8221;inhalt-up hg-grau-wrapper&#8221;][vc_row][vc_column][vc_column_text css=&#8221;&#8221; el_class=&#8221;auma-max-service&#8221;] Customer Service at AUMA Drives: Your Reliable Support Partner AUMA Drives is always interested in the latest technology in R&amp;D and production. Customer service, however, is based on traditional values such as reliability, adherence to deadlines and consequent customer orientation. This applies to both, consulting and service during project planning [&hellip;]<\/p>\n","protected":false},"author":1,"featured_media":2230,"parent":2120,"menu_order":0,"comment_status":"closed","ping_status":"closed","template":"","meta":{"inline_featured_image":false,"footnotes":""},"yoast_head":"<!-- This site is optimized with the Yoast SEO Premium plugin v24.5 (Yoast SEO v24.5) - https:\/\/yoast.com\/wordpress\/plugins\/seo\/ -->\n<title>After-sales service and support for gearboxes &#8226; AUMA Drives<\/title>\n<meta name=\"description\" content=\"Reliable customer support for all your gear technology needs \u2713 Expert assistance and troubleshooting \u27a4 Contact the AUMA Drives support team today!\" \/>\n<meta name=\"robots\" content=\"index, follow, max-snippet:-1, max-image-preview:large, max-video-preview:-1\" \/>\n<link rel=\"canonical\" href=\"https:\/\/auma-drives.com\/en\/expertise\/service-support\/\" \/>\n<meta property=\"og:locale\" content=\"en_US\" \/>\n<meta property=\"og:type\" content=\"article\" \/>\n<meta property=\"og:title\" content=\"Service&nbsp;&amp;&nbsp;Support\" \/>\n<meta property=\"og:description\" content=\"Reliable customer support for all your gear technology needs \u2713 Expert assistance and troubleshooting \u27a4 Contact the AUMA Drives support team today!\" \/>\n<meta property=\"og:url\" content=\"https:\/\/auma-drives.com\/en\/expertise\/service-support\/\" \/>\n<meta property=\"og:site_name\" content=\"AUMA Drives\" \/>\n<meta property=\"article:publisher\" content=\"https:\/\/de-de.facebook.com\/AUMAGroup\/\" \/>\n<meta property=\"article:modified_time\" content=\"2024-09-26T14:52:57+00:00\" \/>\n<meta property=\"og:image\" content=\"https:\/\/auma-drives.com\/wp-content\/uploads\/Seite-118_GFC_250912_178_1920px_RZ.jpg\" \/>\n\t<meta property=\"og:image:width\" content=\"1920\" \/>\n\t<meta property=\"og:image:height\" content=\"1280\" \/>\n\t<meta property=\"og:image:type\" content=\"image\/jpeg\" \/>\n<meta name=\"twitter:card\" content=\"summary_large_image\" \/>\n<meta name=\"twitter:label1\" content=\"Est. reading time\" \/>\n\t<meta name=\"twitter:data1\" content=\"2 minutes\" \/>\n<script type=\"application\/ld+json\" class=\"yoast-schema-graph\">{\"@context\":\"https:\/\/schema.org\",\"@graph\":[{\"@type\":\"WebPage\",\"@id\":\"https:\/\/auma-drives.com\/en\/expertise\/service-support\/\",\"url\":\"https:\/\/auma-drives.com\/en\/expertise\/service-support\/\",\"name\":\"After-sales service and support for gearboxes &#8226; AUMA Drives\",\"isPartOf\":{\"@id\":\"https:\/\/auma-drives.com\/en\/#website\"},\"primaryImageOfPage\":{\"@id\":\"https:\/\/auma-drives.com\/en\/expertise\/service-support\/#primaryimage\"},\"image\":{\"@id\":\"https:\/\/auma-drives.com\/en\/expertise\/service-support\/#primaryimage\"},\"thumbnailUrl\":\"https:\/\/auma-drives.com\/wp-content\/uploads\/Seite-118_GFC_250912_178_1920px_RZ.jpg\",\"datePublished\":\"2021-04-20T10:42:31+00:00\",\"dateModified\":\"2024-09-26T14:52:57+00:00\",\"description\":\"Reliable customer support for all your gear technology needs \u2713 Expert assistance and troubleshooting \u27a4 Contact the AUMA Drives support team today!\",\"breadcrumb\":{\"@id\":\"https:\/\/auma-drives.com\/en\/expertise\/service-support\/#breadcrumb\"},\"inLanguage\":\"en-US\",\"potentialAction\":[{\"@type\":\"ReadAction\",\"target\":[\"https:\/\/auma-drives.com\/en\/expertise\/service-support\/\"]}]},{\"@type\":\"ImageObject\",\"inLanguage\":\"en-US\",\"@id\":\"https:\/\/auma-drives.com\/en\/expertise\/service-support\/#primaryimage\",\"url\":\"https:\/\/auma-drives.com\/wp-content\/uploads\/Seite-118_GFC_250912_178_1920px_RZ.jpg\",\"contentUrl\":\"https:\/\/auma-drives.com\/wp-content\/uploads\/Seite-118_GFC_250912_178_1920px_RZ.jpg\",\"width\":1920,\"height\":1280,\"caption\":\"Customer Service at AUMA Drives\"},{\"@type\":\"BreadcrumbList\",\"@id\":\"https:\/\/auma-drives.com\/en\/expertise\/service-support\/#breadcrumb\",\"itemListElement\":[{\"@type\":\"ListItem\",\"position\":1,\"name\":\"Startseite\",\"item\":\"https:\/\/auma-drives.com\/en\/\"},{\"@type\":\"ListItem\",\"position\":2,\"name\":\"Expertise\",\"item\":\"https:\/\/auma-drives.com\/en\/expertise\/\"},{\"@type\":\"ListItem\",\"position\":3,\"name\":\"Service&nbsp;&amp;&nbsp;Support\"}]},{\"@type\":\"WebSite\",\"@id\":\"https:\/\/auma-drives.com\/en\/#website\",\"url\":\"https:\/\/auma-drives.com\/en\/\",\"name\":\"AUMA Drives\",\"description\":\"Antriebssysteme f\u00fcr h\u00f6chste Anspr\u00fcche.\",\"publisher\":{\"@id\":\"https:\/\/auma-drives.com\/en\/#organization\"},\"potentialAction\":[{\"@type\":\"SearchAction\",\"target\":{\"@type\":\"EntryPoint\",\"urlTemplate\":\"https:\/\/auma-drives.com\/en\/?s={search_term_string}\"},\"query-input\":{\"@type\":\"PropertyValueSpecification\",\"valueRequired\":true,\"valueName\":\"search_term_string\"}}],\"inLanguage\":\"en-US\"},{\"@type\":\"Organization\",\"@id\":\"https:\/\/auma-drives.com\/en\/#organization\",\"name\":\"AUMA Drives GmbH\",\"url\":\"https:\/\/auma-drives.com\/en\/\",\"logo\":{\"@type\":\"ImageObject\",\"inLanguage\":\"en-US\",\"@id\":\"https:\/\/auma-drives.com\/en\/#\/schema\/logo\/image\/\",\"url\":\"https:\/\/auma-drives.com\/wp-content\/uploads\/auma-drives-logo.png\",\"contentUrl\":\"https:\/\/auma-drives.com\/wp-content\/uploads\/auma-drives-logo.png\",\"width\":1000,\"height\":144,\"caption\":\"AUMA Drives GmbH\"},\"image\":{\"@id\":\"https:\/\/auma-drives.com\/en\/#\/schema\/logo\/image\/\"},\"sameAs\":[\"https:\/\/de-de.facebook.com\/AUMAGroup\/\"]}]}<\/script>\n<!-- \/ Yoast SEO Premium plugin. -->","yoast_head_json":{"title":"After-sales service and support for gearboxes &#8226; AUMA Drives","description":"Reliable customer support for all your gear technology needs \u2713 Expert assistance and troubleshooting \u27a4 Contact the AUMA Drives support team today!","robots":{"index":"index","follow":"follow","max-snippet":"max-snippet:-1","max-image-preview":"max-image-preview:large","max-video-preview":"max-video-preview:-1"},"canonical":"https:\/\/auma-drives.com\/en\/expertise\/service-support\/","og_locale":"en_US","og_type":"article","og_title":"Service&nbsp;&amp;&nbsp;Support","og_description":"Reliable customer support for all your gear technology needs \u2713 Expert assistance and troubleshooting \u27a4 Contact the AUMA Drives support team today!","og_url":"https:\/\/auma-drives.com\/en\/expertise\/service-support\/","og_site_name":"AUMA Drives","article_publisher":"https:\/\/de-de.facebook.com\/AUMAGroup\/","article_modified_time":"2024-09-26T14:52:57+00:00","og_image":[{"width":1920,"height":1280,"url":"https:\/\/auma-drives.com\/wp-content\/uploads\/Seite-118_GFC_250912_178_1920px_RZ.jpg","type":"image\/jpeg"}],"twitter_card":"summary_large_image","twitter_misc":{"Est. reading time":"2 minutes"},"schema":{"@context":"https:\/\/schema.org","@graph":[{"@type":"WebPage","@id":"https:\/\/auma-drives.com\/en\/expertise\/service-support\/","url":"https:\/\/auma-drives.com\/en\/expertise\/service-support\/","name":"After-sales service and support for gearboxes &#8226; AUMA Drives","isPartOf":{"@id":"https:\/\/auma-drives.com\/en\/#website"},"primaryImageOfPage":{"@id":"https:\/\/auma-drives.com\/en\/expertise\/service-support\/#primaryimage"},"image":{"@id":"https:\/\/auma-drives.com\/en\/expertise\/service-support\/#primaryimage"},"thumbnailUrl":"https:\/\/auma-drives.com\/wp-content\/uploads\/Seite-118_GFC_250912_178_1920px_RZ.jpg","datePublished":"2021-04-20T10:42:31+00:00","dateModified":"2024-09-26T14:52:57+00:00","description":"Reliable customer support for all your gear technology needs \u2713 Expert assistance and troubleshooting \u27a4 Contact the AUMA Drives support team today!","breadcrumb":{"@id":"https:\/\/auma-drives.com\/en\/expertise\/service-support\/#breadcrumb"},"inLanguage":"en-US","potentialAction":[{"@type":"ReadAction","target":["https:\/\/auma-drives.com\/en\/expertise\/service-support\/"]}]},{"@type":"ImageObject","inLanguage":"en-US","@id":"https:\/\/auma-drives.com\/en\/expertise\/service-support\/#primaryimage","url":"https:\/\/auma-drives.com\/wp-content\/uploads\/Seite-118_GFC_250912_178_1920px_RZ.jpg","contentUrl":"https:\/\/auma-drives.com\/wp-content\/uploads\/Seite-118_GFC_250912_178_1920px_RZ.jpg","width":1920,"height":1280,"caption":"Customer Service at AUMA Drives"},{"@type":"BreadcrumbList","@id":"https:\/\/auma-drives.com\/en\/expertise\/service-support\/#breadcrumb","itemListElement":[{"@type":"ListItem","position":1,"name":"Startseite","item":"https:\/\/auma-drives.com\/en\/"},{"@type":"ListItem","position":2,"name":"Expertise","item":"https:\/\/auma-drives.com\/en\/expertise\/"},{"@type":"ListItem","position":3,"name":"Service&nbsp;&amp;&nbsp;Support"}]},{"@type":"WebSite","@id":"https:\/\/auma-drives.com\/en\/#website","url":"https:\/\/auma-drives.com\/en\/","name":"AUMA Drives","description":"Antriebssysteme f\u00fcr h\u00f6chste Anspr\u00fcche.","publisher":{"@id":"https:\/\/auma-drives.com\/en\/#organization"},"potentialAction":[{"@type":"SearchAction","target":{"@type":"EntryPoint","urlTemplate":"https:\/\/auma-drives.com\/en\/?s={search_term_string}"},"query-input":{"@type":"PropertyValueSpecification","valueRequired":true,"valueName":"search_term_string"}}],"inLanguage":"en-US"},{"@type":"Organization","@id":"https:\/\/auma-drives.com\/en\/#organization","name":"AUMA Drives GmbH","url":"https:\/\/auma-drives.com\/en\/","logo":{"@type":"ImageObject","inLanguage":"en-US","@id":"https:\/\/auma-drives.com\/en\/#\/schema\/logo\/image\/","url":"https:\/\/auma-drives.com\/wp-content\/uploads\/auma-drives-logo.png","contentUrl":"https:\/\/auma-drives.com\/wp-content\/uploads\/auma-drives-logo.png","width":1000,"height":144,"caption":"AUMA Drives GmbH"},"image":{"@id":"https:\/\/auma-drives.com\/en\/#\/schema\/logo\/image\/"},"sameAs":["https:\/\/de-de.facebook.com\/AUMAGroup\/"]}]}},"_links":{"self":[{"href":"https:\/\/auma-drives.com\/en\/wp-json\/wp\/v2\/pages\/2129"}],"collection":[{"href":"https:\/\/auma-drives.com\/en\/wp-json\/wp\/v2\/pages"}],"about":[{"href":"https:\/\/auma-drives.com\/en\/wp-json\/wp\/v2\/types\/page"}],"author":[{"embeddable":true,"href":"https:\/\/auma-drives.com\/en\/wp-json\/wp\/v2\/users\/1"}],"replies":[{"embeddable":true,"href":"https:\/\/auma-drives.com\/en\/wp-json\/wp\/v2\/comments?post=2129"}],"version-history":[{"count":10,"href":"https:\/\/auma-drives.com\/en\/wp-json\/wp\/v2\/pages\/2129\/revisions"}],"predecessor-version":[{"id":4846,"href":"https:\/\/auma-drives.com\/en\/wp-json\/wp\/v2\/pages\/2129\/revisions\/4846"}],"up":[{"embeddable":true,"href":"https:\/\/auma-drives.com\/en\/wp-json\/wp\/v2\/pages\/2120"}],"wp:featuredmedia":[{"embeddable":true,"href":"https:\/\/auma-drives.com\/en\/wp-json\/wp\/v2\/media\/2230"}],"wp:attachment":[{"href":"https:\/\/auma-drives.com\/en\/wp-json\/wp\/v2\/media?parent=2129"}],"curies":[{"name":"wp","href":"https:\/\/api.w.org\/{rel}","templated":true}]}}