{"id":2951,"date":"2022-04-26T08:00:09","date_gmt":"2022-04-26T06:00:09","guid":{"rendered":"https:\/\/auma-drives.com\/hypoidgeteriebe\/"},"modified":"2024-09-27T10:10:51","modified_gmt":"2024-09-27T08:10:51","slug":"hymax-hypoid-gearboxes","status":"publish","type":"page","link":"https:\/\/auma-drives.com\/en\/hymax-hypoid-gearboxes\/","title":{"rendered":"HYMAX Hypoid Gearboxes"},"content":{"rendered":"","protected":false},"excerpt":{"rendered":"","protected":false},"author":1,"featured_media":0,"parent":0,"menu_order":0,"comment_status":"closed","ping_status":"closed","template":"page-hypoid.php","meta":{"inline_featured_image":false,"footnotes":""},"yoast_head":"<!-- This site is optimized with the Yoast SEO Premium plugin v24.5 (Yoast SEO v24.5) - https:\/\/yoast.com\/wordpress\/plugins\/seo\/ -->\n<title>HYMAX Advanced Hypoid Gearbox &#8226; AUMA Drives<\/title>\n<meta name=\"description\" content=\"High-efficiency HYMAX hypoid gearboxes \u2713 Quiet and durable \u2713 Perfect for demanding applications \u2713 Made in Germany \u27a4 Explore our HYMAX gearboxes today!\" \/>\n<meta name=\"robots\" content=\"index, follow, max-snippet:-1, max-image-preview:large, max-video-preview:-1\" \/>\n<link rel=\"canonical\" href=\"https:\/\/auma-drives.com\/en\/hymax-hypoid-gearboxes\/\" \/>\n<meta property=\"og:locale\" content=\"en_US\" \/>\n<meta property=\"og:type\" content=\"article\" \/>\n<meta property=\"og:title\" content=\"HYMAX Hypoid Gearboxes\" \/>\n<meta property=\"og:description\" content=\"High-efficiency HYMAX hypoid gearboxes \u2713 Quiet and durable \u2713 Perfect for demanding applications \u2713 Made in Germany \u27a4 Explore our HYMAX gearboxes today!\" \/>\n<meta property=\"og:url\" content=\"https:\/\/auma-drives.com\/en\/hymax-hypoid-gearboxes\/\" \/>\n<meta property=\"og:site_name\" content=\"AUMA Drives\" \/>\n<meta property=\"article:publisher\" content=\"https:\/\/de-de.facebook.com\/AUMAGroup\/\" \/>\n<meta property=\"article:modified_time\" content=\"2024-09-27T08:10:51+00:00\" \/>\n<meta name=\"twitter:card\" content=\"summary_large_image\" \/>\n<script type=\"application\/ld+json\" class=\"yoast-schema-graph\">{\"@context\":\"https:\/\/schema.org\",\"@graph\":[{\"@type\":\"WebPage\",\"@id\":\"https:\/\/auma-drives.com\/en\/hymax-hypoid-gearboxes\/\",\"url\":\"https:\/\/auma-drives.com\/en\/hymax-hypoid-gearboxes\/\",\"name\":\"HYMAX Advanced Hypoid Gearbox &#8226; AUMA Drives\",\"isPartOf\":{\"@id\":\"https:\/\/auma-drives.com\/en\/#website\"},\"datePublished\":\"2022-04-26T06:00:09+00:00\",\"dateModified\":\"2024-09-27T08:10:51+00:00\",\"description\":\"High-efficiency HYMAX hypoid gearboxes \u2713 Quiet and durable \u2713 Perfect for demanding applications \u2713 Made in Germany \u27a4 Explore our HYMAX gearboxes today!\",\"breadcrumb\":{\"@id\":\"https:\/\/auma-drives.com\/en\/hymax-hypoid-gearboxes\/#breadcrumb\"},\"inLanguage\":\"en-US\",\"potentialAction\":[{\"@type\":\"ReadAction\",\"target\":[\"https:\/\/auma-drives.com\/en\/hymax-hypoid-gearboxes\/\"]}]},{\"@type\":\"BreadcrumbList\",\"@id\":\"https:\/\/auma-drives.com\/en\/hymax-hypoid-gearboxes\/#breadcrumb\",\"itemListElement\":[{\"@type\":\"ListItem\",\"position\":1,\"name\":\"Startseite\",\"item\":\"https:\/\/auma-drives.com\/en\/\"},{\"@type\":\"ListItem\",\"position\":2,\"name\":\"HYMAX Hypoid Gearboxes\"}]},{\"@type\":\"WebSite\",\"@id\":\"https:\/\/auma-drives.com\/en\/#website\",\"url\":\"https:\/\/auma-drives.com\/en\/\",\"name\":\"AUMA Drives\",\"description\":\"Antriebssysteme f\u00fcr h\u00f6chste Anspr\u00fcche.\",\"publisher\":{\"@id\":\"https:\/\/auma-drives.com\/en\/#organization\"},\"potentialAction\":[{\"@type\":\"SearchAction\",\"target\":{\"@type\":\"EntryPoint\",\"urlTemplate\":\"https:\/\/auma-drives.com\/en\/?s={search_term_string}\"},\"query-input\":{\"@type\":\"PropertyValueSpecification\",\"valueRequired\":true,\"valueName\":\"search_term_string\"}}],\"inLanguage\":\"en-US\"},{\"@type\":\"Organization\",\"@id\":\"https:\/\/auma-drives.com\/en\/#organization\",\"name\":\"AUMA Drives GmbH\",\"url\":\"https:\/\/auma-drives.com\/en\/\",\"logo\":{\"@type\":\"ImageObject\",\"inLanguage\":\"en-US\",\"@id\":\"https:\/\/auma-drives.com\/en\/#\/schema\/logo\/image\/\",\"url\":\"https:\/\/auma-drives.com\/wp-content\/uploads\/auma-drives-logo.png\",\"contentUrl\":\"https:\/\/auma-drives.com\/wp-content\/uploads\/auma-drives-logo.png\",\"width\":1000,\"height\":144,\"caption\":\"AUMA Drives GmbH\"},\"image\":{\"@id\":\"https:\/\/auma-drives.com\/en\/#\/schema\/logo\/image\/\"},\"sameAs\":[\"https:\/\/de-de.facebook.com\/AUMAGroup\/\"]}]}<\/script>\n<!-- \/ Yoast SEO Premium plugin. -->","yoast_head_json":{"title":"HYMAX Advanced Hypoid Gearbox &#8226; AUMA Drives","description":"High-efficiency HYMAX hypoid gearboxes \u2713 Quiet and durable \u2713 Perfect for demanding applications \u2713 Made in Germany \u27a4 Explore our HYMAX gearboxes today!","robots":{"index":"index","follow":"follow","max-snippet":"max-snippet:-1","max-image-preview":"max-image-preview:large","max-video-preview":"max-video-preview:-1"},"canonical":"https:\/\/auma-drives.com\/en\/hymax-hypoid-gearboxes\/","og_locale":"en_US","og_type":"article","og_title":"HYMAX Hypoid Gearboxes","og_description":"High-efficiency HYMAX hypoid gearboxes \u2713 Quiet and durable \u2713 Perfect for demanding applications \u2713 Made in Germany \u27a4 Explore our HYMAX gearboxes today!","og_url":"https:\/\/auma-drives.com\/en\/hymax-hypoid-gearboxes\/","og_site_name":"AUMA Drives","article_publisher":"https:\/\/de-de.facebook.com\/AUMAGroup\/","article_modified_time":"2024-09-27T08:10:51+00:00","twitter_card":"summary_large_image","schema":{"@context":"https:\/\/schema.org","@graph":[{"@type":"WebPage","@id":"https:\/\/auma-drives.com\/en\/hymax-hypoid-gearboxes\/","url":"https:\/\/auma-drives.com\/en\/hymax-hypoid-gearboxes\/","name":"HYMAX Advanced Hypoid Gearbox &#8226; AUMA Drives","isPartOf":{"@id":"https:\/\/auma-drives.com\/en\/#website"},"datePublished":"2022-04-26T06:00:09+00:00","dateModified":"2024-09-27T08:10:51+00:00","description":"High-efficiency HYMAX hypoid gearboxes \u2713 Quiet and durable \u2713 Perfect for demanding applications \u2713 Made in Germany \u27a4 Explore our HYMAX gearboxes today!","breadcrumb":{"@id":"https:\/\/auma-drives.com\/en\/hymax-hypoid-gearboxes\/#breadcrumb"},"inLanguage":"en-US","potentialAction":[{"@type":"ReadAction","target":["https:\/\/auma-drives.com\/en\/hymax-hypoid-gearboxes\/"]}]},{"@type":"BreadcrumbList","@id":"https:\/\/auma-drives.com\/en\/hymax-hypoid-gearboxes\/#breadcrumb","itemListElement":[{"@type":"ListItem","position":1,"name":"Startseite","item":"https:\/\/auma-drives.com\/en\/"},{"@type":"ListItem","position":2,"name":"HYMAX Hypoid Gearboxes"}]},{"@type":"WebSite","@id":"https:\/\/auma-drives.com\/en\/#website","url":"https:\/\/auma-drives.com\/en\/","name":"AUMA Drives","description":"Antriebssysteme f\u00fcr h\u00f6chste Anspr\u00fcche.","publisher":{"@id":"https:\/\/auma-drives.com\/en\/#organization"},"potentialAction":[{"@type":"SearchAction","target":{"@type":"EntryPoint","urlTemplate":"https:\/\/auma-drives.com\/en\/?s={search_term_string}"},"query-input":{"@type":"PropertyValueSpecification","valueRequired":true,"valueName":"search_term_string"}}],"inLanguage":"en-US"},{"@type":"Organization","@id":"https:\/\/auma-drives.com\/en\/#organization","name":"AUMA Drives GmbH","url":"https:\/\/auma-drives.com\/en\/","logo":{"@type":"ImageObject","inLanguage":"en-US","@id":"https:\/\/auma-drives.com\/en\/#\/schema\/logo\/image\/","url":"https:\/\/auma-drives.com\/wp-content\/uploads\/auma-drives-logo.png","contentUrl":"https:\/\/auma-drives.com\/wp-content\/uploads\/auma-drives-logo.png","width":1000,"height":144,"caption":"AUMA Drives GmbH"},"image":{"@id":"https:\/\/auma-drives.com\/en\/#\/schema\/logo\/image\/"},"sameAs":["https:\/\/de-de.facebook.com\/AUMAGroup\/"]}]}},"_links":{"self":[{"href":"https:\/\/auma-drives.com\/en\/wp-json\/wp\/v2\/pages\/2951"}],"collection":[{"href":"https:\/\/auma-drives.com\/en\/wp-json\/wp\/v2\/pages"}],"about":[{"href":"https:\/\/auma-drives.com\/en\/wp-json\/wp\/v2\/types\/page"}],"author":[{"embeddable":true,"href":"https:\/\/auma-drives.com\/en\/wp-json\/wp\/v2\/users\/1"}],"replies":[{"embeddable":true,"href":"https:\/\/auma-drives.com\/en\/wp-json\/wp\/v2\/comments?post=2951"}],"version-history":[{"count":23,"href":"https:\/\/auma-drives.com\/en\/wp-json\/wp\/v2\/pages\/2951\/revisions"}],"predecessor-version":[{"id":4886,"href":"https:\/\/auma-drives.com\/en\/wp-json\/wp\/v2\/pages\/2951\/revisions\/4886"}],"wp:attachment":[{"href":"https:\/\/auma-drives.com\/en\/wp-json\/wp\/v2\/media?parent=2951"}],"curies":[{"name":"wp","href":"https:\/\/api.w.org\/{rel}","templated":true}]}}