{"id":3899,"date":"2024-01-17T07:35:37","date_gmt":"2024-01-17T06:35:37","guid":{"rendered":"https:\/\/auma-drives.com\/?page_id=3899"},"modified":"2026-01-15T09:17:39","modified_gmt":"2026-01-15T08:17:39","slug":"start-page-2","status":"publish","type":"page","link":"https:\/\/auma-drives.com\/en\/","title":{"rendered":"Start Page"},"content":{"rendered":"<div class=\"wpb-content-wrapper\"><p>[vc_row][vc_column]<div id=\"\" class=\"video-player-for-wpbakery \">\n    <div class=\"video-player-for-wpbakery-container\">\n        <video\n            width=\"100%\"\n            height=\"auto\"\n                        autoplay            loop            muted                        preload=\"metadata\"                        crossorigin=\"anonymous\"\n            disablepictureinpicture=\"false\">\n            <source src=\"https:\/\/auma-drives.com\/wp-content\/uploads\/2025-09-30-Video-Produkt-FTSST-260.1-Codec-H264-Web-optm_qu24.mp4\" type=\"video\/mp4\">\n            Your browser does not support the video tag.        <\/video>\n    <\/div>\n<\/div>\n[\/vc_column][\/vc_row][vc_section el_class=&#8221;weiss header-box-container&#8221; css=&#8221;.vc_custom_1705051288848{background-position: center !important;background-repeat: no-repeat !important;background-size: cover !important;}&#8221;][vc_row el_class=&#8221;auma-header-box-2024 hg-blauverlauf&#8221;][vc_column][vc_column_text]<\/p>\n<h2 style=\"text-align: center;\">Gear unit. Drive. Performance.<\/h2>\n<p style=\"text-align: center;\">AUMA Drives is an internationally sought-after developer and manufacturer of customised gear unit solutions and drive systems.<\/p>\n<p>[\/vc_column_text][vc_btn title=&#8221;Career&#8221; align=&#8221;center&#8221; el_class=&#8221;auma-btn-hellblau-dark karriere-btn&#8221; link=&#8221;url:%23karriere|title:Career&#8221;][vc_btn title=&#8221;Products&#8221; align=&#8221;center&#8221; el_class=&#8221;auma-btn-hellblau-dark produkte-btn&#8221; link=&#8221;url:%23usp|title:Products&#8221;][\/vc_column][\/vc_row][\/vc_section][vc_section el_class=&#8221;einleitung-container&#8221;][vc_row][vc_column css_animation=&#8221;none&#8221;][vc_column_text css=&#8221;&#8221; el_class=&#8221;auma-max-700px&#8221;]<\/p>\n<h3 style=\"text-align: center;\">About the company<\/h3>\n<h1 style=\"text-align: center;\">AUMA Drives: The German Gearbox Manufacturer<\/h1>\n<p style=\"text-align: center;\">Looking back on more than 120 years experience in development and production of gear units, AUMA Drives is among the leading industrial partners in this market segment. Our company consequently relies on experienced R&amp;D teams and state-of the-art production with integral quality assurance systems. On this basis, complex customer requirements are turned into long-lasting, premium gear unit solutions. The R&amp;D teams work closely with the customers while flexible production units allow for manufacture of sophisticated individual devices or larger series. Even highest expectations on gear units and drive systems by AUMA Drives can be reliably met.<\/p>\n<p>[\/vc_column_text][\/vc_column][\/vc_row][\/vc_section][vc_section el_class=&#8221;auma-full-width auma-additional-padding&#8221; el_id=&#8221;usp&#8221;][vc_row css_animation=&#8221;none&#8221;][vc_column css_animation=&#8221;none&#8221; width=&#8221;1\/3&#8243; css=&#8221;.vc_custom_1606735272344{padding-top: 0px !important;background-position: center !important;background-repeat: no-repeat !important;background-size: cover !important;}&#8221;][vc_single_image image=&#8221;1615&#8243; img_size=&#8221;full&#8221; alignment=&#8221;center&#8221; onclick=&#8221;custom_link&#8221; css=&#8221;&#8221; link=&#8221;https:\/\/auma-drives.com\/en\/expertise\/&#8221;][vc_empty_space height=&#8221;20px&#8221;][vc_column_text css=&#8221;&#8221;]<\/p>\n<h2 style=\"text-align: center;\"><a href=\"https:\/\/auma-drives.com\/en\/expertise\/\">Competences<\/a><\/h2>\n<h3 style=\"text-align: center;\">Gear unit development based on competence and engineering spirit.<\/h3>\n<p>[\/vc_column_text][vc_empty_space height=&#8221;20px&#8221;][vc_btn title=&#8221;more&#8221; align=&#8221;center&#8221; css=&#8221;&#8221; el_class=&#8221;auma-btn-blau&#8221; link=&#8221;url:https%3A%2F%2Fauma-drives.com%2Fen%2Fexpertise%2F&#8221;][\/vc_column][vc_column width=&#8221;1\/3&#8243;][vc_single_image image=&#8221;1552&#8243; img_size=&#8221;full&#8221; alignment=&#8221;center&#8221; onclick=&#8221;custom_link&#8221; css=&#8221;&#8221; link=&#8221;https:\/\/auma-drives.com\/en\/custom-gearbox-solutions\/&#8221;][vc_empty_space height=&#8221;20px&#8221;][vc_column_text css=&#8221;&#8221;]<\/p>\n<h2 style=\"text-align: center;\"><a href=\"https:\/\/auma-drives.com\/en\/custom-gearbox-solutions\/\" target=\"_blank\" rel=\"noopener\">Special gear units<\/a><\/h2>\n<h3 style=\"text-align: center;\">Customised gear units and drive systems tailored to customers\u2019 needs.<\/h3>\n<p>[\/vc_column_text][vc_empty_space height=&#8221;20px&#8221;][vc_btn title=&#8221;more&#8221; align=&#8221;center&#8221; css=&#8221;&#8221; el_class=&#8221;auma-btn-blau&#8221; link=&#8221;url:https%3A%2F%2Fauma-drives.com%2Fen%2Fcustom-gearbox-solutions|title:more&#8221;][\/vc_column][vc_column width=&#8221;1\/3&#8243;][vc_single_image image=&#8221;1546&#8243; img_size=&#8221;full&#8221; alignment=&#8221;center&#8221; onclick=&#8221;custom_link&#8221; css=&#8221;&#8221; link=&#8221;https:\/\/auma-drives.com\/en\/industrial-gearboxes\/&#8221;][vc_empty_space height=&#8221;20px&#8221;][vc_column_text css=&#8221;&#8221;]<\/p>\n<h2 style=\"text-align: center;\"><a href=\"https:\/\/auma-drives.com\/en\/industrial-gearboxes\/\" target=\"_blank\" rel=\"noopener\">Basic gear units<\/a><\/h2>\n<h3 style=\"text-align: center;\">System gear units as solid basis.<\/h3>\n<p>[\/vc_column_text][vc_empty_space height=&#8221;20px&#8221;][vc_btn title=&#8221;more&#8221; align=&#8221;center&#8221; css=&#8221;&#8221; el_class=&#8221;auma-btn-blau&#8221; link=&#8221;url:https%3A%2F%2Fauma-drives.com%2Fen%2Findustrial-gearboxes%2F|title:more&#8221;][\/vc_column][\/vc_row][\/vc_section][vc_section el_class=&#8221;hg-grau auma-full-width&#8221;][vc_row el_class=&#8221;flex-container&#8221;][vc_column width=&#8221;1\/4&#8243; offset=&#8221;vc_col-lg-4&#8243;][\/vc_column][vc_column css_animation=&#8221;fadeInUp&#8221; width=&#8221;1\/4&#8243; el_class=&#8221;flex-desktop-rechts flex-center&#8221; offset=&#8221;vc_col-lg-4&#8243;][\/vc_column][vc_column css_animation=&#8221;none&#8221; width=&#8221;1\/2&#8243; el_class=&#8221;flex-desktop-links&#8221; offset=&#8221;vc_col-lg-4&#8243;][vc_single_image image=&#8221;4429&#8243; img_size=&#8221;full&#8221; alignment=&#8221;center&#8221; el_class=&#8221;auma-icons&#8221;][vc_column_text el_class=&#8221;auma-getriebe-before&#8221;]<\/p>\n<h3 style=\"text-align: center;\">Applications<\/h3>\n<h2 style=\"text-align: center;\">Heavy-duty gear unit solutions for the industry.<\/h2>\n<p style=\"text-align: center;\">Worm wheel sets or complete drive systems by AUMA Drives are used around the globe. They have been proven in heavy-duty applications of the construction and steel industry as well as in precision tasks such as indexing devices, rotary tables and positioning systems in machine tools.<\/p>\n<p>[\/vc_column_text][vc_empty_space][vc_btn title=&#8221;Applications&#8221; align=&#8221;center&#8221; css=&#8221;&#8221; link=&#8221;url:https%3A%2F%2Fauma-drives.com%2Fen%2Fcustom-gearbox-solutions%2F%23applications&#8221; el_class=&#8221;auma-btn-blau anchor-link-btn&#8221;][\/vc_column][\/vc_row][\/vc_section][vc_section el_class=&#8221;hg-blauverlauf weiss max-width-1100px&#8221; el_id=&#8221;kontakt&#8221;][vc_row][vc_column offset=&#8221;vc_col-lg-6&#8243;][vc_column_text]<\/p>\n<h2 style=\"text-align: center;\">Contact AUMA Drives:<\/h2>\n<p>[\/vc_column_text][vc_empty_space el_class=&#8221;abstand-kontakt&#8221;][\/vc_column][vc_column offset=&#8221;vc_col-lg-3&#8243;][vc_btn title=&#8221;Contact&#8221; align=&#8221;center&#8221; css=&#8221;&#8221; el_class=&#8221;auma-btn-hellblau-dark&#8221; link=&#8221;url:https%3A%2F%2Fauma-drives.com%2Fen%2Fcompany%2Fcontact%2F&#8221;][\/vc_column][vc_column offset=&#8221;vc_col-lg-3&#8243;][vc_btn title=&#8221;+49 3523 9460&#8243; align=&#8221;center&#8221; css=&#8221;&#8221; el_class=&#8221;auma-btn-hellblau-dark&#8221; link=&#8221;url:tel%3A%2B4935239460&#8243;][\/vc_column][\/vc_row][\/vc_section][vc_section el_class=&#8221;auma-full-width auma-additional-padding&#8221; el_id=&#8221;karriere&#8221;][vc_row el_class=&#8221;auma-flex-center-768 stellenangebote-container&#8221;][vc_column][vc_column_text el_class=&#8221;auma-max-700px&#8221;]<\/p>\n<h3 style=\"text-align: center;\">Career at AUMA Drives<\/h3>\n<h2 style=\"text-align: center;\">Dovetailing with the future.<\/h2>\n<p style=\"text-align: center;\">For decades, AUMA Drives has been developing and producing gear units and drive systems. The company relies on state-of-the-art technology, lean hierarchies and fast decision-making processes. This caters for efficient implementation of customer requests and a good working atmosphere.<\/p>\n<p>[\/vc_column_text][vc_empty_space height=&#8221;20px&#8221;][vc_btn title=&#8221;Careers portal&#8221; align=&#8221;center&#8221; css=&#8221;&#8221; link=&#8221;url:https%3A%2F%2Fauma-drives.com%2Fen%2Fcompany%2Fcareers%2F&#8221; el_class=&#8221;auma-btn-blau&#8221;]<div class=\"bb-ultimate-carousel\"><div class='bb-ultimate-carousel-slider   ' data-settings={&quot;dots&quot;:true,&quot;infinite&quot;:false,&quot;mobileFirst&quot;:true,&quot;responsive&quot;:[{&quot;breakpoint&quot;:318,&quot;settings&quot;:{&quot;slidesToShow&quot;:1,&quot;dots&quot;:false,&quot;vertical&quot;:false}},{&quot;breakpoint&quot;:768,&quot;settings&quot;:{&quot;slidesToShow&quot;:2,&quot;dots&quot;:false,&quot;vertical&quot;:false}},{&quot;breakpoint&quot;:1200,&quot;settings&quot;:{&quot;slidesToShow&quot;:3,&quot;dots&quot;:false,&quot;vertical&quot;:false}}]} ><div class='bb-ultimate-carousel-slide   '>[vc_single_image image=&#8221;4247&#8243; img_size=&#8221;full&#8221; onclick=&#8221;custom_link&#8221; css=&#8221;&#8221; link=&#8221;https:\/\/auma-drives.com\/en\/company\/careers\/#jobs&#8221;][vc_column_text css=&#8221;&#8221;]<\/p>\n<h4 style=\"text-align: center;\"><a href=\"https:\/\/auma-drives.com\/en\/company\/careers\/#jobs\">Jobs<\/a><\/h4>\n<p>[\/vc_column_text][vc_btn title=&#8221;more&#8221; css=&#8221;&#8221; link=&#8221;url:https%3A%2F%2Fauma-drives.com%2Fen%2Fcompany%2Fcareers%2F%23jobs|title:more&#8221; el_class=&#8221;auma-btn-blau auma-btn-center&#8221;]<\/div><div class='bb-ultimate-carousel-slide   '>[vc_single_image image=&#8221;4361&#8243; img_size=&#8221;full&#8221; onclick=&#8221;custom_link&#8221; css=&#8221;&#8221; link=&#8221;https:\/\/auma-drives.com\/en\/company\/careers\/apprentices\/&#8221;][vc_column_text css=&#8221;&#8221;]<\/p>\n<h4 style=\"text-align: center;\"><a href=\"https:\/\/auma-drives.com\/en\/company\/careers\/apprentices\/\">Vocational training<\/a><\/h4>\n<p>[\/vc_column_text][vc_btn title=&#8221;more&#8221; css=&#8221;&#8221; link=&#8221;url:https%3A%2F%2Fauma-drives.com%2Fen%2Fcompany%2Fcareers%2Fapprentices%2F|title:more&#8221; el_class=&#8221;auma-btn-blau auma-btn-center&#8221;]<\/div><\/div><\/div>[\/vc_column][\/vc_row][\/vc_section][vc_section el_class=&#8221;hg-blauverlauf weiss auma-full-width auma-additional-padding messetermine&#8221; css=&#8221;.vc_custom_1705055278806{background-position: center !important;background-repeat: no-repeat !important;background-size: cover !important;}&#8221;][vc_row][vc_column css_animation=&#8221;none&#8221;][vc_column_text css=&#8221;&#8221;]<\/p>\n<h2 style=\"text-align: center;\">Trade fair dates 2026<\/h2>\n<h3 style=\"text-align: center;\">We exhibit!<\/h3>\n<p>[\/vc_column_text][vc_empty_space height=&#8221;30px&#8221;][vc_column_text]<\/p>\n<h2 style=\"text-align: center;\">World Elevator &amp; Escalator Expo 2026 (WEE EXPO)<\/h2>\n<p style=\"text-align: center;\"><strong>Guangzhou, China<br \/>\nHall 5.1, Booth 51C06<br \/>\nMay 20th &#8211; 23rd 2026<\/strong><\/p>\n<p>[\/vc_column_text][\/vc_column][\/vc_row][vc_row disable_element=&#8221;yes&#8221;][vc_column width=&#8221;1\/2&#8243;][vc_column_text css=&#8221;&#8221;]<\/p>\n<p style=\"text-align: center;\">Planning for the 2026 trade fairs is currently underway.<\/p>\n<h2 style=\"text-align: center;\">Karrierestart<\/h2>\n<p style=\"text-align: center;\"><strong>Dresden Trade Fair<br \/>\nHall 1, Booth B1<br \/>\nJanuary 24th &#8211; 16th 2025<\/strong><\/p>\n<p>[\/vc_column_text][\/vc_column][vc_column width=&#8221;1\/2&#8243;][vc_column_text css=&#8221;&#8221;]<\/p>\n<h2 style=\"text-align: center;\">Interlift<\/h2>\n<p style=\"text-align: center;\"><strong>Nuremberg Trade Fair<br \/>\nHall 4, Booth A403<br \/>\nOctober 14th &#8211; 17th 2025<\/strong><\/p>\n<p>[\/vc_column_text][\/vc_column][\/vc_row][\/vc_section][vc_section el_class=&#8221;hg-grau&#8221;][vc_row][vc_column width=&#8221;1\/2&#8243;][vc_single_image image=&#8221;1231&#8243; img_size=&#8221;full&#8221;][\/vc_column][vc_column width=&#8221;1\/2&#8243;][vc_column_text]<\/p>\n<h2>This speaks in favour for drive systems by AUMA Drives<\/h2>\n<p>The quality of each drive system is closely related to the quality of its individual components. Efficiency and performance significantly depend on the quality in development and production of the gear units. For many years, AUMA Drives has been providing both skills at the same time. AUMA Drives\u2019 specialists in drive technology develop and manufacture all customer requirements to highest standards.<\/p>\n<p>The portfolio includes worm gear units and worm gear sets for the industry as well as special gear units and sub-assemblies with different types of gearing. For each project, the customers are supported by experienced experts: From the engineering and prototyping to manufacture and quality control.<br \/>\n[\/vc_column_text][\/vc_column][\/vc_row][\/vc_section]<\/p>\n<\/div>","protected":false},"excerpt":{"rendered":"<p>[vc_row][vc_column][\/vc_column][\/vc_row][vc_section el_class=&#8221;weiss header-box-container&#8221; css=&#8221;.vc_custom_1705051288848{background-position: center !important;background-repeat: no-repeat !important;background-size: cover !important;}&#8221;][vc_row el_class=&#8221;auma-header-box-2024 hg-blauverlauf&#8221;][vc_column][vc_column_text] Gear unit. Drive. Performance. AUMA Drives is an internationally sought-after developer and manufacturer of customised gear unit solutions and drive systems. [\/vc_column_text][vc_btn title=&#8221;Career&#8221; align=&#8221;center&#8221; el_class=&#8221;auma-btn-hellblau-dark karriere-btn&#8221; link=&#8221;url:%23karriere|title:Career&#8221;][vc_btn title=&#8221;Products&#8221; align=&#8221;center&#8221; el_class=&#8221;auma-btn-hellblau-dark produkte-btn&#8221; link=&#8221;url:%23usp|title:Products&#8221;][\/vc_column][\/vc_row][\/vc_section][vc_section el_class=&#8221;einleitung-container&#8221;][vc_row][vc_column css_animation=&#8221;none&#8221;][vc_column_text css=&#8221;&#8221; el_class=&#8221;auma-max-700px&#8221;] About the company AUMA Drives: The German [&hellip;]<\/p>\n","protected":false},"author":1,"featured_media":1552,"parent":0,"menu_order":0,"comment_status":"closed","ping_status":"open","template":"","meta":{"inline_featured_image":false,"footnotes":""},"yoast_head":"<!-- This site is optimized with the Yoast SEO Premium plugin v24.5 (Yoast SEO v24.5) - https:\/\/yoast.com\/wordpress\/plugins\/seo\/ -->\n<title>AUMA Drives : Leading Gearbox Manufacturer in Germany<\/title>\n<meta name=\"description\" content=\"Over 120 years of expertise in customized gearbox solutions \u2713 Trusted by industries worldwide \u2713 Advanced gear technology \u27a4 Explore our solutions today\" \/>\n<meta name=\"robots\" content=\"index, follow, max-snippet:-1, max-image-preview:large, max-video-preview:-1\" \/>\n<link rel=\"canonical\" href=\"https:\/\/auma-drives.com\/en\/\" \/>\n<meta property=\"og:locale\" content=\"en_US\" \/>\n<meta property=\"og:type\" content=\"article\" \/>\n<meta property=\"og:title\" content=\"Start Page\" \/>\n<meta property=\"og:description\" content=\"Over 120 years of expertise in customized gearbox solutions \u2713 Trusted by industries worldwide \u2713 Advanced gear technology \u27a4 Explore our solutions today\" \/>\n<meta property=\"og:url\" content=\"https:\/\/auma-drives.com\/en\/\" \/>\n<meta property=\"og:site_name\" content=\"AUMA Drives\" \/>\n<meta property=\"article:publisher\" content=\"https:\/\/de-de.facebook.com\/AUMAGroup\/\" \/>\n<meta property=\"article:modified_time\" content=\"2026-01-15T08:17:39+00:00\" \/>\n<meta property=\"og:image\" content=\"https:\/\/auma-drives.com\/wp-content\/uploads\/header-spezial-getriebe-sondergetriebe-auma_2-1.jpg\" \/>\n\t<meta property=\"og:image:width\" content=\"1920\" \/>\n\t<meta property=\"og:image:height\" content=\"1280\" \/>\n\t<meta property=\"og:image:type\" content=\"image\/jpeg\" \/>\n<meta name=\"twitter:card\" content=\"summary_large_image\" \/>\n<meta name=\"twitter:label1\" content=\"Est. reading time\" \/>\n\t<meta name=\"twitter:data1\" content=\"4 minutes\" \/>\n<script type=\"application\/ld+json\" class=\"yoast-schema-graph\">{\"@context\":\"https:\/\/schema.org\",\"@graph\":[{\"@type\":\"WebPage\",\"@id\":\"https:\/\/auma-drives.com\/en\/\",\"url\":\"https:\/\/auma-drives.com\/en\/\",\"name\":\"AUMA Drives : Leading Gearbox Manufacturer in Germany\",\"isPartOf\":{\"@id\":\"https:\/\/auma-drives.com\/en\/#website\"},\"primaryImageOfPage\":{\"@id\":\"https:\/\/auma-drives.com\/en\/#primaryimage\"},\"image\":{\"@id\":\"https:\/\/auma-drives.com\/en\/#primaryimage\"},\"thumbnailUrl\":\"https:\/\/auma-drives.com\/wp-content\/uploads\/header-spezial-getriebe-sondergetriebe-auma_2-1.jpg\",\"datePublished\":\"2024-01-17T06:35:37+00:00\",\"dateModified\":\"2026-01-15T08:17:39+00:00\",\"description\":\"Over 120 years of expertise in customized gearbox solutions \u2713 Trusted by industries worldwide \u2713 Advanced gear technology \u27a4 Explore our solutions today\",\"breadcrumb\":{\"@id\":\"https:\/\/auma-drives.com\/en\/#breadcrumb\"},\"inLanguage\":\"en-US\",\"potentialAction\":[{\"@type\":\"ReadAction\",\"target\":[\"https:\/\/auma-drives.com\/en\/\"]}]},{\"@type\":\"ImageObject\",\"inLanguage\":\"en-US\",\"@id\":\"https:\/\/auma-drives.com\/en\/#primaryimage\",\"url\":\"https:\/\/auma-drives.com\/wp-content\/uploads\/header-spezial-getriebe-sondergetriebe-auma_2-1.jpg\",\"contentUrl\":\"https:\/\/auma-drives.com\/wp-content\/uploads\/header-spezial-getriebe-sondergetriebe-auma_2-1.jpg\",\"width\":1920,\"height\":1280,\"caption\":\"AUMA Drives Spezial-Getriebe\"},{\"@type\":\"BreadcrumbList\",\"@id\":\"https:\/\/auma-drives.com\/en\/#breadcrumb\",\"itemListElement\":[{\"@type\":\"ListItem\",\"position\":1,\"name\":\"Startseite\",\"item\":\"https:\/\/auma-drives.com\/en\/\"},{\"@type\":\"ListItem\",\"position\":2,\"name\":\"Start Page\"}]},{\"@type\":\"WebSite\",\"@id\":\"https:\/\/auma-drives.com\/en\/#website\",\"url\":\"https:\/\/auma-drives.com\/en\/\",\"name\":\"AUMA Drives\",\"description\":\"Antriebssysteme f\u00fcr h\u00f6chste Anspr\u00fcche.\",\"publisher\":{\"@id\":\"https:\/\/auma-drives.com\/en\/#organization\"},\"potentialAction\":[{\"@type\":\"SearchAction\",\"target\":{\"@type\":\"EntryPoint\",\"urlTemplate\":\"https:\/\/auma-drives.com\/en\/?s={search_term_string}\"},\"query-input\":{\"@type\":\"PropertyValueSpecification\",\"valueRequired\":true,\"valueName\":\"search_term_string\"}}],\"inLanguage\":\"en-US\"},{\"@type\":\"Organization\",\"@id\":\"https:\/\/auma-drives.com\/en\/#organization\",\"name\":\"AUMA Drives GmbH\",\"url\":\"https:\/\/auma-drives.com\/en\/\",\"logo\":{\"@type\":\"ImageObject\",\"inLanguage\":\"en-US\",\"@id\":\"https:\/\/auma-drives.com\/en\/#\/schema\/logo\/image\/\",\"url\":\"https:\/\/auma-drives.com\/wp-content\/uploads\/auma-drives-logo.png\",\"contentUrl\":\"https:\/\/auma-drives.com\/wp-content\/uploads\/auma-drives-logo.png\",\"width\":1000,\"height\":144,\"caption\":\"AUMA Drives GmbH\"},\"image\":{\"@id\":\"https:\/\/auma-drives.com\/en\/#\/schema\/logo\/image\/\"},\"sameAs\":[\"https:\/\/de-de.facebook.com\/AUMAGroup\/\"]}]}<\/script>\n<!-- \/ Yoast SEO Premium plugin. -->","yoast_head_json":{"title":"AUMA Drives : Leading Gearbox Manufacturer in Germany","description":"Over 120 years of expertise in customized gearbox solutions \u2713 Trusted by industries worldwide \u2713 Advanced gear technology \u27a4 Explore our solutions today","robots":{"index":"index","follow":"follow","max-snippet":"max-snippet:-1","max-image-preview":"max-image-preview:large","max-video-preview":"max-video-preview:-1"},"canonical":"https:\/\/auma-drives.com\/en\/","og_locale":"en_US","og_type":"article","og_title":"Start Page","og_description":"Over 120 years of expertise in customized gearbox solutions \u2713 Trusted by industries worldwide \u2713 Advanced gear technology \u27a4 Explore our solutions today","og_url":"https:\/\/auma-drives.com\/en\/","og_site_name":"AUMA Drives","article_publisher":"https:\/\/de-de.facebook.com\/AUMAGroup\/","article_modified_time":"2026-01-15T08:17:39+00:00","og_image":[{"width":1920,"height":1280,"url":"https:\/\/auma-drives.com\/wp-content\/uploads\/header-spezial-getriebe-sondergetriebe-auma_2-1.jpg","type":"image\/jpeg"}],"twitter_card":"summary_large_image","twitter_misc":{"Est. reading time":"4 minutes"},"schema":{"@context":"https:\/\/schema.org","@graph":[{"@type":"WebPage","@id":"https:\/\/auma-drives.com\/en\/","url":"https:\/\/auma-drives.com\/en\/","name":"AUMA Drives : Leading Gearbox Manufacturer in Germany","isPartOf":{"@id":"https:\/\/auma-drives.com\/en\/#website"},"primaryImageOfPage":{"@id":"https:\/\/auma-drives.com\/en\/#primaryimage"},"image":{"@id":"https:\/\/auma-drives.com\/en\/#primaryimage"},"thumbnailUrl":"https:\/\/auma-drives.com\/wp-content\/uploads\/header-spezial-getriebe-sondergetriebe-auma_2-1.jpg","datePublished":"2024-01-17T06:35:37+00:00","dateModified":"2026-01-15T08:17:39+00:00","description":"Over 120 years of expertise in customized gearbox solutions \u2713 Trusted by industries worldwide \u2713 Advanced gear technology \u27a4 Explore our solutions today","breadcrumb":{"@id":"https:\/\/auma-drives.com\/en\/#breadcrumb"},"inLanguage":"en-US","potentialAction":[{"@type":"ReadAction","target":["https:\/\/auma-drives.com\/en\/"]}]},{"@type":"ImageObject","inLanguage":"en-US","@id":"https:\/\/auma-drives.com\/en\/#primaryimage","url":"https:\/\/auma-drives.com\/wp-content\/uploads\/header-spezial-getriebe-sondergetriebe-auma_2-1.jpg","contentUrl":"https:\/\/auma-drives.com\/wp-content\/uploads\/header-spezial-getriebe-sondergetriebe-auma_2-1.jpg","width":1920,"height":1280,"caption":"AUMA Drives Spezial-Getriebe"},{"@type":"BreadcrumbList","@id":"https:\/\/auma-drives.com\/en\/#breadcrumb","itemListElement":[{"@type":"ListItem","position":1,"name":"Startseite","item":"https:\/\/auma-drives.com\/en\/"},{"@type":"ListItem","position":2,"name":"Start Page"}]},{"@type":"WebSite","@id":"https:\/\/auma-drives.com\/en\/#website","url":"https:\/\/auma-drives.com\/en\/","name":"AUMA Drives","description":"Antriebssysteme f\u00fcr h\u00f6chste Anspr\u00fcche.","publisher":{"@id":"https:\/\/auma-drives.com\/en\/#organization"},"potentialAction":[{"@type":"SearchAction","target":{"@type":"EntryPoint","urlTemplate":"https:\/\/auma-drives.com\/en\/?s={search_term_string}"},"query-input":{"@type":"PropertyValueSpecification","valueRequired":true,"valueName":"search_term_string"}}],"inLanguage":"en-US"},{"@type":"Organization","@id":"https:\/\/auma-drives.com\/en\/#organization","name":"AUMA Drives GmbH","url":"https:\/\/auma-drives.com\/en\/","logo":{"@type":"ImageObject","inLanguage":"en-US","@id":"https:\/\/auma-drives.com\/en\/#\/schema\/logo\/image\/","url":"https:\/\/auma-drives.com\/wp-content\/uploads\/auma-drives-logo.png","contentUrl":"https:\/\/auma-drives.com\/wp-content\/uploads\/auma-drives-logo.png","width":1000,"height":144,"caption":"AUMA Drives GmbH"},"image":{"@id":"https:\/\/auma-drives.com\/en\/#\/schema\/logo\/image\/"},"sameAs":["https:\/\/de-de.facebook.com\/AUMAGroup\/"]}]}},"_links":{"self":[{"href":"https:\/\/auma-drives.com\/en\/wp-json\/wp\/v2\/pages\/3899"}],"collection":[{"href":"https:\/\/auma-drives.com\/en\/wp-json\/wp\/v2\/pages"}],"about":[{"href":"https:\/\/auma-drives.com\/en\/wp-json\/wp\/v2\/types\/page"}],"author":[{"embeddable":true,"href":"https:\/\/auma-drives.com\/en\/wp-json\/wp\/v2\/users\/1"}],"replies":[{"embeddable":true,"href":"https:\/\/auma-drives.com\/en\/wp-json\/wp\/v2\/comments?post=3899"}],"version-history":[{"count":39,"href":"https:\/\/auma-drives.com\/en\/wp-json\/wp\/v2\/pages\/3899\/revisions"}],"predecessor-version":[{"id":5199,"href":"https:\/\/auma-drives.com\/en\/wp-json\/wp\/v2\/pages\/3899\/revisions\/5199"}],"wp:featuredmedia":[{"embeddable":true,"href":"https:\/\/auma-drives.com\/en\/wp-json\/wp\/v2\/media\/1552"}],"wp:attachment":[{"href":"https:\/\/auma-drives.com\/en\/wp-json\/wp\/v2\/media?parent=3899"}],"curies":[{"name":"wp","href":"https:\/\/api.w.org\/{rel}","templated":true}]}}