{"id":4171,"date":"2024-04-25T12:33:54","date_gmt":"2024-04-25T10:33:54","guid":{"rendered":"https:\/\/auma-drives.com\/?page_id=4171"},"modified":"2024-09-26T17:05:44","modified_gmt":"2024-09-26T15:05:44","slug":"intersolar","status":"publish","type":"page","link":"https:\/\/auma-drives.com\/en\/intersolar\/","title":{"rendered":"Intersolar"},"content":{"rendered":"<div class=\"wpb-content-wrapper\"><p>[vc_section el_class=&#8221;inhalt-up hg-grau-wrapper&#8221;][vc_row][vc_column][vc_single_image image=&#8221;4224&#8243; img_size=&#8221;full&#8221; alignment=&#8221;center&#8221; css=&#8221;&#8221; el_class=&#8221;auma-icons&#8221;][vc_column_text css=&#8221;&#8221; el_class=&#8221;auma-max-766px&#8221;]<\/p>\n<h1 style=\"text-align: center;\"><strong>Visit AUMA Drives at the Intersolar Europe trade fair<\/strong><\/h1>\n<p style=\"text-align: center;\">Discover the world of precision \u2013 welcome to AUMA Drives at the Intersolar! Meet our team in Munich from 19 to 21 June and learn more about our latest solutions for precision gear units used in heliostats and PV tracking systems.<\/p>\n<p>[\/vc_column_text][vc_empty_space height=&#8221;20px&#8221;][vc_column_text css=&#8221;&#8221;]<add-to-calendar-button name=\"AUMA Drives at the Intersolar Europe trade fair\" startdate=\"2024-06-19\" enddate=\"2024-06-21\" description=\"hall 6 | stand A6.608\" location=\"Messe M\u00fcnchen, Messegel\u00e4nde, 81823 M\u00fcnchen\"><\/add-to-calendar-button>[\/vc_column_text][\/vc_column][\/vc_row][\/vc_section][vc_section][vc_row][vc_column width=&#8221;1\/6&#8243;][\/vc_column][vc_column width=&#8221;2\/3&#8243;][vc_column_text css=&#8221;&#8221;]<\/p>\n<p style=\"text-align: center;\">Visit AUMA Drives at the Intersolar Europe in Munich and discover innovative solution in gear engineering.<\/p>\n<p style=\"text-align: center;\">Customised drive systems and gear units made in Coswig have been synonyms for reliability and innovation for many decades. For gear unit development, the engineers working for AUMA Drives have been consequently focussing on modern tools making use of their long standing experience. Furthermore, new inputs were created by the close cooperation with famous research institutes and several German universities. This is the warrant that the engineers\u2019 know-how is always spearheading latest evolutions and consequently catering for premium quality and efficiency for the solutions made by AUMA Drives.<\/p>\n<p style=\"text-align: center;\">Find out how AUMA Drives can promote your next project. We look forward to your visit!<\/p>\n<p>[\/vc_column_text][\/vc_column][vc_column width=&#8221;1\/6&#8243;][\/vc_column][\/vc_row][\/vc_section][vc_section el_class=&#8221;hg-blauverlauf weiss&#8221;][vc_row][vc_column][vc_custom_heading text=&#8221;19 \u2013 21 June 2024&#8243; font_container=&#8221;tag:h2|font_size:37|text_align:center|color:%23ffffff&#8221; use_theme_fonts=&#8221;yes&#8221; css=&#8221;&#8221;][vc_custom_heading text=&#8221;<em>hall 6 | stand A6.608<\/em>&#8221; font_container=&#8221;tag:div|font_size:30|text_align:center|color:%23ffffff&#8221; use_theme_fonts=&#8221;yes&#8221; css=&#8221;&#8221;][\/vc_column][\/vc_row][\/vc_section][vc_section el_class=&#8221;hg-blauverlauf weiss&#8221; css=&#8221;.vc_custom_1713537312241{background-image: url(https:\/\/auma-drives.com\/wp-content\/uploads\/PVS125.1_Anwendung_2.jpg?id=4196) !important;background-position: center !important;background-repeat: no-repeat !important;background-size: cover !important;}&#8221;][vc_row][vc_column][vc_empty_space height=&#8221;500px&#8221;][\/vc_column][\/vc_row][\/vc_section][vc_section][vc_row][vc_column width=&#8221;1\/12&#8243;][\/vc_column][vc_column css_animation=&#8221;none&#8221; width=&#8221;5\/6&#8243;][vc_custom_heading text=&#8221;Product highlights&#8221; font_container=&#8221;tag:h3|text_align:center|color:%23006eab&#8221; use_theme_fonts=&#8221;yes&#8221; css=&#8221;&#8221;][vc_custom_heading text=&#8221;<em><strong>Gear units for single-axis PV tracking systems<\/strong><\/em>&#8221; font_container=&#8221;tag:h4|font_size:40|text_align:center|color:%23006eab&#8221; use_theme_fonts=&#8221;yes&#8221; css=&#8221;&#8221;][vc_empty_space height=&#8221;20px&#8221;][vc_column_text css=&#8221;&#8221; el_class=&#8221;auma-max-766px&#8221;]<\/p>\n<p style=\"text-align: center;\">To increase the power output of PV solar power plants, the PV modules track the sun position. The PVS.1 type range was specifically developed for single-axis solar tracking systems.<br \/>\nThe single-stage worm gear unit is equipped with self-locking gearing. The drive will keep its position or the orientation of the module surface when exposed to wind and without power supply \u2013 no additional energy or brake needed.<\/p>\n<p>[\/vc_column_text][\/vc_column][vc_column width=&#8221;1\/12&#8243;][\/vc_column][\/vc_row][\/vc_section][vc_section][vc_row][vc_column width=&#8221;2\/5&#8243;]<div class=\"bb-ultimate-carousel\"><div class='bb-ultimate-carousel-slider   ohne-padding' data-settings={&quot;responsive&quot;:[]} ><div class='bb-ultimate-carousel-slide   '>[vc_single_image image=&#8221;4349&#8243; img_size=&#8221;full&#8221; css=&#8221;&#8221;]<\/div><\/div><\/div>[vc_column_text css=&#8221;&#8221; el_class=&#8221;bildtext&#8221;]PV gear units, size PVS 125.1[\/vc_column_text][\/vc_column][vc_column css_animation=&#8221;none&#8221; width=&#8221;3\/5&#8243;][vc_column_text css=&#8221;&#8221; el_class=&#8221;auma-max-766px&#8221;]The rugged cast iron housing is fixed via a base and has integral end stops which prevent exceeding the maximum swing angle. Radial seals with dust protection lips protect against ingress of dirt and ensure many years of maintenance-free operation when used with a top-grade lubricant.[\/vc_column_text][vc_column_text css=&#8221;&#8221; el_class=&#8221;auma-max-766px fun-fact&#8221;]<strong>Engineered and produced in Germany<\/strong>[\/vc_column_text][vc_column_text css=&#8221;&#8221; el_class=&#8221;auma-max-766px fun-fact&#8221;]<strong>Targeted selection of defined materials<\/strong>[\/vc_column_text][\/vc_column][\/vc_row][vc_row][vc_column width=&#8221;2\/5&#8243;]<div class=\"bb-ultimate-carousel\"><div class='bb-ultimate-carousel-slider   ohne-padding' data-settings={&quot;responsive&quot;:[]} ><div class='bb-ultimate-carousel-slide   '>[vc_single_image image=&#8221;4348&#8243; img_size=&#8221;full&#8221; css=&#8221;&#8221;]<\/div><\/div><\/div>[vc_column_text css=&#8221;&#8221; el_class=&#8221;bildtext&#8221;]PV gear unit PVS 125.1<br \/>\nwith output drive flanges and motor[\/vc_column_text][\/vc_column][vc_column css_animation=&#8221;none&#8221; width=&#8221;3\/5&#8243;][vc_custom_heading text=&#8221;Customised drive&#8221; font_container=&#8221;tag:h2|text_align:left|color:%23006eab&#8221; use_theme_fonts=&#8221;yes&#8221; css=&#8221;&#8221;][vc_empty_space height=&#8221;20px&#8221;][vc_column_text css=&#8221;&#8221; el_class=&#8221;auma-max-766px&#8221;]On request, AUMA Drives supplies the complete drive including primary reduction gearing (planetary gear), motor (24 V DC) and flanges for direct connection to the tracker structure. The flange connection dimensions will be tailored to your needs on request.[\/vc_column_text][vc_column_text css=&#8221;&#8221; el_class=&#8221;auma-max-766px fun-fact&#8221;]<strong>Long-tern corrosion protection (C4) due to powder coating<\/strong>[\/vc_column_text][vc_column_text css=&#8221;&#8221; el_class=&#8221;auma-max-766px fun-fact&#8221;]<strong>Wet painting version in any desired colour<\/strong>[\/vc_column_text][vc_column_text css=&#8221;&#8221; el_class=&#8221;auma-max-766px fun-fact&#8221;]<strong>Delivery including primary reduction gearing (planetary gear), motor (24 V DC) and flanges for direct connection to the tracker structure.<\/strong>[\/vc_column_text][vc_column_text css=&#8221;&#8221; el_class=&#8221;auma-max-766px fun-fact&#8221;]<strong>Customised flange connection dimensions<\/strong>[\/vc_column_text][\/vc_column][\/vc_row][\/vc_section][vc_section el_class=&#8221;hg-grau&#8221;][vc_row content_placement=&#8221;middle&#8221; el_class=&#8221;aligncenter&#8221;][vc_column][vc_custom_heading text=&#8221;Do you need a trade fair ticket?&#8221; font_container=&#8221;tag:h2|text_align:center|color:%23006eab&#8221; use_theme_fonts=&#8221;yes&#8221; css=&#8221;&#8221;][vc_empty_space height=&#8221;10px&#8221;][vc_column_text css=&#8221;&#8221; el_class=&#8221;auma-max-766px&#8221;]<\/p>\n<p style=\"text-align: center;\">Just contact us.<br \/>\nWe look forward to meeting you.<\/p>\n<p>[\/vc_column_text][vc_empty_space height=&#8221;40px&#8221;][vc_btn title=&#8221;Tickets&#8221; align=&#8221;center&#8221; css=&#8221;&#8221; link=&#8221;url:mailto%3Asusann.grundmann%40auma.com%3Fsubject%3DTicket%2520request%2520for%2520the%2520Intersolar%2520trade%2520fair%26body%3DDear%2520Ms.%2520Grundmann%252C%250D%250A%250D%250AWe%2520would%2520like%2520to%2520visit%2520your%2520booth%2520at%2520the%2520Intersolar%2520trade%2520fair%2520and%2520would%2520be%2520pleased%2520if%2520you%2520could%2520provide%2520us%2520with%2520(quantity)%2520tickets.%250D%250A%250D%250A%250D%250A%250D%250A%250D%250A|target:_blank&#8221; el_class=&#8221;auma-btn-blau btn-rot btn-inline btn-outline&#8221;][vc_btn title=&#8221;Go to website&#8221; align=&#8221;center&#8221; css=&#8221;&#8221; link=&#8221;url:https%3A%2F%2Fauma-drives.com%2Fen%2F|target:_blank&#8221; el_class=&#8221;auma-btn-blau btn-rot btn-inline&#8221;][\/vc_column][\/vc_row][\/vc_section]<\/p>\n<\/div>","protected":false},"excerpt":{"rendered":"<p>[vc_section el_class=&#8221;inhalt-up hg-grau-wrapper&#8221;][vc_row][vc_column][vc_single_image image=&#8221;4224&#8243; img_size=&#8221;full&#8221; alignment=&#8221;center&#8221; css=&#8221;&#8221; el_class=&#8221;auma-icons&#8221;][vc_column_text css=&#8221;&#8221; el_class=&#8221;auma-max-766px&#8221;] Visit AUMA Drives at the Intersolar Europe trade fair Discover the world of precision \u2013 welcome to AUMA Drives at the Intersolar! Meet our team in Munich from 19 to 21 June and learn more about our latest solutions for precision gear units used in [&hellip;]<\/p>\n","protected":false},"author":1,"featured_media":4347,"parent":0,"menu_order":0,"comment_status":"closed","ping_status":"closed","template":"","meta":{"inline_featured_image":false,"footnotes":""},"yoast_head":"<!-- This site is optimized with the Yoast SEO Premium plugin v24.5 (Yoast SEO v24.5) - https:\/\/yoast.com\/wordpress\/plugins\/seo\/ -->\n<title>Intersolar &#8226; AUMA Drives<\/title>\n<meta name=\"description\" content=\"Visit AUMA Drives at the Intersolar Europe in Munich and discover innovative solution in gear engineering.Customised drive systems and gear units made in Coswig have been synonyms for reliability and innovation for many decades. For gear unit development, the engineers working for AUMA Drives have been consequently focussing on modern tools making use of their long standing experience.\" \/>\n<meta name=\"robots\" content=\"index, follow, max-snippet:-1, max-image-preview:large, max-video-preview:-1\" \/>\n<link rel=\"canonical\" href=\"https:\/\/auma-drives.com\/en\/intersolar\/\" \/>\n<meta property=\"og:locale\" content=\"en_US\" \/>\n<meta property=\"og:type\" content=\"article\" \/>\n<meta property=\"og:title\" content=\"Intersolar\" \/>\n<meta property=\"og:description\" content=\"Visit AUMA Drives at the Intersolar Europe in Munich and discover innovative solution in gear engineering.Customised drive systems and gear units made in Coswig have been synonyms for reliability and innovation for many decades. For gear unit development, the engineers working for AUMA Drives have been consequently focussing on modern tools making use of their long standing experience.\" \/>\n<meta property=\"og:url\" content=\"https:\/\/auma-drives.com\/en\/intersolar\/\" \/>\n<meta property=\"og:site_name\" content=\"AUMA Drives\" \/>\n<meta property=\"article:publisher\" content=\"https:\/\/de-de.facebook.com\/AUMAGroup\/\" \/>\n<meta property=\"article:modified_time\" content=\"2024-09-26T15:05:44+00:00\" \/>\n<meta property=\"og:image\" content=\"https:\/\/auma-drives.com\/wp-content\/uploads\/DSC4655_RZ.jpg\" \/>\n\t<meta property=\"og:image:width\" content=\"3200\" \/>\n\t<meta property=\"og:image:height\" content=\"964\" \/>\n\t<meta property=\"og:image:type\" content=\"image\/jpeg\" \/>\n<meta name=\"twitter:card\" content=\"summary_large_image\" \/>\n<meta name=\"twitter:label1\" content=\"Est. reading time\" \/>\n\t<meta name=\"twitter:data1\" content=\"5 minutes\" \/>\n<script type=\"application\/ld+json\" class=\"yoast-schema-graph\">{\"@context\":\"https:\/\/schema.org\",\"@graph\":[{\"@type\":\"WebPage\",\"@id\":\"https:\/\/auma-drives.com\/en\/intersolar\/\",\"url\":\"https:\/\/auma-drives.com\/en\/intersolar\/\",\"name\":\"Intersolar &#8226; AUMA Drives\",\"isPartOf\":{\"@id\":\"https:\/\/auma-drives.com\/en\/#website\"},\"primaryImageOfPage\":{\"@id\":\"https:\/\/auma-drives.com\/en\/intersolar\/#primaryimage\"},\"image\":{\"@id\":\"https:\/\/auma-drives.com\/en\/intersolar\/#primaryimage\"},\"thumbnailUrl\":\"https:\/\/auma-drives.com\/wp-content\/uploads\/DSC4655_RZ.jpg\",\"datePublished\":\"2024-04-25T10:33:54+00:00\",\"dateModified\":\"2024-09-26T15:05:44+00:00\",\"description\":\"Visit AUMA Drives at the Intersolar Europe in Munich and discover innovative solution in gear engineering.Customised drive systems and gear units made in Coswig have been synonyms for reliability and innovation for many decades. For gear unit development, the engineers working for AUMA Drives have been consequently focussing on modern tools making use of their long standing experience.\",\"breadcrumb\":{\"@id\":\"https:\/\/auma-drives.com\/en\/intersolar\/#breadcrumb\"},\"inLanguage\":\"en-US\",\"potentialAction\":[{\"@type\":\"ReadAction\",\"target\":[\"https:\/\/auma-drives.com\/en\/intersolar\/\"]}]},{\"@type\":\"ImageObject\",\"inLanguage\":\"en-US\",\"@id\":\"https:\/\/auma-drives.com\/en\/intersolar\/#primaryimage\",\"url\":\"https:\/\/auma-drives.com\/wp-content\/uploads\/DSC4655_RZ.jpg\",\"contentUrl\":\"https:\/\/auma-drives.com\/wp-content\/uploads\/DSC4655_RZ.jpg\",\"width\":3200,\"height\":964},{\"@type\":\"BreadcrumbList\",\"@id\":\"https:\/\/auma-drives.com\/en\/intersolar\/#breadcrumb\",\"itemListElement\":[{\"@type\":\"ListItem\",\"position\":1,\"name\":\"Startseite\",\"item\":\"https:\/\/auma-drives.com\/en\/\"},{\"@type\":\"ListItem\",\"position\":2,\"name\":\"Intersolar\"}]},{\"@type\":\"WebSite\",\"@id\":\"https:\/\/auma-drives.com\/en\/#website\",\"url\":\"https:\/\/auma-drives.com\/en\/\",\"name\":\"AUMA Drives\",\"description\":\"Antriebssysteme f\u00fcr h\u00f6chste Anspr\u00fcche.\",\"publisher\":{\"@id\":\"https:\/\/auma-drives.com\/en\/#organization\"},\"potentialAction\":[{\"@type\":\"SearchAction\",\"target\":{\"@type\":\"EntryPoint\",\"urlTemplate\":\"https:\/\/auma-drives.com\/en\/?s={search_term_string}\"},\"query-input\":{\"@type\":\"PropertyValueSpecification\",\"valueRequired\":true,\"valueName\":\"search_term_string\"}}],\"inLanguage\":\"en-US\"},{\"@type\":\"Organization\",\"@id\":\"https:\/\/auma-drives.com\/en\/#organization\",\"name\":\"AUMA Drives GmbH\",\"url\":\"https:\/\/auma-drives.com\/en\/\",\"logo\":{\"@type\":\"ImageObject\",\"inLanguage\":\"en-US\",\"@id\":\"https:\/\/auma-drives.com\/en\/#\/schema\/logo\/image\/\",\"url\":\"https:\/\/auma-drives.com\/wp-content\/uploads\/auma-drives-logo.png\",\"contentUrl\":\"https:\/\/auma-drives.com\/wp-content\/uploads\/auma-drives-logo.png\",\"width\":1000,\"height\":144,\"caption\":\"AUMA Drives GmbH\"},\"image\":{\"@id\":\"https:\/\/auma-drives.com\/en\/#\/schema\/logo\/image\/\"},\"sameAs\":[\"https:\/\/de-de.facebook.com\/AUMAGroup\/\"]}]}<\/script>\n<!-- \/ Yoast SEO Premium plugin. -->","yoast_head_json":{"title":"Intersolar &#8226; AUMA Drives","description":"Visit AUMA Drives at the Intersolar Europe in Munich and discover innovative solution in gear engineering.Customised drive systems and gear units made in Coswig have been synonyms for reliability and innovation for many decades. For gear unit development, the engineers working for AUMA Drives have been consequently focussing on modern tools making use of their long standing experience.","robots":{"index":"index","follow":"follow","max-snippet":"max-snippet:-1","max-image-preview":"max-image-preview:large","max-video-preview":"max-video-preview:-1"},"canonical":"https:\/\/auma-drives.com\/en\/intersolar\/","og_locale":"en_US","og_type":"article","og_title":"Intersolar","og_description":"Visit AUMA Drives at the Intersolar Europe in Munich and discover innovative solution in gear engineering.Customised drive systems and gear units made in Coswig have been synonyms for reliability and innovation for many decades. For gear unit development, the engineers working for AUMA Drives have been consequently focussing on modern tools making use of their long standing experience.","og_url":"https:\/\/auma-drives.com\/en\/intersolar\/","og_site_name":"AUMA Drives","article_publisher":"https:\/\/de-de.facebook.com\/AUMAGroup\/","article_modified_time":"2024-09-26T15:05:44+00:00","og_image":[{"width":3200,"height":964,"url":"https:\/\/auma-drives.com\/wp-content\/uploads\/DSC4655_RZ.jpg","type":"image\/jpeg"}],"twitter_card":"summary_large_image","twitter_misc":{"Est. reading time":"5 minutes"},"schema":{"@context":"https:\/\/schema.org","@graph":[{"@type":"WebPage","@id":"https:\/\/auma-drives.com\/en\/intersolar\/","url":"https:\/\/auma-drives.com\/en\/intersolar\/","name":"Intersolar &#8226; AUMA Drives","isPartOf":{"@id":"https:\/\/auma-drives.com\/en\/#website"},"primaryImageOfPage":{"@id":"https:\/\/auma-drives.com\/en\/intersolar\/#primaryimage"},"image":{"@id":"https:\/\/auma-drives.com\/en\/intersolar\/#primaryimage"},"thumbnailUrl":"https:\/\/auma-drives.com\/wp-content\/uploads\/DSC4655_RZ.jpg","datePublished":"2024-04-25T10:33:54+00:00","dateModified":"2024-09-26T15:05:44+00:00","description":"Visit AUMA Drives at the Intersolar Europe in Munich and discover innovative solution in gear engineering.Customised drive systems and gear units made in Coswig have been synonyms for reliability and innovation for many decades. For gear unit development, the engineers working for AUMA Drives have been consequently focussing on modern tools making use of their long standing experience.","breadcrumb":{"@id":"https:\/\/auma-drives.com\/en\/intersolar\/#breadcrumb"},"inLanguage":"en-US","potentialAction":[{"@type":"ReadAction","target":["https:\/\/auma-drives.com\/en\/intersolar\/"]}]},{"@type":"ImageObject","inLanguage":"en-US","@id":"https:\/\/auma-drives.com\/en\/intersolar\/#primaryimage","url":"https:\/\/auma-drives.com\/wp-content\/uploads\/DSC4655_RZ.jpg","contentUrl":"https:\/\/auma-drives.com\/wp-content\/uploads\/DSC4655_RZ.jpg","width":3200,"height":964},{"@type":"BreadcrumbList","@id":"https:\/\/auma-drives.com\/en\/intersolar\/#breadcrumb","itemListElement":[{"@type":"ListItem","position":1,"name":"Startseite","item":"https:\/\/auma-drives.com\/en\/"},{"@type":"ListItem","position":2,"name":"Intersolar"}]},{"@type":"WebSite","@id":"https:\/\/auma-drives.com\/en\/#website","url":"https:\/\/auma-drives.com\/en\/","name":"AUMA Drives","description":"Antriebssysteme f\u00fcr h\u00f6chste Anspr\u00fcche.","publisher":{"@id":"https:\/\/auma-drives.com\/en\/#organization"},"potentialAction":[{"@type":"SearchAction","target":{"@type":"EntryPoint","urlTemplate":"https:\/\/auma-drives.com\/en\/?s={search_term_string}"},"query-input":{"@type":"PropertyValueSpecification","valueRequired":true,"valueName":"search_term_string"}}],"inLanguage":"en-US"},{"@type":"Organization","@id":"https:\/\/auma-drives.com\/en\/#organization","name":"AUMA Drives GmbH","url":"https:\/\/auma-drives.com\/en\/","logo":{"@type":"ImageObject","inLanguage":"en-US","@id":"https:\/\/auma-drives.com\/en\/#\/schema\/logo\/image\/","url":"https:\/\/auma-drives.com\/wp-content\/uploads\/auma-drives-logo.png","contentUrl":"https:\/\/auma-drives.com\/wp-content\/uploads\/auma-drives-logo.png","width":1000,"height":144,"caption":"AUMA Drives GmbH"},"image":{"@id":"https:\/\/auma-drives.com\/en\/#\/schema\/logo\/image\/"},"sameAs":["https:\/\/de-de.facebook.com\/AUMAGroup\/"]}]}},"_links":{"self":[{"href":"https:\/\/auma-drives.com\/en\/wp-json\/wp\/v2\/pages\/4171"}],"collection":[{"href":"https:\/\/auma-drives.com\/en\/wp-json\/wp\/v2\/pages"}],"about":[{"href":"https:\/\/auma-drives.com\/en\/wp-json\/wp\/v2\/types\/page"}],"author":[{"embeddable":true,"href":"https:\/\/auma-drives.com\/en\/wp-json\/wp\/v2\/users\/1"}],"replies":[{"embeddable":true,"href":"https:\/\/auma-drives.com\/en\/wp-json\/wp\/v2\/comments?post=4171"}],"version-history":[{"count":11,"href":"https:\/\/auma-drives.com\/en\/wp-json\/wp\/v2\/pages\/4171\/revisions"}],"predecessor-version":[{"id":4851,"href":"https:\/\/auma-drives.com\/en\/wp-json\/wp\/v2\/pages\/4171\/revisions\/4851"}],"wp:featuredmedia":[{"embeddable":true,"href":"https:\/\/auma-drives.com\/en\/wp-json\/wp\/v2\/media\/4347"}],"wp:attachment":[{"href":"https:\/\/auma-drives.com\/en\/wp-json\/wp\/v2\/media?parent=4171"}],"curies":[{"name":"wp","href":"https:\/\/api.w.org\/{rel}","templated":true}]}}